{"id":6290,"date":"2014-07-08T09:09:09","date_gmt":"2014-07-08T09:09:09","guid":{"rendered":"http:\/\/www.iobevo.com\/online\/?page_id=6290"},"modified":"2014-07-25T16:08:36","modified_gmt":"2014-07-25T16:08:36","slug":"chariot-minibar","status":"publish","type":"page","link":"https:\/\/www.iobevo.com\/online\/distributeurs\/chariot-minibar\/?lang=fr","title":{"rendered":"Chariot minibar"},"content":{"rendered":"<div class=\"entry_no_sfondo\">\n<p style=\"text-align: left;\">\n<div class=\"one_half\">\n<div class=\"description clearfix style-1\">Dimensions du chariot:<br \/>\n<strong>L mm 305 x P mm 805 x H mm 1030<\/strong><\/p>\n<p style=\"text-align: left;\">Dimensions du distributeur de boissons:<br \/>\n<strong>L mm 280 x P mm 480 x H mm 360<\/strong><\/p>\n<p style=\"text-align: left;\">Poids du chariot:<br \/>\n<strong>60 kg<\/strong><\/p>\n<p style=\"text-align: left;\">Poids du chariot en charge (eau, produits concentr\u00e9s et solubles):<br \/>\n<strong>93 kg<\/strong><\/p>\n<p style=\"text-align: left;\">Syst\u00e8me de distribution de boissons froides:<br \/>\n<strong>Syst\u00e8me postmix<\/strong><\/p>\n<p style=\"text-align: left;\">Nombre de boissons froides:<br \/>\n<strong>3 gaz\u00e9ifi\u00e9es et 3 naturelles<\/strong><\/p>\n<p style=\"text-align: left;\">Conteneurs pour produits concentr\u00e9s:<br \/>\n<strong>6 bag in box de 1 l chacun<\/strong><\/p>\n<p style=\"text-align: left;\">Rendement boisson finale par bag in box:<br \/>\n<strong>de 6 \u00e0 8 litres (selon la typologie du produit)<\/strong><\/p>\n<p style=\"text-align: left;\">Caract\u00e9ristiques conteneurs bag in box:<br \/>\n<strong>en acier Inox, 106 mm x 64 mm x 240 mm<\/strong><\/p>\n<p style=\"text-align: left;\">Syst\u00e8me de distribution de boissons chaudes:<br \/>\n<strong>Syst\u00e8me postmix<\/strong><\/p>\n<p style=\"text-align: left;\">Conteneurs pour produits solubles:<br \/>\n<strong>3 conteneurs de 750 ml de produit soluble<\/strong><\/p>\n<p style=\"text-align: left;\">R\u00e9servoirs d&#8217;eau:<br \/>\n<strong>amovibles en acier inox<\/strong><\/p>\n<p style=\"text-align: left;\">Nombre de r\u00e9servoirs:<br \/>\n<strong>2 r\u00e9servoirs, 1 pour l&#8217;eau froide et 1 pour l&#8217;eau chaude<\/strong><\/p>\n<p style=\"text-align: left;\">Capacit\u00e9 des r\u00e9servoirs:<br \/>\n<strong>Lt 10<\/strong><\/p>\n<p style=\"text-align: left;\">Batterie:<br \/>\n<strong>29,4 -21 V \u2013 70 W<\/strong><\/p>\n<p style=\"text-align: left;\">Interrupteur \u00e0 bouton-poussoir:<br \/>\n<strong>12 boutons au total<\/strong><\/p>\n<p style=\"text-align: left;\">Boutons boissons:<br \/>\n<strong>6 pour les boissons froides et 3 pour les boissons chaudes<\/strong><\/p>\n<p style=\"text-align: left;\">Autres boutons:<br \/>\n<strong>1 pour stop, 1 pour lavage, 1 pour r\u00e9serve<\/strong><\/p>\n<p style=\"text-align: left;\">Caract\u00e9ristiques colonne de levage:<br \/>\n<strong>charge en pouss\u00e9e 2000 N, alimentation 24 V, niveau sonore 50 dB (A)<\/strong><\/p>\n<p style=\"text-align: left;\">Syst\u00e8me de carbonatation:<br \/>\n<strong>Carbonateur de 2,5 l r\u00e9ducteur de tension \u00e0 un corps<\/strong><\/p>\n<p style=\"text-align: left;\">Bouteille\u00a0CO2:<br \/>\n<strong>de Kg 1<\/strong><\/p>\n<p style=\"text-align: left;\"><strong>Accessoires<\/strong>:<\/p>\n<ul>\n<li style=\"text-align: left;\">1 cuvette porte-bouteilles amovible en acier inox<\/li>\n<li style=\"text-align: left;\">3 porte-verres H 180 mm (c\u00f4t\u00e9 op\u00e9rateur)<\/li>\n<li style=\"text-align: left;\">3 porte-verres H 350 mm (c\u00f4t\u00e9 op\u00e9rateur)<\/li>\n<li style=\"text-align: left;\"><span style=\"text-align: center;\"><span style=\"text-align: center;\">1 compartiment porte-bouteilles 280 mm X 170mm X 330 mm<\/div>\n<p><\/span><\/span><\/div>\n<div class=\"one_half last\"><span class=\"responsive\"><img fetchpriority=\"high\" decoding=\"async\" class=\"aligncenter border_radius wp-image-3288 size-full\" src=\"http:\/\/iobevo.com\/online\/wp-content\/uploads\/2014\/04\/servizio-trolley-bar1-e1399396448640.jpg\" alt=\"servizio-trolley-bar\" width=\"288\" height=\"672\" srcset=\"https:\/\/www.iobevo.com\/online\/wp-content\/uploads\/2014\/04\/servizio-trolley-bar1-e1399396448640.jpg 288w, https:\/\/www.iobevo.com\/online\/wp-content\/uploads\/2014\/04\/servizio-trolley-bar1-e1399396448640-128x300.jpg 128w\" sizes=\"(max-width: 288px) 100vw, 288px\" \/><\/span><\/p>\n<p style=\"text-align: center;\">\n<h3 class=\"title\"><span>D\u00e9tails<\/span><\/h3>\n<\/p>\n\n\t\t<style type=\"text\/css\">\n\t\t\t#gallery-1 {\n\t\t\t\tmargin: auto;\n\t\t\t}\n\t\t\t#gallery-1 .gallery-item {\n\t\t\t\tfloat: left;\n\t\t\t\tmargin-top: 10px;\n\t\t\t\ttext-align: center;\n\t\t\t\twidth: 50%;\n\t\t\t}\n\t\t\t#gallery-1 img {\n\t\t\t\tborder: 2px solid #cfcfcf;\n\t\t\t}\n\t\t\t#gallery-1 .gallery-caption {\n\t\t\t\tmargin-left: 0;\n\t\t\t}\n\t\t\t\/* see gallery_shortcode() in wp-includes\/media.php *\/\n\t\t<\/style>\n\t\t<div id='gallery-1' class='gallery galleryid-6290 gallery-columns-2 gallery-size-thumbnail'><dl class='gallery-item'>\n\t\t\t<dt class='gallery-icon portrait'>\n\t\t\t\t<a rel=\"prettyPhoto[slides]\" href='https:\/\/www.iobevo.com\/online\/wp-content\/uploads\/2014\/04\/drink_trolley8.jpg'><img decoding=\"async\" width=\"180\" height=\"180\" src=\"https:\/\/www.iobevo.com\/online\/wp-content\/uploads\/2014\/04\/drink_trolley8-180x180.jpg\" class=\"attachment-thumbnail size-thumbnail\" alt=\"\" aria-describedby=\"gallery-1-3852\" srcset=\"https:\/\/www.iobevo.com\/online\/wp-content\/uploads\/2014\/04\/drink_trolley8-180x180.jpg 180w, https:\/\/www.iobevo.com\/online\/wp-content\/uploads\/2014\/04\/drink_trolley8-60x60.jpg 60w\" sizes=\"(max-width: 180px) 100vw, 180px\" \/><\/a>\n\t\t\t<\/dt>\n\t\t\t\t<dd class='wp-caption-text gallery-caption' id='gallery-1-3852'>\n\t\t\t\tCarrello chiuso\n\t\t\t\t<\/dd><\/dl><dl class='gallery-item'>\n\t\t\t<dt class='gallery-icon portrait'>\n\t\t\t\t<a rel=\"prettyPhoto[slides]\" href='https:\/\/www.iobevo.com\/online\/wp-content\/uploads\/2014\/04\/drink_trolley1.png'><img decoding=\"async\" width=\"180\" height=\"180\" src=\"https:\/\/www.iobevo.com\/online\/wp-content\/uploads\/2014\/04\/drink_trolley1-180x180.png\" class=\"attachment-thumbnail size-thumbnail\" alt=\"\" aria-describedby=\"gallery-1-3845\" srcset=\"https:\/\/www.iobevo.com\/online\/wp-content\/uploads\/2014\/04\/drink_trolley1-180x180.png 180w, https:\/\/www.iobevo.com\/online\/wp-content\/uploads\/2014\/04\/drink_trolley1-60x60.png 60w\" sizes=\"(max-width: 180px) 100vw, 180px\" \/><\/a>\n\t\t\t<\/dt>\n\t\t\t\t<dd class='wp-caption-text gallery-caption' id='gallery-1-3845'>\n\t\t\t\tCarrello con torretta sollevata\n\t\t\t\t<\/dd><\/dl><br style=\"clear: both\" \/><dl class='gallery-item'>\n\t\t\t<dt class='gallery-icon portrait'>\n\t\t\t\t<a rel=\"prettyPhoto[slides]\" href='https:\/\/www.iobevo.com\/online\/wp-content\/uploads\/2014\/04\/drink_trolley3.png'><img loading=\"lazy\" decoding=\"async\" width=\"180\" height=\"180\" src=\"https:\/\/www.iobevo.com\/online\/wp-content\/uploads\/2014\/04\/drink_trolley3-180x180.png\" class=\"attachment-thumbnail size-thumbnail\" alt=\"\" aria-describedby=\"gallery-1-3847\" srcset=\"https:\/\/www.iobevo.com\/online\/wp-content\/uploads\/2014\/04\/drink_trolley3-180x180.png 180w, https:\/\/www.iobevo.com\/online\/wp-content\/uploads\/2014\/04\/drink_trolley3-60x60.png 60w\" sizes=\"(max-width: 180px) 100vw, 180px\" \/><\/a>\n\t\t\t<\/dt>\n\t\t\t\t<dd class='wp-caption-text gallery-caption' id='gallery-1-3847'>\n\t\t\t\tErogatore bevande\n\t\t\t\t<\/dd><\/dl><dl class='gallery-item'>\n\t\t\t<dt class='gallery-icon portrait'>\n\t\t\t\t<a rel=\"prettyPhoto[slides]\" href='https:\/\/www.iobevo.com\/online\/wp-content\/uploads\/2014\/04\/drink_trolley2.png'><img loading=\"lazy\" decoding=\"async\" width=\"180\" height=\"180\" src=\"https:\/\/www.iobevo.com\/online\/wp-content\/uploads\/2014\/04\/drink_trolley2-180x180.png\" class=\"attachment-thumbnail size-thumbnail\" alt=\"\" aria-describedby=\"gallery-1-3846\" srcset=\"https:\/\/www.iobevo.com\/online\/wp-content\/uploads\/2014\/04\/drink_trolley2-180x180.png 180w, https:\/\/www.iobevo.com\/online\/wp-content\/uploads\/2014\/04\/drink_trolley2-60x60.png 60w\" sizes=\"(max-width: 180px) 100vw, 180px\" \/><\/a>\n\t\t\t<\/dt>\n\t\t\t\t<dd class='wp-caption-text gallery-caption' id='gallery-1-3846'>\n\t\t\t\tLato carrello\n\t\t\t\t<\/dd><\/dl><br style=\"clear: both\" \/><dl class='gallery-item'>\n\t\t\t<dt class='gallery-icon portrait'>\n\t\t\t\t<a rel=\"prettyPhoto[slides]\" href='https:\/\/www.iobevo.com\/online\/wp-content\/uploads\/2014\/04\/drink_trolley4.png'><img loading=\"lazy\" decoding=\"async\" width=\"180\" height=\"180\" src=\"https:\/\/www.iobevo.com\/online\/wp-content\/uploads\/2014\/04\/drink_trolley4-180x180.png\" class=\"attachment-thumbnail size-thumbnail\" alt=\"\" aria-describedby=\"gallery-1-3848\" srcset=\"https:\/\/www.iobevo.com\/online\/wp-content\/uploads\/2014\/04\/drink_trolley4-180x180.png 180w, https:\/\/www.iobevo.com\/online\/wp-content\/uploads\/2014\/04\/drink_trolley4-60x60.png 60w\" sizes=\"(max-width: 180px) 100vw, 180px\" \/><\/a>\n\t\t\t<\/dt>\n\t\t\t\t<dd class='wp-caption-text gallery-caption' id='gallery-1-3848'>\n\t\t\t\tLato carrello\n\t\t\t\t<\/dd><\/dl><dl class='gallery-item'>\n\t\t\t<dt class='gallery-icon portrait'>\n\t\t\t\t<a rel=\"prettyPhoto[slides]\" href='https:\/\/www.iobevo.com\/online\/wp-content\/uploads\/2014\/04\/drink_trolley5.jpg'><img loading=\"lazy\" decoding=\"async\" width=\"180\" height=\"180\" src=\"https:\/\/www.iobevo.com\/online\/wp-content\/uploads\/2014\/04\/drink_trolley5-180x180.jpg\" class=\"attachment-thumbnail size-thumbnail\" alt=\"\" aria-describedby=\"gallery-1-3849\" srcset=\"https:\/\/www.iobevo.com\/online\/wp-content\/uploads\/2014\/04\/drink_trolley5-180x180.jpg 180w, https:\/\/www.iobevo.com\/online\/wp-content\/uploads\/2014\/04\/drink_trolley5-60x60.jpg 60w\" sizes=\"(max-width: 180px) 100vw, 180px\" \/><\/a>\n\t\t\t<\/dt>\n\t\t\t\t<dd class='wp-caption-text gallery-caption' id='gallery-1-3849'>\n\t\t\t\tErogatore bevande\n\t\t\t\t<\/dd><\/dl><br style=\"clear: both\" \/><dl class='gallery-item'>\n\t\t\t<dt class='gallery-icon portrait'>\n\t\t\t\t<a rel=\"prettyPhoto[slides]\" href='https:\/\/www.iobevo.com\/online\/wp-content\/uploads\/2014\/04\/drink_trolley6.jpg'><img loading=\"lazy\" decoding=\"async\" width=\"180\" height=\"180\" src=\"https:\/\/www.iobevo.com\/online\/wp-content\/uploads\/2014\/04\/drink_trolley6-180x180.jpg\" class=\"attachment-thumbnail size-thumbnail\" alt=\"\" aria-describedby=\"gallery-1-3850\" srcset=\"https:\/\/www.iobevo.com\/online\/wp-content\/uploads\/2014\/04\/drink_trolley6-180x180.jpg 180w, https:\/\/www.iobevo.com\/online\/wp-content\/uploads\/2014\/04\/drink_trolley6-60x60.jpg 60w\" sizes=\"(max-width: 180px) 100vw, 180px\" \/><\/a>\n\t\t\t<\/dt>\n\t\t\t\t<dd class='wp-caption-text gallery-caption' id='gallery-1-3850'>\n\t\t\t\tLato e retro con torretta sollevata\n\t\t\t\t<\/dd><\/dl><dl class='gallery-item'>\n\t\t\t<dt class='gallery-icon portrait'>\n\t\t\t\t<a rel=\"prettyPhoto[slides]\" href='https:\/\/www.iobevo.com\/online\/wp-content\/uploads\/2014\/04\/drink_trolley9.jpg'><img loading=\"lazy\" decoding=\"async\" width=\"180\" height=\"180\" src=\"https:\/\/www.iobevo.com\/online\/wp-content\/uploads\/2014\/04\/drink_trolley9-180x180.jpg\" class=\"attachment-thumbnail size-thumbnail\" alt=\"\" aria-describedby=\"gallery-1-3853\" srcset=\"https:\/\/www.iobevo.com\/online\/wp-content\/uploads\/2014\/04\/drink_trolley9-180x180.jpg 180w, https:\/\/www.iobevo.com\/online\/wp-content\/uploads\/2014\/04\/drink_trolley9-60x60.jpg 60w\" sizes=\"(max-width: 180px) 100vw, 180px\" \/><\/a>\n\t\t\t<\/dt>\n\t\t\t\t<dd class='wp-caption-text gallery-caption' id='gallery-1-3853'>\n\t\t\t\tLato e retro con torretta sollevata\n\t\t\t\t<\/dd><\/dl><br style=\"clear: both\" \/>\n\t\t<\/div>\n\n<p style=\"text-align: center;\"><\/div>\n<div class=\"clear\"><\/div>\n<\/p>\n<\/li>\n<\/ul>\n<\/div>\n","protected":false},"excerpt":{"rendered":"<p>Dimensions du chariot: L mm 305 x P mm 805 x H mm 1030 Dimensions du distributeur de boissons: L mm 280 x P mm 480 x H mm 360 Poids du chariot: 60 kg Poids du chariot en charge (eau, produits concentr\u00e9s et solubles): 93 kg Syst\u00e8me de distribution [&hellip;]<\/p>\n","protected":false},"author":58,"featured_media":2831,"parent":6275,"menu_order":1,"comment_status":"open","ping_status":"closed","template":"","meta":{"footnotes":""},"class_list":["post-6290","page","type-page","status-publish","has-post-thumbnail","hentry"],"yoast_head":"<!-- This site is optimized with the Yoast SEO plugin v27.4 - https:\/\/yoast.com\/product\/yoast-seo-wordpress\/ -->\n<title>Chariot minibar - io bevo\u00ae<\/title>\n<meta name=\"robots\" content=\"index, follow, max-snippet:-1, max-image-preview:large, max-video-preview:-1\" \/>\n<link rel=\"canonical\" href=\"https:\/\/www.iobevo.com\/online\/distributeurs\/chariot-minibar\/?lang=fr\" \/>\n<meta property=\"og:locale\" content=\"it_IT\" \/>\n<meta property=\"og:type\" content=\"article\" \/>\n<meta property=\"og:title\" content=\"Chariot minibar - io bevo\u00ae\" \/>\n<meta property=\"og:description\" content=\"Dimensions du chariot: L mm 305 x P mm 805 x H mm 1030 Dimensions du distributeur de boissons: L mm 280 x P mm 480 x H mm 360 Poids du chariot: 60 kg Poids du chariot en charge (eau, produits concentr\u00e9s et solubles): 93 kg Syst\u00e8me de distribution [&hellip;]\" \/>\n<meta property=\"og:url\" content=\"https:\/\/www.iobevo.com\/online\/distributeurs\/chariot-minibar\/?lang=fr\" \/>\n<meta property=\"og:site_name\" content=\"io bevo\u00ae\" \/>\n<meta property=\"article:modified_time\" content=\"2014-07-25T16:08:36+00:00\" \/>\n<meta property=\"og:image\" content=\"https:\/\/www.iobevo.com\/online\/wp-content\/uploads\/2014\/01\/slide-2-bg-e1400667726929.png\" \/>\n\t<meta property=\"og:image:width\" content=\"1512\" \/>\n\t<meta property=\"og:image:height\" content=\"400\" \/>\n\t<meta property=\"og:image:type\" content=\"image\/png\" \/>\n<meta name=\"twitter:card\" content=\"summary_large_image\" \/>\n<meta name=\"twitter:site\" content=\"@IoBevo\" \/>\n<meta name=\"twitter:label1\" content=\"Tempo di lettura stimato\" \/>\n\t<meta name=\"twitter:data1\" content=\"1 minuto\" \/>\n<script type=\"application\/ld+json\" class=\"yoast-schema-graph\">{\"@context\":\"https:\\\/\\\/schema.org\",\"@graph\":[{\"@type\":\"WebPage\",\"@id\":\"https:\\\/\\\/www.iobevo.com\\\/online\\\/distributeurs\\\/chariot-minibar\\\/?lang=fr\",\"url\":\"https:\\\/\\\/www.iobevo.com\\\/online\\\/distributeurs\\\/chariot-minibar\\\/?lang=fr\",\"name\":\"Chariot minibar - io bevo\u00ae\",\"isPartOf\":{\"@id\":\"https:\\\/\\\/www.iobevo.com\\\/online\\\/#website\"},\"primaryImageOfPage\":{\"@id\":\"https:\\\/\\\/www.iobevo.com\\\/online\\\/distributeurs\\\/chariot-minibar\\\/?lang=fr#primaryimage\"},\"image\":{\"@id\":\"https:\\\/\\\/www.iobevo.com\\\/online\\\/distributeurs\\\/chariot-minibar\\\/?lang=fr#primaryimage\"},\"thumbnailUrl\":\"https:\\\/\\\/www.iobevo.com\\\/online\\\/wp-content\\\/uploads\\\/2014\\\/01\\\/slide-2-bg-e1400667726929.png\",\"datePublished\":\"2014-07-08T09:09:09+00:00\",\"dateModified\":\"2014-07-25T16:08:36+00:00\",\"breadcrumb\":{\"@id\":\"https:\\\/\\\/www.iobevo.com\\\/online\\\/distributeurs\\\/chariot-minibar\\\/?lang=fr#breadcrumb\"},\"inLanguage\":\"it-IT\",\"potentialAction\":[{\"@type\":\"ReadAction\",\"target\":[\"https:\\\/\\\/www.iobevo.com\\\/online\\\/distributeurs\\\/chariot-minibar\\\/?lang=fr\"]}]},{\"@type\":\"ImageObject\",\"inLanguage\":\"it-IT\",\"@id\":\"https:\\\/\\\/www.iobevo.com\\\/online\\\/distributeurs\\\/chariot-minibar\\\/?lang=fr#primaryimage\",\"url\":\"https:\\\/\\\/www.iobevo.com\\\/online\\\/wp-content\\\/uploads\\\/2014\\\/01\\\/slide-2-bg-e1400667726929.png\",\"contentUrl\":\"https:\\\/\\\/www.iobevo.com\\\/online\\\/wp-content\\\/uploads\\\/2014\\\/01\\\/slide-2-bg-e1400667726929.png\",\"width\":1512,\"height\":400},{\"@type\":\"BreadcrumbList\",\"@id\":\"https:\\\/\\\/www.iobevo.com\\\/online\\\/distributeurs\\\/chariot-minibar\\\/?lang=fr#breadcrumb\",\"itemListElement\":[{\"@type\":\"ListItem\",\"position\":1,\"name\":\"Equipement\",\"item\":\"https:\\\/\\\/www.iobevo.com\\\/online\\\/distributeurs\\\/?lang=fr\"},{\"@type\":\"ListItem\",\"position\":2,\"name\":\"Chariot minibar\"}]},{\"@type\":\"WebSite\",\"@id\":\"https:\\\/\\\/www.iobevo.com\\\/online\\\/#website\",\"url\":\"https:\\\/\\\/www.iobevo.com\\\/online\\\/\",\"name\":\"io bevo\u00ae\",\"description\":\"Drink Plastic free\",\"publisher\":{\"@id\":\"https:\\\/\\\/www.iobevo.com\\\/online\\\/#organization\"},\"potentialAction\":[{\"@type\":\"SearchAction\",\"target\":{\"@type\":\"EntryPoint\",\"urlTemplate\":\"https:\\\/\\\/www.iobevo.com\\\/online\\\/?s={search_term_string}\"},\"query-input\":{\"@type\":\"PropertyValueSpecification\",\"valueRequired\":true,\"valueName\":\"search_term_string\"}}],\"inLanguage\":\"it-IT\"},{\"@type\":\"Organization\",\"@id\":\"https:\\\/\\\/www.iobevo.com\\\/online\\\/#organization\",\"name\":\"General Beverage\",\"url\":\"https:\\\/\\\/www.iobevo.com\\\/online\\\/\",\"logo\":{\"@type\":\"ImageObject\",\"inLanguage\":\"it-IT\",\"@id\":\"https:\\\/\\\/www.iobevo.com\\\/online\\\/#\\\/schema\\\/logo\\\/image\\\/\",\"url\":\"https:\\\/\\\/www.iobevo.com\\\/online\\\/wp-content\\\/uploads\\\/2014\\\/01\\\/logo_gb_horizontal_grey_160x47.png\",\"contentUrl\":\"https:\\\/\\\/www.iobevo.com\\\/online\\\/wp-content\\\/uploads\\\/2014\\\/01\\\/logo_gb_horizontal_grey_160x47.png\",\"width\":160,\"height\":47,\"caption\":\"General Beverage\"},\"image\":{\"@id\":\"https:\\\/\\\/www.iobevo.com\\\/online\\\/#\\\/schema\\\/logo\\\/image\\\/\"},\"sameAs\":[\"https:\\\/\\\/x.com\\\/IoBevo\"]}]}<\/script>\n<!-- \/ Yoast SEO plugin. -->","yoast_head_json":{"title":"Chariot minibar - io bevo\u00ae","robots":{"index":"index","follow":"follow","max-snippet":"max-snippet:-1","max-image-preview":"max-image-preview:large","max-video-preview":"max-video-preview:-1"},"canonical":"https:\/\/www.iobevo.com\/online\/distributeurs\/chariot-minibar\/?lang=fr","og_locale":"it_IT","og_type":"article","og_title":"Chariot minibar - io bevo\u00ae","og_description":"Dimensions du chariot: L mm 305 x P mm 805 x H mm 1030 Dimensions du distributeur de boissons: L mm 280 x P mm 480 x H mm 360 Poids du chariot: 60 kg Poids du chariot en charge (eau, produits concentr\u00e9s et solubles): 93 kg Syst\u00e8me de distribution [&hellip;]","og_url":"https:\/\/www.iobevo.com\/online\/distributeurs\/chariot-minibar\/?lang=fr","og_site_name":"io bevo\u00ae","article_modified_time":"2014-07-25T16:08:36+00:00","og_image":[{"width":1512,"height":400,"url":"https:\/\/www.iobevo.com\/online\/wp-content\/uploads\/2014\/01\/slide-2-bg-e1400667726929.png","type":"image\/png"}],"twitter_card":"summary_large_image","twitter_site":"@IoBevo","twitter_misc":{"Tempo di lettura stimato":"1 minuto"},"schema":{"@context":"https:\/\/schema.org","@graph":[{"@type":"WebPage","@id":"https:\/\/www.iobevo.com\/online\/distributeurs\/chariot-minibar\/?lang=fr","url":"https:\/\/www.iobevo.com\/online\/distributeurs\/chariot-minibar\/?lang=fr","name":"Chariot minibar - io bevo\u00ae","isPartOf":{"@id":"https:\/\/www.iobevo.com\/online\/#website"},"primaryImageOfPage":{"@id":"https:\/\/www.iobevo.com\/online\/distributeurs\/chariot-minibar\/?lang=fr#primaryimage"},"image":{"@id":"https:\/\/www.iobevo.com\/online\/distributeurs\/chariot-minibar\/?lang=fr#primaryimage"},"thumbnailUrl":"https:\/\/www.iobevo.com\/online\/wp-content\/uploads\/2014\/01\/slide-2-bg-e1400667726929.png","datePublished":"2014-07-08T09:09:09+00:00","dateModified":"2014-07-25T16:08:36+00:00","breadcrumb":{"@id":"https:\/\/www.iobevo.com\/online\/distributeurs\/chariot-minibar\/?lang=fr#breadcrumb"},"inLanguage":"it-IT","potentialAction":[{"@type":"ReadAction","target":["https:\/\/www.iobevo.com\/online\/distributeurs\/chariot-minibar\/?lang=fr"]}]},{"@type":"ImageObject","inLanguage":"it-IT","@id":"https:\/\/www.iobevo.com\/online\/distributeurs\/chariot-minibar\/?lang=fr#primaryimage","url":"https:\/\/www.iobevo.com\/online\/wp-content\/uploads\/2014\/01\/slide-2-bg-e1400667726929.png","contentUrl":"https:\/\/www.iobevo.com\/online\/wp-content\/uploads\/2014\/01\/slide-2-bg-e1400667726929.png","width":1512,"height":400},{"@type":"BreadcrumbList","@id":"https:\/\/www.iobevo.com\/online\/distributeurs\/chariot-minibar\/?lang=fr#breadcrumb","itemListElement":[{"@type":"ListItem","position":1,"name":"Equipement","item":"https:\/\/www.iobevo.com\/online\/distributeurs\/?lang=fr"},{"@type":"ListItem","position":2,"name":"Chariot minibar"}]},{"@type":"WebSite","@id":"https:\/\/www.iobevo.com\/online\/#website","url":"https:\/\/www.iobevo.com\/online\/","name":"io bevo\u00ae","description":"Drink Plastic free","publisher":{"@id":"https:\/\/www.iobevo.com\/online\/#organization"},"potentialAction":[{"@type":"SearchAction","target":{"@type":"EntryPoint","urlTemplate":"https:\/\/www.iobevo.com\/online\/?s={search_term_string}"},"query-input":{"@type":"PropertyValueSpecification","valueRequired":true,"valueName":"search_term_string"}}],"inLanguage":"it-IT"},{"@type":"Organization","@id":"https:\/\/www.iobevo.com\/online\/#organization","name":"General Beverage","url":"https:\/\/www.iobevo.com\/online\/","logo":{"@type":"ImageObject","inLanguage":"it-IT","@id":"https:\/\/www.iobevo.com\/online\/#\/schema\/logo\/image\/","url":"https:\/\/www.iobevo.com\/online\/wp-content\/uploads\/2014\/01\/logo_gb_horizontal_grey_160x47.png","contentUrl":"https:\/\/www.iobevo.com\/online\/wp-content\/uploads\/2014\/01\/logo_gb_horizontal_grey_160x47.png","width":160,"height":47,"caption":"General Beverage"},"image":{"@id":"https:\/\/www.iobevo.com\/online\/#\/schema\/logo\/image\/"},"sameAs":["https:\/\/x.com\/IoBevo"]}]}},"_links":{"self":[{"href":"https:\/\/www.iobevo.com\/online\/wp-json\/wp\/v2\/pages\/6290","targetHints":{"allow":["GET"]}}],"collection":[{"href":"https:\/\/www.iobevo.com\/online\/wp-json\/wp\/v2\/pages"}],"about":[{"href":"https:\/\/www.iobevo.com\/online\/wp-json\/wp\/v2\/types\/page"}],"author":[{"embeddable":true,"href":"https:\/\/www.iobevo.com\/online\/wp-json\/wp\/v2\/users\/58"}],"replies":[{"embeddable":true,"href":"https:\/\/www.iobevo.com\/online\/wp-json\/wp\/v2\/comments?post=6290"}],"version-history":[{"count":0,"href":"https:\/\/www.iobevo.com\/online\/wp-json\/wp\/v2\/pages\/6290\/revisions"}],"up":[{"embeddable":true,"href":"https:\/\/www.iobevo.com\/online\/wp-json\/wp\/v2\/pages\/6275"}],"wp:featuredmedia":[{"embeddable":true,"href":"https:\/\/www.iobevo.com\/online\/wp-json\/wp\/v2\/media\/2831"}],"wp:attachment":[{"href":"https:\/\/www.iobevo.com\/online\/wp-json\/wp\/v2\/media?parent=6290"}],"curies":[{"name":"wp","href":"https:\/\/api.w.org\/{rel}","templated":true}]}}