{"id":6297,"date":"2014-07-08T09:15:25","date_gmt":"2014-07-08T09:15:25","guid":{"rendered":"http:\/\/www.iobevo.com\/online\/?page_id=6297"},"modified":"2017-08-10T23:34:24","modified_gmt":"2017-08-10T21:34:24","slug":"korinto-io-espresso","status":"publish","type":"page","link":"https:\/\/www.iobevo.com\/online\/distributeurs\/korinto-io-espresso\/?lang=fr","title":{"rendered":"Korinto io espresso\u00ae"},"content":{"rendered":"<p><strong>Korinto io espresso<\/strong><sup>\u00ae<\/sup>\u00a0est le distributeur self-service que nous proposons pour la distribution de caf\u00e9 expresso et \u00e9ventuellement d&#8217;autres boissons chaudes.\u00a0Id\u00e9al pour la distribution des <a title=\"io buono\" href=\"http:\/\/www.iobevo.com\/online\/fr\/services\/io-breakfast\/\"><strong>petits d\u00e9jeuners<\/strong><\/a> <span class=\"mark1\">io<\/span> <span class=\"mark2\">breakfast<\/span><span class=\"mark3\">\u00ae<\/span> avec caf\u00e9 expresso, ou pour la r\u00e9alisation du service <a title=\"freecoffee\" href=\"http:\/\/www.iobevo.com\/online\/fr\/services\/freecoffee\/\"><span class=\"mark2\">freecoffee<\/span><\/a><span class=\"mark3\">\u00ae<\/span>, <strong>libre consommation et \u00e0 co\u00fbt fixe<\/strong> de caf\u00e9 expresso apr\u00e8s un repas. Toutes les consommations sont m\u00e9moris\u00e9es dans un logiciel interne.<\/p>\n<p>Il peut \u00eatre \u00e9quip\u00e9 de son propre meuble d&#8217;appui ou il peut \u00eatre positionn\u00e9 sur des tables ou des comptoirs d\u00e9j\u00e0 install\u00e9s dans les structures d&#8217;accueil.<\/p>\n<p>Le distributeur est le fruit d&#8217;une technologie avanc\u00e9e qui permet d&#8217;offrir des prestations de niveau professionnel, ainsi qu\u2019une excellente qualit\u00e9 du produit et une haute praticit\u00e9.\u00a0Compact, facile \u00e0 utiliser et tr\u00e8s polyvalent, il peut \u00eatre plac\u00e9 dans n&#8217;importe quel environnement, gr\u00e2ce \u00e0 son design \u00e9l\u00e9gant et \u00e0 un graphisme personnalis\u00e9.<\/p>\n<div class=\"gap\" style=\"height: 30px;\"><\/div>\n<h3 class=\"title\"><span>Caract\u00e9ristiques techniques<\/span><\/h3>\n<div class=\"one_half\">\n<div class=\"description clearfix style-1\">\n<p style=\"text-align: left;\">Tension &#8211; fr\u00e9quence\u00a0(Volt\/Hertz):<br \/>\n<strong>230 V &#8211; 50 Hz<\/strong><\/p>\n<p style=\"text-align: left;\">Puissance:\u00a0<strong>W 1,950<\/strong><\/p>\n<p style=\"text-align: left;\">Nombre de s\u00e9lections possibles:\u00a0<strong>8<\/strong><\/p>\n<p style=\"text-align: left;\">Nombre de produits de base:<br \/>\n<strong>1 caf\u00e9 en grains + 2 solubles<\/strong><\/p>\n<p style=\"text-align: left;\">Prise de courant: <strong>Schuko<\/strong><\/p>\n<p style=\"text-align: left;\">Arriv\u00e9e d&#8217;eau: <strong>\u00bd<\/strong><\/p>\n<p style=\"text-align: left;\">Poids: <strong>Kg 32<\/strong><\/p>\n<p style=\"text-align: left;\">Largeur: <strong>mm 331<\/strong><\/p>\n<p style=\"text-align: left;\">Profondeur: <strong>mm 528<\/strong><\/p>\n<p style=\"text-align: left;\">Hauteur: mm\u00a0<strong>715<\/strong><\/p>\n<p style=\"text-align: left;\">Meuble d&#8217;appui:<br \/>\n<strong>H 830 x L 410 x P 490 mm<\/strong><\/p>\n<p style=\"text-align: center;\"><\/div>\n<\/div>\n<div class=\"one_half last\"><span class=\"responsive\"><img fetchpriority=\"high\" decoding=\"async\" class=\"aligncenter wp-image-3816 size-full\" src=\"http:\/\/iobevo.com\/online\/wp-content\/uploads\/2014\/04\/korinto.png\" alt=\"korinto\" width=\"212\" height=\"410\" srcset=\"https:\/\/www.iobevo.com\/online\/wp-content\/uploads\/2014\/04\/korinto.png 212w, https:\/\/www.iobevo.com\/online\/wp-content\/uploads\/2014\/04\/korinto-155x300.png 155w\" sizes=\"(max-width: 212px) 100vw, 212px\" \/><\/span><\/div>\n<div class=\"clear\"><\/div><\/p>\n","protected":false},"excerpt":{"rendered":"<p>Korinto io espresso\u00ae\u00a0est le distributeur self-service que nous proposons pour la distribution de caf\u00e9 expresso et \u00e9ventuellement d&#8217;autres boissons chaudes.\u00a0Id\u00e9al pour la distribution des petits d\u00e9jeuners io breakfast\u00ae avec caf\u00e9 expresso, ou pour la r\u00e9alisation du service freecoffee\u00ae, libre consommation et \u00e0 co\u00fbt fixe de caf\u00e9 expresso apr\u00e8s un repas. [&hellip;]<\/p>\n","protected":false},"author":58,"featured_media":2831,"parent":6275,"menu_order":4,"comment_status":"open","ping_status":"closed","template":"","meta":{"footnotes":""},"class_list":["post-6297","page","type-page","status-publish","has-post-thumbnail","hentry"],"yoast_head":"<!-- This site is optimized with the Yoast SEO plugin v27.5 - https:\/\/yoast.com\/product\/yoast-seo-wordpress\/ -->\n<title>Korinto io espresso\u00ae - io bevo\u00ae<\/title>\n<meta name=\"robots\" content=\"index, follow, max-snippet:-1, max-image-preview:large, max-video-preview:-1\" \/>\n<link rel=\"canonical\" href=\"https:\/\/www.iobevo.com\/online\/distributeurs\/korinto-io-espresso\/?lang=fr\" \/>\n<meta property=\"og:locale\" content=\"it_IT\" \/>\n<meta property=\"og:type\" content=\"article\" \/>\n<meta property=\"og:title\" content=\"Korinto io espresso\u00ae - io bevo\u00ae\" \/>\n<meta property=\"og:description\" content=\"Korinto io espresso\u00ae\u00a0est le distributeur self-service que nous proposons pour la distribution de caf\u00e9 expresso et \u00e9ventuellement d&#8217;autres boissons chaudes.\u00a0Id\u00e9al pour la distribution des petits d\u00e9jeuners io breakfast\u00ae avec caf\u00e9 expresso, ou pour la r\u00e9alisation du service freecoffee\u00ae, libre consommation et \u00e0 co\u00fbt fixe de caf\u00e9 expresso apr\u00e8s un repas. [&hellip;]\" \/>\n<meta property=\"og:url\" content=\"https:\/\/www.iobevo.com\/online\/distributeurs\/korinto-io-espresso\/?lang=fr\" \/>\n<meta property=\"og:site_name\" content=\"io bevo\u00ae\" \/>\n<meta property=\"article:modified_time\" content=\"2017-08-10T21:34:24+00:00\" \/>\n<meta property=\"og:image\" content=\"https:\/\/www.iobevo.com\/online\/wp-content\/uploads\/2014\/01\/slide-2-bg-e1400667726929.png\" \/>\n\t<meta property=\"og:image:width\" content=\"1512\" \/>\n\t<meta property=\"og:image:height\" content=\"400\" \/>\n\t<meta property=\"og:image:type\" content=\"image\/png\" \/>\n<meta name=\"twitter:card\" content=\"summary_large_image\" \/>\n<meta name=\"twitter:site\" content=\"@IoBevo\" \/>\n<meta name=\"twitter:label1\" content=\"Tempo di lettura stimato\" \/>\n\t<meta name=\"twitter:data1\" content=\"1 minuto\" \/>\n<script type=\"application\/ld+json\" class=\"yoast-schema-graph\">{\"@context\":\"https:\\\/\\\/schema.org\",\"@graph\":[{\"@type\":\"WebPage\",\"@id\":\"https:\\\/\\\/www.iobevo.com\\\/online\\\/distributeurs\\\/korinto-io-espresso\\\/?lang=fr\",\"url\":\"https:\\\/\\\/www.iobevo.com\\\/online\\\/distributeurs\\\/korinto-io-espresso\\\/?lang=fr\",\"name\":\"Korinto io espresso\u00ae - io bevo\u00ae\",\"isPartOf\":{\"@id\":\"https:\\\/\\\/www.iobevo.com\\\/online\\\/#website\"},\"primaryImageOfPage\":{\"@id\":\"https:\\\/\\\/www.iobevo.com\\\/online\\\/distributeurs\\\/korinto-io-espresso\\\/?lang=fr#primaryimage\"},\"image\":{\"@id\":\"https:\\\/\\\/www.iobevo.com\\\/online\\\/distributeurs\\\/korinto-io-espresso\\\/?lang=fr#primaryimage\"},\"thumbnailUrl\":\"https:\\\/\\\/www.iobevo.com\\\/online\\\/wp-content\\\/uploads\\\/2014\\\/01\\\/slide-2-bg-e1400667726929.png\",\"datePublished\":\"2014-07-08T09:15:25+00:00\",\"dateModified\":\"2017-08-10T21:34:24+00:00\",\"breadcrumb\":{\"@id\":\"https:\\\/\\\/www.iobevo.com\\\/online\\\/distributeurs\\\/korinto-io-espresso\\\/?lang=fr#breadcrumb\"},\"inLanguage\":\"it-IT\",\"potentialAction\":[{\"@type\":\"ReadAction\",\"target\":[\"https:\\\/\\\/www.iobevo.com\\\/online\\\/distributeurs\\\/korinto-io-espresso\\\/?lang=fr\"]}]},{\"@type\":\"ImageObject\",\"inLanguage\":\"it-IT\",\"@id\":\"https:\\\/\\\/www.iobevo.com\\\/online\\\/distributeurs\\\/korinto-io-espresso\\\/?lang=fr#primaryimage\",\"url\":\"https:\\\/\\\/www.iobevo.com\\\/online\\\/wp-content\\\/uploads\\\/2014\\\/01\\\/slide-2-bg-e1400667726929.png\",\"contentUrl\":\"https:\\\/\\\/www.iobevo.com\\\/online\\\/wp-content\\\/uploads\\\/2014\\\/01\\\/slide-2-bg-e1400667726929.png\",\"width\":1512,\"height\":400},{\"@type\":\"BreadcrumbList\",\"@id\":\"https:\\\/\\\/www.iobevo.com\\\/online\\\/distributeurs\\\/korinto-io-espresso\\\/?lang=fr#breadcrumb\",\"itemListElement\":[{\"@type\":\"ListItem\",\"position\":1,\"name\":\"Equipement\",\"item\":\"https:\\\/\\\/www.iobevo.com\\\/online\\\/distributeurs\\\/?lang=fr\"},{\"@type\":\"ListItem\",\"position\":2,\"name\":\"Korinto io espresso\u00ae\"}]},{\"@type\":\"WebSite\",\"@id\":\"https:\\\/\\\/www.iobevo.com\\\/online\\\/#website\",\"url\":\"https:\\\/\\\/www.iobevo.com\\\/online\\\/\",\"name\":\"io bevo\u00ae\",\"description\":\"Drink Plastic free\",\"publisher\":{\"@id\":\"https:\\\/\\\/www.iobevo.com\\\/online\\\/#organization\"},\"potentialAction\":[{\"@type\":\"SearchAction\",\"target\":{\"@type\":\"EntryPoint\",\"urlTemplate\":\"https:\\\/\\\/www.iobevo.com\\\/online\\\/?s={search_term_string}\"},\"query-input\":{\"@type\":\"PropertyValueSpecification\",\"valueRequired\":true,\"valueName\":\"search_term_string\"}}],\"inLanguage\":\"it-IT\"},{\"@type\":\"Organization\",\"@id\":\"https:\\\/\\\/www.iobevo.com\\\/online\\\/#organization\",\"name\":\"General Beverage\",\"url\":\"https:\\\/\\\/www.iobevo.com\\\/online\\\/\",\"logo\":{\"@type\":\"ImageObject\",\"inLanguage\":\"it-IT\",\"@id\":\"https:\\\/\\\/www.iobevo.com\\\/online\\\/#\\\/schema\\\/logo\\\/image\\\/\",\"url\":\"https:\\\/\\\/www.iobevo.com\\\/online\\\/wp-content\\\/uploads\\\/2014\\\/01\\\/logo_gb_horizontal_grey_160x47.png\",\"contentUrl\":\"https:\\\/\\\/www.iobevo.com\\\/online\\\/wp-content\\\/uploads\\\/2014\\\/01\\\/logo_gb_horizontal_grey_160x47.png\",\"width\":160,\"height\":47,\"caption\":\"General Beverage\"},\"image\":{\"@id\":\"https:\\\/\\\/www.iobevo.com\\\/online\\\/#\\\/schema\\\/logo\\\/image\\\/\"},\"sameAs\":[\"https:\\\/\\\/x.com\\\/IoBevo\"]}]}<\/script>\n<!-- \/ Yoast SEO plugin. -->","yoast_head_json":{"title":"Korinto io espresso\u00ae - io bevo\u00ae","robots":{"index":"index","follow":"follow","max-snippet":"max-snippet:-1","max-image-preview":"max-image-preview:large","max-video-preview":"max-video-preview:-1"},"canonical":"https:\/\/www.iobevo.com\/online\/distributeurs\/korinto-io-espresso\/?lang=fr","og_locale":"it_IT","og_type":"article","og_title":"Korinto io espresso\u00ae - io bevo\u00ae","og_description":"Korinto io espresso\u00ae\u00a0est le distributeur self-service que nous proposons pour la distribution de caf\u00e9 expresso et \u00e9ventuellement d&#8217;autres boissons chaudes.\u00a0Id\u00e9al pour la distribution des petits d\u00e9jeuners io breakfast\u00ae avec caf\u00e9 expresso, ou pour la r\u00e9alisation du service freecoffee\u00ae, libre consommation et \u00e0 co\u00fbt fixe de caf\u00e9 expresso apr\u00e8s un repas. [&hellip;]","og_url":"https:\/\/www.iobevo.com\/online\/distributeurs\/korinto-io-espresso\/?lang=fr","og_site_name":"io bevo\u00ae","article_modified_time":"2017-08-10T21:34:24+00:00","og_image":[{"width":1512,"height":400,"url":"https:\/\/www.iobevo.com\/online\/wp-content\/uploads\/2014\/01\/slide-2-bg-e1400667726929.png","type":"image\/png"}],"twitter_card":"summary_large_image","twitter_site":"@IoBevo","twitter_misc":{"Tempo di lettura stimato":"1 minuto"},"schema":{"@context":"https:\/\/schema.org","@graph":[{"@type":"WebPage","@id":"https:\/\/www.iobevo.com\/online\/distributeurs\/korinto-io-espresso\/?lang=fr","url":"https:\/\/www.iobevo.com\/online\/distributeurs\/korinto-io-espresso\/?lang=fr","name":"Korinto io espresso\u00ae - io bevo\u00ae","isPartOf":{"@id":"https:\/\/www.iobevo.com\/online\/#website"},"primaryImageOfPage":{"@id":"https:\/\/www.iobevo.com\/online\/distributeurs\/korinto-io-espresso\/?lang=fr#primaryimage"},"image":{"@id":"https:\/\/www.iobevo.com\/online\/distributeurs\/korinto-io-espresso\/?lang=fr#primaryimage"},"thumbnailUrl":"https:\/\/www.iobevo.com\/online\/wp-content\/uploads\/2014\/01\/slide-2-bg-e1400667726929.png","datePublished":"2014-07-08T09:15:25+00:00","dateModified":"2017-08-10T21:34:24+00:00","breadcrumb":{"@id":"https:\/\/www.iobevo.com\/online\/distributeurs\/korinto-io-espresso\/?lang=fr#breadcrumb"},"inLanguage":"it-IT","potentialAction":[{"@type":"ReadAction","target":["https:\/\/www.iobevo.com\/online\/distributeurs\/korinto-io-espresso\/?lang=fr"]}]},{"@type":"ImageObject","inLanguage":"it-IT","@id":"https:\/\/www.iobevo.com\/online\/distributeurs\/korinto-io-espresso\/?lang=fr#primaryimage","url":"https:\/\/www.iobevo.com\/online\/wp-content\/uploads\/2014\/01\/slide-2-bg-e1400667726929.png","contentUrl":"https:\/\/www.iobevo.com\/online\/wp-content\/uploads\/2014\/01\/slide-2-bg-e1400667726929.png","width":1512,"height":400},{"@type":"BreadcrumbList","@id":"https:\/\/www.iobevo.com\/online\/distributeurs\/korinto-io-espresso\/?lang=fr#breadcrumb","itemListElement":[{"@type":"ListItem","position":1,"name":"Equipement","item":"https:\/\/www.iobevo.com\/online\/distributeurs\/?lang=fr"},{"@type":"ListItem","position":2,"name":"Korinto io espresso\u00ae"}]},{"@type":"WebSite","@id":"https:\/\/www.iobevo.com\/online\/#website","url":"https:\/\/www.iobevo.com\/online\/","name":"io bevo\u00ae","description":"Drink Plastic free","publisher":{"@id":"https:\/\/www.iobevo.com\/online\/#organization"},"potentialAction":[{"@type":"SearchAction","target":{"@type":"EntryPoint","urlTemplate":"https:\/\/www.iobevo.com\/online\/?s={search_term_string}"},"query-input":{"@type":"PropertyValueSpecification","valueRequired":true,"valueName":"search_term_string"}}],"inLanguage":"it-IT"},{"@type":"Organization","@id":"https:\/\/www.iobevo.com\/online\/#organization","name":"General Beverage","url":"https:\/\/www.iobevo.com\/online\/","logo":{"@type":"ImageObject","inLanguage":"it-IT","@id":"https:\/\/www.iobevo.com\/online\/#\/schema\/logo\/image\/","url":"https:\/\/www.iobevo.com\/online\/wp-content\/uploads\/2014\/01\/logo_gb_horizontal_grey_160x47.png","contentUrl":"https:\/\/www.iobevo.com\/online\/wp-content\/uploads\/2014\/01\/logo_gb_horizontal_grey_160x47.png","width":160,"height":47,"caption":"General Beverage"},"image":{"@id":"https:\/\/www.iobevo.com\/online\/#\/schema\/logo\/image\/"},"sameAs":["https:\/\/x.com\/IoBevo"]}]}},"_links":{"self":[{"href":"https:\/\/www.iobevo.com\/online\/wp-json\/wp\/v2\/pages\/6297","targetHints":{"allow":["GET"]}}],"collection":[{"href":"https:\/\/www.iobevo.com\/online\/wp-json\/wp\/v2\/pages"}],"about":[{"href":"https:\/\/www.iobevo.com\/online\/wp-json\/wp\/v2\/types\/page"}],"author":[{"embeddable":true,"href":"https:\/\/www.iobevo.com\/online\/wp-json\/wp\/v2\/users\/58"}],"replies":[{"embeddable":true,"href":"https:\/\/www.iobevo.com\/online\/wp-json\/wp\/v2\/comments?post=6297"}],"version-history":[{"count":0,"href":"https:\/\/www.iobevo.com\/online\/wp-json\/wp\/v2\/pages\/6297\/revisions"}],"up":[{"embeddable":true,"href":"https:\/\/www.iobevo.com\/online\/wp-json\/wp\/v2\/pages\/6275"}],"wp:featuredmedia":[{"embeddable":true,"href":"https:\/\/www.iobevo.com\/online\/wp-json\/wp\/v2\/media\/2831"}],"wp:attachment":[{"href":"https:\/\/www.iobevo.com\/online\/wp-json\/wp\/v2\/media?parent=6297"}],"curies":[{"name":"wp","href":"https:\/\/api.w.org\/{rel}","templated":true}]}}