{"id":6299,"date":"2014-07-08T09:17:55","date_gmt":"2014-07-08T09:17:55","guid":{"rendered":"http:\/\/www.iobevo.com\/online\/?page_id=6299"},"modified":"2014-09-05T17:16:00","modified_gmt":"2014-09-05T17:16:00","slug":"manutention","status":"publish","type":"page","link":"https:\/\/www.iobevo.com\/online\/distributeurs\/manutention\/?lang=fr","title":{"rendered":"Maintenance"},"content":{"rendered":"<p><span class=\"responsive\"><img fetchpriority=\"high\" decoding=\"async\" class=\"alignright wp-image-3711 size-medium\" src=\"http:\/\/www.iobevo.com\/online\/wp-content\/uploads\/2014\/04\/manutenzione-300x276.jpg\" alt=\"manutenzione\" width=\"300\" height=\"276\" srcset=\"https:\/\/www.iobevo.com\/online\/wp-content\/uploads\/2014\/04\/manutenzione-300x276.jpg 300w, https:\/\/www.iobevo.com\/online\/wp-content\/uploads\/2014\/04\/manutenzione.jpg 700w\" sizes=\"(max-width: 300px) 100vw, 300px\" \/><\/span><\/p>\n<p>Les activit\u00e9s d&#8217;assistance technique sur les \u00e9quipements fournis \u00e0 titre de pr\u00eat gratuit sont effectu\u00e9es par <strong>General Assistance<\/strong>, une soci\u00e9t\u00e9 du groupe, qui assure rapidit\u00e9 et professionnalit\u00e9 d\u2019intervention. La maintenance est g\u00e9r\u00e9e \u00e0 l&#8217;aide de moyens informatiques qui d\u00e9terminent le respect des d\u00e9lais, l\u2019archivage des donn\u00e9es, la gestion des demandes et des interventions.<\/p>\n<p>Le processus, effectu\u00e9 sur la base de proc\u00e9dures et documents <strong>certifi\u00e9s ISO<\/strong>, implique des techniciens, r\u00e9partis sur tout le territoire sur lequel il existe les services de l&#8217;entreprise, et le bureau central d\u2019assistance qui filtre, coordonne et contr\u00f4le les activit\u00e9s.<\/p>\n<p>L&#8217;assistance technique se compose de:<\/p>\n<h3>Maintenance ordinaire programm\u00e9e<\/h3>\n<ul>\n<li>Suivi p\u00e9riodique des \u00e9quipements pris individuellement, r\u00e9glage des doses, nettoyage des parties externes et assainissement des circuits internes, remplacement des pi\u00e8ces d&#8217;usure courante, contr\u00f4le et remplacement des filtres.<\/li>\n<\/ul>\n<h3>Maintenance extraordinaire<\/h3>\n<ul>\n<li>Maintenances effectu\u00e9e \u00e0 la demande du client dans un d\u00e9lai maximal de 48 heures \u00e0 l\u2019exception des jours f\u00e9ri\u00e9s.<\/li>\n<\/ul>\n","protected":false},"excerpt":{"rendered":"<p>Les activit\u00e9s d&#8217;assistance technique sur les \u00e9quipements fournis \u00e0 titre de pr\u00eat gratuit sont effectu\u00e9es par General Assistance, une soci\u00e9t\u00e9 du groupe, qui assure rapidit\u00e9 et professionnalit\u00e9 d\u2019intervention. La maintenance est g\u00e9r\u00e9e \u00e0 l&#8217;aide de moyens informatiques qui d\u00e9terminent le respect des d\u00e9lais, l\u2019archivage des donn\u00e9es, la gestion des demandes [&hellip;]<\/p>\n","protected":false},"author":58,"featured_media":2831,"parent":6275,"menu_order":6,"comment_status":"open","ping_status":"open","template":"","meta":{"footnotes":""},"class_list":["post-6299","page","type-page","status-publish","has-post-thumbnail","hentry"],"yoast_head":"<!-- This site is optimized with the Yoast SEO plugin v27.4 - https:\/\/yoast.com\/product\/yoast-seo-wordpress\/ -->\n<title>Maintenance - io bevo\u00ae<\/title>\n<meta name=\"robots\" content=\"index, follow, max-snippet:-1, max-image-preview:large, max-video-preview:-1\" \/>\n<link rel=\"canonical\" href=\"https:\/\/www.iobevo.com\/online\/distributeurs\/manutention\/?lang=fr\" \/>\n<meta property=\"og:locale\" content=\"it_IT\" \/>\n<meta property=\"og:type\" content=\"article\" \/>\n<meta property=\"og:title\" content=\"Maintenance - io bevo\u00ae\" \/>\n<meta property=\"og:description\" content=\"Les activit\u00e9s d&#8217;assistance technique sur les \u00e9quipements fournis \u00e0 titre de pr\u00eat gratuit sont effectu\u00e9es par General Assistance, une soci\u00e9t\u00e9 du groupe, qui assure rapidit\u00e9 et professionnalit\u00e9 d\u2019intervention. La maintenance est g\u00e9r\u00e9e \u00e0 l&#8217;aide de moyens informatiques qui d\u00e9terminent le respect des d\u00e9lais, l\u2019archivage des donn\u00e9es, la gestion des demandes [&hellip;]\" \/>\n<meta property=\"og:url\" content=\"https:\/\/www.iobevo.com\/online\/distributeurs\/manutention\/?lang=fr\" \/>\n<meta property=\"og:site_name\" content=\"io bevo\u00ae\" \/>\n<meta property=\"article:modified_time\" content=\"2014-09-05T17:16:00+00:00\" \/>\n<meta property=\"og:image\" content=\"https:\/\/www.iobevo.com\/online\/wp-content\/uploads\/2014\/01\/slide-2-bg-e1400667726929.png\" \/>\n\t<meta property=\"og:image:width\" content=\"1512\" \/>\n\t<meta property=\"og:image:height\" content=\"400\" \/>\n\t<meta property=\"og:image:type\" content=\"image\/png\" \/>\n<meta name=\"twitter:card\" content=\"summary_large_image\" \/>\n<meta name=\"twitter:site\" content=\"@IoBevo\" \/>\n<meta name=\"twitter:label1\" content=\"Tempo di lettura stimato\" \/>\n\t<meta name=\"twitter:data1\" content=\"1 minuto\" \/>\n<script type=\"application\/ld+json\" class=\"yoast-schema-graph\">{\"@context\":\"https:\\\/\\\/schema.org\",\"@graph\":[{\"@type\":\"WebPage\",\"@id\":\"https:\\\/\\\/www.iobevo.com\\\/online\\\/distributeurs\\\/manutention\\\/?lang=fr\",\"url\":\"https:\\\/\\\/www.iobevo.com\\\/online\\\/distributeurs\\\/manutention\\\/?lang=fr\",\"name\":\"Maintenance - io bevo\u00ae\",\"isPartOf\":{\"@id\":\"https:\\\/\\\/www.iobevo.com\\\/online\\\/#website\"},\"primaryImageOfPage\":{\"@id\":\"https:\\\/\\\/www.iobevo.com\\\/online\\\/distributeurs\\\/manutention\\\/?lang=fr#primaryimage\"},\"image\":{\"@id\":\"https:\\\/\\\/www.iobevo.com\\\/online\\\/distributeurs\\\/manutention\\\/?lang=fr#primaryimage\"},\"thumbnailUrl\":\"https:\\\/\\\/www.iobevo.com\\\/online\\\/wp-content\\\/uploads\\\/2014\\\/01\\\/slide-2-bg-e1400667726929.png\",\"datePublished\":\"2014-07-08T09:17:55+00:00\",\"dateModified\":\"2014-09-05T17:16:00+00:00\",\"breadcrumb\":{\"@id\":\"https:\\\/\\\/www.iobevo.com\\\/online\\\/distributeurs\\\/manutention\\\/?lang=fr#breadcrumb\"},\"inLanguage\":\"it-IT\",\"potentialAction\":[{\"@type\":\"ReadAction\",\"target\":[\"https:\\\/\\\/www.iobevo.com\\\/online\\\/distributeurs\\\/manutention\\\/?lang=fr\"]}]},{\"@type\":\"ImageObject\",\"inLanguage\":\"it-IT\",\"@id\":\"https:\\\/\\\/www.iobevo.com\\\/online\\\/distributeurs\\\/manutention\\\/?lang=fr#primaryimage\",\"url\":\"https:\\\/\\\/www.iobevo.com\\\/online\\\/wp-content\\\/uploads\\\/2014\\\/01\\\/slide-2-bg-e1400667726929.png\",\"contentUrl\":\"https:\\\/\\\/www.iobevo.com\\\/online\\\/wp-content\\\/uploads\\\/2014\\\/01\\\/slide-2-bg-e1400667726929.png\",\"width\":1512,\"height\":400},{\"@type\":\"BreadcrumbList\",\"@id\":\"https:\\\/\\\/www.iobevo.com\\\/online\\\/distributeurs\\\/manutention\\\/?lang=fr#breadcrumb\",\"itemListElement\":[{\"@type\":\"ListItem\",\"position\":1,\"name\":\"Equipement\",\"item\":\"https:\\\/\\\/www.iobevo.com\\\/online\\\/distributeurs\\\/?lang=fr\"},{\"@type\":\"ListItem\",\"position\":2,\"name\":\"Maintenance\"}]},{\"@type\":\"WebSite\",\"@id\":\"https:\\\/\\\/www.iobevo.com\\\/online\\\/#website\",\"url\":\"https:\\\/\\\/www.iobevo.com\\\/online\\\/\",\"name\":\"io bevo\u00ae\",\"description\":\"Drink Plastic free\",\"publisher\":{\"@id\":\"https:\\\/\\\/www.iobevo.com\\\/online\\\/#organization\"},\"potentialAction\":[{\"@type\":\"SearchAction\",\"target\":{\"@type\":\"EntryPoint\",\"urlTemplate\":\"https:\\\/\\\/www.iobevo.com\\\/online\\\/?s={search_term_string}\"},\"query-input\":{\"@type\":\"PropertyValueSpecification\",\"valueRequired\":true,\"valueName\":\"search_term_string\"}}],\"inLanguage\":\"it-IT\"},{\"@type\":\"Organization\",\"@id\":\"https:\\\/\\\/www.iobevo.com\\\/online\\\/#organization\",\"name\":\"General Beverage\",\"url\":\"https:\\\/\\\/www.iobevo.com\\\/online\\\/\",\"logo\":{\"@type\":\"ImageObject\",\"inLanguage\":\"it-IT\",\"@id\":\"https:\\\/\\\/www.iobevo.com\\\/online\\\/#\\\/schema\\\/logo\\\/image\\\/\",\"url\":\"https:\\\/\\\/www.iobevo.com\\\/online\\\/wp-content\\\/uploads\\\/2014\\\/01\\\/logo_gb_horizontal_grey_160x47.png\",\"contentUrl\":\"https:\\\/\\\/www.iobevo.com\\\/online\\\/wp-content\\\/uploads\\\/2014\\\/01\\\/logo_gb_horizontal_grey_160x47.png\",\"width\":160,\"height\":47,\"caption\":\"General Beverage\"},\"image\":{\"@id\":\"https:\\\/\\\/www.iobevo.com\\\/online\\\/#\\\/schema\\\/logo\\\/image\\\/\"},\"sameAs\":[\"https:\\\/\\\/x.com\\\/IoBevo\"]}]}<\/script>\n<!-- \/ Yoast SEO plugin. -->","yoast_head_json":{"title":"Maintenance - io bevo\u00ae","robots":{"index":"index","follow":"follow","max-snippet":"max-snippet:-1","max-image-preview":"max-image-preview:large","max-video-preview":"max-video-preview:-1"},"canonical":"https:\/\/www.iobevo.com\/online\/distributeurs\/manutention\/?lang=fr","og_locale":"it_IT","og_type":"article","og_title":"Maintenance - io bevo\u00ae","og_description":"Les activit\u00e9s d&#8217;assistance technique sur les \u00e9quipements fournis \u00e0 titre de pr\u00eat gratuit sont effectu\u00e9es par General Assistance, une soci\u00e9t\u00e9 du groupe, qui assure rapidit\u00e9 et professionnalit\u00e9 d\u2019intervention. La maintenance est g\u00e9r\u00e9e \u00e0 l&#8217;aide de moyens informatiques qui d\u00e9terminent le respect des d\u00e9lais, l\u2019archivage des donn\u00e9es, la gestion des demandes [&hellip;]","og_url":"https:\/\/www.iobevo.com\/online\/distributeurs\/manutention\/?lang=fr","og_site_name":"io bevo\u00ae","article_modified_time":"2014-09-05T17:16:00+00:00","og_image":[{"width":1512,"height":400,"url":"https:\/\/www.iobevo.com\/online\/wp-content\/uploads\/2014\/01\/slide-2-bg-e1400667726929.png","type":"image\/png"}],"twitter_card":"summary_large_image","twitter_site":"@IoBevo","twitter_misc":{"Tempo di lettura stimato":"1 minuto"},"schema":{"@context":"https:\/\/schema.org","@graph":[{"@type":"WebPage","@id":"https:\/\/www.iobevo.com\/online\/distributeurs\/manutention\/?lang=fr","url":"https:\/\/www.iobevo.com\/online\/distributeurs\/manutention\/?lang=fr","name":"Maintenance - io bevo\u00ae","isPartOf":{"@id":"https:\/\/www.iobevo.com\/online\/#website"},"primaryImageOfPage":{"@id":"https:\/\/www.iobevo.com\/online\/distributeurs\/manutention\/?lang=fr#primaryimage"},"image":{"@id":"https:\/\/www.iobevo.com\/online\/distributeurs\/manutention\/?lang=fr#primaryimage"},"thumbnailUrl":"https:\/\/www.iobevo.com\/online\/wp-content\/uploads\/2014\/01\/slide-2-bg-e1400667726929.png","datePublished":"2014-07-08T09:17:55+00:00","dateModified":"2014-09-05T17:16:00+00:00","breadcrumb":{"@id":"https:\/\/www.iobevo.com\/online\/distributeurs\/manutention\/?lang=fr#breadcrumb"},"inLanguage":"it-IT","potentialAction":[{"@type":"ReadAction","target":["https:\/\/www.iobevo.com\/online\/distributeurs\/manutention\/?lang=fr"]}]},{"@type":"ImageObject","inLanguage":"it-IT","@id":"https:\/\/www.iobevo.com\/online\/distributeurs\/manutention\/?lang=fr#primaryimage","url":"https:\/\/www.iobevo.com\/online\/wp-content\/uploads\/2014\/01\/slide-2-bg-e1400667726929.png","contentUrl":"https:\/\/www.iobevo.com\/online\/wp-content\/uploads\/2014\/01\/slide-2-bg-e1400667726929.png","width":1512,"height":400},{"@type":"BreadcrumbList","@id":"https:\/\/www.iobevo.com\/online\/distributeurs\/manutention\/?lang=fr#breadcrumb","itemListElement":[{"@type":"ListItem","position":1,"name":"Equipement","item":"https:\/\/www.iobevo.com\/online\/distributeurs\/?lang=fr"},{"@type":"ListItem","position":2,"name":"Maintenance"}]},{"@type":"WebSite","@id":"https:\/\/www.iobevo.com\/online\/#website","url":"https:\/\/www.iobevo.com\/online\/","name":"io bevo\u00ae","description":"Drink Plastic free","publisher":{"@id":"https:\/\/www.iobevo.com\/online\/#organization"},"potentialAction":[{"@type":"SearchAction","target":{"@type":"EntryPoint","urlTemplate":"https:\/\/www.iobevo.com\/online\/?s={search_term_string}"},"query-input":{"@type":"PropertyValueSpecification","valueRequired":true,"valueName":"search_term_string"}}],"inLanguage":"it-IT"},{"@type":"Organization","@id":"https:\/\/www.iobevo.com\/online\/#organization","name":"General Beverage","url":"https:\/\/www.iobevo.com\/online\/","logo":{"@type":"ImageObject","inLanguage":"it-IT","@id":"https:\/\/www.iobevo.com\/online\/#\/schema\/logo\/image\/","url":"https:\/\/www.iobevo.com\/online\/wp-content\/uploads\/2014\/01\/logo_gb_horizontal_grey_160x47.png","contentUrl":"https:\/\/www.iobevo.com\/online\/wp-content\/uploads\/2014\/01\/logo_gb_horizontal_grey_160x47.png","width":160,"height":47,"caption":"General Beverage"},"image":{"@id":"https:\/\/www.iobevo.com\/online\/#\/schema\/logo\/image\/"},"sameAs":["https:\/\/x.com\/IoBevo"]}]}},"_links":{"self":[{"href":"https:\/\/www.iobevo.com\/online\/wp-json\/wp\/v2\/pages\/6299","targetHints":{"allow":["GET"]}}],"collection":[{"href":"https:\/\/www.iobevo.com\/online\/wp-json\/wp\/v2\/pages"}],"about":[{"href":"https:\/\/www.iobevo.com\/online\/wp-json\/wp\/v2\/types\/page"}],"author":[{"embeddable":true,"href":"https:\/\/www.iobevo.com\/online\/wp-json\/wp\/v2\/users\/58"}],"replies":[{"embeddable":true,"href":"https:\/\/www.iobevo.com\/online\/wp-json\/wp\/v2\/comments?post=6299"}],"version-history":[{"count":0,"href":"https:\/\/www.iobevo.com\/online\/wp-json\/wp\/v2\/pages\/6299\/revisions"}],"up":[{"embeddable":true,"href":"https:\/\/www.iobevo.com\/online\/wp-json\/wp\/v2\/pages\/6275"}],"wp:featuredmedia":[{"embeddable":true,"href":"https:\/\/www.iobevo.com\/online\/wp-json\/wp\/v2\/media\/2831"}],"wp:attachment":[{"href":"https:\/\/www.iobevo.com\/online\/wp-json\/wp\/v2\/media?parent=6299"}],"curies":[{"name":"wp","href":"https:\/\/api.w.org\/{rel}","templated":true}]}}