{"id":6301,"date":"2014-07-08T09:20:15","date_gmt":"2014-07-08T09:20:15","guid":{"rendered":"http:\/\/www.iobevo.com\/online\/?page_id=6301"},"modified":"2018-02-19T10:45:59","modified_gmt":"2018-02-19T08:45:59","slug":"tyrrhene","status":"publish","type":"page","link":"https:\/\/www.iobevo.com\/online\/distributeurs\/tyrrhene\/?lang=fr","title":{"rendered":"Tirreno"},"content":{"rendered":"<p><strong>Tirreno<\/strong>\u00a0est un nouveau mod\u00e8le de distributeur ductile et \u00e0 faible encombrement id\u00e9al pour la distribution de boissons dans divers milieux d&#8217;utilisation: <strong>restaurants<\/strong>, <strong>salles d&#8217;attente<\/strong>, <strong>bureaux<\/strong>.<\/p>\n<p>Il peut fournir jusqu&#8217;\u00e0 7 boissons diff\u00e9rents (gazeuses et\/ou naturelles) +3 eaux (plate micro filtr\u00e9e r\u00e9frig\u00e9r\u00e9e, p\u00e9tillante et \u00e0 temp\u00e9rature ambiante). Il peut \u00eatre plac\u00e9 sur des comptoirs d\u00e9j\u00e0 install\u00e9s dans la structure d&#8217;accueil ou sur un meuble de support sp\u00e9cifique.<\/p>\n<p>Les bag-in-box des produits concentr\u00e9s et le syst\u00e8me de purification de l&#8217;eau sont plac\u00e9s dans des compartiments se trouvant \u00e0 proximit\u00e9 ou \u00e0 l&#8217;int\u00e9rieur du meuble de support. Esth\u00e9tiquement il se caract\u00e9rise par une large surface frontale lumineuse affichant des messages sur l&#8217;environnement ou d&#8217;autres messages personnalis\u00e9s en fonction du format des boissons et du milieu.<\/p>\n<h3 class=\"title\"><span>Caract\u00e9ristiques techniques<\/span><\/h3>\n<div class=\"one_half\">\n<div class=\"description clearfix style-1\">\n<p>Largeur:\u00a0<strong>mm 565<\/strong><\/p>\n<p>Profondeur:\u00a0<strong>mm 660<\/strong><\/p>\n<p>Hauteur:\u00a0<strong>mm\u00a0780<\/strong><\/p>\n<p>Dimensions d&#8217;un \u00e9ventuel meuble d&#8217;appui:<br \/>\n<strong>L mm 780 x P mm 830 + 300 x H mm 910<\/strong><\/p>\n<p>Syst\u00e8me:\u00a0<strong>PostMix<\/strong><\/p>\n<p>Tension-fr\u00e9quence:\u00a0<strong>230 V &#8211; 50 Hz<\/strong><\/p>\n<p>Puissance absorb\u00e9e:\u00a0<strong>0,83\u00a0KW<\/strong><\/p>\n<p>Capacit\u00e9 de refroidissement:\u00a0<strong>420 Kcal\/h<\/strong><\/p>\n<p>Temp\u00e9rature de sortie des boissons:\u00a0<strong>de +2 \u00e0\u00a0+6\u00b0C\u00a0<\/strong><\/p>\n<p>Compresseur:\u00a0<strong>Hp 1\/4 ASPERA<\/strong><\/p>\n<p>Pompe volum\u00e9trique:\u00a0<strong>300 lt\/h<\/strong><\/p>\n<p>Nombre de sorties (boissons):\u00a0<strong>7 + 1<\/strong>\u00a0(pour eau plate r\u00e9frig\u00e9r\u00e9e, p\u00e9tillante, ambiante)<\/p>\n<p>Compartiment \u00e0 glace:\u00a0<strong>Kg\u00a014<\/strong><\/p>\n<p>Mat\u00e9riel structure interne:\u00a0<strong>Acier AISI 304<\/strong><\/p>\n<p>Mat\u00e9riel panneaux:\u00a0<strong>Acier AISI 304\u00a0<\/strong><\/p>\n<p>Presa elettrica:<br \/>\n<strong>Schuko\u00a0(40 cm du sol, centrale)<\/strong><\/p>\n<p>Prise de courant:\u00a0<strong>\u00bd \u201c\u00a0(20 cm du sol, centrale)<\/strong><\/p>\n<\/div>\n<h3 class=\"title\"><span>Caract\u00e9ristiques techniques couvre bouteilles CO2<\/span><\/h3>\n<div class=\"description clearfix style-1\">\n<p>Mat\u00e9riel:\u00a0<strong>dibond<\/strong><\/p>\n<p>Dimensions:<br \/>\n<strong>L mm 330 x P mm 280 x H mm 1500<\/strong><\/p>\n<\/div>\n<\/div>\n<div class=\"one_half last\"><span class=\"responsive\"><img fetchpriority=\"high\" decoding=\"async\" class=\"alignnone wp-image-5731 size-medium\" src=\"http:\/\/www.iobevo.com\/online\/wp-content\/uploads\/2014\/04\/tirreno5-276x300.jpg\" alt=\"\" width=\"276\" height=\"300\" srcset=\"https:\/\/www.iobevo.com\/online\/wp-content\/uploads\/2014\/04\/tirreno5-276x300.jpg 276w, https:\/\/www.iobevo.com\/online\/wp-content\/uploads\/2014\/04\/tirreno5.jpg 481w\" sizes=\"(max-width: 276px) 100vw, 276px\" \/><\/span><\/div>\n<div class=\"clear\"><\/div>\n<p style=\"text-align: center;\">\n","protected":false},"excerpt":{"rendered":"<p>Tirreno\u00a0est un nouveau mod\u00e8le de distributeur ductile et \u00e0 faible encombrement id\u00e9al pour la distribution de boissons dans divers milieux d&#8217;utilisation: restaurants, salles d&#8217;attente, bureaux. Il peut fournir jusqu&#8217;\u00e0 7 boissons diff\u00e9rents (gazeuses et\/ou naturelles) +3 eaux (plate micro filtr\u00e9e r\u00e9frig\u00e9r\u00e9e, p\u00e9tillante et \u00e0 temp\u00e9rature ambiante). Il peut \u00eatre plac\u00e9 [&hellip;]<\/p>\n","protected":false},"author":58,"featured_media":2831,"parent":6275,"menu_order":8,"comment_status":"open","ping_status":"closed","template":"","meta":{"footnotes":""},"class_list":["post-6301","page","type-page","status-publish","has-post-thumbnail","hentry"],"yoast_head":"<!-- This site is optimized with the Yoast SEO plugin v27.4 - https:\/\/yoast.com\/product\/yoast-seo-wordpress\/ -->\n<title>Tirreno - io bevo\u00ae<\/title>\n<meta name=\"robots\" content=\"index, follow, max-snippet:-1, max-image-preview:large, max-video-preview:-1\" \/>\n<link rel=\"canonical\" href=\"https:\/\/www.iobevo.com\/online\/distributeurs\/tyrrhene\/?lang=fr\" \/>\n<meta property=\"og:locale\" content=\"it_IT\" \/>\n<meta property=\"og:type\" content=\"article\" \/>\n<meta property=\"og:title\" content=\"Tirreno - io bevo\u00ae\" \/>\n<meta property=\"og:description\" content=\"Tirreno\u00a0est un nouveau mod\u00e8le de distributeur ductile et \u00e0 faible encombrement id\u00e9al pour la distribution de boissons dans divers milieux d&#8217;utilisation: restaurants, salles d&#8217;attente, bureaux. Il peut fournir jusqu&#8217;\u00e0 7 boissons diff\u00e9rents (gazeuses et\/ou naturelles) +3 eaux (plate micro filtr\u00e9e r\u00e9frig\u00e9r\u00e9e, p\u00e9tillante et \u00e0 temp\u00e9rature ambiante). Il peut \u00eatre plac\u00e9 [&hellip;]\" \/>\n<meta property=\"og:url\" content=\"https:\/\/www.iobevo.com\/online\/distributeurs\/tyrrhene\/?lang=fr\" \/>\n<meta property=\"og:site_name\" content=\"io bevo\u00ae\" \/>\n<meta property=\"article:modified_time\" content=\"2018-02-19T08:45:59+00:00\" \/>\n<meta property=\"og:image\" content=\"https:\/\/www.iobevo.com\/online\/wp-content\/uploads\/2014\/01\/slide-2-bg-e1400667726929.png\" \/>\n\t<meta property=\"og:image:width\" content=\"1512\" \/>\n\t<meta property=\"og:image:height\" content=\"400\" \/>\n\t<meta property=\"og:image:type\" content=\"image\/png\" \/>\n<meta name=\"twitter:card\" content=\"summary_large_image\" \/>\n<meta name=\"twitter:site\" content=\"@IoBevo\" \/>\n<meta name=\"twitter:label1\" content=\"Tempo di lettura stimato\" \/>\n\t<meta name=\"twitter:data1\" content=\"1 minuto\" \/>\n<script type=\"application\/ld+json\" class=\"yoast-schema-graph\">{\"@context\":\"https:\\\/\\\/schema.org\",\"@graph\":[{\"@type\":\"WebPage\",\"@id\":\"https:\\\/\\\/www.iobevo.com\\\/online\\\/distributeurs\\\/tyrrhene\\\/?lang=fr\",\"url\":\"https:\\\/\\\/www.iobevo.com\\\/online\\\/distributeurs\\\/tyrrhene\\\/?lang=fr\",\"name\":\"Tirreno - io bevo\u00ae\",\"isPartOf\":{\"@id\":\"https:\\\/\\\/www.iobevo.com\\\/online\\\/#website\"},\"primaryImageOfPage\":{\"@id\":\"https:\\\/\\\/www.iobevo.com\\\/online\\\/distributeurs\\\/tyrrhene\\\/?lang=fr#primaryimage\"},\"image\":{\"@id\":\"https:\\\/\\\/www.iobevo.com\\\/online\\\/distributeurs\\\/tyrrhene\\\/?lang=fr#primaryimage\"},\"thumbnailUrl\":\"https:\\\/\\\/www.iobevo.com\\\/online\\\/wp-content\\\/uploads\\\/2014\\\/01\\\/slide-2-bg-e1400667726929.png\",\"datePublished\":\"2014-07-08T09:20:15+00:00\",\"dateModified\":\"2018-02-19T08:45:59+00:00\",\"breadcrumb\":{\"@id\":\"https:\\\/\\\/www.iobevo.com\\\/online\\\/distributeurs\\\/tyrrhene\\\/?lang=fr#breadcrumb\"},\"inLanguage\":\"it-IT\",\"potentialAction\":[{\"@type\":\"ReadAction\",\"target\":[\"https:\\\/\\\/www.iobevo.com\\\/online\\\/distributeurs\\\/tyrrhene\\\/?lang=fr\"]}]},{\"@type\":\"ImageObject\",\"inLanguage\":\"it-IT\",\"@id\":\"https:\\\/\\\/www.iobevo.com\\\/online\\\/distributeurs\\\/tyrrhene\\\/?lang=fr#primaryimage\",\"url\":\"https:\\\/\\\/www.iobevo.com\\\/online\\\/wp-content\\\/uploads\\\/2014\\\/01\\\/slide-2-bg-e1400667726929.png\",\"contentUrl\":\"https:\\\/\\\/www.iobevo.com\\\/online\\\/wp-content\\\/uploads\\\/2014\\\/01\\\/slide-2-bg-e1400667726929.png\",\"width\":1512,\"height\":400},{\"@type\":\"BreadcrumbList\",\"@id\":\"https:\\\/\\\/www.iobevo.com\\\/online\\\/distributeurs\\\/tyrrhene\\\/?lang=fr#breadcrumb\",\"itemListElement\":[{\"@type\":\"ListItem\",\"position\":1,\"name\":\"Equipement\",\"item\":\"https:\\\/\\\/www.iobevo.com\\\/online\\\/distributeurs\\\/?lang=fr\"},{\"@type\":\"ListItem\",\"position\":2,\"name\":\"Tirreno\"}]},{\"@type\":\"WebSite\",\"@id\":\"https:\\\/\\\/www.iobevo.com\\\/online\\\/#website\",\"url\":\"https:\\\/\\\/www.iobevo.com\\\/online\\\/\",\"name\":\"io bevo\u00ae\",\"description\":\"Drink Plastic free\",\"publisher\":{\"@id\":\"https:\\\/\\\/www.iobevo.com\\\/online\\\/#organization\"},\"potentialAction\":[{\"@type\":\"SearchAction\",\"target\":{\"@type\":\"EntryPoint\",\"urlTemplate\":\"https:\\\/\\\/www.iobevo.com\\\/online\\\/?s={search_term_string}\"},\"query-input\":{\"@type\":\"PropertyValueSpecification\",\"valueRequired\":true,\"valueName\":\"search_term_string\"}}],\"inLanguage\":\"it-IT\"},{\"@type\":\"Organization\",\"@id\":\"https:\\\/\\\/www.iobevo.com\\\/online\\\/#organization\",\"name\":\"General Beverage\",\"url\":\"https:\\\/\\\/www.iobevo.com\\\/online\\\/\",\"logo\":{\"@type\":\"ImageObject\",\"inLanguage\":\"it-IT\",\"@id\":\"https:\\\/\\\/www.iobevo.com\\\/online\\\/#\\\/schema\\\/logo\\\/image\\\/\",\"url\":\"https:\\\/\\\/www.iobevo.com\\\/online\\\/wp-content\\\/uploads\\\/2014\\\/01\\\/logo_gb_horizontal_grey_160x47.png\",\"contentUrl\":\"https:\\\/\\\/www.iobevo.com\\\/online\\\/wp-content\\\/uploads\\\/2014\\\/01\\\/logo_gb_horizontal_grey_160x47.png\",\"width\":160,\"height\":47,\"caption\":\"General Beverage\"},\"image\":{\"@id\":\"https:\\\/\\\/www.iobevo.com\\\/online\\\/#\\\/schema\\\/logo\\\/image\\\/\"},\"sameAs\":[\"https:\\\/\\\/x.com\\\/IoBevo\"]}]}<\/script>\n<!-- \/ Yoast SEO plugin. -->","yoast_head_json":{"title":"Tirreno - io bevo\u00ae","robots":{"index":"index","follow":"follow","max-snippet":"max-snippet:-1","max-image-preview":"max-image-preview:large","max-video-preview":"max-video-preview:-1"},"canonical":"https:\/\/www.iobevo.com\/online\/distributeurs\/tyrrhene\/?lang=fr","og_locale":"it_IT","og_type":"article","og_title":"Tirreno - io bevo\u00ae","og_description":"Tirreno\u00a0est un nouveau mod\u00e8le de distributeur ductile et \u00e0 faible encombrement id\u00e9al pour la distribution de boissons dans divers milieux d&#8217;utilisation: restaurants, salles d&#8217;attente, bureaux. Il peut fournir jusqu&#8217;\u00e0 7 boissons diff\u00e9rents (gazeuses et\/ou naturelles) +3 eaux (plate micro filtr\u00e9e r\u00e9frig\u00e9r\u00e9e, p\u00e9tillante et \u00e0 temp\u00e9rature ambiante). Il peut \u00eatre plac\u00e9 [&hellip;]","og_url":"https:\/\/www.iobevo.com\/online\/distributeurs\/tyrrhene\/?lang=fr","og_site_name":"io bevo\u00ae","article_modified_time":"2018-02-19T08:45:59+00:00","og_image":[{"width":1512,"height":400,"url":"https:\/\/www.iobevo.com\/online\/wp-content\/uploads\/2014\/01\/slide-2-bg-e1400667726929.png","type":"image\/png"}],"twitter_card":"summary_large_image","twitter_site":"@IoBevo","twitter_misc":{"Tempo di lettura stimato":"1 minuto"},"schema":{"@context":"https:\/\/schema.org","@graph":[{"@type":"WebPage","@id":"https:\/\/www.iobevo.com\/online\/distributeurs\/tyrrhene\/?lang=fr","url":"https:\/\/www.iobevo.com\/online\/distributeurs\/tyrrhene\/?lang=fr","name":"Tirreno - io bevo\u00ae","isPartOf":{"@id":"https:\/\/www.iobevo.com\/online\/#website"},"primaryImageOfPage":{"@id":"https:\/\/www.iobevo.com\/online\/distributeurs\/tyrrhene\/?lang=fr#primaryimage"},"image":{"@id":"https:\/\/www.iobevo.com\/online\/distributeurs\/tyrrhene\/?lang=fr#primaryimage"},"thumbnailUrl":"https:\/\/www.iobevo.com\/online\/wp-content\/uploads\/2014\/01\/slide-2-bg-e1400667726929.png","datePublished":"2014-07-08T09:20:15+00:00","dateModified":"2018-02-19T08:45:59+00:00","breadcrumb":{"@id":"https:\/\/www.iobevo.com\/online\/distributeurs\/tyrrhene\/?lang=fr#breadcrumb"},"inLanguage":"it-IT","potentialAction":[{"@type":"ReadAction","target":["https:\/\/www.iobevo.com\/online\/distributeurs\/tyrrhene\/?lang=fr"]}]},{"@type":"ImageObject","inLanguage":"it-IT","@id":"https:\/\/www.iobevo.com\/online\/distributeurs\/tyrrhene\/?lang=fr#primaryimage","url":"https:\/\/www.iobevo.com\/online\/wp-content\/uploads\/2014\/01\/slide-2-bg-e1400667726929.png","contentUrl":"https:\/\/www.iobevo.com\/online\/wp-content\/uploads\/2014\/01\/slide-2-bg-e1400667726929.png","width":1512,"height":400},{"@type":"BreadcrumbList","@id":"https:\/\/www.iobevo.com\/online\/distributeurs\/tyrrhene\/?lang=fr#breadcrumb","itemListElement":[{"@type":"ListItem","position":1,"name":"Equipement","item":"https:\/\/www.iobevo.com\/online\/distributeurs\/?lang=fr"},{"@type":"ListItem","position":2,"name":"Tirreno"}]},{"@type":"WebSite","@id":"https:\/\/www.iobevo.com\/online\/#website","url":"https:\/\/www.iobevo.com\/online\/","name":"io bevo\u00ae","description":"Drink Plastic free","publisher":{"@id":"https:\/\/www.iobevo.com\/online\/#organization"},"potentialAction":[{"@type":"SearchAction","target":{"@type":"EntryPoint","urlTemplate":"https:\/\/www.iobevo.com\/online\/?s={search_term_string}"},"query-input":{"@type":"PropertyValueSpecification","valueRequired":true,"valueName":"search_term_string"}}],"inLanguage":"it-IT"},{"@type":"Organization","@id":"https:\/\/www.iobevo.com\/online\/#organization","name":"General Beverage","url":"https:\/\/www.iobevo.com\/online\/","logo":{"@type":"ImageObject","inLanguage":"it-IT","@id":"https:\/\/www.iobevo.com\/online\/#\/schema\/logo\/image\/","url":"https:\/\/www.iobevo.com\/online\/wp-content\/uploads\/2014\/01\/logo_gb_horizontal_grey_160x47.png","contentUrl":"https:\/\/www.iobevo.com\/online\/wp-content\/uploads\/2014\/01\/logo_gb_horizontal_grey_160x47.png","width":160,"height":47,"caption":"General Beverage"},"image":{"@id":"https:\/\/www.iobevo.com\/online\/#\/schema\/logo\/image\/"},"sameAs":["https:\/\/x.com\/IoBevo"]}]}},"_links":{"self":[{"href":"https:\/\/www.iobevo.com\/online\/wp-json\/wp\/v2\/pages\/6301","targetHints":{"allow":["GET"]}}],"collection":[{"href":"https:\/\/www.iobevo.com\/online\/wp-json\/wp\/v2\/pages"}],"about":[{"href":"https:\/\/www.iobevo.com\/online\/wp-json\/wp\/v2\/types\/page"}],"author":[{"embeddable":true,"href":"https:\/\/www.iobevo.com\/online\/wp-json\/wp\/v2\/users\/58"}],"replies":[{"embeddable":true,"href":"https:\/\/www.iobevo.com\/online\/wp-json\/wp\/v2\/comments?post=6301"}],"version-history":[{"count":0,"href":"https:\/\/www.iobevo.com\/online\/wp-json\/wp\/v2\/pages\/6301\/revisions"}],"up":[{"embeddable":true,"href":"https:\/\/www.iobevo.com\/online\/wp-json\/wp\/v2\/pages\/6275"}],"wp:featuredmedia":[{"embeddable":true,"href":"https:\/\/www.iobevo.com\/online\/wp-json\/wp\/v2\/media\/2831"}],"wp:attachment":[{"href":"https:\/\/www.iobevo.com\/online\/wp-json\/wp\/v2\/media?parent=6301"}],"curies":[{"name":"wp","href":"https:\/\/api.w.org\/{rel}","templated":true}]}}