{"id":6304,"date":"2014-07-08T09:24:11","date_gmt":"2014-07-08T09:24:11","guid":{"rendered":"http:\/\/www.iobevo.com\/online\/?page_id=6304"},"modified":"2016-04-20T16:07:16","modified_gmt":"2016-04-20T14:07:16","slug":"new-fruttamix","status":"publish","type":"page","link":"https:\/\/www.iobevo.com\/online\/distributeurs\/new-fruttamix\/?lang=fr","title":{"rendered":"New fruttamix"},"content":{"rendered":"<p><strong>New fruttamix<\/strong>\u00a0est le distributeur pour\u00a0<a title=\"Concentr\u00e9s pour jus de fruits Io Fresco\" href=\"http:\/\/www.iobevo.com\/online\/fr\/produits\/concentres-pour-jus-de-fruits-fresco\/\">boissons fruit\u00e9es io fresco<\/a>.<\/p>\n<p>C&#8217;est le distributeur id\u00e9al pour le <a title=\"Io breakfast\" href=\"http:\/\/www.iobevo.com\/online\/fr\/services-2\/breakfast\/\">petit-d\u00e9jeuner<\/a> dans le secteur <a title=\"H\u00f4tels\" href=\"http:\/\/www.iobevo.com\/online\/fr\/secteurs-du-marche\/hotels\/\">h\u00f4telier<\/a> o\u00f9 le manque d&#8217;espace rend n\u00e9cessaire une installation de petites dimensions.\u00a0Sa conformation compacte et sa structure technique rendent son installation extr\u00eamement facile et offrent une fiabilit\u00e9 hygi\u00e9nique maximale.<\/p>\n<p>La temp\u00e9rature de sortie de l&#8217;ensemble des boissons peut \u00eatre ajust\u00e9e en fonction des besoins sp\u00e9cifiques.<\/p>\n<h5 class=\"title\"><span>Caract\u00e9ristiques techniques<\/span><\/h5>\n<p style=\"text-align: left;\">\n<div class=\"one_half\">\n<div class=\"description clearfix style-1\">\n<p>Syst\u00e8me:\u00a0<strong>PostMix<\/strong><\/p>\n<p>Tension-fr\u00e9quence:\u00a0<strong>230 V &#8211; 50 Hz<\/strong><\/p>\n<p>Compresseur:\u00a0<strong>Hp 1\/<\/strong><\/p>\n<p>Puissance:\u00a0<strong>Kw 0,7<\/strong><\/p>\n<p>Capacit\u00e9 r\u00e9servoir:\u00a0<strong>Lt 10<\/strong><\/p>\n<p>Compartiment \u00e0 glace:\u00a0<strong>Kg 3<\/strong><\/p>\n<p>Capacit\u00e9 de distribution de pointe:\u00a0<strong>Lt\/h 30<\/strong><\/p>\n<p>Capacit\u00e9 r\u00e9frig\u00e9rante:\u00a0<strong>W 740<\/strong><\/p>\n<p>Nombre de sorties (boissons):\u00a0<strong>3<\/strong><\/p>\n<p>Temp\u00e9rature de sortie des boissons:\u00a0<strong>3\u00b0- 10\u00b0<\/strong><\/p>\n<p>Prise de courant:\u00a0<strong>Schuko<\/strong><\/p>\n<p>Arriv\u00e9e d&#8217;eau:\u00a0<strong>\u00bd \u201c<\/strong><\/p>\n<p>Poids:\u00a0<strong>Kg 65<\/strong><\/p>\n<p>Largeur:\u00a0<strong>mm 400<\/strong><\/p>\n<p>Profondeur:\u00a0<strong>mm 600<\/strong><\/p>\n<p>Hauteur mm:\u00a0<strong>700<\/strong><\/p>\n<p style=\"text-align: center;\"><\/div>\n<\/div>\n<div class=\"one_half last\"><span class=\"responsive\"><img fetchpriority=\"high\" decoding=\"async\" class=\"alignnone wp-image-4478 \" src=\"http:\/\/iobevo.com\/online\/wp-content\/uploads\/2014\/04\/immagine-new-fruttamix.jpg\" alt=\"\" width=\"370\" height=\"537\" srcset=\"https:\/\/www.iobevo.com\/online\/wp-content\/uploads\/2014\/04\/immagine-new-fruttamix.jpg 708w, https:\/\/www.iobevo.com\/online\/wp-content\/uploads\/2014\/04\/immagine-new-fruttamix-206x300.jpg 206w, https:\/\/www.iobevo.com\/online\/wp-content\/uploads\/2014\/04\/immagine-new-fruttamix-705x1024.jpg 705w\" sizes=\"(max-width: 370px) 100vw, 370px\" \/><\/span><\/div>\n<div class=\"clear\"><\/div><\/p>\n","protected":false},"excerpt":{"rendered":"<p>New fruttamix\u00a0est le distributeur pour\u00a0boissons fruit\u00e9es io fresco. C&#8217;est le distributeur id\u00e9al pour le petit-d\u00e9jeuner dans le secteur h\u00f4telier o\u00f9 le manque d&#8217;espace rend n\u00e9cessaire une installation de petites dimensions.\u00a0Sa conformation compacte et sa structure technique rendent son installation extr\u00eamement facile et offrent une fiabilit\u00e9 hygi\u00e9nique maximale. La temp\u00e9rature de [&hellip;]<\/p>\n","protected":false},"author":58,"featured_media":2831,"parent":6275,"menu_order":9,"comment_status":"open","ping_status":"closed","template":"","meta":{"footnotes":""},"class_list":["post-6304","page","type-page","status-publish","has-post-thumbnail","hentry"],"yoast_head":"<!-- This site is optimized with the Yoast SEO plugin v27.5 - https:\/\/yoast.com\/product\/yoast-seo-wordpress\/ -->\n<title>New fruttamix - io bevo\u00ae<\/title>\n<meta name=\"robots\" content=\"index, follow, max-snippet:-1, max-image-preview:large, max-video-preview:-1\" \/>\n<link rel=\"canonical\" href=\"https:\/\/www.iobevo.com\/online\/distributeurs\/new-fruttamix\/?lang=fr\" \/>\n<meta property=\"og:locale\" content=\"it_IT\" \/>\n<meta property=\"og:type\" content=\"article\" \/>\n<meta property=\"og:title\" content=\"New fruttamix - io bevo\u00ae\" \/>\n<meta property=\"og:description\" content=\"New fruttamix\u00a0est le distributeur pour\u00a0boissons fruit\u00e9es io fresco. C&#8217;est le distributeur id\u00e9al pour le petit-d\u00e9jeuner dans le secteur h\u00f4telier o\u00f9 le manque d&#8217;espace rend n\u00e9cessaire une installation de petites dimensions.\u00a0Sa conformation compacte et sa structure technique rendent son installation extr\u00eamement facile et offrent une fiabilit\u00e9 hygi\u00e9nique maximale. La temp\u00e9rature de [&hellip;]\" \/>\n<meta property=\"og:url\" content=\"https:\/\/www.iobevo.com\/online\/distributeurs\/new-fruttamix\/?lang=fr\" \/>\n<meta property=\"og:site_name\" content=\"io bevo\u00ae\" \/>\n<meta property=\"article:modified_time\" content=\"2016-04-20T14:07:16+00:00\" \/>\n<meta property=\"og:image\" content=\"https:\/\/www.iobevo.com\/online\/wp-content\/uploads\/2014\/01\/slide-2-bg-e1400667726929.png\" \/>\n\t<meta property=\"og:image:width\" content=\"1512\" \/>\n\t<meta property=\"og:image:height\" content=\"400\" \/>\n\t<meta property=\"og:image:type\" content=\"image\/png\" \/>\n<meta name=\"twitter:card\" content=\"summary_large_image\" \/>\n<meta name=\"twitter:site\" content=\"@IoBevo\" \/>\n<meta name=\"twitter:label1\" content=\"Tempo di lettura stimato\" \/>\n\t<meta name=\"twitter:data1\" content=\"1 minuto\" \/>\n<script type=\"application\/ld+json\" class=\"yoast-schema-graph\">{\"@context\":\"https:\\\/\\\/schema.org\",\"@graph\":[{\"@type\":\"WebPage\",\"@id\":\"https:\\\/\\\/www.iobevo.com\\\/online\\\/distributeurs\\\/new-fruttamix\\\/?lang=fr\",\"url\":\"https:\\\/\\\/www.iobevo.com\\\/online\\\/distributeurs\\\/new-fruttamix\\\/?lang=fr\",\"name\":\"New fruttamix - io bevo\u00ae\",\"isPartOf\":{\"@id\":\"https:\\\/\\\/www.iobevo.com\\\/online\\\/#website\"},\"primaryImageOfPage\":{\"@id\":\"https:\\\/\\\/www.iobevo.com\\\/online\\\/distributeurs\\\/new-fruttamix\\\/?lang=fr#primaryimage\"},\"image\":{\"@id\":\"https:\\\/\\\/www.iobevo.com\\\/online\\\/distributeurs\\\/new-fruttamix\\\/?lang=fr#primaryimage\"},\"thumbnailUrl\":\"https:\\\/\\\/www.iobevo.com\\\/online\\\/wp-content\\\/uploads\\\/2014\\\/01\\\/slide-2-bg-e1400667726929.png\",\"datePublished\":\"2014-07-08T09:24:11+00:00\",\"dateModified\":\"2016-04-20T14:07:16+00:00\",\"breadcrumb\":{\"@id\":\"https:\\\/\\\/www.iobevo.com\\\/online\\\/distributeurs\\\/new-fruttamix\\\/?lang=fr#breadcrumb\"},\"inLanguage\":\"it-IT\",\"potentialAction\":[{\"@type\":\"ReadAction\",\"target\":[\"https:\\\/\\\/www.iobevo.com\\\/online\\\/distributeurs\\\/new-fruttamix\\\/?lang=fr\"]}]},{\"@type\":\"ImageObject\",\"inLanguage\":\"it-IT\",\"@id\":\"https:\\\/\\\/www.iobevo.com\\\/online\\\/distributeurs\\\/new-fruttamix\\\/?lang=fr#primaryimage\",\"url\":\"https:\\\/\\\/www.iobevo.com\\\/online\\\/wp-content\\\/uploads\\\/2014\\\/01\\\/slide-2-bg-e1400667726929.png\",\"contentUrl\":\"https:\\\/\\\/www.iobevo.com\\\/online\\\/wp-content\\\/uploads\\\/2014\\\/01\\\/slide-2-bg-e1400667726929.png\",\"width\":1512,\"height\":400},{\"@type\":\"BreadcrumbList\",\"@id\":\"https:\\\/\\\/www.iobevo.com\\\/online\\\/distributeurs\\\/new-fruttamix\\\/?lang=fr#breadcrumb\",\"itemListElement\":[{\"@type\":\"ListItem\",\"position\":1,\"name\":\"Equipement\",\"item\":\"https:\\\/\\\/www.iobevo.com\\\/online\\\/distributeurs\\\/?lang=fr\"},{\"@type\":\"ListItem\",\"position\":2,\"name\":\"New fruttamix\"}]},{\"@type\":\"WebSite\",\"@id\":\"https:\\\/\\\/www.iobevo.com\\\/online\\\/#website\",\"url\":\"https:\\\/\\\/www.iobevo.com\\\/online\\\/\",\"name\":\"io bevo\u00ae\",\"description\":\"Drink Plastic free\",\"publisher\":{\"@id\":\"https:\\\/\\\/www.iobevo.com\\\/online\\\/#organization\"},\"potentialAction\":[{\"@type\":\"SearchAction\",\"target\":{\"@type\":\"EntryPoint\",\"urlTemplate\":\"https:\\\/\\\/www.iobevo.com\\\/online\\\/?s={search_term_string}\"},\"query-input\":{\"@type\":\"PropertyValueSpecification\",\"valueRequired\":true,\"valueName\":\"search_term_string\"}}],\"inLanguage\":\"it-IT\"},{\"@type\":\"Organization\",\"@id\":\"https:\\\/\\\/www.iobevo.com\\\/online\\\/#organization\",\"name\":\"General Beverage\",\"url\":\"https:\\\/\\\/www.iobevo.com\\\/online\\\/\",\"logo\":{\"@type\":\"ImageObject\",\"inLanguage\":\"it-IT\",\"@id\":\"https:\\\/\\\/www.iobevo.com\\\/online\\\/#\\\/schema\\\/logo\\\/image\\\/\",\"url\":\"https:\\\/\\\/www.iobevo.com\\\/online\\\/wp-content\\\/uploads\\\/2014\\\/01\\\/logo_gb_horizontal_grey_160x47.png\",\"contentUrl\":\"https:\\\/\\\/www.iobevo.com\\\/online\\\/wp-content\\\/uploads\\\/2014\\\/01\\\/logo_gb_horizontal_grey_160x47.png\",\"width\":160,\"height\":47,\"caption\":\"General Beverage\"},\"image\":{\"@id\":\"https:\\\/\\\/www.iobevo.com\\\/online\\\/#\\\/schema\\\/logo\\\/image\\\/\"},\"sameAs\":[\"https:\\\/\\\/x.com\\\/IoBevo\"]}]}<\/script>\n<!-- \/ Yoast SEO plugin. -->","yoast_head_json":{"title":"New fruttamix - io bevo\u00ae","robots":{"index":"index","follow":"follow","max-snippet":"max-snippet:-1","max-image-preview":"max-image-preview:large","max-video-preview":"max-video-preview:-1"},"canonical":"https:\/\/www.iobevo.com\/online\/distributeurs\/new-fruttamix\/?lang=fr","og_locale":"it_IT","og_type":"article","og_title":"New fruttamix - io bevo\u00ae","og_description":"New fruttamix\u00a0est le distributeur pour\u00a0boissons fruit\u00e9es io fresco. C&#8217;est le distributeur id\u00e9al pour le petit-d\u00e9jeuner dans le secteur h\u00f4telier o\u00f9 le manque d&#8217;espace rend n\u00e9cessaire une installation de petites dimensions.\u00a0Sa conformation compacte et sa structure technique rendent son installation extr\u00eamement facile et offrent une fiabilit\u00e9 hygi\u00e9nique maximale. La temp\u00e9rature de [&hellip;]","og_url":"https:\/\/www.iobevo.com\/online\/distributeurs\/new-fruttamix\/?lang=fr","og_site_name":"io bevo\u00ae","article_modified_time":"2016-04-20T14:07:16+00:00","og_image":[{"width":1512,"height":400,"url":"https:\/\/www.iobevo.com\/online\/wp-content\/uploads\/2014\/01\/slide-2-bg-e1400667726929.png","type":"image\/png"}],"twitter_card":"summary_large_image","twitter_site":"@IoBevo","twitter_misc":{"Tempo di lettura stimato":"1 minuto"},"schema":{"@context":"https:\/\/schema.org","@graph":[{"@type":"WebPage","@id":"https:\/\/www.iobevo.com\/online\/distributeurs\/new-fruttamix\/?lang=fr","url":"https:\/\/www.iobevo.com\/online\/distributeurs\/new-fruttamix\/?lang=fr","name":"New fruttamix - io bevo\u00ae","isPartOf":{"@id":"https:\/\/www.iobevo.com\/online\/#website"},"primaryImageOfPage":{"@id":"https:\/\/www.iobevo.com\/online\/distributeurs\/new-fruttamix\/?lang=fr#primaryimage"},"image":{"@id":"https:\/\/www.iobevo.com\/online\/distributeurs\/new-fruttamix\/?lang=fr#primaryimage"},"thumbnailUrl":"https:\/\/www.iobevo.com\/online\/wp-content\/uploads\/2014\/01\/slide-2-bg-e1400667726929.png","datePublished":"2014-07-08T09:24:11+00:00","dateModified":"2016-04-20T14:07:16+00:00","breadcrumb":{"@id":"https:\/\/www.iobevo.com\/online\/distributeurs\/new-fruttamix\/?lang=fr#breadcrumb"},"inLanguage":"it-IT","potentialAction":[{"@type":"ReadAction","target":["https:\/\/www.iobevo.com\/online\/distributeurs\/new-fruttamix\/?lang=fr"]}]},{"@type":"ImageObject","inLanguage":"it-IT","@id":"https:\/\/www.iobevo.com\/online\/distributeurs\/new-fruttamix\/?lang=fr#primaryimage","url":"https:\/\/www.iobevo.com\/online\/wp-content\/uploads\/2014\/01\/slide-2-bg-e1400667726929.png","contentUrl":"https:\/\/www.iobevo.com\/online\/wp-content\/uploads\/2014\/01\/slide-2-bg-e1400667726929.png","width":1512,"height":400},{"@type":"BreadcrumbList","@id":"https:\/\/www.iobevo.com\/online\/distributeurs\/new-fruttamix\/?lang=fr#breadcrumb","itemListElement":[{"@type":"ListItem","position":1,"name":"Equipement","item":"https:\/\/www.iobevo.com\/online\/distributeurs\/?lang=fr"},{"@type":"ListItem","position":2,"name":"New fruttamix"}]},{"@type":"WebSite","@id":"https:\/\/www.iobevo.com\/online\/#website","url":"https:\/\/www.iobevo.com\/online\/","name":"io bevo\u00ae","description":"Drink Plastic free","publisher":{"@id":"https:\/\/www.iobevo.com\/online\/#organization"},"potentialAction":[{"@type":"SearchAction","target":{"@type":"EntryPoint","urlTemplate":"https:\/\/www.iobevo.com\/online\/?s={search_term_string}"},"query-input":{"@type":"PropertyValueSpecification","valueRequired":true,"valueName":"search_term_string"}}],"inLanguage":"it-IT"},{"@type":"Organization","@id":"https:\/\/www.iobevo.com\/online\/#organization","name":"General Beverage","url":"https:\/\/www.iobevo.com\/online\/","logo":{"@type":"ImageObject","inLanguage":"it-IT","@id":"https:\/\/www.iobevo.com\/online\/#\/schema\/logo\/image\/","url":"https:\/\/www.iobevo.com\/online\/wp-content\/uploads\/2014\/01\/logo_gb_horizontal_grey_160x47.png","contentUrl":"https:\/\/www.iobevo.com\/online\/wp-content\/uploads\/2014\/01\/logo_gb_horizontal_grey_160x47.png","width":160,"height":47,"caption":"General Beverage"},"image":{"@id":"https:\/\/www.iobevo.com\/online\/#\/schema\/logo\/image\/"},"sameAs":["https:\/\/x.com\/IoBevo"]}]}},"_links":{"self":[{"href":"https:\/\/www.iobevo.com\/online\/wp-json\/wp\/v2\/pages\/6304","targetHints":{"allow":["GET"]}}],"collection":[{"href":"https:\/\/www.iobevo.com\/online\/wp-json\/wp\/v2\/pages"}],"about":[{"href":"https:\/\/www.iobevo.com\/online\/wp-json\/wp\/v2\/types\/page"}],"author":[{"embeddable":true,"href":"https:\/\/www.iobevo.com\/online\/wp-json\/wp\/v2\/users\/58"}],"replies":[{"embeddable":true,"href":"https:\/\/www.iobevo.com\/online\/wp-json\/wp\/v2\/comments?post=6304"}],"version-history":[{"count":0,"href":"https:\/\/www.iobevo.com\/online\/wp-json\/wp\/v2\/pages\/6304\/revisions"}],"up":[{"embeddable":true,"href":"https:\/\/www.iobevo.com\/online\/wp-json\/wp\/v2\/pages\/6275"}],"wp:featuredmedia":[{"embeddable":true,"href":"https:\/\/www.iobevo.com\/online\/wp-json\/wp\/v2\/media\/2831"}],"wp:attachment":[{"href":"https:\/\/www.iobevo.com\/online\/wp-json\/wp\/v2\/media?parent=6304"}],"curies":[{"name":"wp","href":"https:\/\/api.w.org\/{rel}","templated":true}]}}