{"id":6316,"date":"2014-07-08T09:29:45","date_gmt":"2014-07-08T09:29:45","guid":{"rendered":"http:\/\/www.iobevo.com\/online\/?page_id=6316"},"modified":"2017-08-10T17:55:45","modified_gmt":"2017-08-10T15:55:45","slug":"big-5-catering-buono","status":"publish","type":"page","link":"https:\/\/www.iobevo.com\/online\/distributeurs\/big-5-catering-buono\/?lang=fr","title":{"rendered":"Big 5 catering io buono\u00ae"},"content":{"rendered":"<p><strong>Big catering io buono<\/strong><sup>\u00ae<\/sup> est le distributeur que nous proposons pour des besoins \u00e9lev\u00e9s de distribution en termes de quantit\u00e9 et de timing, garantissant\u00a0: vitesse de distribution, grande autonomie, constance et efficacit\u00e9 dans la distribution. C\u2019est l\u2019id\u00e9al pour la distribution des petits d\u00e9jeuners dans le secteur touristique l\u00e0 o\u00f9 la distribution de caf\u00e9 expresso n\u2019est pas n\u00e9cessaire.<\/p>\n<p><strong>Big catering io buono<\/strong><sup>\u00ae<\/sup> vous donne la possibilit\u00e9, \u00e0 partir d\u2019un maximum de 6 produits solubles de base, d\u2019avoir un maximum de 12 s\u00e9lections de boissons chaudes. Big catering io buono a aussi la possibilit\u00e9 de programmer un bouton pour la dose vers\u00e9e, portant \u00e0 24 le total des s\u00e9lections possibles.<\/p>\n<p>Son installation peut se faire soit pour une utilisation self-service, soit en cuisine pour une utilisation par le personnel avec distribution dans des r\u00e9cipients ad-hoc ou des carafes. Les boissons sont pr\u00e9-dos\u00e9es en fonction des besoins et toutes les consommations sont m\u00e9moris\u00e9es dans le logiciel interne.<\/p>\n<p>Il peut \u00eatre \u00e9quip\u00e9 d\u2019un meuble d\u2019appui ou il peut \u00eatre positionn\u00e9 sur un buffet ou un comptoir d\u00e9j\u00e0 install\u00e9 dans la structure.<\/p>\n<div class=\"gap\" style=\"height: 30px;\"><\/div>\n<h3 class=\"title\"><span>Caract\u00e9ristiques techniques<\/span><\/h3>\n<div class=\"one_half\">\n<div class=\"description clearfix style-1 or 2\">\n<p style=\"text-align: left;\">Tension \u2013 fr\u00e9quence\u00a0(Volt\/Hertz):<br \/>\n<strong>230 V &#8211; 50 Hz<\/strong><\/p>\n<p style=\"text-align: left;\">Puissance: <strong>3,2\u00a0Kw<\/strong><\/p>\n<p style=\"text-align: left;\">Capacit\u00e9 chaudi\u00e8re: <strong>10 Lt<\/strong><\/p>\n<p style=\"text-align: left;\">Nombre de s\u00e9lections possibles: <b>12 x 2<\/b><\/p>\n<p style=\"text-align: left;\">Nombre de produits de base: <strong>6<\/strong><\/p>\n<p style=\"text-align: left;\">Temp\u00e9rature de sortie des boissons: <strong>70\u00b0 \/ 90\u00b0<\/strong><\/p>\n<p style=\"text-align: left;\">Prise de courant: <strong>Schuko<\/strong><\/p>\n<p style=\"text-align: left;\">Arriv\u00e9e d\u2019eau: <strong>\u00bd \u201c<\/strong><\/p>\n<p style=\"text-align: left;\">Poids: <strong>Kg 35<\/strong><\/p>\n<p style=\"text-align: left;\">Largeur: <strong>mm 500<\/strong><\/p>\n<p style=\"text-align: left;\">Profondeur: <strong>mm 540<\/strong><\/p>\n<p style=\"text-align: left;\">Hauteur: mm: <strong>830<\/strong><\/p>\n<p style=\"text-align: center;\"><\/div>\n<\/div>\n<div class=\"one_half last\"><span class=\"responsive\"><img fetchpriority=\"high\" decoding=\"async\" class=\"aligncenter wp-image-3271 size-full\" src=\"http:\/\/iobevo.com\/online\/wp-content\/uploads\/2014\/04\/big5-catering-iobuono.jpg\" alt=\"big5-catering-iobuono\" width=\"304\" height=\"492\" srcset=\"https:\/\/www.iobevo.com\/online\/wp-content\/uploads\/2014\/04\/big5-catering-iobuono.jpg 304w, https:\/\/www.iobevo.com\/online\/wp-content\/uploads\/2014\/04\/big5-catering-iobuono-185x300.jpg 185w\" sizes=\"(max-width: 304px) 100vw, 304px\" \/><\/span><\/div>\n<div class=\"clear\"><\/div>\n<\/p>\n<h3 class=\"title\"><span>D&#8217;autres caract\u00e9ristiques<\/span><\/h3>\n<h4>Economie\u00a0d&#8217;\u00e9nergie<\/h4>\n<p>Conform\u00e9ment \u00e0 l\u2019engagement pour l\u2019environnement des services General Beverage, les distributeurs utilis\u00e9s ont \u00e9t\u00e9 con\u00e7us et r\u00e9alis\u00e9s pour obtenir de r\u00e9elles \u00e9conomies d\u2019\u00e9nergie, car les chaudi\u00e8res sont \u00e9quip\u00e9es d\u2019une isolation sp\u00e9ciale Armaflex AC, mat\u00e9riau hautement flexible \u00e0 cellules ferm\u00e9es.<\/p>\n<h4>Description Armaflex AC<\/h4>\n<ul>\n<li>Mat\u00e9riau isolant hautement flexible \u00e0 cellules ferm\u00e9es.<\/li>\n<li>Mat\u00e9riau \u00e9lastom\u00e8re \u00e9tendu \u00e0 base de caoutchouc synth\u00e9tique \u00e0 bonne conductivit\u00e9 thermique.<\/li>\n<li>Ses caract\u00e9ristiques thermiques garantissent une excellente isolation et le contr\u00f4le de la condensation.<\/li>\n<\/ul>\n<h4>Facteur de r\u00e9sistance \u00e0 la diffusion de vapeur d\u2019eau<\/h4>\n<p>\u03bc \u2265 7.000\u00a0(Certificat Reg.n. D3319 conforme aux Standards EN 13469 pour les tuyaux \u2013 EN 12086 pour les plaques)<\/p>\n<h4>Les\u00a0avantages<\/h4>\n<ul>\n<li>il garantit une \u00e9conomie d\u2019\u00e9nergie<\/li>\n<li>il constitue un pare-vapeur efficace<\/li>\n<\/ul>\n<p>De plus, les distributeurs sont dot\u00e9s d\u2019un contr\u00f4le de temp\u00e9rature de la chaudi\u00e8re programmable au choix en fonction des exigences sp\u00e9cifiques d\u2019utilisation. L\u2019utilisateur peut donc d\u00e9cider de bloquer ou baisser la temp\u00e9rature de l\u2019eau dans la chaudi\u00e8re quand son utilisation n\u2019est pas n\u00e9cessaire, tout cela programmable par logiciel. L\u2019\u00e9conomie d\u2019\u00e9nergie en raison de ces caract\u00e9ristiques et de ces pr\u00e9dispositions est estim\u00e9e \u00e0 environ 30 % dans des conditions ambiantes normales.<\/p>\n","protected":false},"excerpt":{"rendered":"<p>Big catering io buono\u00ae est le distributeur que nous proposons pour des besoins \u00e9lev\u00e9s de distribution en termes de quantit\u00e9 et de timing, garantissant\u00a0: vitesse de distribution, grande autonomie, constance et efficacit\u00e9 dans la distribution. C\u2019est l\u2019id\u00e9al pour la distribution des petits d\u00e9jeuners dans le secteur touristique l\u00e0 o\u00f9 la [&hellip;]<\/p>\n","protected":false},"author":58,"featured_media":2831,"parent":6275,"menu_order":15,"comment_status":"open","ping_status":"closed","template":"","meta":{"footnotes":""},"class_list":["post-6316","page","type-page","status-publish","has-post-thumbnail","hentry"],"yoast_head":"<!-- This site is optimized with the Yoast SEO plugin v27.6 - https:\/\/yoast.com\/product\/yoast-seo-wordpress\/ -->\n<title>Big 5 catering io buono\u00ae - io bevo\u00ae<\/title>\n<meta name=\"robots\" content=\"index, follow, max-snippet:-1, max-image-preview:large, max-video-preview:-1\" \/>\n<link rel=\"canonical\" href=\"https:\/\/www.iobevo.com\/online\/distributeurs\/big-5-catering-buono\/?lang=fr\" \/>\n<meta property=\"og:locale\" content=\"it_IT\" \/>\n<meta property=\"og:type\" content=\"article\" \/>\n<meta property=\"og:title\" content=\"Big 5 catering io buono\u00ae - io bevo\u00ae\" \/>\n<meta property=\"og:description\" content=\"Big catering io buono\u00ae est le distributeur que nous proposons pour des besoins \u00e9lev\u00e9s de distribution en termes de quantit\u00e9 et de timing, garantissant\u00a0: vitesse de distribution, grande autonomie, constance et efficacit\u00e9 dans la distribution. C\u2019est l\u2019id\u00e9al pour la distribution des petits d\u00e9jeuners dans le secteur touristique l\u00e0 o\u00f9 la [&hellip;]\" \/>\n<meta property=\"og:url\" content=\"https:\/\/www.iobevo.com\/online\/distributeurs\/big-5-catering-buono\/?lang=fr\" \/>\n<meta property=\"og:site_name\" content=\"io bevo\u00ae\" \/>\n<meta property=\"article:modified_time\" content=\"2017-08-10T15:55:45+00:00\" \/>\n<meta property=\"og:image\" content=\"https:\/\/www.iobevo.com\/online\/wp-content\/uploads\/2014\/01\/slide-2-bg-e1400667726929.png\" \/>\n\t<meta property=\"og:image:width\" content=\"1512\" \/>\n\t<meta property=\"og:image:height\" content=\"400\" \/>\n\t<meta property=\"og:image:type\" content=\"image\/png\" \/>\n<meta name=\"twitter:card\" content=\"summary_large_image\" \/>\n<meta name=\"twitter:site\" content=\"@IoBevo\" \/>\n<meta name=\"twitter:label1\" content=\"Tempo di lettura stimato\" \/>\n\t<meta name=\"twitter:data1\" content=\"2 minuti\" \/>\n<script type=\"application\/ld+json\" class=\"yoast-schema-graph\">{\"@context\":\"https:\\\/\\\/schema.org\",\"@graph\":[{\"@type\":\"WebPage\",\"@id\":\"https:\\\/\\\/www.iobevo.com\\\/online\\\/distributeurs\\\/big-5-catering-buono\\\/?lang=fr\",\"url\":\"https:\\\/\\\/www.iobevo.com\\\/online\\\/distributeurs\\\/big-5-catering-buono\\\/?lang=fr\",\"name\":\"Big 5 catering io buono\u00ae - io bevo\u00ae\",\"isPartOf\":{\"@id\":\"https:\\\/\\\/www.iobevo.com\\\/online\\\/#website\"},\"primaryImageOfPage\":{\"@id\":\"https:\\\/\\\/www.iobevo.com\\\/online\\\/distributeurs\\\/big-5-catering-buono\\\/?lang=fr#primaryimage\"},\"image\":{\"@id\":\"https:\\\/\\\/www.iobevo.com\\\/online\\\/distributeurs\\\/big-5-catering-buono\\\/?lang=fr#primaryimage\"},\"thumbnailUrl\":\"https:\\\/\\\/www.iobevo.com\\\/online\\\/wp-content\\\/uploads\\\/2014\\\/01\\\/slide-2-bg-e1400667726929.png\",\"datePublished\":\"2014-07-08T09:29:45+00:00\",\"dateModified\":\"2017-08-10T15:55:45+00:00\",\"breadcrumb\":{\"@id\":\"https:\\\/\\\/www.iobevo.com\\\/online\\\/distributeurs\\\/big-5-catering-buono\\\/?lang=fr#breadcrumb\"},\"inLanguage\":\"it-IT\",\"potentialAction\":[{\"@type\":\"ReadAction\",\"target\":[\"https:\\\/\\\/www.iobevo.com\\\/online\\\/distributeurs\\\/big-5-catering-buono\\\/?lang=fr\"]}]},{\"@type\":\"ImageObject\",\"inLanguage\":\"it-IT\",\"@id\":\"https:\\\/\\\/www.iobevo.com\\\/online\\\/distributeurs\\\/big-5-catering-buono\\\/?lang=fr#primaryimage\",\"url\":\"https:\\\/\\\/www.iobevo.com\\\/online\\\/wp-content\\\/uploads\\\/2014\\\/01\\\/slide-2-bg-e1400667726929.png\",\"contentUrl\":\"https:\\\/\\\/www.iobevo.com\\\/online\\\/wp-content\\\/uploads\\\/2014\\\/01\\\/slide-2-bg-e1400667726929.png\",\"width\":1512,\"height\":400},{\"@type\":\"BreadcrumbList\",\"@id\":\"https:\\\/\\\/www.iobevo.com\\\/online\\\/distributeurs\\\/big-5-catering-buono\\\/?lang=fr#breadcrumb\",\"itemListElement\":[{\"@type\":\"ListItem\",\"position\":1,\"name\":\"Equipement\",\"item\":\"https:\\\/\\\/www.iobevo.com\\\/online\\\/distributeurs\\\/?lang=fr\"},{\"@type\":\"ListItem\",\"position\":2,\"name\":\"Big 5 catering io buono\u00ae\"}]},{\"@type\":\"WebSite\",\"@id\":\"https:\\\/\\\/www.iobevo.com\\\/online\\\/#website\",\"url\":\"https:\\\/\\\/www.iobevo.com\\\/online\\\/\",\"name\":\"io bevo\u00ae\",\"description\":\"Drink Plastic free\",\"publisher\":{\"@id\":\"https:\\\/\\\/www.iobevo.com\\\/online\\\/#organization\"},\"potentialAction\":[{\"@type\":\"SearchAction\",\"target\":{\"@type\":\"EntryPoint\",\"urlTemplate\":\"https:\\\/\\\/www.iobevo.com\\\/online\\\/?s={search_term_string}\"},\"query-input\":{\"@type\":\"PropertyValueSpecification\",\"valueRequired\":true,\"valueName\":\"search_term_string\"}}],\"inLanguage\":\"it-IT\"},{\"@type\":\"Organization\",\"@id\":\"https:\\\/\\\/www.iobevo.com\\\/online\\\/#organization\",\"name\":\"General Beverage\",\"url\":\"https:\\\/\\\/www.iobevo.com\\\/online\\\/\",\"logo\":{\"@type\":\"ImageObject\",\"inLanguage\":\"it-IT\",\"@id\":\"https:\\\/\\\/www.iobevo.com\\\/online\\\/#\\\/schema\\\/logo\\\/image\\\/\",\"url\":\"https:\\\/\\\/www.iobevo.com\\\/online\\\/wp-content\\\/uploads\\\/2014\\\/01\\\/logo_gb_horizontal_grey_160x47.png\",\"contentUrl\":\"https:\\\/\\\/www.iobevo.com\\\/online\\\/wp-content\\\/uploads\\\/2014\\\/01\\\/logo_gb_horizontal_grey_160x47.png\",\"width\":160,\"height\":47,\"caption\":\"General Beverage\"},\"image\":{\"@id\":\"https:\\\/\\\/www.iobevo.com\\\/online\\\/#\\\/schema\\\/logo\\\/image\\\/\"},\"sameAs\":[\"https:\\\/\\\/x.com\\\/IoBevo\"]}]}<\/script>\n<!-- \/ Yoast SEO plugin. -->","yoast_head_json":{"title":"Big 5 catering io buono\u00ae - io bevo\u00ae","robots":{"index":"index","follow":"follow","max-snippet":"max-snippet:-1","max-image-preview":"max-image-preview:large","max-video-preview":"max-video-preview:-1"},"canonical":"https:\/\/www.iobevo.com\/online\/distributeurs\/big-5-catering-buono\/?lang=fr","og_locale":"it_IT","og_type":"article","og_title":"Big 5 catering io buono\u00ae - io bevo\u00ae","og_description":"Big catering io buono\u00ae est le distributeur que nous proposons pour des besoins \u00e9lev\u00e9s de distribution en termes de quantit\u00e9 et de timing, garantissant\u00a0: vitesse de distribution, grande autonomie, constance et efficacit\u00e9 dans la distribution. C\u2019est l\u2019id\u00e9al pour la distribution des petits d\u00e9jeuners dans le secteur touristique l\u00e0 o\u00f9 la [&hellip;]","og_url":"https:\/\/www.iobevo.com\/online\/distributeurs\/big-5-catering-buono\/?lang=fr","og_site_name":"io bevo\u00ae","article_modified_time":"2017-08-10T15:55:45+00:00","og_image":[{"width":1512,"height":400,"url":"https:\/\/www.iobevo.com\/online\/wp-content\/uploads\/2014\/01\/slide-2-bg-e1400667726929.png","type":"image\/png"}],"twitter_card":"summary_large_image","twitter_site":"@IoBevo","twitter_misc":{"Tempo di lettura stimato":"2 minuti"},"schema":{"@context":"https:\/\/schema.org","@graph":[{"@type":"WebPage","@id":"https:\/\/www.iobevo.com\/online\/distributeurs\/big-5-catering-buono\/?lang=fr","url":"https:\/\/www.iobevo.com\/online\/distributeurs\/big-5-catering-buono\/?lang=fr","name":"Big 5 catering io buono\u00ae - io bevo\u00ae","isPartOf":{"@id":"https:\/\/www.iobevo.com\/online\/#website"},"primaryImageOfPage":{"@id":"https:\/\/www.iobevo.com\/online\/distributeurs\/big-5-catering-buono\/?lang=fr#primaryimage"},"image":{"@id":"https:\/\/www.iobevo.com\/online\/distributeurs\/big-5-catering-buono\/?lang=fr#primaryimage"},"thumbnailUrl":"https:\/\/www.iobevo.com\/online\/wp-content\/uploads\/2014\/01\/slide-2-bg-e1400667726929.png","datePublished":"2014-07-08T09:29:45+00:00","dateModified":"2017-08-10T15:55:45+00:00","breadcrumb":{"@id":"https:\/\/www.iobevo.com\/online\/distributeurs\/big-5-catering-buono\/?lang=fr#breadcrumb"},"inLanguage":"it-IT","potentialAction":[{"@type":"ReadAction","target":["https:\/\/www.iobevo.com\/online\/distributeurs\/big-5-catering-buono\/?lang=fr"]}]},{"@type":"ImageObject","inLanguage":"it-IT","@id":"https:\/\/www.iobevo.com\/online\/distributeurs\/big-5-catering-buono\/?lang=fr#primaryimage","url":"https:\/\/www.iobevo.com\/online\/wp-content\/uploads\/2014\/01\/slide-2-bg-e1400667726929.png","contentUrl":"https:\/\/www.iobevo.com\/online\/wp-content\/uploads\/2014\/01\/slide-2-bg-e1400667726929.png","width":1512,"height":400},{"@type":"BreadcrumbList","@id":"https:\/\/www.iobevo.com\/online\/distributeurs\/big-5-catering-buono\/?lang=fr#breadcrumb","itemListElement":[{"@type":"ListItem","position":1,"name":"Equipement","item":"https:\/\/www.iobevo.com\/online\/distributeurs\/?lang=fr"},{"@type":"ListItem","position":2,"name":"Big 5 catering io buono\u00ae"}]},{"@type":"WebSite","@id":"https:\/\/www.iobevo.com\/online\/#website","url":"https:\/\/www.iobevo.com\/online\/","name":"io bevo\u00ae","description":"Drink Plastic free","publisher":{"@id":"https:\/\/www.iobevo.com\/online\/#organization"},"potentialAction":[{"@type":"SearchAction","target":{"@type":"EntryPoint","urlTemplate":"https:\/\/www.iobevo.com\/online\/?s={search_term_string}"},"query-input":{"@type":"PropertyValueSpecification","valueRequired":true,"valueName":"search_term_string"}}],"inLanguage":"it-IT"},{"@type":"Organization","@id":"https:\/\/www.iobevo.com\/online\/#organization","name":"General Beverage","url":"https:\/\/www.iobevo.com\/online\/","logo":{"@type":"ImageObject","inLanguage":"it-IT","@id":"https:\/\/www.iobevo.com\/online\/#\/schema\/logo\/image\/","url":"https:\/\/www.iobevo.com\/online\/wp-content\/uploads\/2014\/01\/logo_gb_horizontal_grey_160x47.png","contentUrl":"https:\/\/www.iobevo.com\/online\/wp-content\/uploads\/2014\/01\/logo_gb_horizontal_grey_160x47.png","width":160,"height":47,"caption":"General Beverage"},"image":{"@id":"https:\/\/www.iobevo.com\/online\/#\/schema\/logo\/image\/"},"sameAs":["https:\/\/x.com\/IoBevo"]}]}},"_links":{"self":[{"href":"https:\/\/www.iobevo.com\/online\/wp-json\/wp\/v2\/pages\/6316","targetHints":{"allow":["GET"]}}],"collection":[{"href":"https:\/\/www.iobevo.com\/online\/wp-json\/wp\/v2\/pages"}],"about":[{"href":"https:\/\/www.iobevo.com\/online\/wp-json\/wp\/v2\/types\/page"}],"author":[{"embeddable":true,"href":"https:\/\/www.iobevo.com\/online\/wp-json\/wp\/v2\/users\/58"}],"replies":[{"embeddable":true,"href":"https:\/\/www.iobevo.com\/online\/wp-json\/wp\/v2\/comments?post=6316"}],"version-history":[{"count":0,"href":"https:\/\/www.iobevo.com\/online\/wp-json\/wp\/v2\/pages\/6316\/revisions"}],"up":[{"embeddable":true,"href":"https:\/\/www.iobevo.com\/online\/wp-json\/wp\/v2\/pages\/6275"}],"wp:featuredmedia":[{"embeddable":true,"href":"https:\/\/www.iobevo.com\/online\/wp-json\/wp\/v2\/media\/2831"}],"wp:attachment":[{"href":"https:\/\/www.iobevo.com\/online\/wp-json\/wp\/v2\/media?parent=6316"}],"curies":[{"name":"wp","href":"https:\/\/api.w.org\/{rel}","templated":true}]}}