{"id":6318,"date":"2014-07-08T09:30:34","date_gmt":"2014-07-08T09:30:34","guid":{"rendered":"http:\/\/www.iobevo.com\/online\/?page_id=6318"},"modified":"2017-08-10T18:26:56","modified_gmt":"2017-08-10T16:26:56","slug":"asia","status":"publish","type":"page","link":"https:\/\/www.iobevo.com\/online\/distributeurs\/asia\/?lang=fr","title":{"rendered":"Asia io buono\u00ae"},"content":{"rendered":"<p><strong>Asia io buono<\/strong><sup>\u00ae<\/sup>\u00a0est le distributeur que nous proposons dans les services o\u00f9 il est n\u00e9cessaire de concilier une technique de haute prestation avec l&#8217;optimisation de l&#8217;espace.<\/p>\n<p>Il donne la possibilit\u00e9, \u00e0 partir d\u2019un maximum de 5 produits solubles de base, de disposer d\u2019un maximum de 12 s\u00e9lections de boissons chaudes. Il a aussi la possibilit\u00e9 de programmer un bouton pour la dose verseuse, portant \u00e0 24 le total des s\u00e9lections possibles.<\/p>\n<p>Son installation peut se faire soit pour une utilisation self-service, soit en cuisine pour une utilisation par le personnel avec distribution dans des verseuses ou des carafes.<\/p>\n<p>Les boissons sont pr\u00e9-dos\u00e9es en fonction des besoins et toutes les consommations sont m\u00e9moris\u00e9es dans le logiciel interne.<\/p>\n<div class=\"gap\" style=\"height: 30px;\"><\/div>\n<h3 class=\"title\"><span>Caract\u00e9ristiques techniques<\/span><\/h3>\n<div class=\"one_half\">\n<div class=\"description clearfix style-1 or 2\">\n<p style=\"text-align: left;\">Tension\/Fr\u00e9quence:<br \/>\n<strong>230 V &#8211; 50 Hz<\/strong><\/p>\n<p style=\"text-align: left;\">Puissance maximale absorb\u00e9e: <strong>3,2\u00a0Kw<\/strong><\/p>\n<p style=\"text-align: left;\">Prise de courant: <strong>Schuko 16 A<\/strong><\/p>\n<p style=\"text-align: left;\">Arriv\u00e9e d\u2019eau froide: \u00be\u00a0\u201c M<\/p>\n<p style=\"text-align: left;\">Capacit\u00e9 de la chaudi\u00e8re: <strong>10 Lt<\/strong><\/p>\n<p style=\"text-align: left;\">Nombre de s\u00e9lections possibles: <b>12 x 2<\/b><\/p>\n<p style=\"text-align: left;\">Nombre de produits de base:\u00a0<strong>5<\/strong><\/p>\n<p style=\"text-align: left;\">Temp\u00e9rature de sortie:<br \/>\n<strong>de 70\u00b0C \u00e0 95\u00b0C<\/strong><\/p>\n<p style=\"text-align: left;\">R\u00e9sistances \u00e9lectriques: <strong>2<\/strong><\/p>\n<p style=\"text-align: left;\">Largeur: <strong>mm 425<\/strong><\/p>\n<p style=\"text-align: left;\">Profondeur: <strong>mm 495<\/strong><\/p>\n<p style=\"text-align: left;\">Hauteur: <strong>mm\u00a0770<\/strong><\/p>\n<p style=\"text-align: left;\">Mesures du meuble d\u2019appui:<br \/>\n<strong>L mm 425x P mm 495 x H mm 1000<\/strong><\/p>\n<p style=\"text-align: center;\"><\/div>\n<\/div>\n<div class=\"one_half last\"><span class=\"responsive\"><img fetchpriority=\"high\" decoding=\"async\" class=\"aligncenter wp-image-3271 size-full\" src=\"http:\/\/iobevo.com\/online\/wp-content\/uploads\/2014\/04\/big5-catering-iobuono.jpg\" alt=\"big5-catering-iobuono\" width=\"304\" height=\"492\" srcset=\"https:\/\/www.iobevo.com\/online\/wp-content\/uploads\/2014\/04\/big5-catering-iobuono.jpg 304w, https:\/\/www.iobevo.com\/online\/wp-content\/uploads\/2014\/04\/big5-catering-iobuono-185x300.jpg 185w\" sizes=\"(max-width: 304px) 100vw, 304px\" \/><\/span><\/div>\n<div class=\"clear\"><\/div><\/p>\n","protected":false},"excerpt":{"rendered":"<p>Asia io buono\u00ae\u00a0est le distributeur que nous proposons dans les services o\u00f9 il est n\u00e9cessaire de concilier une technique de haute prestation avec l&#8217;optimisation de l&#8217;espace. Il donne la possibilit\u00e9, \u00e0 partir d\u2019un maximum de 5 produits solubles de base, de disposer d\u2019un maximum de 12 s\u00e9lections de boissons chaudes. [&hellip;]<\/p>\n","protected":false},"author":58,"featured_media":2831,"parent":6275,"menu_order":16,"comment_status":"open","ping_status":"closed","template":"","meta":{"footnotes":""},"class_list":["post-6318","page","type-page","status-publish","has-post-thumbnail","hentry"],"yoast_head":"<!-- This site is optimized with the Yoast SEO plugin v27.5 - https:\/\/yoast.com\/product\/yoast-seo-wordpress\/ -->\n<title>Asia io buono\u00ae - io bevo\u00ae<\/title>\n<meta name=\"robots\" content=\"index, follow, max-snippet:-1, max-image-preview:large, max-video-preview:-1\" \/>\n<link rel=\"canonical\" href=\"https:\/\/www.iobevo.com\/online\/distributeurs\/asia\/?lang=fr\" \/>\n<meta property=\"og:locale\" content=\"it_IT\" \/>\n<meta property=\"og:type\" content=\"article\" \/>\n<meta property=\"og:title\" content=\"Asia io buono\u00ae - io bevo\u00ae\" \/>\n<meta property=\"og:description\" content=\"Asia io buono\u00ae\u00a0est le distributeur que nous proposons dans les services o\u00f9 il est n\u00e9cessaire de concilier une technique de haute prestation avec l&#8217;optimisation de l&#8217;espace. Il donne la possibilit\u00e9, \u00e0 partir d\u2019un maximum de 5 produits solubles de base, de disposer d\u2019un maximum de 12 s\u00e9lections de boissons chaudes. [&hellip;]\" \/>\n<meta property=\"og:url\" content=\"https:\/\/www.iobevo.com\/online\/distributeurs\/asia\/?lang=fr\" \/>\n<meta property=\"og:site_name\" content=\"io bevo\u00ae\" \/>\n<meta property=\"article:modified_time\" content=\"2017-08-10T16:26:56+00:00\" \/>\n<meta property=\"og:image\" content=\"https:\/\/www.iobevo.com\/online\/wp-content\/uploads\/2014\/01\/slide-2-bg-e1400667726929.png\" \/>\n\t<meta property=\"og:image:width\" content=\"1512\" \/>\n\t<meta property=\"og:image:height\" content=\"400\" \/>\n\t<meta property=\"og:image:type\" content=\"image\/png\" \/>\n<meta name=\"twitter:card\" content=\"summary_large_image\" \/>\n<meta name=\"twitter:site\" content=\"@IoBevo\" \/>\n<meta name=\"twitter:label1\" content=\"Tempo di lettura stimato\" \/>\n\t<meta name=\"twitter:data1\" content=\"1 minuto\" \/>\n<script type=\"application\/ld+json\" class=\"yoast-schema-graph\">{\"@context\":\"https:\\\/\\\/schema.org\",\"@graph\":[{\"@type\":\"WebPage\",\"@id\":\"https:\\\/\\\/www.iobevo.com\\\/online\\\/distributeurs\\\/asia\\\/?lang=fr\",\"url\":\"https:\\\/\\\/www.iobevo.com\\\/online\\\/distributeurs\\\/asia\\\/?lang=fr\",\"name\":\"Asia io buono\u00ae - io bevo\u00ae\",\"isPartOf\":{\"@id\":\"https:\\\/\\\/www.iobevo.com\\\/online\\\/#website\"},\"primaryImageOfPage\":{\"@id\":\"https:\\\/\\\/www.iobevo.com\\\/online\\\/distributeurs\\\/asia\\\/?lang=fr#primaryimage\"},\"image\":{\"@id\":\"https:\\\/\\\/www.iobevo.com\\\/online\\\/distributeurs\\\/asia\\\/?lang=fr#primaryimage\"},\"thumbnailUrl\":\"https:\\\/\\\/www.iobevo.com\\\/online\\\/wp-content\\\/uploads\\\/2014\\\/01\\\/slide-2-bg-e1400667726929.png\",\"datePublished\":\"2014-07-08T09:30:34+00:00\",\"dateModified\":\"2017-08-10T16:26:56+00:00\",\"breadcrumb\":{\"@id\":\"https:\\\/\\\/www.iobevo.com\\\/online\\\/distributeurs\\\/asia\\\/?lang=fr#breadcrumb\"},\"inLanguage\":\"it-IT\",\"potentialAction\":[{\"@type\":\"ReadAction\",\"target\":[\"https:\\\/\\\/www.iobevo.com\\\/online\\\/distributeurs\\\/asia\\\/?lang=fr\"]}]},{\"@type\":\"ImageObject\",\"inLanguage\":\"it-IT\",\"@id\":\"https:\\\/\\\/www.iobevo.com\\\/online\\\/distributeurs\\\/asia\\\/?lang=fr#primaryimage\",\"url\":\"https:\\\/\\\/www.iobevo.com\\\/online\\\/wp-content\\\/uploads\\\/2014\\\/01\\\/slide-2-bg-e1400667726929.png\",\"contentUrl\":\"https:\\\/\\\/www.iobevo.com\\\/online\\\/wp-content\\\/uploads\\\/2014\\\/01\\\/slide-2-bg-e1400667726929.png\",\"width\":1512,\"height\":400},{\"@type\":\"BreadcrumbList\",\"@id\":\"https:\\\/\\\/www.iobevo.com\\\/online\\\/distributeurs\\\/asia\\\/?lang=fr#breadcrumb\",\"itemListElement\":[{\"@type\":\"ListItem\",\"position\":1,\"name\":\"Equipement\",\"item\":\"https:\\\/\\\/www.iobevo.com\\\/online\\\/distributeurs\\\/?lang=fr\"},{\"@type\":\"ListItem\",\"position\":2,\"name\":\"Asia io buono\u00ae\"}]},{\"@type\":\"WebSite\",\"@id\":\"https:\\\/\\\/www.iobevo.com\\\/online\\\/#website\",\"url\":\"https:\\\/\\\/www.iobevo.com\\\/online\\\/\",\"name\":\"io bevo\u00ae\",\"description\":\"Drink Plastic free\",\"publisher\":{\"@id\":\"https:\\\/\\\/www.iobevo.com\\\/online\\\/#organization\"},\"potentialAction\":[{\"@type\":\"SearchAction\",\"target\":{\"@type\":\"EntryPoint\",\"urlTemplate\":\"https:\\\/\\\/www.iobevo.com\\\/online\\\/?s={search_term_string}\"},\"query-input\":{\"@type\":\"PropertyValueSpecification\",\"valueRequired\":true,\"valueName\":\"search_term_string\"}}],\"inLanguage\":\"it-IT\"},{\"@type\":\"Organization\",\"@id\":\"https:\\\/\\\/www.iobevo.com\\\/online\\\/#organization\",\"name\":\"General Beverage\",\"url\":\"https:\\\/\\\/www.iobevo.com\\\/online\\\/\",\"logo\":{\"@type\":\"ImageObject\",\"inLanguage\":\"it-IT\",\"@id\":\"https:\\\/\\\/www.iobevo.com\\\/online\\\/#\\\/schema\\\/logo\\\/image\\\/\",\"url\":\"https:\\\/\\\/www.iobevo.com\\\/online\\\/wp-content\\\/uploads\\\/2014\\\/01\\\/logo_gb_horizontal_grey_160x47.png\",\"contentUrl\":\"https:\\\/\\\/www.iobevo.com\\\/online\\\/wp-content\\\/uploads\\\/2014\\\/01\\\/logo_gb_horizontal_grey_160x47.png\",\"width\":160,\"height\":47,\"caption\":\"General Beverage\"},\"image\":{\"@id\":\"https:\\\/\\\/www.iobevo.com\\\/online\\\/#\\\/schema\\\/logo\\\/image\\\/\"},\"sameAs\":[\"https:\\\/\\\/x.com\\\/IoBevo\"]}]}<\/script>\n<!-- \/ Yoast SEO plugin. -->","yoast_head_json":{"title":"Asia io buono\u00ae - io bevo\u00ae","robots":{"index":"index","follow":"follow","max-snippet":"max-snippet:-1","max-image-preview":"max-image-preview:large","max-video-preview":"max-video-preview:-1"},"canonical":"https:\/\/www.iobevo.com\/online\/distributeurs\/asia\/?lang=fr","og_locale":"it_IT","og_type":"article","og_title":"Asia io buono\u00ae - io bevo\u00ae","og_description":"Asia io buono\u00ae\u00a0est le distributeur que nous proposons dans les services o\u00f9 il est n\u00e9cessaire de concilier une technique de haute prestation avec l&#8217;optimisation de l&#8217;espace. Il donne la possibilit\u00e9, \u00e0 partir d\u2019un maximum de 5 produits solubles de base, de disposer d\u2019un maximum de 12 s\u00e9lections de boissons chaudes. [&hellip;]","og_url":"https:\/\/www.iobevo.com\/online\/distributeurs\/asia\/?lang=fr","og_site_name":"io bevo\u00ae","article_modified_time":"2017-08-10T16:26:56+00:00","og_image":[{"width":1512,"height":400,"url":"https:\/\/www.iobevo.com\/online\/wp-content\/uploads\/2014\/01\/slide-2-bg-e1400667726929.png","type":"image\/png"}],"twitter_card":"summary_large_image","twitter_site":"@IoBevo","twitter_misc":{"Tempo di lettura stimato":"1 minuto"},"schema":{"@context":"https:\/\/schema.org","@graph":[{"@type":"WebPage","@id":"https:\/\/www.iobevo.com\/online\/distributeurs\/asia\/?lang=fr","url":"https:\/\/www.iobevo.com\/online\/distributeurs\/asia\/?lang=fr","name":"Asia io buono\u00ae - io bevo\u00ae","isPartOf":{"@id":"https:\/\/www.iobevo.com\/online\/#website"},"primaryImageOfPage":{"@id":"https:\/\/www.iobevo.com\/online\/distributeurs\/asia\/?lang=fr#primaryimage"},"image":{"@id":"https:\/\/www.iobevo.com\/online\/distributeurs\/asia\/?lang=fr#primaryimage"},"thumbnailUrl":"https:\/\/www.iobevo.com\/online\/wp-content\/uploads\/2014\/01\/slide-2-bg-e1400667726929.png","datePublished":"2014-07-08T09:30:34+00:00","dateModified":"2017-08-10T16:26:56+00:00","breadcrumb":{"@id":"https:\/\/www.iobevo.com\/online\/distributeurs\/asia\/?lang=fr#breadcrumb"},"inLanguage":"it-IT","potentialAction":[{"@type":"ReadAction","target":["https:\/\/www.iobevo.com\/online\/distributeurs\/asia\/?lang=fr"]}]},{"@type":"ImageObject","inLanguage":"it-IT","@id":"https:\/\/www.iobevo.com\/online\/distributeurs\/asia\/?lang=fr#primaryimage","url":"https:\/\/www.iobevo.com\/online\/wp-content\/uploads\/2014\/01\/slide-2-bg-e1400667726929.png","contentUrl":"https:\/\/www.iobevo.com\/online\/wp-content\/uploads\/2014\/01\/slide-2-bg-e1400667726929.png","width":1512,"height":400},{"@type":"BreadcrumbList","@id":"https:\/\/www.iobevo.com\/online\/distributeurs\/asia\/?lang=fr#breadcrumb","itemListElement":[{"@type":"ListItem","position":1,"name":"Equipement","item":"https:\/\/www.iobevo.com\/online\/distributeurs\/?lang=fr"},{"@type":"ListItem","position":2,"name":"Asia io buono\u00ae"}]},{"@type":"WebSite","@id":"https:\/\/www.iobevo.com\/online\/#website","url":"https:\/\/www.iobevo.com\/online\/","name":"io bevo\u00ae","description":"Drink Plastic free","publisher":{"@id":"https:\/\/www.iobevo.com\/online\/#organization"},"potentialAction":[{"@type":"SearchAction","target":{"@type":"EntryPoint","urlTemplate":"https:\/\/www.iobevo.com\/online\/?s={search_term_string}"},"query-input":{"@type":"PropertyValueSpecification","valueRequired":true,"valueName":"search_term_string"}}],"inLanguage":"it-IT"},{"@type":"Organization","@id":"https:\/\/www.iobevo.com\/online\/#organization","name":"General Beverage","url":"https:\/\/www.iobevo.com\/online\/","logo":{"@type":"ImageObject","inLanguage":"it-IT","@id":"https:\/\/www.iobevo.com\/online\/#\/schema\/logo\/image\/","url":"https:\/\/www.iobevo.com\/online\/wp-content\/uploads\/2014\/01\/logo_gb_horizontal_grey_160x47.png","contentUrl":"https:\/\/www.iobevo.com\/online\/wp-content\/uploads\/2014\/01\/logo_gb_horizontal_grey_160x47.png","width":160,"height":47,"caption":"General Beverage"},"image":{"@id":"https:\/\/www.iobevo.com\/online\/#\/schema\/logo\/image\/"},"sameAs":["https:\/\/x.com\/IoBevo"]}]}},"_links":{"self":[{"href":"https:\/\/www.iobevo.com\/online\/wp-json\/wp\/v2\/pages\/6318","targetHints":{"allow":["GET"]}}],"collection":[{"href":"https:\/\/www.iobevo.com\/online\/wp-json\/wp\/v2\/pages"}],"about":[{"href":"https:\/\/www.iobevo.com\/online\/wp-json\/wp\/v2\/types\/page"}],"author":[{"embeddable":true,"href":"https:\/\/www.iobevo.com\/online\/wp-json\/wp\/v2\/users\/58"}],"replies":[{"embeddable":true,"href":"https:\/\/www.iobevo.com\/online\/wp-json\/wp\/v2\/comments?post=6318"}],"version-history":[{"count":0,"href":"https:\/\/www.iobevo.com\/online\/wp-json\/wp\/v2\/pages\/6318\/revisions"}],"up":[{"embeddable":true,"href":"https:\/\/www.iobevo.com\/online\/wp-json\/wp\/v2\/pages\/6275"}],"wp:featuredmedia":[{"embeddable":true,"href":"https:\/\/www.iobevo.com\/online\/wp-json\/wp\/v2\/media\/2831"}],"wp:attachment":[{"href":"https:\/\/www.iobevo.com\/online\/wp-json\/wp\/v2\/media?parent=6318"}],"curies":[{"name":"wp","href":"https:\/\/api.w.org\/{rel}","templated":true}]}}