{"id":6320,"date":"2014-07-08T09:31:34","date_gmt":"2014-07-08T09:31:34","guid":{"rendered":"http:\/\/www.iobevo.com\/online\/?page_id=6320"},"modified":"2014-07-24T16:48:49","modified_gmt":"2014-07-24T16:48:49","slug":"asia-ti-sana","status":"publish","type":"page","link":"https:\/\/www.iobevo.com\/online\/distributeurs\/asia-ti-sana\/?lang=fr","title":{"rendered":"Asia Ti Sana"},"content":{"rendered":"<p><strong>Asia Ti Sana<\/strong> est le distributeur que nous proposons pour la distribution de nos <a title=\"Tisanes  Tisana\" href=\"http:\/\/www.iobevo.com\/online\/fr\/produits\/6207-2\/\">boissons aux herbes<\/a> dans divers milieux: <a title=\"Centres de bien-\u00eatre\" href=\"http:\/\/www.iobevo.com\/online\/fr\/secteurs-du-marche\/centres-de-bien-etre\/\">centres de bien-\u00eatre<\/a>, <a title=\"Milieux de travail\" href=\"http:\/\/www.iobevo.com\/online\/fr\/secteurs-du-marche\/milieux-de-travail\/\">bureaux<\/a>, <a title=\"H\u00f4tels\" href=\"http:\/\/www.iobevo.com\/online\/fr\/secteurs-du-marche\/hotels\/\">h\u00f4tels<\/a>. Il peut distribuer jusqu\u2019\u00e0 5 tisanes diff\u00e9rentes r\u00e9alis\u00e9es avec des extraits naturels d\u2019herbes aromatiques et m\u00e9dicinales.<\/p>\n<p>Son installation peut se faire soit pour une utilisation self-service en tasse, soit en cuisine pour une utilisation par le personnel avec distribution en carafe. Les tisanes sont pr\u00e9-dos\u00e9es en fonction des besoins et toutes les consommations sont m\u00e9moris\u00e9es dans un logiciel interne.<\/p>\n<h3 class=\"title\"><span>Caract\u00e9ristiques techniques<\/span><\/h3>\n<div class=\"one_half\">\n<div class=\"description clearfix style-1\">\n<p style=\"text-align: left;\">Tension\/Fr\u00e9quence\u00a0(Volt\/Hertz):<br \/>\n<strong>230 V &#8211; 50 Hz<\/strong><\/p>\n<p style=\"text-align: left;\">Puissance maximale absorb\u00e9e: <strong>3,2\u00a0Kw<\/strong><\/p>\n<p style=\"text-align: left;\">Prise de courant: <strong>Schuko 16 A<\/strong><\/p>\n<p style=\"text-align: left;\">Arriv\u00e9e d\u2019eau froide: \u00be\u00a0\u201c M<\/p>\n<p style=\"text-align: left;\">Capacit\u00e9 de la chaudi\u00e8re: <strong>10 Lt<\/strong><\/p>\n<p style=\"text-align: left;\">Nombre de s\u00e9lections possibles: <b>12 x 2<\/b><\/p>\n<p style=\"text-align: left;\">Nombre de produits de base:\u00a0<strong>5<\/strong><\/p>\n<p style=\"text-align: left;\">Temp\u00e9rature de sortie:<br \/>\n<strong>de 70\u00b0 C \u00e0\u00a095\u00b0 C<\/strong><\/p>\n<p style=\"text-align: left;\">R\u00e9sistances \u00e9lectriques: <strong>2<\/strong><\/p>\n<p style=\"text-align: left;\">Largeur: <strong>mm 425<\/strong><\/p>\n<p style=\"text-align: left;\">Profondeur: <strong>mm 495<\/strong><\/p>\n<p style=\"text-align: left;\">Hauteur: mm\u00a0<strong>770<\/strong><\/p>\n<p style=\"text-align: left;\"><\/div>\n<\/div>\n<div class=\"one_half last\"><span class=\"responsive\"><img fetchpriority=\"high\" decoding=\"async\" class=\"aligncenter wp-image-3470 size-full\" src=\"http:\/\/iobevo.com\/online\/wp-content\/uploads\/2014\/04\/distributore-Tisana1.jpg\" alt=\"distributore-Tisana\" width=\"250\" height=\"395\" srcset=\"https:\/\/www.iobevo.com\/online\/wp-content\/uploads\/2014\/04\/distributore-Tisana1.jpg 250w, https:\/\/www.iobevo.com\/online\/wp-content\/uploads\/2014\/04\/distributore-Tisana1-189x300.jpg 189w\" sizes=\"(max-width: 250px) 100vw, 250px\" \/><\/span><\/div>\n<div class=\"clear\"><\/div><\/p>\n","protected":false},"excerpt":{"rendered":"<p>Asia Ti Sana est le distributeur que nous proposons pour la distribution de nos boissons aux herbes dans divers milieux: centres de bien-\u00eatre, bureaux, h\u00f4tels. Il peut distribuer jusqu\u2019\u00e0 5 tisanes diff\u00e9rentes r\u00e9alis\u00e9es avec des extraits naturels d\u2019herbes aromatiques et m\u00e9dicinales. Son installation peut se faire soit pour une utilisation [&hellip;]<\/p>\n","protected":false},"author":58,"featured_media":2831,"parent":6275,"menu_order":17,"comment_status":"open","ping_status":"open","template":"","meta":{"footnotes":""},"class_list":["post-6320","page","type-page","status-publish","has-post-thumbnail","hentry"],"yoast_head":"<!-- This site is optimized with the Yoast SEO plugin v27.5 - https:\/\/yoast.com\/product\/yoast-seo-wordpress\/ -->\n<title>Asia Ti Sana  - io bevo\u00ae<\/title>\n<meta name=\"robots\" content=\"index, follow, max-snippet:-1, max-image-preview:large, max-video-preview:-1\" \/>\n<link rel=\"canonical\" href=\"https:\/\/www.iobevo.com\/online\/distributeurs\/asia-ti-sana\/?lang=fr\" \/>\n<meta property=\"og:locale\" content=\"it_IT\" \/>\n<meta property=\"og:type\" content=\"article\" \/>\n<meta property=\"og:title\" content=\"Asia Ti Sana  - io bevo\u00ae\" \/>\n<meta property=\"og:description\" content=\"Asia Ti Sana est le distributeur que nous proposons pour la distribution de nos boissons aux herbes dans divers milieux: centres de bien-\u00eatre, bureaux, h\u00f4tels. Il peut distribuer jusqu\u2019\u00e0 5 tisanes diff\u00e9rentes r\u00e9alis\u00e9es avec des extraits naturels d\u2019herbes aromatiques et m\u00e9dicinales. Son installation peut se faire soit pour une utilisation [&hellip;]\" \/>\n<meta property=\"og:url\" content=\"https:\/\/www.iobevo.com\/online\/distributeurs\/asia-ti-sana\/?lang=fr\" \/>\n<meta property=\"og:site_name\" content=\"io bevo\u00ae\" \/>\n<meta property=\"article:modified_time\" content=\"2014-07-24T16:48:49+00:00\" \/>\n<meta property=\"og:image\" content=\"https:\/\/www.iobevo.com\/online\/wp-content\/uploads\/2014\/01\/slide-2-bg-e1400667726929.png\" \/>\n\t<meta property=\"og:image:width\" content=\"1512\" \/>\n\t<meta property=\"og:image:height\" content=\"400\" \/>\n\t<meta property=\"og:image:type\" content=\"image\/png\" \/>\n<meta name=\"twitter:card\" content=\"summary_large_image\" \/>\n<meta name=\"twitter:site\" content=\"@IoBevo\" \/>\n<meta name=\"twitter:label1\" content=\"Tempo di lettura stimato\" \/>\n\t<meta name=\"twitter:data1\" content=\"1 minuto\" \/>\n<script type=\"application\/ld+json\" class=\"yoast-schema-graph\">{\"@context\":\"https:\\\/\\\/schema.org\",\"@graph\":[{\"@type\":\"WebPage\",\"@id\":\"https:\\\/\\\/www.iobevo.com\\\/online\\\/distributeurs\\\/asia-ti-sana\\\/?lang=fr\",\"url\":\"https:\\\/\\\/www.iobevo.com\\\/online\\\/distributeurs\\\/asia-ti-sana\\\/?lang=fr\",\"name\":\"Asia Ti Sana - io bevo\u00ae\",\"isPartOf\":{\"@id\":\"https:\\\/\\\/www.iobevo.com\\\/online\\\/#website\"},\"primaryImageOfPage\":{\"@id\":\"https:\\\/\\\/www.iobevo.com\\\/online\\\/distributeurs\\\/asia-ti-sana\\\/?lang=fr#primaryimage\"},\"image\":{\"@id\":\"https:\\\/\\\/www.iobevo.com\\\/online\\\/distributeurs\\\/asia-ti-sana\\\/?lang=fr#primaryimage\"},\"thumbnailUrl\":\"https:\\\/\\\/www.iobevo.com\\\/online\\\/wp-content\\\/uploads\\\/2014\\\/01\\\/slide-2-bg-e1400667726929.png\",\"datePublished\":\"2014-07-08T09:31:34+00:00\",\"dateModified\":\"2014-07-24T16:48:49+00:00\",\"breadcrumb\":{\"@id\":\"https:\\\/\\\/www.iobevo.com\\\/online\\\/distributeurs\\\/asia-ti-sana\\\/?lang=fr#breadcrumb\"},\"inLanguage\":\"it-IT\",\"potentialAction\":[{\"@type\":\"ReadAction\",\"target\":[\"https:\\\/\\\/www.iobevo.com\\\/online\\\/distributeurs\\\/asia-ti-sana\\\/?lang=fr\"]}]},{\"@type\":\"ImageObject\",\"inLanguage\":\"it-IT\",\"@id\":\"https:\\\/\\\/www.iobevo.com\\\/online\\\/distributeurs\\\/asia-ti-sana\\\/?lang=fr#primaryimage\",\"url\":\"https:\\\/\\\/www.iobevo.com\\\/online\\\/wp-content\\\/uploads\\\/2014\\\/01\\\/slide-2-bg-e1400667726929.png\",\"contentUrl\":\"https:\\\/\\\/www.iobevo.com\\\/online\\\/wp-content\\\/uploads\\\/2014\\\/01\\\/slide-2-bg-e1400667726929.png\",\"width\":1512,\"height\":400},{\"@type\":\"BreadcrumbList\",\"@id\":\"https:\\\/\\\/www.iobevo.com\\\/online\\\/distributeurs\\\/asia-ti-sana\\\/?lang=fr#breadcrumb\",\"itemListElement\":[{\"@type\":\"ListItem\",\"position\":1,\"name\":\"Equipement\",\"item\":\"https:\\\/\\\/www.iobevo.com\\\/online\\\/distributeurs\\\/?lang=fr\"},{\"@type\":\"ListItem\",\"position\":2,\"name\":\"Asia Ti Sana\"}]},{\"@type\":\"WebSite\",\"@id\":\"https:\\\/\\\/www.iobevo.com\\\/online\\\/#website\",\"url\":\"https:\\\/\\\/www.iobevo.com\\\/online\\\/\",\"name\":\"io bevo\u00ae\",\"description\":\"Drink Plastic free\",\"publisher\":{\"@id\":\"https:\\\/\\\/www.iobevo.com\\\/online\\\/#organization\"},\"potentialAction\":[{\"@type\":\"SearchAction\",\"target\":{\"@type\":\"EntryPoint\",\"urlTemplate\":\"https:\\\/\\\/www.iobevo.com\\\/online\\\/?s={search_term_string}\"},\"query-input\":{\"@type\":\"PropertyValueSpecification\",\"valueRequired\":true,\"valueName\":\"search_term_string\"}}],\"inLanguage\":\"it-IT\"},{\"@type\":\"Organization\",\"@id\":\"https:\\\/\\\/www.iobevo.com\\\/online\\\/#organization\",\"name\":\"General Beverage\",\"url\":\"https:\\\/\\\/www.iobevo.com\\\/online\\\/\",\"logo\":{\"@type\":\"ImageObject\",\"inLanguage\":\"it-IT\",\"@id\":\"https:\\\/\\\/www.iobevo.com\\\/online\\\/#\\\/schema\\\/logo\\\/image\\\/\",\"url\":\"https:\\\/\\\/www.iobevo.com\\\/online\\\/wp-content\\\/uploads\\\/2014\\\/01\\\/logo_gb_horizontal_grey_160x47.png\",\"contentUrl\":\"https:\\\/\\\/www.iobevo.com\\\/online\\\/wp-content\\\/uploads\\\/2014\\\/01\\\/logo_gb_horizontal_grey_160x47.png\",\"width\":160,\"height\":47,\"caption\":\"General Beverage\"},\"image\":{\"@id\":\"https:\\\/\\\/www.iobevo.com\\\/online\\\/#\\\/schema\\\/logo\\\/image\\\/\"},\"sameAs\":[\"https:\\\/\\\/x.com\\\/IoBevo\"]}]}<\/script>\n<!-- \/ Yoast SEO plugin. -->","yoast_head_json":{"title":"Asia Ti Sana  - io bevo\u00ae","robots":{"index":"index","follow":"follow","max-snippet":"max-snippet:-1","max-image-preview":"max-image-preview:large","max-video-preview":"max-video-preview:-1"},"canonical":"https:\/\/www.iobevo.com\/online\/distributeurs\/asia-ti-sana\/?lang=fr","og_locale":"it_IT","og_type":"article","og_title":"Asia Ti Sana  - io bevo\u00ae","og_description":"Asia Ti Sana est le distributeur que nous proposons pour la distribution de nos boissons aux herbes dans divers milieux: centres de bien-\u00eatre, bureaux, h\u00f4tels. Il peut distribuer jusqu\u2019\u00e0 5 tisanes diff\u00e9rentes r\u00e9alis\u00e9es avec des extraits naturels d\u2019herbes aromatiques et m\u00e9dicinales. Son installation peut se faire soit pour une utilisation [&hellip;]","og_url":"https:\/\/www.iobevo.com\/online\/distributeurs\/asia-ti-sana\/?lang=fr","og_site_name":"io bevo\u00ae","article_modified_time":"2014-07-24T16:48:49+00:00","og_image":[{"width":1512,"height":400,"url":"https:\/\/www.iobevo.com\/online\/wp-content\/uploads\/2014\/01\/slide-2-bg-e1400667726929.png","type":"image\/png"}],"twitter_card":"summary_large_image","twitter_site":"@IoBevo","twitter_misc":{"Tempo di lettura stimato":"1 minuto"},"schema":{"@context":"https:\/\/schema.org","@graph":[{"@type":"WebPage","@id":"https:\/\/www.iobevo.com\/online\/distributeurs\/asia-ti-sana\/?lang=fr","url":"https:\/\/www.iobevo.com\/online\/distributeurs\/asia-ti-sana\/?lang=fr","name":"Asia Ti Sana - io bevo\u00ae","isPartOf":{"@id":"https:\/\/www.iobevo.com\/online\/#website"},"primaryImageOfPage":{"@id":"https:\/\/www.iobevo.com\/online\/distributeurs\/asia-ti-sana\/?lang=fr#primaryimage"},"image":{"@id":"https:\/\/www.iobevo.com\/online\/distributeurs\/asia-ti-sana\/?lang=fr#primaryimage"},"thumbnailUrl":"https:\/\/www.iobevo.com\/online\/wp-content\/uploads\/2014\/01\/slide-2-bg-e1400667726929.png","datePublished":"2014-07-08T09:31:34+00:00","dateModified":"2014-07-24T16:48:49+00:00","breadcrumb":{"@id":"https:\/\/www.iobevo.com\/online\/distributeurs\/asia-ti-sana\/?lang=fr#breadcrumb"},"inLanguage":"it-IT","potentialAction":[{"@type":"ReadAction","target":["https:\/\/www.iobevo.com\/online\/distributeurs\/asia-ti-sana\/?lang=fr"]}]},{"@type":"ImageObject","inLanguage":"it-IT","@id":"https:\/\/www.iobevo.com\/online\/distributeurs\/asia-ti-sana\/?lang=fr#primaryimage","url":"https:\/\/www.iobevo.com\/online\/wp-content\/uploads\/2014\/01\/slide-2-bg-e1400667726929.png","contentUrl":"https:\/\/www.iobevo.com\/online\/wp-content\/uploads\/2014\/01\/slide-2-bg-e1400667726929.png","width":1512,"height":400},{"@type":"BreadcrumbList","@id":"https:\/\/www.iobevo.com\/online\/distributeurs\/asia-ti-sana\/?lang=fr#breadcrumb","itemListElement":[{"@type":"ListItem","position":1,"name":"Equipement","item":"https:\/\/www.iobevo.com\/online\/distributeurs\/?lang=fr"},{"@type":"ListItem","position":2,"name":"Asia Ti Sana"}]},{"@type":"WebSite","@id":"https:\/\/www.iobevo.com\/online\/#website","url":"https:\/\/www.iobevo.com\/online\/","name":"io bevo\u00ae","description":"Drink Plastic free","publisher":{"@id":"https:\/\/www.iobevo.com\/online\/#organization"},"potentialAction":[{"@type":"SearchAction","target":{"@type":"EntryPoint","urlTemplate":"https:\/\/www.iobevo.com\/online\/?s={search_term_string}"},"query-input":{"@type":"PropertyValueSpecification","valueRequired":true,"valueName":"search_term_string"}}],"inLanguage":"it-IT"},{"@type":"Organization","@id":"https:\/\/www.iobevo.com\/online\/#organization","name":"General Beverage","url":"https:\/\/www.iobevo.com\/online\/","logo":{"@type":"ImageObject","inLanguage":"it-IT","@id":"https:\/\/www.iobevo.com\/online\/#\/schema\/logo\/image\/","url":"https:\/\/www.iobevo.com\/online\/wp-content\/uploads\/2014\/01\/logo_gb_horizontal_grey_160x47.png","contentUrl":"https:\/\/www.iobevo.com\/online\/wp-content\/uploads\/2014\/01\/logo_gb_horizontal_grey_160x47.png","width":160,"height":47,"caption":"General Beverage"},"image":{"@id":"https:\/\/www.iobevo.com\/online\/#\/schema\/logo\/image\/"},"sameAs":["https:\/\/x.com\/IoBevo"]}]}},"_links":{"self":[{"href":"https:\/\/www.iobevo.com\/online\/wp-json\/wp\/v2\/pages\/6320","targetHints":{"allow":["GET"]}}],"collection":[{"href":"https:\/\/www.iobevo.com\/online\/wp-json\/wp\/v2\/pages"}],"about":[{"href":"https:\/\/www.iobevo.com\/online\/wp-json\/wp\/v2\/types\/page"}],"author":[{"embeddable":true,"href":"https:\/\/www.iobevo.com\/online\/wp-json\/wp\/v2\/users\/58"}],"replies":[{"embeddable":true,"href":"https:\/\/www.iobevo.com\/online\/wp-json\/wp\/v2\/comments?post=6320"}],"version-history":[{"count":0,"href":"https:\/\/www.iobevo.com\/online\/wp-json\/wp\/v2\/pages\/6320\/revisions"}],"up":[{"embeddable":true,"href":"https:\/\/www.iobevo.com\/online\/wp-json\/wp\/v2\/pages\/6275"}],"wp:featuredmedia":[{"embeddable":true,"href":"https:\/\/www.iobevo.com\/online\/wp-json\/wp\/v2\/media\/2831"}],"wp:attachment":[{"href":"https:\/\/www.iobevo.com\/online\/wp-json\/wp\/v2\/media?parent=6320"}],"curies":[{"name":"wp","href":"https:\/\/api.w.org\/{rel}","templated":true}]}}