{"id":6330,"date":"2014-07-08T09:39:29","date_gmt":"2014-07-08T09:39:29","guid":{"rendered":"http:\/\/www.iobevo.com\/online\/?page_id=6330"},"modified":"2014-07-08T09:39:29","modified_gmt":"2014-07-08T09:39:29","slug":"zone-reservee","status":"publish","type":"page","link":"https:\/\/www.iobevo.com\/online\/zone-reservee\/?lang=fr","title":{"rendered":"Zone r\u00e9serv\u00e9e"},"content":{"rendered":"<p>Questa sezione di sito \u00e8 riservata ai clienti e ai collaboratori General Beverage. Scegli l\u2019ambito di accesso, inserisci user e password e segui il tuo percorso.<\/p>\n<div class=\"one_half\">\n<h3 class=\"title\"><span>Collaboratore<\/span><\/h3>\n<p>Se sei un collaboratore di General Beverage <a title=\"Area riservata\" href=\"http:\/\/iobevo.com\/online\/wp-admin\">clicca qui<\/a><\/div>\n<div class=\"one_half last\">\n<h3 class=\"title\"><span>Cliente<\/span><\/h3>\n<p>Se sei un cliente\u00a0General Beverage\u00a0<a title=\"Area riservata\" href=\"http:\/\/iobevo.com\/online\/wp-admin\">clicca qui<\/a><\/div>\n<div class=\"clear\"><\/div>\n<p><a href=\"http:\/\/iobevo.com\/online\/wp-content\/uploads\/2014\/05\/FOTO-99-16027881-arco-a-roma-eretto-dall-39-imperatore-tito-e1401301562939.jpg\"><img fetchpriority=\"high\" decoding=\"async\" class=\"aligncenter wp-image-4805 size-full\" title=\"&lt;img class=&quot;alignnone border_radius&gt;\" src=\"http:\/\/iobevo.com\/online\/wp-content\/uploads\/2014\/05\/FOTO-99-16027881-arco-a-roma-eretto-dall-39-imperatore-tito-e1401301562939.jpg\" alt=\"area riservata\" width=\"700\" height=\"381\" srcset=\"https:\/\/www.iobevo.com\/online\/wp-content\/uploads\/2014\/05\/FOTO-99-16027881-arco-a-roma-eretto-dall-39-imperatore-tito-e1401301562939.jpg 700w, https:\/\/www.iobevo.com\/online\/wp-content\/uploads\/2014\/05\/FOTO-99-16027881-arco-a-roma-eretto-dall-39-imperatore-tito-e1401301562939-300x163.jpg 300w, https:\/\/www.iobevo.com\/online\/wp-content\/uploads\/2014\/05\/FOTO-99-16027881-arco-a-roma-eretto-dall-39-imperatore-tito-e1401301562939-460x250.jpg 460w\" sizes=\"(max-width: 700px) 100vw, 700px\" \/><\/a><\/p>\n","protected":false},"excerpt":{"rendered":"<p>Questa sezione di sito \u00e8 riservata ai clienti e ai collaboratori General Beverage. Scegli l\u2019ambito di accesso, inserisci user e password e segui il tuo percorso. Collaboratore Se sei un collaboratore di General Beverage clicca qui Cliente Se sei un cliente\u00a0General Beverage\u00a0clicca qui<\/p>\n","protected":false},"author":58,"featured_media":0,"parent":0,"menu_order":8,"comment_status":"open","ping_status":"closed","template":"page-fullwidth.php","meta":{"footnotes":""},"class_list":["post-6330","page","type-page","status-publish","hentry"],"yoast_head":"<!-- This site is optimized with the Yoast SEO plugin v27.4 - https:\/\/yoast.com\/product\/yoast-seo-wordpress\/ -->\n<title>Zone r\u00e9serv\u00e9e  - io bevo\u00ae<\/title>\n<meta name=\"robots\" content=\"index, follow, max-snippet:-1, max-image-preview:large, max-video-preview:-1\" \/>\n<link rel=\"canonical\" href=\"https:\/\/www.iobevo.com\/online\/zone-reservee\/?lang=fr\" \/>\n<meta property=\"og:locale\" content=\"it_IT\" \/>\n<meta property=\"og:type\" content=\"article\" \/>\n<meta property=\"og:title\" content=\"Zone r\u00e9serv\u00e9e  - io bevo\u00ae\" \/>\n<meta property=\"og:description\" content=\"Questa sezione di sito \u00e8 riservata ai clienti e ai collaboratori General Beverage. Scegli l\u2019ambito di accesso, inserisci user e password e segui il tuo percorso. Collaboratore Se sei un collaboratore di General Beverage clicca qui Cliente Se sei un cliente\u00a0General Beverage\u00a0clicca qui\" \/>\n<meta property=\"og:url\" content=\"https:\/\/www.iobevo.com\/online\/zone-reservee\/?lang=fr\" \/>\n<meta property=\"og:site_name\" content=\"io bevo\u00ae\" \/>\n<meta property=\"og:image\" content=\"http:\/\/iobevo.com\/online\/wp-content\/uploads\/2014\/05\/FOTO-99-16027881-arco-a-roma-eretto-dall-39-imperatore-tito-e1401301562939.jpg\" \/>\n<meta name=\"twitter:card\" content=\"summary_large_image\" \/>\n<meta name=\"twitter:site\" content=\"@IoBevo\" \/>\n<script type=\"application\/ld+json\" class=\"yoast-schema-graph\">{\"@context\":\"https:\\\/\\\/schema.org\",\"@graph\":[{\"@type\":\"WebPage\",\"@id\":\"https:\\\/\\\/www.iobevo.com\\\/online\\\/zone-reservee\\\/?lang=fr\",\"url\":\"https:\\\/\\\/www.iobevo.com\\\/online\\\/zone-reservee\\\/?lang=fr\",\"name\":\"Zone r\u00e9serv\u00e9e - io bevo\u00ae\",\"isPartOf\":{\"@id\":\"https:\\\/\\\/www.iobevo.com\\\/online\\\/#website\"},\"primaryImageOfPage\":{\"@id\":\"https:\\\/\\\/www.iobevo.com\\\/online\\\/zone-reservee\\\/?lang=fr#primaryimage\"},\"image\":{\"@id\":\"https:\\\/\\\/www.iobevo.com\\\/online\\\/zone-reservee\\\/?lang=fr#primaryimage\"},\"thumbnailUrl\":\"http:\\\/\\\/iobevo.com\\\/online\\\/wp-content\\\/uploads\\\/2014\\\/05\\\/FOTO-99-16027881-arco-a-roma-eretto-dall-39-imperatore-tito-e1401301562939.jpg\",\"datePublished\":\"2014-07-08T09:39:29+00:00\",\"inLanguage\":\"it-IT\",\"potentialAction\":[{\"@type\":\"ReadAction\",\"target\":[\"https:\\\/\\\/www.iobevo.com\\\/online\\\/zone-reservee\\\/?lang=fr\"]}]},{\"@type\":\"ImageObject\",\"inLanguage\":\"it-IT\",\"@id\":\"https:\\\/\\\/www.iobevo.com\\\/online\\\/zone-reservee\\\/?lang=fr#primaryimage\",\"url\":\"http:\\\/\\\/iobevo.com\\\/online\\\/wp-content\\\/uploads\\\/2014\\\/05\\\/FOTO-99-16027881-arco-a-roma-eretto-dall-39-imperatore-tito-e1401301562939.jpg\",\"contentUrl\":\"http:\\\/\\\/iobevo.com\\\/online\\\/wp-content\\\/uploads\\\/2014\\\/05\\\/FOTO-99-16027881-arco-a-roma-eretto-dall-39-imperatore-tito-e1401301562939.jpg\"},{\"@type\":\"WebSite\",\"@id\":\"https:\\\/\\\/www.iobevo.com\\\/online\\\/#website\",\"url\":\"https:\\\/\\\/www.iobevo.com\\\/online\\\/\",\"name\":\"io bevo\u00ae\",\"description\":\"Drink Plastic free\",\"publisher\":{\"@id\":\"https:\\\/\\\/www.iobevo.com\\\/online\\\/#organization\"},\"potentialAction\":[{\"@type\":\"SearchAction\",\"target\":{\"@type\":\"EntryPoint\",\"urlTemplate\":\"https:\\\/\\\/www.iobevo.com\\\/online\\\/?s={search_term_string}\"},\"query-input\":{\"@type\":\"PropertyValueSpecification\",\"valueRequired\":true,\"valueName\":\"search_term_string\"}}],\"inLanguage\":\"it-IT\"},{\"@type\":\"Organization\",\"@id\":\"https:\\\/\\\/www.iobevo.com\\\/online\\\/#organization\",\"name\":\"General Beverage\",\"url\":\"https:\\\/\\\/www.iobevo.com\\\/online\\\/\",\"logo\":{\"@type\":\"ImageObject\",\"inLanguage\":\"it-IT\",\"@id\":\"https:\\\/\\\/www.iobevo.com\\\/online\\\/#\\\/schema\\\/logo\\\/image\\\/\",\"url\":\"https:\\\/\\\/www.iobevo.com\\\/online\\\/wp-content\\\/uploads\\\/2014\\\/01\\\/logo_gb_horizontal_grey_160x47.png\",\"contentUrl\":\"https:\\\/\\\/www.iobevo.com\\\/online\\\/wp-content\\\/uploads\\\/2014\\\/01\\\/logo_gb_horizontal_grey_160x47.png\",\"width\":160,\"height\":47,\"caption\":\"General Beverage\"},\"image\":{\"@id\":\"https:\\\/\\\/www.iobevo.com\\\/online\\\/#\\\/schema\\\/logo\\\/image\\\/\"},\"sameAs\":[\"https:\\\/\\\/x.com\\\/IoBevo\"]}]}<\/script>\n<!-- \/ Yoast SEO plugin. -->","yoast_head_json":{"title":"Zone r\u00e9serv\u00e9e  - io bevo\u00ae","robots":{"index":"index","follow":"follow","max-snippet":"max-snippet:-1","max-image-preview":"max-image-preview:large","max-video-preview":"max-video-preview:-1"},"canonical":"https:\/\/www.iobevo.com\/online\/zone-reservee\/?lang=fr","og_locale":"it_IT","og_type":"article","og_title":"Zone r\u00e9serv\u00e9e  - io bevo\u00ae","og_description":"Questa sezione di sito \u00e8 riservata ai clienti e ai collaboratori General Beverage. Scegli l\u2019ambito di accesso, inserisci user e password e segui il tuo percorso. Collaboratore Se sei un collaboratore di General Beverage clicca qui Cliente Se sei un cliente\u00a0General Beverage\u00a0clicca qui","og_url":"https:\/\/www.iobevo.com\/online\/zone-reservee\/?lang=fr","og_site_name":"io bevo\u00ae","og_image":[{"url":"http:\/\/iobevo.com\/online\/wp-content\/uploads\/2014\/05\/FOTO-99-16027881-arco-a-roma-eretto-dall-39-imperatore-tito-e1401301562939.jpg","type":"","width":"","height":""}],"twitter_card":"summary_large_image","twitter_site":"@IoBevo","schema":{"@context":"https:\/\/schema.org","@graph":[{"@type":"WebPage","@id":"https:\/\/www.iobevo.com\/online\/zone-reservee\/?lang=fr","url":"https:\/\/www.iobevo.com\/online\/zone-reservee\/?lang=fr","name":"Zone r\u00e9serv\u00e9e - io bevo\u00ae","isPartOf":{"@id":"https:\/\/www.iobevo.com\/online\/#website"},"primaryImageOfPage":{"@id":"https:\/\/www.iobevo.com\/online\/zone-reservee\/?lang=fr#primaryimage"},"image":{"@id":"https:\/\/www.iobevo.com\/online\/zone-reservee\/?lang=fr#primaryimage"},"thumbnailUrl":"http:\/\/iobevo.com\/online\/wp-content\/uploads\/2014\/05\/FOTO-99-16027881-arco-a-roma-eretto-dall-39-imperatore-tito-e1401301562939.jpg","datePublished":"2014-07-08T09:39:29+00:00","inLanguage":"it-IT","potentialAction":[{"@type":"ReadAction","target":["https:\/\/www.iobevo.com\/online\/zone-reservee\/?lang=fr"]}]},{"@type":"ImageObject","inLanguage":"it-IT","@id":"https:\/\/www.iobevo.com\/online\/zone-reservee\/?lang=fr#primaryimage","url":"http:\/\/iobevo.com\/online\/wp-content\/uploads\/2014\/05\/FOTO-99-16027881-arco-a-roma-eretto-dall-39-imperatore-tito-e1401301562939.jpg","contentUrl":"http:\/\/iobevo.com\/online\/wp-content\/uploads\/2014\/05\/FOTO-99-16027881-arco-a-roma-eretto-dall-39-imperatore-tito-e1401301562939.jpg"},{"@type":"WebSite","@id":"https:\/\/www.iobevo.com\/online\/#website","url":"https:\/\/www.iobevo.com\/online\/","name":"io bevo\u00ae","description":"Drink Plastic free","publisher":{"@id":"https:\/\/www.iobevo.com\/online\/#organization"},"potentialAction":[{"@type":"SearchAction","target":{"@type":"EntryPoint","urlTemplate":"https:\/\/www.iobevo.com\/online\/?s={search_term_string}"},"query-input":{"@type":"PropertyValueSpecification","valueRequired":true,"valueName":"search_term_string"}}],"inLanguage":"it-IT"},{"@type":"Organization","@id":"https:\/\/www.iobevo.com\/online\/#organization","name":"General Beverage","url":"https:\/\/www.iobevo.com\/online\/","logo":{"@type":"ImageObject","inLanguage":"it-IT","@id":"https:\/\/www.iobevo.com\/online\/#\/schema\/logo\/image\/","url":"https:\/\/www.iobevo.com\/online\/wp-content\/uploads\/2014\/01\/logo_gb_horizontal_grey_160x47.png","contentUrl":"https:\/\/www.iobevo.com\/online\/wp-content\/uploads\/2014\/01\/logo_gb_horizontal_grey_160x47.png","width":160,"height":47,"caption":"General Beverage"},"image":{"@id":"https:\/\/www.iobevo.com\/online\/#\/schema\/logo\/image\/"},"sameAs":["https:\/\/x.com\/IoBevo"]}]}},"_links":{"self":[{"href":"https:\/\/www.iobevo.com\/online\/wp-json\/wp\/v2\/pages\/6330","targetHints":{"allow":["GET"]}}],"collection":[{"href":"https:\/\/www.iobevo.com\/online\/wp-json\/wp\/v2\/pages"}],"about":[{"href":"https:\/\/www.iobevo.com\/online\/wp-json\/wp\/v2\/types\/page"}],"author":[{"embeddable":true,"href":"https:\/\/www.iobevo.com\/online\/wp-json\/wp\/v2\/users\/58"}],"replies":[{"embeddable":true,"href":"https:\/\/www.iobevo.com\/online\/wp-json\/wp\/v2\/comments?post=6330"}],"version-history":[{"count":0,"href":"https:\/\/www.iobevo.com\/online\/wp-json\/wp\/v2\/pages\/6330\/revisions"}],"wp:attachment":[{"href":"https:\/\/www.iobevo.com\/online\/wp-json\/wp\/v2\/media?parent=6330"}],"curies":[{"name":"wp","href":"https:\/\/api.w.org\/{rel}","templated":true}]}}