{"id":6515,"date":"2014-07-09T14:08:12","date_gmt":"2014-07-09T14:08:12","guid":{"rendered":"http:\/\/www.iobevo.com\/online\/?page_id=6515"},"modified":"2017-08-01T12:17:47","modified_gmt":"2017-08-01T10:17:47","slug":"el-grupo","status":"publish","type":"page","link":"https:\/\/www.iobevo.com\/online\/el-grupo\/?lang=es","title":{"rendered":"El grupo"},"content":{"rendered":"<h4>EMPRESA<\/h4>\n<p><span class=\"mark1\">io<\/span> <span class=\"mark2\">bevo<\/span><span class=\"mark3\">\u00ae<\/span> Espana firma que se especializa en soluciones t\u00e9cnico-comerciales para la distribuci\u00f3n de bebidas y alimentos:<\/p>\n<ul>\n<li>agua micro-filtrada<\/li>\n<li>bebidas fr\u00edas (refrescos, zumos de frutas,, bebidas de comercio justo, bebidas para el sector salud)<\/li>\n<li>bebidas calientes (caf\u00e9, chocolate, th\u00e9, capuchino, bebidas calientes de comercio justo)<\/li>\n<li>Caf\u00e9 espresso<\/li>\n<li>bebidas para el sector salud (bebidas por diabeticos, aguas gelificadas,aguas arom\u00e1ticas y infusiones)<\/li>\n<li>sopas de verduras por el sector restauracion<\/li>\n<li>playtos y triturados para el sector salud (caldos y sopas de verduras, platos triturados, , pur\u00e9 de verduras , mousse de frutas, postres y pudines)<\/li>\n<li>sorbetes de fruta y cremas<\/li>\n<li>Helados Soft<\/li>\n<li>Marmeladas y Miel<\/li>\n<\/ul>\n<p>Realizamos nuestros servicios a trav\u00e9s el utilizo de\u00a0<a title=\"Distribuidores\" href=\"http:\/\/www.iobevo.com\/online\/es\/distribuidores\/\">distribuidores semiautom\u00e1ticos<\/a> espec\u00edficos para las diferentes exigencias, en pr\u00e9stamo gratuito.<\/p>\n<p>Fabricamos todos los productos comercializados y proyectamos la mayor\u00eda de los distribuidores y de los equipos. A traves nuestra organizaci\u00f3n vertical, podemos desarrollar en manera totalmente flexible nuestro modelo de negocio: <strong>\u201csoluciones food and beverage\u201d <\/strong>espec\u00edficas para cada sector , elaboradas en base a la combinaci\u00f3n de distribudores, productos, comunicaci\u00f3n y f\u00f3rmulas comerciales.<\/p>\n<p>Operamos en diferentes sectores del mercado, como:<\/p>\n<ul>\n<li>Restauracion Colectiva (comedores empresariales,universitarios, militares, escolares, hospitales,y centro por mayores)<\/li>\n<li>Ho.re.ca (hoteles urbanos y ,para vacaciones, cruceros, parques tematicos)<\/li>\n<li>locales comerciales (buffet libre, bares)<\/li>\n<li>otros sectores (oficinas, salas de espera, gimnasios)<\/li>\n<\/ul>\n<p>Actualmente nuestros servicios son utilizados en 90 millones de comidas y 45 millones de desayunos al a\u00f1o, a trav\u00e9s de 9.000 sistemas de distribuci\u00f3n que gestionamos directamente con la manutenci\u00f3n a trav\u00e9s de nuestra red de asistencia t\u00e9cnica.<\/p>\n<p>Nuestra actividad tiene una fuerte connotaci\u00f3n de <strong>sostenibilidad medio ambiental<\/strong> gracias a la cual hemos recibido <a title=\"Premios institucionales\" href=\"http:\/\/www.iobevo.com\/online\/es\/6523-2\/premios-institucionales\/\">prestigiosos premios institucionales<\/a>:\u00a0<em>1\u00b0 Premio Toscana Ecoefficiente<\/em>, Menci\u00f3n Especial <em>Premio Empresa Ambiente<\/em>, <em>Premio desarrollo sostenible 2009<\/em><strong>.\u00a0<\/strong><strong>Promovemos productos del comercio justo, tenemos la patente de la marca internacional <\/strong><strong>Fairtrade <\/strong>y somos miembros del consorcio <em>Fairtrade<\/em>.<\/p>\n<p>Contamos con importantes \u00a0colaboraciones:\u00a0<em>Scuola Superiore di Studi Universitari Sant&#8217;Anna di Pisa<\/em> (case study por el <em>Master Ambiente<\/em> e <em>Master Innovazione<\/em>), <em>Universit\u00e0 Cattolica di Piacenza <\/em>(por la eficaz alimentar de le sistema <span class=\"mark2\">RistoSano<\/span><span class=\"mark3\">\u00ae<\/span>) <em>Universit\u00e0 degli Studi di Pisa\u00a0 y Politecnico di Milano<\/em> (partner para la calidad higi\u00e9nico-sanitaria en los servicios y la an\u00e1lisis bacteriol\u00f3gicas asociadas a la micro filtraci\u00f3n del agua).<\/p>\n<p>Contamos con la certificaci\u00f3n\u00a0<a href=\"http:\/\/iobevo.com\/online\/wp-content\/uploads\/2014\/05\/Certificato-Qualit\u00e0-ISO-14001.pdf\">ISO-14001<\/a>\u00a0e <a href=\"http:\/\/iobevo.com\/online\/wp-content\/uploads\/2014\/05\/Certificato-Qualit\u00e0-EN-ISO-90012008.pdf\">ISO 9001:2008<\/a>, tanto por las actividades de producci\u00f3n alimentaria como por las actividades de mantenimiento y gesti\u00f3n de los sistemas de distribuci\u00f3n.<\/p>\n<p><a href=\"http:\/\/iobevo.com\/online\/wp-content\/uploads\/2014\/05\/Certificato-Qualit\u00e0-EN-ISO-90012008.pdf\"><img decoding=\"async\" class=\"alignnone wp-image-4948\" src=\"http:\/\/www.iobevo.com\/online\/wp-content\/uploads\/2013\/01\/9001-180x180.jpg\" alt=\"9001\" width=\"100\" height=\"100\" srcset=\"https:\/\/www.iobevo.com\/online\/wp-content\/uploads\/2013\/01\/9001-180x180.jpg 180w, https:\/\/www.iobevo.com\/online\/wp-content\/uploads\/2013\/01\/9001-300x300.jpg 300w, https:\/\/www.iobevo.com\/online\/wp-content\/uploads\/2013\/01\/9001-60x60.jpg 60w, https:\/\/www.iobevo.com\/online\/wp-content\/uploads\/2013\/01\/9001.jpg 538w\" sizes=\"(max-width: 100px) 100vw, 100px\" \/><\/a> <a href=\"http:\/\/iobevo.com\/online\/wp-content\/uploads\/2014\/05\/Certificato-Qualit\u00e0-ISO-14001.pdf\"><img decoding=\"async\" class=\"alignnone wp-image-4949\" src=\"http:\/\/www.iobevo.com\/online\/wp-content\/uploads\/2013\/01\/14001-180x180.jpg\" alt=\"14001\" width=\"100\" height=\"100\" srcset=\"https:\/\/www.iobevo.com\/online\/wp-content\/uploads\/2013\/01\/14001-180x180.jpg 180w, https:\/\/www.iobevo.com\/online\/wp-content\/uploads\/2013\/01\/14001-300x300.jpg 300w, https:\/\/www.iobevo.com\/online\/wp-content\/uploads\/2013\/01\/14001-60x60.jpg 60w, https:\/\/www.iobevo.com\/online\/wp-content\/uploads\/2013\/01\/14001.jpg 538w\" sizes=\"(max-width: 100px) 100vw, 100px\" \/><\/a><\/p>\n","protected":false},"excerpt":{"rendered":"<p>EMPRESA io bevo\u00ae Espana firma que se especializa en soluciones t\u00e9cnico-comerciales para la distribuci\u00f3n de bebidas y alimentos: agua micro-filtrada bebidas fr\u00edas (refrescos, zumos de frutas,, bebidas de comercio justo, bebidas para el sector salud) bebidas calientes (caf\u00e9, chocolate, th\u00e9, capuchino, bebidas calientes de comercio justo) Caf\u00e9 espresso bebidas para [&hellip;]<\/p>\n","protected":false},"author":58,"featured_media":2831,"parent":0,"menu_order":1,"comment_status":"open","ping_status":"closed","template":"","meta":{"footnotes":""},"class_list":["post-6515","page","type-page","status-publish","has-post-thumbnail","hentry"],"yoast_head":"<!-- This site is optimized with the Yoast SEO plugin v27.4 - https:\/\/yoast.com\/product\/yoast-seo-wordpress\/ -->\n<title>El grupo - io bevo\u00ae<\/title>\n<meta name=\"robots\" content=\"index, follow, max-snippet:-1, max-image-preview:large, max-video-preview:-1\" \/>\n<link rel=\"canonical\" href=\"https:\/\/www.iobevo.com\/online\/el-grupo\/?lang=es\" \/>\n<meta property=\"og:locale\" content=\"it_IT\" \/>\n<meta property=\"og:type\" content=\"article\" \/>\n<meta property=\"og:title\" content=\"El grupo - io bevo\u00ae\" \/>\n<meta property=\"og:description\" content=\"EMPRESA io bevo\u00ae Espana firma que se especializa en soluciones t\u00e9cnico-comerciales para la distribuci\u00f3n de bebidas y alimentos: agua micro-filtrada bebidas fr\u00edas (refrescos, zumos de frutas,, bebidas de comercio justo, bebidas para el sector salud) bebidas calientes (caf\u00e9, chocolate, th\u00e9, capuchino, bebidas calientes de comercio justo) Caf\u00e9 espresso bebidas para [&hellip;]\" \/>\n<meta property=\"og:url\" content=\"https:\/\/www.iobevo.com\/online\/el-grupo\/?lang=es\" \/>\n<meta property=\"og:site_name\" content=\"io bevo\u00ae\" \/>\n<meta property=\"article:modified_time\" content=\"2017-08-01T10:17:47+00:00\" \/>\n<meta property=\"og:image\" content=\"https:\/\/www.iobevo.com\/online\/wp-content\/uploads\/2014\/01\/slide-2-bg-e1400667726929.png\" \/>\n\t<meta property=\"og:image:width\" content=\"1512\" \/>\n\t<meta property=\"og:image:height\" content=\"400\" \/>\n\t<meta property=\"og:image:type\" content=\"image\/png\" \/>\n<meta name=\"twitter:card\" content=\"summary_large_image\" \/>\n<meta name=\"twitter:site\" content=\"@IoBevo\" \/>\n<meta name=\"twitter:label1\" content=\"Tempo di lettura stimato\" \/>\n\t<meta name=\"twitter:data1\" content=\"2 minuti\" \/>\n<script type=\"application\/ld+json\" class=\"yoast-schema-graph\">{\"@context\":\"https:\\\/\\\/schema.org\",\"@graph\":[{\"@type\":\"WebPage\",\"@id\":\"https:\\\/\\\/www.iobevo.com\\\/online\\\/el-grupo\\\/?lang=es\",\"url\":\"https:\\\/\\\/www.iobevo.com\\\/online\\\/el-grupo\\\/?lang=es\",\"name\":\"El grupo - io bevo\u00ae\",\"isPartOf\":{\"@id\":\"https:\\\/\\\/www.iobevo.com\\\/online\\\/#website\"},\"primaryImageOfPage\":{\"@id\":\"https:\\\/\\\/www.iobevo.com\\\/online\\\/el-grupo\\\/?lang=es#primaryimage\"},\"image\":{\"@id\":\"https:\\\/\\\/www.iobevo.com\\\/online\\\/el-grupo\\\/?lang=es#primaryimage\"},\"thumbnailUrl\":\"https:\\\/\\\/www.iobevo.com\\\/online\\\/wp-content\\\/uploads\\\/2014\\\/01\\\/slide-2-bg-e1400667726929.png\",\"datePublished\":\"2014-07-09T14:08:12+00:00\",\"dateModified\":\"2017-08-01T10:17:47+00:00\",\"inLanguage\":\"it-IT\",\"potentialAction\":[{\"@type\":\"ReadAction\",\"target\":[\"https:\\\/\\\/www.iobevo.com\\\/online\\\/el-grupo\\\/?lang=es\"]}]},{\"@type\":\"ImageObject\",\"inLanguage\":\"it-IT\",\"@id\":\"https:\\\/\\\/www.iobevo.com\\\/online\\\/el-grupo\\\/?lang=es#primaryimage\",\"url\":\"https:\\\/\\\/www.iobevo.com\\\/online\\\/wp-content\\\/uploads\\\/2014\\\/01\\\/slide-2-bg-e1400667726929.png\",\"contentUrl\":\"https:\\\/\\\/www.iobevo.com\\\/online\\\/wp-content\\\/uploads\\\/2014\\\/01\\\/slide-2-bg-e1400667726929.png\",\"width\":1512,\"height\":400},{\"@type\":\"WebSite\",\"@id\":\"https:\\\/\\\/www.iobevo.com\\\/online\\\/#website\",\"url\":\"https:\\\/\\\/www.iobevo.com\\\/online\\\/\",\"name\":\"io bevo\u00ae\",\"description\":\"Drink Plastic free\",\"publisher\":{\"@id\":\"https:\\\/\\\/www.iobevo.com\\\/online\\\/#organization\"},\"potentialAction\":[{\"@type\":\"SearchAction\",\"target\":{\"@type\":\"EntryPoint\",\"urlTemplate\":\"https:\\\/\\\/www.iobevo.com\\\/online\\\/?s={search_term_string}\"},\"query-input\":{\"@type\":\"PropertyValueSpecification\",\"valueRequired\":true,\"valueName\":\"search_term_string\"}}],\"inLanguage\":\"it-IT\"},{\"@type\":\"Organization\",\"@id\":\"https:\\\/\\\/www.iobevo.com\\\/online\\\/#organization\",\"name\":\"General Beverage\",\"url\":\"https:\\\/\\\/www.iobevo.com\\\/online\\\/\",\"logo\":{\"@type\":\"ImageObject\",\"inLanguage\":\"it-IT\",\"@id\":\"https:\\\/\\\/www.iobevo.com\\\/online\\\/#\\\/schema\\\/logo\\\/image\\\/\",\"url\":\"https:\\\/\\\/www.iobevo.com\\\/online\\\/wp-content\\\/uploads\\\/2014\\\/01\\\/logo_gb_horizontal_grey_160x47.png\",\"contentUrl\":\"https:\\\/\\\/www.iobevo.com\\\/online\\\/wp-content\\\/uploads\\\/2014\\\/01\\\/logo_gb_horizontal_grey_160x47.png\",\"width\":160,\"height\":47,\"caption\":\"General Beverage\"},\"image\":{\"@id\":\"https:\\\/\\\/www.iobevo.com\\\/online\\\/#\\\/schema\\\/logo\\\/image\\\/\"},\"sameAs\":[\"https:\\\/\\\/x.com\\\/IoBevo\"]}]}<\/script>\n<!-- \/ Yoast SEO plugin. -->","yoast_head_json":{"title":"El grupo - io bevo\u00ae","robots":{"index":"index","follow":"follow","max-snippet":"max-snippet:-1","max-image-preview":"max-image-preview:large","max-video-preview":"max-video-preview:-1"},"canonical":"https:\/\/www.iobevo.com\/online\/el-grupo\/?lang=es","og_locale":"it_IT","og_type":"article","og_title":"El grupo - io bevo\u00ae","og_description":"EMPRESA io bevo\u00ae Espana firma que se especializa en soluciones t\u00e9cnico-comerciales para la distribuci\u00f3n de bebidas y alimentos: agua micro-filtrada bebidas fr\u00edas (refrescos, zumos de frutas,, bebidas de comercio justo, bebidas para el sector salud) bebidas calientes (caf\u00e9, chocolate, th\u00e9, capuchino, bebidas calientes de comercio justo) Caf\u00e9 espresso bebidas para [&hellip;]","og_url":"https:\/\/www.iobevo.com\/online\/el-grupo\/?lang=es","og_site_name":"io bevo\u00ae","article_modified_time":"2017-08-01T10:17:47+00:00","og_image":[{"width":1512,"height":400,"url":"https:\/\/www.iobevo.com\/online\/wp-content\/uploads\/2014\/01\/slide-2-bg-e1400667726929.png","type":"image\/png"}],"twitter_card":"summary_large_image","twitter_site":"@IoBevo","twitter_misc":{"Tempo di lettura stimato":"2 minuti"},"schema":{"@context":"https:\/\/schema.org","@graph":[{"@type":"WebPage","@id":"https:\/\/www.iobevo.com\/online\/el-grupo\/?lang=es","url":"https:\/\/www.iobevo.com\/online\/el-grupo\/?lang=es","name":"El grupo - io bevo\u00ae","isPartOf":{"@id":"https:\/\/www.iobevo.com\/online\/#website"},"primaryImageOfPage":{"@id":"https:\/\/www.iobevo.com\/online\/el-grupo\/?lang=es#primaryimage"},"image":{"@id":"https:\/\/www.iobevo.com\/online\/el-grupo\/?lang=es#primaryimage"},"thumbnailUrl":"https:\/\/www.iobevo.com\/online\/wp-content\/uploads\/2014\/01\/slide-2-bg-e1400667726929.png","datePublished":"2014-07-09T14:08:12+00:00","dateModified":"2017-08-01T10:17:47+00:00","inLanguage":"it-IT","potentialAction":[{"@type":"ReadAction","target":["https:\/\/www.iobevo.com\/online\/el-grupo\/?lang=es"]}]},{"@type":"ImageObject","inLanguage":"it-IT","@id":"https:\/\/www.iobevo.com\/online\/el-grupo\/?lang=es#primaryimage","url":"https:\/\/www.iobevo.com\/online\/wp-content\/uploads\/2014\/01\/slide-2-bg-e1400667726929.png","contentUrl":"https:\/\/www.iobevo.com\/online\/wp-content\/uploads\/2014\/01\/slide-2-bg-e1400667726929.png","width":1512,"height":400},{"@type":"WebSite","@id":"https:\/\/www.iobevo.com\/online\/#website","url":"https:\/\/www.iobevo.com\/online\/","name":"io bevo\u00ae","description":"Drink Plastic free","publisher":{"@id":"https:\/\/www.iobevo.com\/online\/#organization"},"potentialAction":[{"@type":"SearchAction","target":{"@type":"EntryPoint","urlTemplate":"https:\/\/www.iobevo.com\/online\/?s={search_term_string}"},"query-input":{"@type":"PropertyValueSpecification","valueRequired":true,"valueName":"search_term_string"}}],"inLanguage":"it-IT"},{"@type":"Organization","@id":"https:\/\/www.iobevo.com\/online\/#organization","name":"General Beverage","url":"https:\/\/www.iobevo.com\/online\/","logo":{"@type":"ImageObject","inLanguage":"it-IT","@id":"https:\/\/www.iobevo.com\/online\/#\/schema\/logo\/image\/","url":"https:\/\/www.iobevo.com\/online\/wp-content\/uploads\/2014\/01\/logo_gb_horizontal_grey_160x47.png","contentUrl":"https:\/\/www.iobevo.com\/online\/wp-content\/uploads\/2014\/01\/logo_gb_horizontal_grey_160x47.png","width":160,"height":47,"caption":"General Beverage"},"image":{"@id":"https:\/\/www.iobevo.com\/online\/#\/schema\/logo\/image\/"},"sameAs":["https:\/\/x.com\/IoBevo"]}]}},"_links":{"self":[{"href":"https:\/\/www.iobevo.com\/online\/wp-json\/wp\/v2\/pages\/6515","targetHints":{"allow":["GET"]}}],"collection":[{"href":"https:\/\/www.iobevo.com\/online\/wp-json\/wp\/v2\/pages"}],"about":[{"href":"https:\/\/www.iobevo.com\/online\/wp-json\/wp\/v2\/types\/page"}],"author":[{"embeddable":true,"href":"https:\/\/www.iobevo.com\/online\/wp-json\/wp\/v2\/users\/58"}],"replies":[{"embeddable":true,"href":"https:\/\/www.iobevo.com\/online\/wp-json\/wp\/v2\/comments?post=6515"}],"version-history":[{"count":0,"href":"https:\/\/www.iobevo.com\/online\/wp-json\/wp\/v2\/pages\/6515\/revisions"}],"wp:featuredmedia":[{"embeddable":true,"href":"https:\/\/www.iobevo.com\/online\/wp-json\/wp\/v2\/media\/2831"}],"wp:attachment":[{"href":"https:\/\/www.iobevo.com\/online\/wp-json\/wp\/v2\/media?parent=6515"}],"curies":[{"name":"wp","href":"https:\/\/api.w.org\/{rel}","templated":true}]}}