{"id":6517,"date":"2014-07-09T14:09:40","date_gmt":"2014-07-09T14:09:40","guid":{"rendered":"http:\/\/www.iobevo.com\/online\/?page_id=6517"},"modified":"2017-08-01T12:54:39","modified_gmt":"2017-08-01T10:54:39","slug":"herramientas","status":"publish","type":"page","link":"https:\/\/www.iobevo.com\/online\/el-grupo\/herramientas\/?lang=es","title":{"rendered":"Herramientas"},"content":{"rendered":"<p><span class=\"responsive\"><img fetchpriority=\"high\" decoding=\"async\" class=\"alignright wp-image-3154\" src=\"http:\/\/www.iobevo.com\/online\/wp-content\/uploads\/2014\/04\/strumenti-e1400766354913-300x139.jpg\" alt=\"strumenti\" width=\"350\" height=\"163\" srcset=\"https:\/\/www.iobevo.com\/online\/wp-content\/uploads\/2014\/04\/strumenti-e1400766354913-300x139.jpg 300w, https:\/\/www.iobevo.com\/online\/wp-content\/uploads\/2014\/04\/strumenti-e1400766354913.jpg 700w\" sizes=\"(max-width: 350px) 100vw, 350px\" \/><\/span><\/p>\n<ul>\n<li><strong>Innovaci\u00f3n<\/strong> de productos y servicios<\/li>\n<li><strong>Conexi\u00f3n<\/strong> constante entre el dise\u00f1o y la producci\u00f3n de los productos y de los equipos<\/li>\n<li><strong>Verticalizaci\u00f3n de los procesos<\/strong>: de la producci\u00f3n a la realizaci\u00f3n<\/li>\n<li><strong>Flexibilidad <\/strong>de los servicios en relaci\u00f3n a las exigencias del mercado y a sus cambios<\/li>\n<li><strong>Integraci\u00f3n <\/strong>de todos los servicios de acuerdo a las exigencias espec\u00edficas de cada mercado: Global Beverage&amp;Food Service<\/li>\n<li><strong>Personalizaci\u00f3n y innovaci\u00f3n<\/strong> de los servicios de acuerdo a las espec\u00edficas exigencias: Food&amp;Beverage Solution Provider<\/li>\n<li><strong>Reducci\u00f3n del impacto medio-ambiental<\/strong> y coherencia respecto al desarrollo sostenible<\/li>\n<\/ul>\n","protected":false},"excerpt":{"rendered":"<p>Innovaci\u00f3n de productos y servicios Conexi\u00f3n constante entre el dise\u00f1o y la producci\u00f3n de los productos y de los equipos Verticalizaci\u00f3n de los procesos: de la producci\u00f3n a la realizaci\u00f3n Flexibilidad de los servicios en relaci\u00f3n a las exigencias del mercado y a sus cambios Integraci\u00f3n de todos los servicios [&hellip;]<\/p>\n","protected":false},"author":58,"featured_media":2831,"parent":6515,"menu_order":0,"comment_status":"open","ping_status":"closed","template":"","meta":{"footnotes":""},"class_list":["post-6517","page","type-page","status-publish","has-post-thumbnail","hentry"],"yoast_head":"<!-- This site is optimized with the Yoast SEO plugin v27.5 - https:\/\/yoast.com\/product\/yoast-seo-wordpress\/ -->\n<title>Herramientas - io bevo\u00ae<\/title>\n<meta name=\"robots\" content=\"index, follow, max-snippet:-1, max-image-preview:large, max-video-preview:-1\" \/>\n<link rel=\"canonical\" href=\"https:\/\/www.iobevo.com\/online\/el-grupo\/herramientas\/?lang=es\" \/>\n<meta property=\"og:locale\" content=\"it_IT\" \/>\n<meta property=\"og:type\" content=\"article\" \/>\n<meta property=\"og:title\" content=\"Herramientas - io bevo\u00ae\" \/>\n<meta property=\"og:description\" content=\"Innovaci\u00f3n de productos y servicios Conexi\u00f3n constante entre el dise\u00f1o y la producci\u00f3n de los productos y de los equipos Verticalizaci\u00f3n de los procesos: de la producci\u00f3n a la realizaci\u00f3n Flexibilidad de los servicios en relaci\u00f3n a las exigencias del mercado y a sus cambios Integraci\u00f3n de todos los servicios [&hellip;]\" \/>\n<meta property=\"og:url\" content=\"https:\/\/www.iobevo.com\/online\/el-grupo\/herramientas\/?lang=es\" \/>\n<meta property=\"og:site_name\" content=\"io bevo\u00ae\" \/>\n<meta property=\"article:modified_time\" content=\"2017-08-01T10:54:39+00:00\" \/>\n<meta property=\"og:image\" content=\"https:\/\/www.iobevo.com\/online\/wp-content\/uploads\/2014\/01\/slide-2-bg-e1400667726929.png\" \/>\n\t<meta property=\"og:image:width\" content=\"1512\" \/>\n\t<meta property=\"og:image:height\" content=\"400\" \/>\n\t<meta property=\"og:image:type\" content=\"image\/png\" \/>\n<meta name=\"twitter:card\" content=\"summary_large_image\" \/>\n<meta name=\"twitter:site\" content=\"@IoBevo\" \/>\n<meta name=\"twitter:label1\" content=\"Tempo di lettura stimato\" \/>\n\t<meta name=\"twitter:data1\" content=\"1 minuto\" \/>\n<script type=\"application\/ld+json\" class=\"yoast-schema-graph\">{\"@context\":\"https:\\\/\\\/schema.org\",\"@graph\":[{\"@type\":\"WebPage\",\"@id\":\"https:\\\/\\\/www.iobevo.com\\\/online\\\/el-grupo\\\/herramientas\\\/?lang=es\",\"url\":\"https:\\\/\\\/www.iobevo.com\\\/online\\\/el-grupo\\\/herramientas\\\/?lang=es\",\"name\":\"Herramientas - io bevo\u00ae\",\"isPartOf\":{\"@id\":\"https:\\\/\\\/www.iobevo.com\\\/online\\\/#website\"},\"primaryImageOfPage\":{\"@id\":\"https:\\\/\\\/www.iobevo.com\\\/online\\\/el-grupo\\\/herramientas\\\/?lang=es#primaryimage\"},\"image\":{\"@id\":\"https:\\\/\\\/www.iobevo.com\\\/online\\\/el-grupo\\\/herramientas\\\/?lang=es#primaryimage\"},\"thumbnailUrl\":\"https:\\\/\\\/www.iobevo.com\\\/online\\\/wp-content\\\/uploads\\\/2014\\\/01\\\/slide-2-bg-e1400667726929.png\",\"datePublished\":\"2014-07-09T14:09:40+00:00\",\"dateModified\":\"2017-08-01T10:54:39+00:00\",\"breadcrumb\":{\"@id\":\"https:\\\/\\\/www.iobevo.com\\\/online\\\/el-grupo\\\/herramientas\\\/?lang=es#breadcrumb\"},\"inLanguage\":\"it-IT\",\"potentialAction\":[{\"@type\":\"ReadAction\",\"target\":[\"https:\\\/\\\/www.iobevo.com\\\/online\\\/el-grupo\\\/herramientas\\\/?lang=es\"]}]},{\"@type\":\"ImageObject\",\"inLanguage\":\"it-IT\",\"@id\":\"https:\\\/\\\/www.iobevo.com\\\/online\\\/el-grupo\\\/herramientas\\\/?lang=es#primaryimage\",\"url\":\"https:\\\/\\\/www.iobevo.com\\\/online\\\/wp-content\\\/uploads\\\/2014\\\/01\\\/slide-2-bg-e1400667726929.png\",\"contentUrl\":\"https:\\\/\\\/www.iobevo.com\\\/online\\\/wp-content\\\/uploads\\\/2014\\\/01\\\/slide-2-bg-e1400667726929.png\",\"width\":1512,\"height\":400},{\"@type\":\"BreadcrumbList\",\"@id\":\"https:\\\/\\\/www.iobevo.com\\\/online\\\/el-grupo\\\/herramientas\\\/?lang=es#breadcrumb\",\"itemListElement\":[{\"@type\":\"ListItem\",\"position\":1,\"name\":\"El grupo\",\"item\":\"https:\\\/\\\/www.iobevo.com\\\/online\\\/el-grupo\\\/?lang=es\"},{\"@type\":\"ListItem\",\"position\":2,\"name\":\"Herramientas\"}]},{\"@type\":\"WebSite\",\"@id\":\"https:\\\/\\\/www.iobevo.com\\\/online\\\/#website\",\"url\":\"https:\\\/\\\/www.iobevo.com\\\/online\\\/\",\"name\":\"io bevo\u00ae\",\"description\":\"Drink Plastic free\",\"publisher\":{\"@id\":\"https:\\\/\\\/www.iobevo.com\\\/online\\\/#organization\"},\"potentialAction\":[{\"@type\":\"SearchAction\",\"target\":{\"@type\":\"EntryPoint\",\"urlTemplate\":\"https:\\\/\\\/www.iobevo.com\\\/online\\\/?s={search_term_string}\"},\"query-input\":{\"@type\":\"PropertyValueSpecification\",\"valueRequired\":true,\"valueName\":\"search_term_string\"}}],\"inLanguage\":\"it-IT\"},{\"@type\":\"Organization\",\"@id\":\"https:\\\/\\\/www.iobevo.com\\\/online\\\/#organization\",\"name\":\"General Beverage\",\"url\":\"https:\\\/\\\/www.iobevo.com\\\/online\\\/\",\"logo\":{\"@type\":\"ImageObject\",\"inLanguage\":\"it-IT\",\"@id\":\"https:\\\/\\\/www.iobevo.com\\\/online\\\/#\\\/schema\\\/logo\\\/image\\\/\",\"url\":\"https:\\\/\\\/www.iobevo.com\\\/online\\\/wp-content\\\/uploads\\\/2014\\\/01\\\/logo_gb_horizontal_grey_160x47.png\",\"contentUrl\":\"https:\\\/\\\/www.iobevo.com\\\/online\\\/wp-content\\\/uploads\\\/2014\\\/01\\\/logo_gb_horizontal_grey_160x47.png\",\"width\":160,\"height\":47,\"caption\":\"General Beverage\"},\"image\":{\"@id\":\"https:\\\/\\\/www.iobevo.com\\\/online\\\/#\\\/schema\\\/logo\\\/image\\\/\"},\"sameAs\":[\"https:\\\/\\\/x.com\\\/IoBevo\"]}]}<\/script>\n<!-- \/ Yoast SEO plugin. -->","yoast_head_json":{"title":"Herramientas - io bevo\u00ae","robots":{"index":"index","follow":"follow","max-snippet":"max-snippet:-1","max-image-preview":"max-image-preview:large","max-video-preview":"max-video-preview:-1"},"canonical":"https:\/\/www.iobevo.com\/online\/el-grupo\/herramientas\/?lang=es","og_locale":"it_IT","og_type":"article","og_title":"Herramientas - io bevo\u00ae","og_description":"Innovaci\u00f3n de productos y servicios Conexi\u00f3n constante entre el dise\u00f1o y la producci\u00f3n de los productos y de los equipos Verticalizaci\u00f3n de los procesos: de la producci\u00f3n a la realizaci\u00f3n Flexibilidad de los servicios en relaci\u00f3n a las exigencias del mercado y a sus cambios Integraci\u00f3n de todos los servicios [&hellip;]","og_url":"https:\/\/www.iobevo.com\/online\/el-grupo\/herramientas\/?lang=es","og_site_name":"io bevo\u00ae","article_modified_time":"2017-08-01T10:54:39+00:00","og_image":[{"width":1512,"height":400,"url":"https:\/\/www.iobevo.com\/online\/wp-content\/uploads\/2014\/01\/slide-2-bg-e1400667726929.png","type":"image\/png"}],"twitter_card":"summary_large_image","twitter_site":"@IoBevo","twitter_misc":{"Tempo di lettura stimato":"1 minuto"},"schema":{"@context":"https:\/\/schema.org","@graph":[{"@type":"WebPage","@id":"https:\/\/www.iobevo.com\/online\/el-grupo\/herramientas\/?lang=es","url":"https:\/\/www.iobevo.com\/online\/el-grupo\/herramientas\/?lang=es","name":"Herramientas - io bevo\u00ae","isPartOf":{"@id":"https:\/\/www.iobevo.com\/online\/#website"},"primaryImageOfPage":{"@id":"https:\/\/www.iobevo.com\/online\/el-grupo\/herramientas\/?lang=es#primaryimage"},"image":{"@id":"https:\/\/www.iobevo.com\/online\/el-grupo\/herramientas\/?lang=es#primaryimage"},"thumbnailUrl":"https:\/\/www.iobevo.com\/online\/wp-content\/uploads\/2014\/01\/slide-2-bg-e1400667726929.png","datePublished":"2014-07-09T14:09:40+00:00","dateModified":"2017-08-01T10:54:39+00:00","breadcrumb":{"@id":"https:\/\/www.iobevo.com\/online\/el-grupo\/herramientas\/?lang=es#breadcrumb"},"inLanguage":"it-IT","potentialAction":[{"@type":"ReadAction","target":["https:\/\/www.iobevo.com\/online\/el-grupo\/herramientas\/?lang=es"]}]},{"@type":"ImageObject","inLanguage":"it-IT","@id":"https:\/\/www.iobevo.com\/online\/el-grupo\/herramientas\/?lang=es#primaryimage","url":"https:\/\/www.iobevo.com\/online\/wp-content\/uploads\/2014\/01\/slide-2-bg-e1400667726929.png","contentUrl":"https:\/\/www.iobevo.com\/online\/wp-content\/uploads\/2014\/01\/slide-2-bg-e1400667726929.png","width":1512,"height":400},{"@type":"BreadcrumbList","@id":"https:\/\/www.iobevo.com\/online\/el-grupo\/herramientas\/?lang=es#breadcrumb","itemListElement":[{"@type":"ListItem","position":1,"name":"El grupo","item":"https:\/\/www.iobevo.com\/online\/el-grupo\/?lang=es"},{"@type":"ListItem","position":2,"name":"Herramientas"}]},{"@type":"WebSite","@id":"https:\/\/www.iobevo.com\/online\/#website","url":"https:\/\/www.iobevo.com\/online\/","name":"io bevo\u00ae","description":"Drink Plastic free","publisher":{"@id":"https:\/\/www.iobevo.com\/online\/#organization"},"potentialAction":[{"@type":"SearchAction","target":{"@type":"EntryPoint","urlTemplate":"https:\/\/www.iobevo.com\/online\/?s={search_term_string}"},"query-input":{"@type":"PropertyValueSpecification","valueRequired":true,"valueName":"search_term_string"}}],"inLanguage":"it-IT"},{"@type":"Organization","@id":"https:\/\/www.iobevo.com\/online\/#organization","name":"General Beverage","url":"https:\/\/www.iobevo.com\/online\/","logo":{"@type":"ImageObject","inLanguage":"it-IT","@id":"https:\/\/www.iobevo.com\/online\/#\/schema\/logo\/image\/","url":"https:\/\/www.iobevo.com\/online\/wp-content\/uploads\/2014\/01\/logo_gb_horizontal_grey_160x47.png","contentUrl":"https:\/\/www.iobevo.com\/online\/wp-content\/uploads\/2014\/01\/logo_gb_horizontal_grey_160x47.png","width":160,"height":47,"caption":"General Beverage"},"image":{"@id":"https:\/\/www.iobevo.com\/online\/#\/schema\/logo\/image\/"},"sameAs":["https:\/\/x.com\/IoBevo"]}]}},"_links":{"self":[{"href":"https:\/\/www.iobevo.com\/online\/wp-json\/wp\/v2\/pages\/6517","targetHints":{"allow":["GET"]}}],"collection":[{"href":"https:\/\/www.iobevo.com\/online\/wp-json\/wp\/v2\/pages"}],"about":[{"href":"https:\/\/www.iobevo.com\/online\/wp-json\/wp\/v2\/types\/page"}],"author":[{"embeddable":true,"href":"https:\/\/www.iobevo.com\/online\/wp-json\/wp\/v2\/users\/58"}],"replies":[{"embeddable":true,"href":"https:\/\/www.iobevo.com\/online\/wp-json\/wp\/v2\/comments?post=6517"}],"version-history":[{"count":0,"href":"https:\/\/www.iobevo.com\/online\/wp-json\/wp\/v2\/pages\/6517\/revisions"}],"up":[{"embeddable":true,"href":"https:\/\/www.iobevo.com\/online\/wp-json\/wp\/v2\/pages\/6515"}],"wp:featuredmedia":[{"embeddable":true,"href":"https:\/\/www.iobevo.com\/online\/wp-json\/wp\/v2\/media\/2831"}],"wp:attachment":[{"href":"https:\/\/www.iobevo.com\/online\/wp-json\/wp\/v2\/media?parent=6517"}],"curies":[{"name":"wp","href":"https:\/\/api.w.org\/{rel}","templated":true}]}}