{"id":6523,"date":"2014-07-09T14:14:34","date_gmt":"2014-07-09T14:14:34","guid":{"rendered":"http:\/\/www.iobevo.com\/online\/?page_id=6523"},"modified":"2017-08-01T14:56:45","modified_gmt":"2017-08-01T12:56:45","slug":"bevo-para-el-ambiente","status":"publish","type":"page","link":"https:\/\/www.iobevo.com\/online\/bevo-para-el-ambiente\/?lang=es","title":{"rendered":"io bevo para el ambiente\u00ae"},"content":{"rendered":"<p><img fetchpriority=\"high\" decoding=\"async\" class=\"alignright wp-image-3159 size-full\" src=\"http:\/\/www.iobevo.com\/online\/wp-content\/uploads\/2014\/01\/ambiente-e1400766809257.jpg\" alt=\"ambiente\" width=\"220\" height=\"257\" \/><\/p>\n<p>Por la fuerte connotaci\u00f3n ambiental de su actividad, la empresa ha obtenido importantes <a href=\"https:\/\/www.iobevo.com\/online\/es\/bevo-para-el-ambiente\/premios-institucionales\/\">reconocimientos institucionales<\/a> vinculados a las tem\u00e1ticas ambientales y del desarrollo sostenible.<\/p>\n<p>Fabricamos todos los productos comercializados y proyectamos la mayor\u00eda de los equipos distribuidores. Todos los productos y servicios son elaborados desde un punto de vista ambiental: la empresa se dedica en modo operativo a sostener, promover y participar en iniciativas, proyectos, estrategias finalizadas a la sostenibilidad ambiental y social.<\/p>\n<p>Gracias a este esfuerzo y a los resultados ambientales obtenidos, hemos conseguido importantes premios y reconocimientos institucionales IoBevo Espana tiene la licencia de la marca internacional de garant\u00eda del comercio justo y solidario <span class=\"mark2\">Fairtrade<\/span><span class=\"mark3\">\u00ae<\/span> y miembro del consorcio Fairtrade.<\/p>\n<p>Las bebidas de comercio justo que produce y comercializa est\u00e1n garantizadas por Fairtrade y producidas con materias primas adquiridas en \u00c1frica, Asia y Am\u00e9rica Latina en base a las reglas del comercio justo y solidario. El Comercio Justo y Solidario representa un modo simple y concreto para definir una relaci\u00f3n m\u00e1s justa con todos los productores del mundo y reducir la explotaci\u00f3n de la mano de obra producto.<\/p>\n","protected":false},"excerpt":{"rendered":"<p>Por la fuerte connotaci\u00f3n ambiental de su actividad, la empresa ha obtenido importantes reconocimientos institucionales vinculados a las tem\u00e1ticas ambientales y del desarrollo sostenible. Fabricamos todos los productos comercializados y proyectamos la mayor\u00eda de los equipos distribuidores. Todos los productos y servicios son elaborados desde un punto de vista ambiental: [&hellip;]<\/p>\n","protected":false},"author":58,"featured_media":20845,"parent":0,"menu_order":2,"comment_status":"open","ping_status":"closed","template":"","meta":{"footnotes":""},"class_list":["post-6523","page","type-page","status-publish","has-post-thumbnail","hentry"],"yoast_head":"<!-- This site is optimized with the Yoast SEO plugin v27.3 - https:\/\/yoast.com\/product\/yoast-seo-wordpress\/ -->\n<title>io bevo para el ambiente\u00ae - io bevo\u00ae<\/title>\n<meta name=\"robots\" content=\"index, follow, max-snippet:-1, max-image-preview:large, max-video-preview:-1\" \/>\n<link rel=\"canonical\" href=\"https:\/\/www.iobevo.com\/online\/bevo-para-el-ambiente\/?lang=es\" \/>\n<meta property=\"og:locale\" content=\"it_IT\" \/>\n<meta property=\"og:type\" content=\"article\" \/>\n<meta property=\"og:title\" content=\"io bevo para el ambiente\u00ae - io bevo\u00ae\" \/>\n<meta property=\"og:description\" content=\"Por la fuerte connotaci\u00f3n ambiental de su actividad, la empresa ha obtenido importantes reconocimientos institucionales vinculados a las tem\u00e1ticas ambientales y del desarrollo sostenible. Fabricamos todos los productos comercializados y proyectamos la mayor\u00eda de los equipos distribuidores. Todos los productos y servicios son elaborados desde un punto de vista ambiental: [&hellip;]\" \/>\n<meta property=\"og:url\" content=\"https:\/\/www.iobevo.com\/online\/bevo-para-el-ambiente\/?lang=es\" \/>\n<meta property=\"og:site_name\" content=\"io bevo\u00ae\" \/>\n<meta property=\"article:modified_time\" content=\"2017-08-01T12:56:45+00:00\" \/>\n<meta property=\"og:image\" content=\"http:\/\/www.iobevo.com\/online\/wp-content\/uploads\/2014\/01\/ambiente-e1400766809257.jpg\" \/>\n<meta name=\"twitter:card\" content=\"summary_large_image\" \/>\n<meta name=\"twitter:site\" content=\"@IoBevo\" \/>\n<meta name=\"twitter:label1\" content=\"Tempo di lettura stimato\" \/>\n\t<meta name=\"twitter:data1\" content=\"1 minuto\" \/>\n<script type=\"application\/ld+json\" class=\"yoast-schema-graph\">{\"@context\":\"https:\\\/\\\/schema.org\",\"@graph\":[{\"@type\":\"WebPage\",\"@id\":\"https:\\\/\\\/www.iobevo.com\\\/online\\\/bevo-para-el-ambiente\\\/?lang=es\",\"url\":\"https:\\\/\\\/www.iobevo.com\\\/online\\\/bevo-para-el-ambiente\\\/?lang=es\",\"name\":\"io bevo para el ambiente\u00ae - io bevo\u00ae\",\"isPartOf\":{\"@id\":\"https:\\\/\\\/www.iobevo.com\\\/online\\\/#website\"},\"primaryImageOfPage\":{\"@id\":\"https:\\\/\\\/www.iobevo.com\\\/online\\\/bevo-para-el-ambiente\\\/?lang=es#primaryimage\"},\"image\":{\"@id\":\"https:\\\/\\\/www.iobevo.com\\\/online\\\/bevo-para-el-ambiente\\\/?lang=es#primaryimage\"},\"thumbnailUrl\":\"https:\\\/\\\/www.iobevo.com\\\/online\\\/wp-content\\\/uploads\\\/2014\\\/01\\\/slide-2-bg-e1400667726929.png\",\"datePublished\":\"2014-07-09T14:14:34+00:00\",\"dateModified\":\"2017-08-01T12:56:45+00:00\",\"inLanguage\":\"it-IT\",\"potentialAction\":[{\"@type\":\"ReadAction\",\"target\":[\"https:\\\/\\\/www.iobevo.com\\\/online\\\/bevo-para-el-ambiente\\\/?lang=es\"]}]},{\"@type\":\"ImageObject\",\"inLanguage\":\"it-IT\",\"@id\":\"https:\\\/\\\/www.iobevo.com\\\/online\\\/bevo-para-el-ambiente\\\/?lang=es#primaryimage\",\"url\":\"https:\\\/\\\/www.iobevo.com\\\/online\\\/wp-content\\\/uploads\\\/2014\\\/01\\\/slide-2-bg-e1400667726929.png\",\"contentUrl\":\"https:\\\/\\\/www.iobevo.com\\\/online\\\/wp-content\\\/uploads\\\/2014\\\/01\\\/slide-2-bg-e1400667726929.png\",\"width\":1512,\"height\":400},{\"@type\":\"WebSite\",\"@id\":\"https:\\\/\\\/www.iobevo.com\\\/online\\\/#website\",\"url\":\"https:\\\/\\\/www.iobevo.com\\\/online\\\/\",\"name\":\"io bevo\u00ae\",\"description\":\"Drink Plastic free\",\"publisher\":{\"@id\":\"https:\\\/\\\/www.iobevo.com\\\/online\\\/#organization\"},\"potentialAction\":[{\"@type\":\"SearchAction\",\"target\":{\"@type\":\"EntryPoint\",\"urlTemplate\":\"https:\\\/\\\/www.iobevo.com\\\/online\\\/?s={search_term_string}\"},\"query-input\":{\"@type\":\"PropertyValueSpecification\",\"valueRequired\":true,\"valueName\":\"search_term_string\"}}],\"inLanguage\":\"it-IT\"},{\"@type\":\"Organization\",\"@id\":\"https:\\\/\\\/www.iobevo.com\\\/online\\\/#organization\",\"name\":\"General Beverage\",\"url\":\"https:\\\/\\\/www.iobevo.com\\\/online\\\/\",\"logo\":{\"@type\":\"ImageObject\",\"inLanguage\":\"it-IT\",\"@id\":\"https:\\\/\\\/www.iobevo.com\\\/online\\\/#\\\/schema\\\/logo\\\/image\\\/\",\"url\":\"https:\\\/\\\/www.iobevo.com\\\/online\\\/wp-content\\\/uploads\\\/2014\\\/01\\\/logo_gb_horizontal_grey_160x47.png\",\"contentUrl\":\"https:\\\/\\\/www.iobevo.com\\\/online\\\/wp-content\\\/uploads\\\/2014\\\/01\\\/logo_gb_horizontal_grey_160x47.png\",\"width\":160,\"height\":47,\"caption\":\"General Beverage\"},\"image\":{\"@id\":\"https:\\\/\\\/www.iobevo.com\\\/online\\\/#\\\/schema\\\/logo\\\/image\\\/\"},\"sameAs\":[\"https:\\\/\\\/x.com\\\/IoBevo\"]}]}<\/script>\n<!-- \/ Yoast SEO plugin. -->","yoast_head_json":{"title":"io bevo para el ambiente\u00ae - io bevo\u00ae","robots":{"index":"index","follow":"follow","max-snippet":"max-snippet:-1","max-image-preview":"max-image-preview:large","max-video-preview":"max-video-preview:-1"},"canonical":"https:\/\/www.iobevo.com\/online\/bevo-para-el-ambiente\/?lang=es","og_locale":"it_IT","og_type":"article","og_title":"io bevo para el ambiente\u00ae - io bevo\u00ae","og_description":"Por la fuerte connotaci\u00f3n ambiental de su actividad, la empresa ha obtenido importantes reconocimientos institucionales vinculados a las tem\u00e1ticas ambientales y del desarrollo sostenible. Fabricamos todos los productos comercializados y proyectamos la mayor\u00eda de los equipos distribuidores. Todos los productos y servicios son elaborados desde un punto de vista ambiental: [&hellip;]","og_url":"https:\/\/www.iobevo.com\/online\/bevo-para-el-ambiente\/?lang=es","og_site_name":"io bevo\u00ae","article_modified_time":"2017-08-01T12:56:45+00:00","og_image":[{"url":"http:\/\/www.iobevo.com\/online\/wp-content\/uploads\/2014\/01\/ambiente-e1400766809257.jpg","type":"","width":"","height":""}],"twitter_card":"summary_large_image","twitter_site":"@IoBevo","twitter_misc":{"Tempo di lettura stimato":"1 minuto"},"schema":{"@context":"https:\/\/schema.org","@graph":[{"@type":"WebPage","@id":"https:\/\/www.iobevo.com\/online\/bevo-para-el-ambiente\/?lang=es","url":"https:\/\/www.iobevo.com\/online\/bevo-para-el-ambiente\/?lang=es","name":"io bevo para el ambiente\u00ae - io bevo\u00ae","isPartOf":{"@id":"https:\/\/www.iobevo.com\/online\/#website"},"primaryImageOfPage":{"@id":"https:\/\/www.iobevo.com\/online\/bevo-para-el-ambiente\/?lang=es#primaryimage"},"image":{"@id":"https:\/\/www.iobevo.com\/online\/bevo-para-el-ambiente\/?lang=es#primaryimage"},"thumbnailUrl":"https:\/\/www.iobevo.com\/online\/wp-content\/uploads\/2014\/01\/slide-2-bg-e1400667726929.png","datePublished":"2014-07-09T14:14:34+00:00","dateModified":"2017-08-01T12:56:45+00:00","inLanguage":"it-IT","potentialAction":[{"@type":"ReadAction","target":["https:\/\/www.iobevo.com\/online\/bevo-para-el-ambiente\/?lang=es"]}]},{"@type":"ImageObject","inLanguage":"it-IT","@id":"https:\/\/www.iobevo.com\/online\/bevo-para-el-ambiente\/?lang=es#primaryimage","url":"https:\/\/www.iobevo.com\/online\/wp-content\/uploads\/2014\/01\/slide-2-bg-e1400667726929.png","contentUrl":"https:\/\/www.iobevo.com\/online\/wp-content\/uploads\/2014\/01\/slide-2-bg-e1400667726929.png","width":1512,"height":400},{"@type":"WebSite","@id":"https:\/\/www.iobevo.com\/online\/#website","url":"https:\/\/www.iobevo.com\/online\/","name":"io bevo\u00ae","description":"Drink Plastic free","publisher":{"@id":"https:\/\/www.iobevo.com\/online\/#organization"},"potentialAction":[{"@type":"SearchAction","target":{"@type":"EntryPoint","urlTemplate":"https:\/\/www.iobevo.com\/online\/?s={search_term_string}"},"query-input":{"@type":"PropertyValueSpecification","valueRequired":true,"valueName":"search_term_string"}}],"inLanguage":"it-IT"},{"@type":"Organization","@id":"https:\/\/www.iobevo.com\/online\/#organization","name":"General Beverage","url":"https:\/\/www.iobevo.com\/online\/","logo":{"@type":"ImageObject","inLanguage":"it-IT","@id":"https:\/\/www.iobevo.com\/online\/#\/schema\/logo\/image\/","url":"https:\/\/www.iobevo.com\/online\/wp-content\/uploads\/2014\/01\/logo_gb_horizontal_grey_160x47.png","contentUrl":"https:\/\/www.iobevo.com\/online\/wp-content\/uploads\/2014\/01\/logo_gb_horizontal_grey_160x47.png","width":160,"height":47,"caption":"General Beverage"},"image":{"@id":"https:\/\/www.iobevo.com\/online\/#\/schema\/logo\/image\/"},"sameAs":["https:\/\/x.com\/IoBevo"]}]}},"_links":{"self":[{"href":"https:\/\/www.iobevo.com\/online\/wp-json\/wp\/v2\/pages\/6523","targetHints":{"allow":["GET"]}}],"collection":[{"href":"https:\/\/www.iobevo.com\/online\/wp-json\/wp\/v2\/pages"}],"about":[{"href":"https:\/\/www.iobevo.com\/online\/wp-json\/wp\/v2\/types\/page"}],"author":[{"embeddable":true,"href":"https:\/\/www.iobevo.com\/online\/wp-json\/wp\/v2\/users\/58"}],"replies":[{"embeddable":true,"href":"https:\/\/www.iobevo.com\/online\/wp-json\/wp\/v2\/comments?post=6523"}],"version-history":[{"count":0,"href":"https:\/\/www.iobevo.com\/online\/wp-json\/wp\/v2\/pages\/6523\/revisions"}],"wp:featuredmedia":[{"embeddable":true,"href":"https:\/\/www.iobevo.com\/online\/wp-json\/wp\/v2\/media\/20845"}],"wp:attachment":[{"href":"https:\/\/www.iobevo.com\/online\/wp-json\/wp\/v2\/media?parent=6523"}],"curies":[{"name":"wp","href":"https:\/\/api.w.org\/{rel}","templated":true}]}}