{"id":6526,"date":"2014-07-09T14:15:32","date_gmt":"2014-07-09T14:15:32","guid":{"rendered":"http:\/\/www.iobevo.com\/online\/?page_id=6526"},"modified":"2017-08-01T14:46:42","modified_gmt":"2017-08-01T12:46:42","slug":"comercio-justo-y-solidario","status":"publish","type":"page","link":"https:\/\/www.iobevo.com\/online\/bevo-para-el-ambiente\/comercio-justo-y-solidario\/?lang=es","title":{"rendered":"Comercio justo y solidario"},"content":{"rendered":"<p><span class=\"mark1\">io<\/span> <span class=\"mark2\">bevo<\/span><span class=\"mark3\">\u00ae<\/span> Espana tiene la licencia de la marca internacional de garant\u00eda del comercio justo y solidario internacional de garant\u00eda del comercio justo y solidario\u00a0<a title=\"Fairtrade\" href=\"http:\/\/www.fairtrade.net\/\" target=\"_blank\" rel=\"noopener noreferrer\"><span class=\"mark2\">Fairtrade<\/span><\/a><span class=\"mark3\">\u00ae<\/span>\u00a0y miembro del consorcio\u00a0<a title=\"Fairtrade Italia\" href=\"http:\/\/www.fairtradeitalia.it\/\" target=\"_blank\" rel=\"noopener noreferrer\">Fairtrade Italia<\/a>.<\/p>\n<div class=\"gap\" style=\"height: 30px;\"><\/div>\n<p><span class=\"responsive\"><img fetchpriority=\"high\" decoding=\"async\" class=\"aligncenter wp-image-3697 size-full\" title=\"Comercio justo y solidario\" src=\"https:\/\/www.iobevo.com\/online\/wp-content\/uploads\/2014\/05\/lavoratore-faitrade-e1400767487949.jpg\" alt=\"Comercio justo y solidario\" width=\"700\" height=\"414\" srcset=\"https:\/\/www.iobevo.com\/online\/wp-content\/uploads\/2014\/05\/lavoratore-faitrade-e1400767487949.jpg 700w, https:\/\/www.iobevo.com\/online\/wp-content\/uploads\/2014\/05\/lavoratore-faitrade-e1400767487949-300x177.jpg 300w\" sizes=\"(max-width: 700px) 100vw, 700px\" \/><\/span><\/p>\n<div class=\"gap\" style=\"height: 30px;\"><\/div>\n<p><a href=\"http:\/\/www.fairtradeitalia.it\/\"><img decoding=\"async\" class=\"alignright\" title=\"Fairtrade\" src=\"http:\/\/www.iobevo.com\/online\/wp-content\/uploads\/2013\/01\/Fairtrade_colours_blackR1-161x180.jpg\" alt=\"Fairtrade\" width=\"90\" height=\"103\" \/><\/a>Las bebidas de comercio justo que produce y comercializa est\u00e1n garantizadas por Fairtrade y producidas con materias primas adquiridas en \u00c1frica, Asia y Am\u00e9rica Latina en base a las reglas del comercio justo y solidario.<\/p>\n<p>El Comercio Justo y Solidario representa un modo simple y concreto para definir una relaci\u00f3n m\u00e1s justa con todos los productores del mundo y reducir la explotaci\u00f3n de la mano de obra producto.<\/p>\n","protected":false},"excerpt":{"rendered":"<p>io bevo\u00ae Espana tiene la licencia de la marca internacional de garant\u00eda del comercio justo y solidario internacional de garant\u00eda del comercio justo y solidario\u00a0Fairtrade\u00ae\u00a0y miembro del consorcio\u00a0Fairtrade Italia. Las bebidas de comercio justo que produce y comercializa est\u00e1n garantizadas por Fairtrade y producidas con materias primas adquiridas en \u00c1frica, [&hellip;]<\/p>\n","protected":false},"author":58,"featured_media":2831,"parent":6523,"menu_order":0,"comment_status":"open","ping_status":"closed","template":"","meta":{"footnotes":""},"class_list":["post-6526","page","type-page","status-publish","has-post-thumbnail","hentry"],"yoast_head":"<!-- This site is optimized with the Yoast SEO plugin v27.3 - https:\/\/yoast.com\/product\/yoast-seo-wordpress\/ -->\n<title>Comercio justo y solidario - io bevo\u00ae<\/title>\n<meta name=\"robots\" content=\"index, follow, max-snippet:-1, max-image-preview:large, max-video-preview:-1\" \/>\n<link rel=\"canonical\" href=\"https:\/\/www.iobevo.com\/online\/bevo-para-el-ambiente\/comercio-justo-y-solidario\/?lang=es\" \/>\n<meta property=\"og:locale\" content=\"it_IT\" \/>\n<meta property=\"og:type\" content=\"article\" \/>\n<meta property=\"og:title\" content=\"Comercio justo y solidario - io bevo\u00ae\" \/>\n<meta property=\"og:description\" content=\"io bevo\u00ae Espana tiene la licencia de la marca internacional de garant\u00eda del comercio justo y solidario internacional de garant\u00eda del comercio justo y solidario\u00a0Fairtrade\u00ae\u00a0y miembro del consorcio\u00a0Fairtrade Italia. Las bebidas de comercio justo que produce y comercializa est\u00e1n garantizadas por Fairtrade y producidas con materias primas adquiridas en \u00c1frica, [&hellip;]\" \/>\n<meta property=\"og:url\" content=\"https:\/\/www.iobevo.com\/online\/bevo-para-el-ambiente\/comercio-justo-y-solidario\/?lang=es\" \/>\n<meta property=\"og:site_name\" content=\"io bevo\u00ae\" \/>\n<meta property=\"article:modified_time\" content=\"2017-08-01T12:46:42+00:00\" \/>\n<meta property=\"og:image\" content=\"https:\/\/www.iobevo.com\/online\/wp-content\/uploads\/2014\/01\/slide-2-bg-e1400667726929.png\" \/>\n\t<meta property=\"og:image:width\" content=\"1512\" \/>\n\t<meta property=\"og:image:height\" content=\"400\" \/>\n\t<meta property=\"og:image:type\" content=\"image\/png\" \/>\n<meta name=\"twitter:card\" content=\"summary_large_image\" \/>\n<meta name=\"twitter:site\" content=\"@IoBevo\" \/>\n<meta name=\"twitter:label1\" content=\"Tempo di lettura stimato\" \/>\n\t<meta name=\"twitter:data1\" content=\"1 minuto\" \/>\n<script type=\"application\/ld+json\" class=\"yoast-schema-graph\">{\"@context\":\"https:\\\/\\\/schema.org\",\"@graph\":[{\"@type\":\"WebPage\",\"@id\":\"https:\\\/\\\/www.iobevo.com\\\/online\\\/bevo-para-el-ambiente\\\/comercio-justo-y-solidario\\\/?lang=es\",\"url\":\"https:\\\/\\\/www.iobevo.com\\\/online\\\/bevo-para-el-ambiente\\\/comercio-justo-y-solidario\\\/?lang=es\",\"name\":\"Comercio justo y solidario - io bevo\u00ae\",\"isPartOf\":{\"@id\":\"https:\\\/\\\/www.iobevo.com\\\/online\\\/#website\"},\"primaryImageOfPage\":{\"@id\":\"https:\\\/\\\/www.iobevo.com\\\/online\\\/bevo-para-el-ambiente\\\/comercio-justo-y-solidario\\\/?lang=es#primaryimage\"},\"image\":{\"@id\":\"https:\\\/\\\/www.iobevo.com\\\/online\\\/bevo-para-el-ambiente\\\/comercio-justo-y-solidario\\\/?lang=es#primaryimage\"},\"thumbnailUrl\":\"https:\\\/\\\/www.iobevo.com\\\/online\\\/wp-content\\\/uploads\\\/2014\\\/01\\\/slide-2-bg-e1400667726929.png\",\"datePublished\":\"2014-07-09T14:15:32+00:00\",\"dateModified\":\"2017-08-01T12:46:42+00:00\",\"breadcrumb\":{\"@id\":\"https:\\\/\\\/www.iobevo.com\\\/online\\\/bevo-para-el-ambiente\\\/comercio-justo-y-solidario\\\/?lang=es#breadcrumb\"},\"inLanguage\":\"it-IT\",\"potentialAction\":[{\"@type\":\"ReadAction\",\"target\":[\"https:\\\/\\\/www.iobevo.com\\\/online\\\/bevo-para-el-ambiente\\\/comercio-justo-y-solidario\\\/?lang=es\"]}]},{\"@type\":\"ImageObject\",\"inLanguage\":\"it-IT\",\"@id\":\"https:\\\/\\\/www.iobevo.com\\\/online\\\/bevo-para-el-ambiente\\\/comercio-justo-y-solidario\\\/?lang=es#primaryimage\",\"url\":\"https:\\\/\\\/www.iobevo.com\\\/online\\\/wp-content\\\/uploads\\\/2014\\\/01\\\/slide-2-bg-e1400667726929.png\",\"contentUrl\":\"https:\\\/\\\/www.iobevo.com\\\/online\\\/wp-content\\\/uploads\\\/2014\\\/01\\\/slide-2-bg-e1400667726929.png\",\"width\":1512,\"height\":400},{\"@type\":\"BreadcrumbList\",\"@id\":\"https:\\\/\\\/www.iobevo.com\\\/online\\\/bevo-para-el-ambiente\\\/comercio-justo-y-solidario\\\/?lang=es#breadcrumb\",\"itemListElement\":[{\"@type\":\"ListItem\",\"position\":1,\"name\":\"io bevo para el ambiente\u00ae\",\"item\":\"https:\\\/\\\/www.iobevo.com\\\/online\\\/bevo-para-el-ambiente\\\/?lang=es\"},{\"@type\":\"ListItem\",\"position\":2,\"name\":\"Comercio justo y solidario\"}]},{\"@type\":\"WebSite\",\"@id\":\"https:\\\/\\\/www.iobevo.com\\\/online\\\/#website\",\"url\":\"https:\\\/\\\/www.iobevo.com\\\/online\\\/\",\"name\":\"io bevo\u00ae\",\"description\":\"Drink Plastic free\",\"publisher\":{\"@id\":\"https:\\\/\\\/www.iobevo.com\\\/online\\\/#organization\"},\"potentialAction\":[{\"@type\":\"SearchAction\",\"target\":{\"@type\":\"EntryPoint\",\"urlTemplate\":\"https:\\\/\\\/www.iobevo.com\\\/online\\\/?s={search_term_string}\"},\"query-input\":{\"@type\":\"PropertyValueSpecification\",\"valueRequired\":true,\"valueName\":\"search_term_string\"}}],\"inLanguage\":\"it-IT\"},{\"@type\":\"Organization\",\"@id\":\"https:\\\/\\\/www.iobevo.com\\\/online\\\/#organization\",\"name\":\"General Beverage\",\"url\":\"https:\\\/\\\/www.iobevo.com\\\/online\\\/\",\"logo\":{\"@type\":\"ImageObject\",\"inLanguage\":\"it-IT\",\"@id\":\"https:\\\/\\\/www.iobevo.com\\\/online\\\/#\\\/schema\\\/logo\\\/image\\\/\",\"url\":\"https:\\\/\\\/www.iobevo.com\\\/online\\\/wp-content\\\/uploads\\\/2014\\\/01\\\/logo_gb_horizontal_grey_160x47.png\",\"contentUrl\":\"https:\\\/\\\/www.iobevo.com\\\/online\\\/wp-content\\\/uploads\\\/2014\\\/01\\\/logo_gb_horizontal_grey_160x47.png\",\"width\":160,\"height\":47,\"caption\":\"General Beverage\"},\"image\":{\"@id\":\"https:\\\/\\\/www.iobevo.com\\\/online\\\/#\\\/schema\\\/logo\\\/image\\\/\"},\"sameAs\":[\"https:\\\/\\\/x.com\\\/IoBevo\"]}]}<\/script>\n<!-- \/ Yoast SEO plugin. -->","yoast_head_json":{"title":"Comercio justo y solidario - io bevo\u00ae","robots":{"index":"index","follow":"follow","max-snippet":"max-snippet:-1","max-image-preview":"max-image-preview:large","max-video-preview":"max-video-preview:-1"},"canonical":"https:\/\/www.iobevo.com\/online\/bevo-para-el-ambiente\/comercio-justo-y-solidario\/?lang=es","og_locale":"it_IT","og_type":"article","og_title":"Comercio justo y solidario - io bevo\u00ae","og_description":"io bevo\u00ae Espana tiene la licencia de la marca internacional de garant\u00eda del comercio justo y solidario internacional de garant\u00eda del comercio justo y solidario\u00a0Fairtrade\u00ae\u00a0y miembro del consorcio\u00a0Fairtrade Italia. Las bebidas de comercio justo que produce y comercializa est\u00e1n garantizadas por Fairtrade y producidas con materias primas adquiridas en \u00c1frica, [&hellip;]","og_url":"https:\/\/www.iobevo.com\/online\/bevo-para-el-ambiente\/comercio-justo-y-solidario\/?lang=es","og_site_name":"io bevo\u00ae","article_modified_time":"2017-08-01T12:46:42+00:00","og_image":[{"width":1512,"height":400,"url":"https:\/\/www.iobevo.com\/online\/wp-content\/uploads\/2014\/01\/slide-2-bg-e1400667726929.png","type":"image\/png"}],"twitter_card":"summary_large_image","twitter_site":"@IoBevo","twitter_misc":{"Tempo di lettura stimato":"1 minuto"},"schema":{"@context":"https:\/\/schema.org","@graph":[{"@type":"WebPage","@id":"https:\/\/www.iobevo.com\/online\/bevo-para-el-ambiente\/comercio-justo-y-solidario\/?lang=es","url":"https:\/\/www.iobevo.com\/online\/bevo-para-el-ambiente\/comercio-justo-y-solidario\/?lang=es","name":"Comercio justo y solidario - io bevo\u00ae","isPartOf":{"@id":"https:\/\/www.iobevo.com\/online\/#website"},"primaryImageOfPage":{"@id":"https:\/\/www.iobevo.com\/online\/bevo-para-el-ambiente\/comercio-justo-y-solidario\/?lang=es#primaryimage"},"image":{"@id":"https:\/\/www.iobevo.com\/online\/bevo-para-el-ambiente\/comercio-justo-y-solidario\/?lang=es#primaryimage"},"thumbnailUrl":"https:\/\/www.iobevo.com\/online\/wp-content\/uploads\/2014\/01\/slide-2-bg-e1400667726929.png","datePublished":"2014-07-09T14:15:32+00:00","dateModified":"2017-08-01T12:46:42+00:00","breadcrumb":{"@id":"https:\/\/www.iobevo.com\/online\/bevo-para-el-ambiente\/comercio-justo-y-solidario\/?lang=es#breadcrumb"},"inLanguage":"it-IT","potentialAction":[{"@type":"ReadAction","target":["https:\/\/www.iobevo.com\/online\/bevo-para-el-ambiente\/comercio-justo-y-solidario\/?lang=es"]}]},{"@type":"ImageObject","inLanguage":"it-IT","@id":"https:\/\/www.iobevo.com\/online\/bevo-para-el-ambiente\/comercio-justo-y-solidario\/?lang=es#primaryimage","url":"https:\/\/www.iobevo.com\/online\/wp-content\/uploads\/2014\/01\/slide-2-bg-e1400667726929.png","contentUrl":"https:\/\/www.iobevo.com\/online\/wp-content\/uploads\/2014\/01\/slide-2-bg-e1400667726929.png","width":1512,"height":400},{"@type":"BreadcrumbList","@id":"https:\/\/www.iobevo.com\/online\/bevo-para-el-ambiente\/comercio-justo-y-solidario\/?lang=es#breadcrumb","itemListElement":[{"@type":"ListItem","position":1,"name":"io bevo para el ambiente\u00ae","item":"https:\/\/www.iobevo.com\/online\/bevo-para-el-ambiente\/?lang=es"},{"@type":"ListItem","position":2,"name":"Comercio justo y solidario"}]},{"@type":"WebSite","@id":"https:\/\/www.iobevo.com\/online\/#website","url":"https:\/\/www.iobevo.com\/online\/","name":"io bevo\u00ae","description":"Drink Plastic free","publisher":{"@id":"https:\/\/www.iobevo.com\/online\/#organization"},"potentialAction":[{"@type":"SearchAction","target":{"@type":"EntryPoint","urlTemplate":"https:\/\/www.iobevo.com\/online\/?s={search_term_string}"},"query-input":{"@type":"PropertyValueSpecification","valueRequired":true,"valueName":"search_term_string"}}],"inLanguage":"it-IT"},{"@type":"Organization","@id":"https:\/\/www.iobevo.com\/online\/#organization","name":"General Beverage","url":"https:\/\/www.iobevo.com\/online\/","logo":{"@type":"ImageObject","inLanguage":"it-IT","@id":"https:\/\/www.iobevo.com\/online\/#\/schema\/logo\/image\/","url":"https:\/\/www.iobevo.com\/online\/wp-content\/uploads\/2014\/01\/logo_gb_horizontal_grey_160x47.png","contentUrl":"https:\/\/www.iobevo.com\/online\/wp-content\/uploads\/2014\/01\/logo_gb_horizontal_grey_160x47.png","width":160,"height":47,"caption":"General Beverage"},"image":{"@id":"https:\/\/www.iobevo.com\/online\/#\/schema\/logo\/image\/"},"sameAs":["https:\/\/x.com\/IoBevo"]}]}},"_links":{"self":[{"href":"https:\/\/www.iobevo.com\/online\/wp-json\/wp\/v2\/pages\/6526","targetHints":{"allow":["GET"]}}],"collection":[{"href":"https:\/\/www.iobevo.com\/online\/wp-json\/wp\/v2\/pages"}],"about":[{"href":"https:\/\/www.iobevo.com\/online\/wp-json\/wp\/v2\/types\/page"}],"author":[{"embeddable":true,"href":"https:\/\/www.iobevo.com\/online\/wp-json\/wp\/v2\/users\/58"}],"replies":[{"embeddable":true,"href":"https:\/\/www.iobevo.com\/online\/wp-json\/wp\/v2\/comments?post=6526"}],"version-history":[{"count":0,"href":"https:\/\/www.iobevo.com\/online\/wp-json\/wp\/v2\/pages\/6526\/revisions"}],"up":[{"embeddable":true,"href":"https:\/\/www.iobevo.com\/online\/wp-json\/wp\/v2\/pages\/6523"}],"wp:featuredmedia":[{"embeddable":true,"href":"https:\/\/www.iobevo.com\/online\/wp-json\/wp\/v2\/media\/2831"}],"wp:attachment":[{"href":"https:\/\/www.iobevo.com\/online\/wp-json\/wp\/v2\/media?parent=6526"}],"curies":[{"name":"wp","href":"https:\/\/api.w.org\/{rel}","templated":true}]}}