{"id":6530,"date":"2014-07-09T14:16:51","date_gmt":"2014-07-09T14:16:51","guid":{"rendered":"http:\/\/www.iobevo.com\/online\/?page_id=6530"},"modified":"2017-08-01T15:01:42","modified_gmt":"2017-08-01T13:01:42","slug":"desarrollo-sostenible","status":"publish","type":"page","link":"https:\/\/www.iobevo.com\/online\/bevo-para-el-ambiente\/desarrollo-sostenible\/?lang=es","title":{"rendered":"Desarrollo  sostenible"},"content":{"rendered":"<p><img fetchpriority=\"high\" decoding=\"async\" class=\"alignright wp-image-3679 size-medium\" src=\"http:\/\/www.iobevo.com\/online\/wp-content\/uploads\/2014\/05\/sviluppo_sostenibile-e1400767220764-300x238.jpg\" alt=\"sviluppo_sostenibile\" width=\"300\" height=\"238\" srcset=\"https:\/\/www.iobevo.com\/online\/wp-content\/uploads\/2014\/05\/sviluppo_sostenibile-e1400767220764-300x238.jpg 300w, https:\/\/www.iobevo.com\/online\/wp-content\/uploads\/2014\/05\/sviluppo_sostenibile-e1400767220764.jpg 700w\" sizes=\"(max-width: 300px) 100vw, 300px\" \/>La definici\u00f3n, actualmente aceptada por la mayor\u00eda de <strong>desarrollo sosteniblese<\/strong> encuentra en <a href=\"http:\/\/it.wikipedia.org\/wiki\/Rapporto_Brundtland\" target=\"_blank\" rel=\"noopener noreferrer\">informe Brundtland<\/a>, elaborado en 1987 por la Comisi\u00f3n mundial sobre el medio ambiente y desarrollo, y que debe su nombre al entonces Primer Ministro noruego <a href=\"http:\/\/it.wikipedia.org\/wiki\/Gro_Harlem_Brundtland\" target=\"_blank\" rel=\"noopener noreferrer\">Gro Harlem Brundtland<\/a>, que dirig\u00eda las sesiones:<\/p>\n<blockquote><p>El desarrollo sostenible, lejos de ser una condici\u00f3n final de armon\u00eda, es m\u00e1s bien el proceso de cambio en el que la explotaci\u00f3n de los recursos, la direcci\u00f3n de las inversiones, la orientaci\u00f3n del desarrollo tecnol\u00f3gico y los cambios institucionales se realizan en consonancia con las necesidades futuras, y con las actuales.<\/p><\/blockquote>\n<p><span class=\"responsive\"><\/span><br \/>\nEl documento al mismo tiempo, hizo hincapi\u00e9 en la <strong>protecci\u00f3n de las necesidades de todos los individuos<\/strong>, con una \u00f3ptica de legitimidad universal de aspirar a mejores condiciones de vida; as\u00ed como de subrayar la necesidad y la importancia de una mayor participaci\u00f3n de los ciudadanos con el fin de aplicar eficazmente un proceso democr\u00e1tico que contribuya a las decisiones en el \u00e1mbito internacional:<\/p>\n<blockquote><p>El desarrollo sostenible requiere la satisfacci\u00f3n de las necesidades b\u00e1sicas de todos y que se extienda a todos la <strong>oportunidad de poner en pr\u00e1ctica sus aspiraciones de una vida mejor<\/strong> (&#8230;)<br \/>\nLa satisfacci\u00f3n de las necesidades esenciales requiere no s\u00f3lo de una nueva era de crecimiento econ\u00f3mico para las naciones donde la mayor\u00eda de personas son pobres, sino tambi\u00e9n la garant\u00eda de que los pobres tengan su parte justa de los recursos necesarios para apoyar este crecimiento. Dicha equidaddeber\u00eda ser favorecida tanto por el sistema pol\u00edtico para asegurar la participaci\u00f3n efectiva de los ciudadanos en la toma de decisiones, tanto por una mayor democracia en el nivel de opciones internacionales.<\/p><\/blockquote>\n<p>Para m\u00e1s informaci\u00f3n, por favor consulte:<\/p>\n<ul>\n<li><a href=\"http:\/\/iobevo.com\/online\/wp-content\/uploads\/2014\/05\/PIANO-NAZIONALE-SVILUPPO-SOSTENIBILE.pdf\" target=\"_blank\" rel=\"noopener noreferrer\">Plan Nacional para el Desarrollo Sostenible<\/a><\/li>\n<li><a title=\"Agenda 21\" href=\"http:\/\/www.agenda21.it\/\" target=\"_blank\" rel=\"noopener noreferrer\">Agenda21<\/a><\/li>\n<\/ul>\n","protected":false},"excerpt":{"rendered":"<p>La definici\u00f3n, actualmente aceptada por la mayor\u00eda de desarrollo sosteniblese encuentra en informe Brundtland, elaborado en 1987 por la Comisi\u00f3n mundial sobre el medio ambiente y desarrollo, y que debe su nombre al entonces Primer Ministro noruego Gro Harlem Brundtland, que dirig\u00eda las sesiones: El desarrollo sostenible, lejos de ser [&hellip;]<\/p>\n","protected":false},"author":58,"featured_media":2831,"parent":6523,"menu_order":2,"comment_status":"open","ping_status":"closed","template":"","meta":{"footnotes":""},"class_list":["post-6530","page","type-page","status-publish","has-post-thumbnail","hentry"],"yoast_head":"<!-- This site is optimized with the Yoast SEO plugin v27.4 - https:\/\/yoast.com\/product\/yoast-seo-wordpress\/ -->\n<title>Desarrollo sostenible - io bevo\u00ae<\/title>\n<meta name=\"robots\" content=\"index, follow, max-snippet:-1, max-image-preview:large, max-video-preview:-1\" \/>\n<link rel=\"canonical\" href=\"https:\/\/www.iobevo.com\/online\/bevo-para-el-ambiente\/desarrollo-sostenible\/?lang=es\" \/>\n<meta property=\"og:locale\" content=\"it_IT\" \/>\n<meta property=\"og:type\" content=\"article\" \/>\n<meta property=\"og:title\" content=\"Desarrollo sostenible - io bevo\u00ae\" \/>\n<meta property=\"og:description\" content=\"La definici\u00f3n, actualmente aceptada por la mayor\u00eda de desarrollo sosteniblese encuentra en informe Brundtland, elaborado en 1987 por la Comisi\u00f3n mundial sobre el medio ambiente y desarrollo, y que debe su nombre al entonces Primer Ministro noruego Gro Harlem Brundtland, que dirig\u00eda las sesiones: El desarrollo sostenible, lejos de ser [&hellip;]\" \/>\n<meta property=\"og:url\" content=\"https:\/\/www.iobevo.com\/online\/bevo-para-el-ambiente\/desarrollo-sostenible\/?lang=es\" \/>\n<meta property=\"og:site_name\" content=\"io bevo\u00ae\" \/>\n<meta property=\"article:modified_time\" content=\"2017-08-01T13:01:42+00:00\" \/>\n<meta property=\"og:image\" content=\"https:\/\/www.iobevo.com\/online\/wp-content\/uploads\/2014\/01\/slide-2-bg-e1400667726929.png\" \/>\n\t<meta property=\"og:image:width\" content=\"1512\" \/>\n\t<meta property=\"og:image:height\" content=\"400\" \/>\n\t<meta property=\"og:image:type\" content=\"image\/png\" \/>\n<meta name=\"twitter:card\" content=\"summary_large_image\" \/>\n<meta name=\"twitter:site\" content=\"@IoBevo\" \/>\n<meta name=\"twitter:label1\" content=\"Tempo di lettura stimato\" \/>\n\t<meta name=\"twitter:data1\" content=\"2 minuti\" \/>\n<script type=\"application\/ld+json\" class=\"yoast-schema-graph\">{\"@context\":\"https:\\\/\\\/schema.org\",\"@graph\":[{\"@type\":\"WebPage\",\"@id\":\"https:\\\/\\\/www.iobevo.com\\\/online\\\/bevo-para-el-ambiente\\\/desarrollo-sostenible\\\/?lang=es\",\"url\":\"https:\\\/\\\/www.iobevo.com\\\/online\\\/bevo-para-el-ambiente\\\/desarrollo-sostenible\\\/?lang=es\",\"name\":\"Desarrollo sostenible - io bevo\u00ae\",\"isPartOf\":{\"@id\":\"https:\\\/\\\/www.iobevo.com\\\/online\\\/#website\"},\"primaryImageOfPage\":{\"@id\":\"https:\\\/\\\/www.iobevo.com\\\/online\\\/bevo-para-el-ambiente\\\/desarrollo-sostenible\\\/?lang=es#primaryimage\"},\"image\":{\"@id\":\"https:\\\/\\\/www.iobevo.com\\\/online\\\/bevo-para-el-ambiente\\\/desarrollo-sostenible\\\/?lang=es#primaryimage\"},\"thumbnailUrl\":\"https:\\\/\\\/www.iobevo.com\\\/online\\\/wp-content\\\/uploads\\\/2014\\\/01\\\/slide-2-bg-e1400667726929.png\",\"datePublished\":\"2014-07-09T14:16:51+00:00\",\"dateModified\":\"2017-08-01T13:01:42+00:00\",\"breadcrumb\":{\"@id\":\"https:\\\/\\\/www.iobevo.com\\\/online\\\/bevo-para-el-ambiente\\\/desarrollo-sostenible\\\/?lang=es#breadcrumb\"},\"inLanguage\":\"it-IT\",\"potentialAction\":[{\"@type\":\"ReadAction\",\"target\":[\"https:\\\/\\\/www.iobevo.com\\\/online\\\/bevo-para-el-ambiente\\\/desarrollo-sostenible\\\/?lang=es\"]}]},{\"@type\":\"ImageObject\",\"inLanguage\":\"it-IT\",\"@id\":\"https:\\\/\\\/www.iobevo.com\\\/online\\\/bevo-para-el-ambiente\\\/desarrollo-sostenible\\\/?lang=es#primaryimage\",\"url\":\"https:\\\/\\\/www.iobevo.com\\\/online\\\/wp-content\\\/uploads\\\/2014\\\/01\\\/slide-2-bg-e1400667726929.png\",\"contentUrl\":\"https:\\\/\\\/www.iobevo.com\\\/online\\\/wp-content\\\/uploads\\\/2014\\\/01\\\/slide-2-bg-e1400667726929.png\",\"width\":1512,\"height\":400},{\"@type\":\"BreadcrumbList\",\"@id\":\"https:\\\/\\\/www.iobevo.com\\\/online\\\/bevo-para-el-ambiente\\\/desarrollo-sostenible\\\/?lang=es#breadcrumb\",\"itemListElement\":[{\"@type\":\"ListItem\",\"position\":1,\"name\":\"io bevo para el ambiente\u00ae\",\"item\":\"https:\\\/\\\/www.iobevo.com\\\/online\\\/bevo-para-el-ambiente\\\/?lang=es\"},{\"@type\":\"ListItem\",\"position\":2,\"name\":\"Desarrollo sostenible\"}]},{\"@type\":\"WebSite\",\"@id\":\"https:\\\/\\\/www.iobevo.com\\\/online\\\/#website\",\"url\":\"https:\\\/\\\/www.iobevo.com\\\/online\\\/\",\"name\":\"io bevo\u00ae\",\"description\":\"Drink Plastic free\",\"publisher\":{\"@id\":\"https:\\\/\\\/www.iobevo.com\\\/online\\\/#organization\"},\"potentialAction\":[{\"@type\":\"SearchAction\",\"target\":{\"@type\":\"EntryPoint\",\"urlTemplate\":\"https:\\\/\\\/www.iobevo.com\\\/online\\\/?s={search_term_string}\"},\"query-input\":{\"@type\":\"PropertyValueSpecification\",\"valueRequired\":true,\"valueName\":\"search_term_string\"}}],\"inLanguage\":\"it-IT\"},{\"@type\":\"Organization\",\"@id\":\"https:\\\/\\\/www.iobevo.com\\\/online\\\/#organization\",\"name\":\"General Beverage\",\"url\":\"https:\\\/\\\/www.iobevo.com\\\/online\\\/\",\"logo\":{\"@type\":\"ImageObject\",\"inLanguage\":\"it-IT\",\"@id\":\"https:\\\/\\\/www.iobevo.com\\\/online\\\/#\\\/schema\\\/logo\\\/image\\\/\",\"url\":\"https:\\\/\\\/www.iobevo.com\\\/online\\\/wp-content\\\/uploads\\\/2014\\\/01\\\/logo_gb_horizontal_grey_160x47.png\",\"contentUrl\":\"https:\\\/\\\/www.iobevo.com\\\/online\\\/wp-content\\\/uploads\\\/2014\\\/01\\\/logo_gb_horizontal_grey_160x47.png\",\"width\":160,\"height\":47,\"caption\":\"General Beverage\"},\"image\":{\"@id\":\"https:\\\/\\\/www.iobevo.com\\\/online\\\/#\\\/schema\\\/logo\\\/image\\\/\"},\"sameAs\":[\"https:\\\/\\\/x.com\\\/IoBevo\"]}]}<\/script>\n<!-- \/ Yoast SEO plugin. -->","yoast_head_json":{"title":"Desarrollo sostenible - io bevo\u00ae","robots":{"index":"index","follow":"follow","max-snippet":"max-snippet:-1","max-image-preview":"max-image-preview:large","max-video-preview":"max-video-preview:-1"},"canonical":"https:\/\/www.iobevo.com\/online\/bevo-para-el-ambiente\/desarrollo-sostenible\/?lang=es","og_locale":"it_IT","og_type":"article","og_title":"Desarrollo sostenible - io bevo\u00ae","og_description":"La definici\u00f3n, actualmente aceptada por la mayor\u00eda de desarrollo sosteniblese encuentra en informe Brundtland, elaborado en 1987 por la Comisi\u00f3n mundial sobre el medio ambiente y desarrollo, y que debe su nombre al entonces Primer Ministro noruego Gro Harlem Brundtland, que dirig\u00eda las sesiones: El desarrollo sostenible, lejos de ser [&hellip;]","og_url":"https:\/\/www.iobevo.com\/online\/bevo-para-el-ambiente\/desarrollo-sostenible\/?lang=es","og_site_name":"io bevo\u00ae","article_modified_time":"2017-08-01T13:01:42+00:00","og_image":[{"width":1512,"height":400,"url":"https:\/\/www.iobevo.com\/online\/wp-content\/uploads\/2014\/01\/slide-2-bg-e1400667726929.png","type":"image\/png"}],"twitter_card":"summary_large_image","twitter_site":"@IoBevo","twitter_misc":{"Tempo di lettura stimato":"2 minuti"},"schema":{"@context":"https:\/\/schema.org","@graph":[{"@type":"WebPage","@id":"https:\/\/www.iobevo.com\/online\/bevo-para-el-ambiente\/desarrollo-sostenible\/?lang=es","url":"https:\/\/www.iobevo.com\/online\/bevo-para-el-ambiente\/desarrollo-sostenible\/?lang=es","name":"Desarrollo sostenible - io bevo\u00ae","isPartOf":{"@id":"https:\/\/www.iobevo.com\/online\/#website"},"primaryImageOfPage":{"@id":"https:\/\/www.iobevo.com\/online\/bevo-para-el-ambiente\/desarrollo-sostenible\/?lang=es#primaryimage"},"image":{"@id":"https:\/\/www.iobevo.com\/online\/bevo-para-el-ambiente\/desarrollo-sostenible\/?lang=es#primaryimage"},"thumbnailUrl":"https:\/\/www.iobevo.com\/online\/wp-content\/uploads\/2014\/01\/slide-2-bg-e1400667726929.png","datePublished":"2014-07-09T14:16:51+00:00","dateModified":"2017-08-01T13:01:42+00:00","breadcrumb":{"@id":"https:\/\/www.iobevo.com\/online\/bevo-para-el-ambiente\/desarrollo-sostenible\/?lang=es#breadcrumb"},"inLanguage":"it-IT","potentialAction":[{"@type":"ReadAction","target":["https:\/\/www.iobevo.com\/online\/bevo-para-el-ambiente\/desarrollo-sostenible\/?lang=es"]}]},{"@type":"ImageObject","inLanguage":"it-IT","@id":"https:\/\/www.iobevo.com\/online\/bevo-para-el-ambiente\/desarrollo-sostenible\/?lang=es#primaryimage","url":"https:\/\/www.iobevo.com\/online\/wp-content\/uploads\/2014\/01\/slide-2-bg-e1400667726929.png","contentUrl":"https:\/\/www.iobevo.com\/online\/wp-content\/uploads\/2014\/01\/slide-2-bg-e1400667726929.png","width":1512,"height":400},{"@type":"BreadcrumbList","@id":"https:\/\/www.iobevo.com\/online\/bevo-para-el-ambiente\/desarrollo-sostenible\/?lang=es#breadcrumb","itemListElement":[{"@type":"ListItem","position":1,"name":"io bevo para el ambiente\u00ae","item":"https:\/\/www.iobevo.com\/online\/bevo-para-el-ambiente\/?lang=es"},{"@type":"ListItem","position":2,"name":"Desarrollo sostenible"}]},{"@type":"WebSite","@id":"https:\/\/www.iobevo.com\/online\/#website","url":"https:\/\/www.iobevo.com\/online\/","name":"io bevo\u00ae","description":"Drink Plastic free","publisher":{"@id":"https:\/\/www.iobevo.com\/online\/#organization"},"potentialAction":[{"@type":"SearchAction","target":{"@type":"EntryPoint","urlTemplate":"https:\/\/www.iobevo.com\/online\/?s={search_term_string}"},"query-input":{"@type":"PropertyValueSpecification","valueRequired":true,"valueName":"search_term_string"}}],"inLanguage":"it-IT"},{"@type":"Organization","@id":"https:\/\/www.iobevo.com\/online\/#organization","name":"General Beverage","url":"https:\/\/www.iobevo.com\/online\/","logo":{"@type":"ImageObject","inLanguage":"it-IT","@id":"https:\/\/www.iobevo.com\/online\/#\/schema\/logo\/image\/","url":"https:\/\/www.iobevo.com\/online\/wp-content\/uploads\/2014\/01\/logo_gb_horizontal_grey_160x47.png","contentUrl":"https:\/\/www.iobevo.com\/online\/wp-content\/uploads\/2014\/01\/logo_gb_horizontal_grey_160x47.png","width":160,"height":47,"caption":"General Beverage"},"image":{"@id":"https:\/\/www.iobevo.com\/online\/#\/schema\/logo\/image\/"},"sameAs":["https:\/\/x.com\/IoBevo"]}]}},"_links":{"self":[{"href":"https:\/\/www.iobevo.com\/online\/wp-json\/wp\/v2\/pages\/6530","targetHints":{"allow":["GET"]}}],"collection":[{"href":"https:\/\/www.iobevo.com\/online\/wp-json\/wp\/v2\/pages"}],"about":[{"href":"https:\/\/www.iobevo.com\/online\/wp-json\/wp\/v2\/types\/page"}],"author":[{"embeddable":true,"href":"https:\/\/www.iobevo.com\/online\/wp-json\/wp\/v2\/users\/58"}],"replies":[{"embeddable":true,"href":"https:\/\/www.iobevo.com\/online\/wp-json\/wp\/v2\/comments?post=6530"}],"version-history":[{"count":0,"href":"https:\/\/www.iobevo.com\/online\/wp-json\/wp\/v2\/pages\/6530\/revisions"}],"up":[{"embeddable":true,"href":"https:\/\/www.iobevo.com\/online\/wp-json\/wp\/v2\/pages\/6523"}],"wp:featuredmedia":[{"embeddable":true,"href":"https:\/\/www.iobevo.com\/online\/wp-json\/wp\/v2\/media\/2831"}],"wp:attachment":[{"href":"https:\/\/www.iobevo.com\/online\/wp-json\/wp\/v2\/media?parent=6530"}],"curies":[{"name":"wp","href":"https:\/\/api.w.org\/{rel}","templated":true}]}}