{"id":6534,"date":"2014-07-09T14:17:58","date_gmt":"2014-07-09T14:17:58","guid":{"rendered":"http:\/\/www.iobevo.com\/online\/?page_id=6534"},"modified":"2014-07-17T10:22:54","modified_gmt":"2014-07-17T10:22:54","slug":"premios-institucionales","status":"publish","type":"page","link":"https:\/\/www.iobevo.com\/online\/bevo-para-el-ambiente\/premios-institucionales\/?lang=es","title":{"rendered":"Premios institucionales"},"content":{"rendered":"<p>La compa\u00f1\u00eda ha obtenido <strong>prestigiosos premios institucionales<\/strong>. Ha sido premiada por la regi\u00f3n Toscana, entre m\u00e1s de 200 compa\u00f1\u00edas, con el <strong>1\u00b0 Premio Toscana Ecoefficiente\u00a0<\/strong>2005, ha obtenido la Menci\u00f3n Especial, en la categor\u00eda &#8220;mejor producto&#8221;, del <strong>Premio Empresa Ambiente<\/strong> 2005, promovido por el Ministerio del Medio Ambiente y de la Tutela del Territorio y del Ministerio de Actividades Productivas, la Menci\u00f3n del Premio por la reducci\u00f3n de desperdicios dela Provincia de Florencia enel 2007, ha sido se\u00f1alada en 2009 entre las primeras diez compa\u00f1\u00edas por el <strong>Premio Desarrollo Sostenible<\/strong> promovido por la Fundaci\u00f3n Sviluppo Sostenibile e da Ecomondo, con el apoyo del Presidente de la Rep\u00fablica.<\/p>\n<div class=\"one_third\"><a href=\"http:\/\/www.regione.toscana.it\/cittadini\/ambiente\" target=\"_blank\"><img decoding=\"async\" class=\"alignnone wp-image-3687 size-full\" src=\"http:\/\/iobevo.com\/online\/wp-content\/uploads\/2014\/05\/toscana_ecoefficiente1.jpg\" alt=\"toscana_ecoefficiente\" width=\"259\" height=\"100\" \/><\/a><\/div>\n<div class=\"one_third\"><a href=\"http:\/\/www.premioimpresambiente.it\/\" target=\"_blank\"><img decoding=\"async\" class=\"alignnone wp-image-3689 size-full\" style=\"padding: 0px 0px 0px 50px;\" src=\"http:\/\/iobevo.com\/online\/wp-content\/uploads\/2014\/05\/premio_impresa_ambiente.jpg\" alt=\"premio_impresa_ambiente\" width=\"139\" height=\"100\" \/><\/a><\/div>\n<div class=\"one_third last\"><a href=\"http:\/\/www.fondazionesvilupposostenibile.org\/\" target=\"_blank\"><img decoding=\"async\" class=\"alignnone wp-image-3684 size-full\" src=\"http:\/\/iobevo.com\/online\/wp-content\/uploads\/2014\/05\/fondazione_sviluppo_sosteni.jpg\" alt=\"fondazione_sviluppo_sostenibile\" width=\"182\" height=\"100\" srcset=\"https:\/\/www.iobevo.com\/online\/wp-content\/uploads\/2014\/05\/fondazione_sviluppo_sosteni.jpg 182w, https:\/\/www.iobevo.com\/online\/wp-content\/uploads\/2014\/05\/fondazione_sviluppo_sosteni-180x100.jpg 180w\" sizes=\"(max-width: 182px) 100vw, 182px\" \/><\/a><\/div>\n<div class=\"clear\"><\/div>\n","protected":false},"excerpt":{"rendered":"<p>La compa\u00f1\u00eda ha obtenido prestigiosos premios institucionales. Ha sido premiada por la regi\u00f3n Toscana, entre m\u00e1s de 200 compa\u00f1\u00edas, con el 1\u00b0 Premio Toscana Ecoefficiente\u00a02005, ha obtenido la Menci\u00f3n Especial, en la categor\u00eda &#8220;mejor producto&#8221;, del Premio Empresa Ambiente 2005, promovido por el Ministerio del Medio Ambiente y de la [&hellip;]<\/p>\n","protected":false},"author":58,"featured_media":2831,"parent":6523,"menu_order":5,"comment_status":"open","ping_status":"closed","template":"","meta":{"footnotes":""},"class_list":["post-6534","page","type-page","status-publish","has-post-thumbnail","hentry"],"yoast_head":"<!-- This site is optimized with the Yoast SEO plugin v27.5 - https:\/\/yoast.com\/product\/yoast-seo-wordpress\/ -->\n<title>Premios institucionales - io bevo\u00ae<\/title>\n<meta name=\"robots\" content=\"index, follow, max-snippet:-1, max-image-preview:large, max-video-preview:-1\" \/>\n<link rel=\"canonical\" href=\"https:\/\/www.iobevo.com\/online\/bevo-para-el-ambiente\/premios-institucionales\/?lang=es\" \/>\n<meta property=\"og:locale\" content=\"it_IT\" \/>\n<meta property=\"og:type\" content=\"article\" \/>\n<meta property=\"og:title\" content=\"Premios institucionales - io bevo\u00ae\" \/>\n<meta property=\"og:description\" content=\"La compa\u00f1\u00eda ha obtenido prestigiosos premios institucionales. Ha sido premiada por la regi\u00f3n Toscana, entre m\u00e1s de 200 compa\u00f1\u00edas, con el 1\u00b0 Premio Toscana Ecoefficiente\u00a02005, ha obtenido la Menci\u00f3n Especial, en la categor\u00eda &#8220;mejor producto&#8221;, del Premio Empresa Ambiente 2005, promovido por el Ministerio del Medio Ambiente y de la [&hellip;]\" \/>\n<meta property=\"og:url\" content=\"https:\/\/www.iobevo.com\/online\/bevo-para-el-ambiente\/premios-institucionales\/?lang=es\" \/>\n<meta property=\"og:site_name\" content=\"io bevo\u00ae\" \/>\n<meta property=\"article:modified_time\" content=\"2014-07-17T10:22:54+00:00\" \/>\n<meta property=\"og:image\" content=\"https:\/\/www.iobevo.com\/online\/wp-content\/uploads\/2014\/01\/slide-2-bg-e1400667726929.png\" \/>\n\t<meta property=\"og:image:width\" content=\"1512\" \/>\n\t<meta property=\"og:image:height\" content=\"400\" \/>\n\t<meta property=\"og:image:type\" content=\"image\/png\" \/>\n<meta name=\"twitter:card\" content=\"summary_large_image\" \/>\n<meta name=\"twitter:site\" content=\"@IoBevo\" \/>\n<meta name=\"twitter:label1\" content=\"Tempo di lettura stimato\" \/>\n\t<meta name=\"twitter:data1\" content=\"1 minuto\" \/>\n<script type=\"application\/ld+json\" class=\"yoast-schema-graph\">{\"@context\":\"https:\\\/\\\/schema.org\",\"@graph\":[{\"@type\":\"WebPage\",\"@id\":\"https:\\\/\\\/www.iobevo.com\\\/online\\\/bevo-para-el-ambiente\\\/premios-institucionales\\\/?lang=es\",\"url\":\"https:\\\/\\\/www.iobevo.com\\\/online\\\/bevo-para-el-ambiente\\\/premios-institucionales\\\/?lang=es\",\"name\":\"Premios institucionales - io bevo\u00ae\",\"isPartOf\":{\"@id\":\"https:\\\/\\\/www.iobevo.com\\\/online\\\/#website\"},\"primaryImageOfPage\":{\"@id\":\"https:\\\/\\\/www.iobevo.com\\\/online\\\/bevo-para-el-ambiente\\\/premios-institucionales\\\/?lang=es#primaryimage\"},\"image\":{\"@id\":\"https:\\\/\\\/www.iobevo.com\\\/online\\\/bevo-para-el-ambiente\\\/premios-institucionales\\\/?lang=es#primaryimage\"},\"thumbnailUrl\":\"https:\\\/\\\/www.iobevo.com\\\/online\\\/wp-content\\\/uploads\\\/2014\\\/01\\\/slide-2-bg-e1400667726929.png\",\"datePublished\":\"2014-07-09T14:17:58+00:00\",\"dateModified\":\"2014-07-17T10:22:54+00:00\",\"breadcrumb\":{\"@id\":\"https:\\\/\\\/www.iobevo.com\\\/online\\\/bevo-para-el-ambiente\\\/premios-institucionales\\\/?lang=es#breadcrumb\"},\"inLanguage\":\"it-IT\",\"potentialAction\":[{\"@type\":\"ReadAction\",\"target\":[\"https:\\\/\\\/www.iobevo.com\\\/online\\\/bevo-para-el-ambiente\\\/premios-institucionales\\\/?lang=es\"]}]},{\"@type\":\"ImageObject\",\"inLanguage\":\"it-IT\",\"@id\":\"https:\\\/\\\/www.iobevo.com\\\/online\\\/bevo-para-el-ambiente\\\/premios-institucionales\\\/?lang=es#primaryimage\",\"url\":\"https:\\\/\\\/www.iobevo.com\\\/online\\\/wp-content\\\/uploads\\\/2014\\\/01\\\/slide-2-bg-e1400667726929.png\",\"contentUrl\":\"https:\\\/\\\/www.iobevo.com\\\/online\\\/wp-content\\\/uploads\\\/2014\\\/01\\\/slide-2-bg-e1400667726929.png\",\"width\":1512,\"height\":400},{\"@type\":\"BreadcrumbList\",\"@id\":\"https:\\\/\\\/www.iobevo.com\\\/online\\\/bevo-para-el-ambiente\\\/premios-institucionales\\\/?lang=es#breadcrumb\",\"itemListElement\":[{\"@type\":\"ListItem\",\"position\":1,\"name\":\"io bevo para el ambiente\u00ae\",\"item\":\"https:\\\/\\\/www.iobevo.com\\\/online\\\/bevo-para-el-ambiente\\\/?lang=es\"},{\"@type\":\"ListItem\",\"position\":2,\"name\":\"Premios institucionales\"}]},{\"@type\":\"WebSite\",\"@id\":\"https:\\\/\\\/www.iobevo.com\\\/online\\\/#website\",\"url\":\"https:\\\/\\\/www.iobevo.com\\\/online\\\/\",\"name\":\"io bevo\u00ae\",\"description\":\"Drink Plastic free\",\"publisher\":{\"@id\":\"https:\\\/\\\/www.iobevo.com\\\/online\\\/#organization\"},\"potentialAction\":[{\"@type\":\"SearchAction\",\"target\":{\"@type\":\"EntryPoint\",\"urlTemplate\":\"https:\\\/\\\/www.iobevo.com\\\/online\\\/?s={search_term_string}\"},\"query-input\":{\"@type\":\"PropertyValueSpecification\",\"valueRequired\":true,\"valueName\":\"search_term_string\"}}],\"inLanguage\":\"it-IT\"},{\"@type\":\"Organization\",\"@id\":\"https:\\\/\\\/www.iobevo.com\\\/online\\\/#organization\",\"name\":\"General Beverage\",\"url\":\"https:\\\/\\\/www.iobevo.com\\\/online\\\/\",\"logo\":{\"@type\":\"ImageObject\",\"inLanguage\":\"it-IT\",\"@id\":\"https:\\\/\\\/www.iobevo.com\\\/online\\\/#\\\/schema\\\/logo\\\/image\\\/\",\"url\":\"https:\\\/\\\/www.iobevo.com\\\/online\\\/wp-content\\\/uploads\\\/2014\\\/01\\\/logo_gb_horizontal_grey_160x47.png\",\"contentUrl\":\"https:\\\/\\\/www.iobevo.com\\\/online\\\/wp-content\\\/uploads\\\/2014\\\/01\\\/logo_gb_horizontal_grey_160x47.png\",\"width\":160,\"height\":47,\"caption\":\"General Beverage\"},\"image\":{\"@id\":\"https:\\\/\\\/www.iobevo.com\\\/online\\\/#\\\/schema\\\/logo\\\/image\\\/\"},\"sameAs\":[\"https:\\\/\\\/x.com\\\/IoBevo\"]}]}<\/script>\n<!-- \/ Yoast SEO plugin. -->","yoast_head_json":{"title":"Premios institucionales - io bevo\u00ae","robots":{"index":"index","follow":"follow","max-snippet":"max-snippet:-1","max-image-preview":"max-image-preview:large","max-video-preview":"max-video-preview:-1"},"canonical":"https:\/\/www.iobevo.com\/online\/bevo-para-el-ambiente\/premios-institucionales\/?lang=es","og_locale":"it_IT","og_type":"article","og_title":"Premios institucionales - io bevo\u00ae","og_description":"La compa\u00f1\u00eda ha obtenido prestigiosos premios institucionales. Ha sido premiada por la regi\u00f3n Toscana, entre m\u00e1s de 200 compa\u00f1\u00edas, con el 1\u00b0 Premio Toscana Ecoefficiente\u00a02005, ha obtenido la Menci\u00f3n Especial, en la categor\u00eda &#8220;mejor producto&#8221;, del Premio Empresa Ambiente 2005, promovido por el Ministerio del Medio Ambiente y de la [&hellip;]","og_url":"https:\/\/www.iobevo.com\/online\/bevo-para-el-ambiente\/premios-institucionales\/?lang=es","og_site_name":"io bevo\u00ae","article_modified_time":"2014-07-17T10:22:54+00:00","og_image":[{"width":1512,"height":400,"url":"https:\/\/www.iobevo.com\/online\/wp-content\/uploads\/2014\/01\/slide-2-bg-e1400667726929.png","type":"image\/png"}],"twitter_card":"summary_large_image","twitter_site":"@IoBevo","twitter_misc":{"Tempo di lettura stimato":"1 minuto"},"schema":{"@context":"https:\/\/schema.org","@graph":[{"@type":"WebPage","@id":"https:\/\/www.iobevo.com\/online\/bevo-para-el-ambiente\/premios-institucionales\/?lang=es","url":"https:\/\/www.iobevo.com\/online\/bevo-para-el-ambiente\/premios-institucionales\/?lang=es","name":"Premios institucionales - io bevo\u00ae","isPartOf":{"@id":"https:\/\/www.iobevo.com\/online\/#website"},"primaryImageOfPage":{"@id":"https:\/\/www.iobevo.com\/online\/bevo-para-el-ambiente\/premios-institucionales\/?lang=es#primaryimage"},"image":{"@id":"https:\/\/www.iobevo.com\/online\/bevo-para-el-ambiente\/premios-institucionales\/?lang=es#primaryimage"},"thumbnailUrl":"https:\/\/www.iobevo.com\/online\/wp-content\/uploads\/2014\/01\/slide-2-bg-e1400667726929.png","datePublished":"2014-07-09T14:17:58+00:00","dateModified":"2014-07-17T10:22:54+00:00","breadcrumb":{"@id":"https:\/\/www.iobevo.com\/online\/bevo-para-el-ambiente\/premios-institucionales\/?lang=es#breadcrumb"},"inLanguage":"it-IT","potentialAction":[{"@type":"ReadAction","target":["https:\/\/www.iobevo.com\/online\/bevo-para-el-ambiente\/premios-institucionales\/?lang=es"]}]},{"@type":"ImageObject","inLanguage":"it-IT","@id":"https:\/\/www.iobevo.com\/online\/bevo-para-el-ambiente\/premios-institucionales\/?lang=es#primaryimage","url":"https:\/\/www.iobevo.com\/online\/wp-content\/uploads\/2014\/01\/slide-2-bg-e1400667726929.png","contentUrl":"https:\/\/www.iobevo.com\/online\/wp-content\/uploads\/2014\/01\/slide-2-bg-e1400667726929.png","width":1512,"height":400},{"@type":"BreadcrumbList","@id":"https:\/\/www.iobevo.com\/online\/bevo-para-el-ambiente\/premios-institucionales\/?lang=es#breadcrumb","itemListElement":[{"@type":"ListItem","position":1,"name":"io bevo para el ambiente\u00ae","item":"https:\/\/www.iobevo.com\/online\/bevo-para-el-ambiente\/?lang=es"},{"@type":"ListItem","position":2,"name":"Premios institucionales"}]},{"@type":"WebSite","@id":"https:\/\/www.iobevo.com\/online\/#website","url":"https:\/\/www.iobevo.com\/online\/","name":"io bevo\u00ae","description":"Drink Plastic free","publisher":{"@id":"https:\/\/www.iobevo.com\/online\/#organization"},"potentialAction":[{"@type":"SearchAction","target":{"@type":"EntryPoint","urlTemplate":"https:\/\/www.iobevo.com\/online\/?s={search_term_string}"},"query-input":{"@type":"PropertyValueSpecification","valueRequired":true,"valueName":"search_term_string"}}],"inLanguage":"it-IT"},{"@type":"Organization","@id":"https:\/\/www.iobevo.com\/online\/#organization","name":"General Beverage","url":"https:\/\/www.iobevo.com\/online\/","logo":{"@type":"ImageObject","inLanguage":"it-IT","@id":"https:\/\/www.iobevo.com\/online\/#\/schema\/logo\/image\/","url":"https:\/\/www.iobevo.com\/online\/wp-content\/uploads\/2014\/01\/logo_gb_horizontal_grey_160x47.png","contentUrl":"https:\/\/www.iobevo.com\/online\/wp-content\/uploads\/2014\/01\/logo_gb_horizontal_grey_160x47.png","width":160,"height":47,"caption":"General Beverage"},"image":{"@id":"https:\/\/www.iobevo.com\/online\/#\/schema\/logo\/image\/"},"sameAs":["https:\/\/x.com\/IoBevo"]}]}},"_links":{"self":[{"href":"https:\/\/www.iobevo.com\/online\/wp-json\/wp\/v2\/pages\/6534","targetHints":{"allow":["GET"]}}],"collection":[{"href":"https:\/\/www.iobevo.com\/online\/wp-json\/wp\/v2\/pages"}],"about":[{"href":"https:\/\/www.iobevo.com\/online\/wp-json\/wp\/v2\/types\/page"}],"author":[{"embeddable":true,"href":"https:\/\/www.iobevo.com\/online\/wp-json\/wp\/v2\/users\/58"}],"replies":[{"embeddable":true,"href":"https:\/\/www.iobevo.com\/online\/wp-json\/wp\/v2\/comments?post=6534"}],"version-history":[{"count":0,"href":"https:\/\/www.iobevo.com\/online\/wp-json\/wp\/v2\/pages\/6534\/revisions"}],"up":[{"embeddable":true,"href":"https:\/\/www.iobevo.com\/online\/wp-json\/wp\/v2\/pages\/6523"}],"wp:featuredmedia":[{"embeddable":true,"href":"https:\/\/www.iobevo.com\/online\/wp-json\/wp\/v2\/media\/2831"}],"wp:attachment":[{"href":"https:\/\/www.iobevo.com\/online\/wp-json\/wp\/v2\/media?parent=6534"}],"curies":[{"name":"wp","href":"https:\/\/api.w.org\/{rel}","templated":true}]}}