{"id":6538,"date":"2014-07-09T14:20:44","date_gmt":"2014-07-09T14:20:44","guid":{"rendered":"http:\/\/www.iobevo.com\/online\/?page_id=6538"},"modified":"2017-08-05T23:09:51","modified_gmt":"2017-08-05T21:09:51","slug":"zuppa","status":"publish","type":"page","link":"https:\/\/www.iobevo.com\/online\/servicios\/zuppa\/?lang=es","title":{"rendered":"io zuppa\u00ae"},"content":{"rendered":"<h4>Hechas como en Casa<\/h4>\n<p><span class=\"responsive\"><img decoding=\"async\" class=\"alignleft wp-image-3173 size-medium\" src=\"http:\/\/www.iobevo.com\/online\/wp-content\/uploads\/2014\/01\/servizio-io-zuppa-300x124.jpg\" alt=\"servizio-io-zuppa\" width=\"300\" height=\"124\" srcset=\"https:\/\/www.iobevo.com\/online\/wp-content\/uploads\/2014\/01\/servizio-io-zuppa-300x124.jpg 300w, https:\/\/www.iobevo.com\/online\/wp-content\/uploads\/2014\/01\/servizio-io-zuppa.jpg 700w\" sizes=\"(max-width: 300px) 100vw, 300px\" \/><\/span>Sopas hechas con ingredientes naturales y recetas tradicionales y despu\u00e9s deshidratadas con el fin de asegurar la mejor combinaci\u00f3n de calidad organol\u00e9ptica y facilidad de uso.Las sopas se preparan al instante, con nuestros equipos espec\u00edficos.<\/p>\n<p>Las principales ventajas de la utilizaci\u00f3n de los preparados est\u00e1n relacionadas con la posibilidad dedistribuir las sopas de calidad en modo instant\u00e1neo y automatizado, sin preparaci\u00f3n, y sin desperdiciar el producto. La f\u00f3rmula que sugerimos, es la realizaci\u00f3n de un &#8220;Corner sopas&#8221;, que se caracteriza por la presencia de al menos 3 soperas thermo climatizada, ofrecida gratuitamente por <span class=\"mark1\">io<\/span> <span class=\"mark2\">bevo<\/span><span class=\"mark3\">\u00ae<\/span> Espana S.L.<\/p>\n<p>Las tres sopas del d\u00eda ser\u00e1n diferentes de acuerdo con un men\u00fa semanal variado y articulad. Se presenta, adem\u00e1s de la posibilidad de tener la variedad de sopas individuales, se pueden desarrollar recetas personalizadas.<\/p>\n<div class=\"gap\" style=\"height: 30px;\"><\/div>\n<div class=\"one_half\"><h3 class=\"title\"><span>Productos<\/span><\/h3><div class=\"latest-portfolio negative-wrap\"><div class=\"portfolio-item four columns\"><div class=\"portfolio-it\">\n\t\t\t\t  \t\t<a href=\"https:\/\/www.iobevo.com\/online\/portfolio-item\/preparati-per-zuppe-istantanee\/\" title=\"Zuppe io zuppa\u00ae\"><span class=\"portfolio-pic\"><img decoding=\"async\" src=\"https:\/\/www.iobevo.com\/online\/wp-content\/uploads\/2014\/04\/preparati-per-passati-e-zup-460x300.jpg\" \/><div class=\"portfolio-overlay\"><span class=\"overlay-link\"><\/span><\/div><\/span><\/a>\n\t\t\t\t  \t\t<a href=\"https:\/\/www.iobevo.com\/online\/portfolio-item\/preparati-per-zuppe-istantanee\/\" title=\"Zuppe io zuppa\u00ae\" class=\"portfolio-title\"><h4>Zuppe io zuppa\u00ae<\/h4><span>Preparati per zuppe istantanee<\/span><\/a>\n\t\t\t\t  \t<\/div><\/div><\/div><div class=\"clear\"><\/div><\/div>\n<div class=\"one_half last\"><h3 class=\"title\"><span>Distribuidores<\/span><\/h3><div class=\"latest-portfolio negative-wrap\"><div class=\"portfolio-item four columns\"><div class=\"portfolio-it\">\n\t\t\t\t  \t\t<a href=\"https:\/\/www.iobevo.com\/online\/portfolio-item\/big5-catering-ristosano\/\" title=\"Big5 Catering RistoSano\u00ae\"><span class=\"portfolio-pic\"><img decoding=\"async\" src=\"https:\/\/www.iobevo.com\/online\/wp-content\/uploads\/2014\/04\/big5_catering_ristosano.jpg\" \/><div class=\"portfolio-overlay\"><span class=\"overlay-link\"><\/span><\/div><\/span><\/a>\n\t\t\t\t  \t\t<a href=\"https:\/\/www.iobevo.com\/online\/portfolio-item\/big5-catering-ristosano\/\" title=\"Big5 Catering RistoSano\u00ae\" class=\"portfolio-title\"><h4>Big5 Catering RistoSano\u00ae<\/h4><span>RistoSano per alimenti omogenei<\/span><\/a>\n\t\t\t\t  \t<\/div><\/div><\/div><div class=\"clear\"><\/div><\/div>\n<div class=\"clear\"><\/div>\n","protected":false},"excerpt":{"rendered":"<p>Hechas como en Casa Sopas hechas con ingredientes naturales y recetas tradicionales y despu\u00e9s deshidratadas con el fin de asegurar la mejor combinaci\u00f3n de calidad organol\u00e9ptica y facilidad de uso.Las sopas se preparan al instante, con nuestros equipos espec\u00edficos. Las principales ventajas de la utilizaci\u00f3n de los preparados est\u00e1n relacionadas [&hellip;]<\/p>\n","protected":false},"author":58,"featured_media":2831,"parent":6536,"menu_order":1,"comment_status":"open","ping_status":"closed","template":"","meta":{"footnotes":""},"class_list":["post-6538","page","type-page","status-publish","has-post-thumbnail","hentry"],"yoast_head":"<!-- This site is optimized with the Yoast SEO plugin v27.4 - https:\/\/yoast.com\/product\/yoast-seo-wordpress\/ -->\n<title>io zuppa\u00ae - io bevo\u00ae<\/title>\n<meta name=\"robots\" content=\"index, follow, max-snippet:-1, max-image-preview:large, max-video-preview:-1\" \/>\n<link rel=\"canonical\" href=\"https:\/\/www.iobevo.com\/online\/servicios\/zuppa\/?lang=es\" \/>\n<meta property=\"og:locale\" content=\"it_IT\" \/>\n<meta property=\"og:type\" content=\"article\" \/>\n<meta property=\"og:title\" content=\"io zuppa\u00ae - io bevo\u00ae\" \/>\n<meta property=\"og:description\" content=\"Hechas como en Casa Sopas hechas con ingredientes naturales y recetas tradicionales y despu\u00e9s deshidratadas con el fin de asegurar la mejor combinaci\u00f3n de calidad organol\u00e9ptica y facilidad de uso.Las sopas se preparan al instante, con nuestros equipos espec\u00edficos. Las principales ventajas de la utilizaci\u00f3n de los preparados est\u00e1n relacionadas [&hellip;]\" \/>\n<meta property=\"og:url\" content=\"https:\/\/www.iobevo.com\/online\/servicios\/zuppa\/?lang=es\" \/>\n<meta property=\"og:site_name\" content=\"io bevo\u00ae\" \/>\n<meta property=\"article:modified_time\" content=\"2017-08-05T21:09:51+00:00\" \/>\n<meta property=\"og:image\" content=\"https:\/\/www.iobevo.com\/online\/wp-content\/uploads\/2014\/01\/slide-2-bg-e1400667726929.png\" \/>\n\t<meta property=\"og:image:width\" content=\"1512\" \/>\n\t<meta property=\"og:image:height\" content=\"400\" \/>\n\t<meta property=\"og:image:type\" content=\"image\/png\" \/>\n<meta name=\"twitter:card\" content=\"summary_large_image\" \/>\n<meta name=\"twitter:site\" content=\"@IoBevo\" \/>\n<meta name=\"twitter:label1\" content=\"Tempo di lettura stimato\" \/>\n\t<meta name=\"twitter:data1\" content=\"1 minuto\" \/>\n<script type=\"application\/ld+json\" class=\"yoast-schema-graph\">{\"@context\":\"https:\\\/\\\/schema.org\",\"@graph\":[{\"@type\":\"WebPage\",\"@id\":\"https:\\\/\\\/www.iobevo.com\\\/online\\\/servicios\\\/zuppa\\\/?lang=es\",\"url\":\"https:\\\/\\\/www.iobevo.com\\\/online\\\/servicios\\\/zuppa\\\/?lang=es\",\"name\":\"io zuppa\u00ae - io bevo\u00ae\",\"isPartOf\":{\"@id\":\"https:\\\/\\\/www.iobevo.com\\\/online\\\/#website\"},\"primaryImageOfPage\":{\"@id\":\"https:\\\/\\\/www.iobevo.com\\\/online\\\/servicios\\\/zuppa\\\/?lang=es#primaryimage\"},\"image\":{\"@id\":\"https:\\\/\\\/www.iobevo.com\\\/online\\\/servicios\\\/zuppa\\\/?lang=es#primaryimage\"},\"thumbnailUrl\":\"https:\\\/\\\/www.iobevo.com\\\/online\\\/wp-content\\\/uploads\\\/2014\\\/01\\\/slide-2-bg-e1400667726929.png\",\"datePublished\":\"2014-07-09T14:20:44+00:00\",\"dateModified\":\"2017-08-05T21:09:51+00:00\",\"breadcrumb\":{\"@id\":\"https:\\\/\\\/www.iobevo.com\\\/online\\\/servicios\\\/zuppa\\\/?lang=es#breadcrumb\"},\"inLanguage\":\"it-IT\",\"potentialAction\":[{\"@type\":\"ReadAction\",\"target\":[\"https:\\\/\\\/www.iobevo.com\\\/online\\\/servicios\\\/zuppa\\\/?lang=es\"]}]},{\"@type\":\"ImageObject\",\"inLanguage\":\"it-IT\",\"@id\":\"https:\\\/\\\/www.iobevo.com\\\/online\\\/servicios\\\/zuppa\\\/?lang=es#primaryimage\",\"url\":\"https:\\\/\\\/www.iobevo.com\\\/online\\\/wp-content\\\/uploads\\\/2014\\\/01\\\/slide-2-bg-e1400667726929.png\",\"contentUrl\":\"https:\\\/\\\/www.iobevo.com\\\/online\\\/wp-content\\\/uploads\\\/2014\\\/01\\\/slide-2-bg-e1400667726929.png\",\"width\":1512,\"height\":400},{\"@type\":\"BreadcrumbList\",\"@id\":\"https:\\\/\\\/www.iobevo.com\\\/online\\\/servicios\\\/zuppa\\\/?lang=es#breadcrumb\",\"itemListElement\":[{\"@type\":\"ListItem\",\"position\":1,\"name\":\"Servicios\",\"item\":\"https:\\\/\\\/www.iobevo.com\\\/online\\\/servicios\\\/?lang=es\"},{\"@type\":\"ListItem\",\"position\":2,\"name\":\"io zuppa\u00ae\"}]},{\"@type\":\"WebSite\",\"@id\":\"https:\\\/\\\/www.iobevo.com\\\/online\\\/#website\",\"url\":\"https:\\\/\\\/www.iobevo.com\\\/online\\\/\",\"name\":\"io bevo\u00ae\",\"description\":\"Drink Plastic free\",\"publisher\":{\"@id\":\"https:\\\/\\\/www.iobevo.com\\\/online\\\/#organization\"},\"potentialAction\":[{\"@type\":\"SearchAction\",\"target\":{\"@type\":\"EntryPoint\",\"urlTemplate\":\"https:\\\/\\\/www.iobevo.com\\\/online\\\/?s={search_term_string}\"},\"query-input\":{\"@type\":\"PropertyValueSpecification\",\"valueRequired\":true,\"valueName\":\"search_term_string\"}}],\"inLanguage\":\"it-IT\"},{\"@type\":\"Organization\",\"@id\":\"https:\\\/\\\/www.iobevo.com\\\/online\\\/#organization\",\"name\":\"General Beverage\",\"url\":\"https:\\\/\\\/www.iobevo.com\\\/online\\\/\",\"logo\":{\"@type\":\"ImageObject\",\"inLanguage\":\"it-IT\",\"@id\":\"https:\\\/\\\/www.iobevo.com\\\/online\\\/#\\\/schema\\\/logo\\\/image\\\/\",\"url\":\"https:\\\/\\\/www.iobevo.com\\\/online\\\/wp-content\\\/uploads\\\/2014\\\/01\\\/logo_gb_horizontal_grey_160x47.png\",\"contentUrl\":\"https:\\\/\\\/www.iobevo.com\\\/online\\\/wp-content\\\/uploads\\\/2014\\\/01\\\/logo_gb_horizontal_grey_160x47.png\",\"width\":160,\"height\":47,\"caption\":\"General Beverage\"},\"image\":{\"@id\":\"https:\\\/\\\/www.iobevo.com\\\/online\\\/#\\\/schema\\\/logo\\\/image\\\/\"},\"sameAs\":[\"https:\\\/\\\/x.com\\\/IoBevo\"]}]}<\/script>\n<!-- \/ Yoast SEO plugin. -->","yoast_head_json":{"title":"io zuppa\u00ae - io bevo\u00ae","robots":{"index":"index","follow":"follow","max-snippet":"max-snippet:-1","max-image-preview":"max-image-preview:large","max-video-preview":"max-video-preview:-1"},"canonical":"https:\/\/www.iobevo.com\/online\/servicios\/zuppa\/?lang=es","og_locale":"it_IT","og_type":"article","og_title":"io zuppa\u00ae - io bevo\u00ae","og_description":"Hechas como en Casa Sopas hechas con ingredientes naturales y recetas tradicionales y despu\u00e9s deshidratadas con el fin de asegurar la mejor combinaci\u00f3n de calidad organol\u00e9ptica y facilidad de uso.Las sopas se preparan al instante, con nuestros equipos espec\u00edficos. Las principales ventajas de la utilizaci\u00f3n de los preparados est\u00e1n relacionadas [&hellip;]","og_url":"https:\/\/www.iobevo.com\/online\/servicios\/zuppa\/?lang=es","og_site_name":"io bevo\u00ae","article_modified_time":"2017-08-05T21:09:51+00:00","og_image":[{"width":1512,"height":400,"url":"https:\/\/www.iobevo.com\/online\/wp-content\/uploads\/2014\/01\/slide-2-bg-e1400667726929.png","type":"image\/png"}],"twitter_card":"summary_large_image","twitter_site":"@IoBevo","twitter_misc":{"Tempo di lettura stimato":"1 minuto"},"schema":{"@context":"https:\/\/schema.org","@graph":[{"@type":"WebPage","@id":"https:\/\/www.iobevo.com\/online\/servicios\/zuppa\/?lang=es","url":"https:\/\/www.iobevo.com\/online\/servicios\/zuppa\/?lang=es","name":"io zuppa\u00ae - io bevo\u00ae","isPartOf":{"@id":"https:\/\/www.iobevo.com\/online\/#website"},"primaryImageOfPage":{"@id":"https:\/\/www.iobevo.com\/online\/servicios\/zuppa\/?lang=es#primaryimage"},"image":{"@id":"https:\/\/www.iobevo.com\/online\/servicios\/zuppa\/?lang=es#primaryimage"},"thumbnailUrl":"https:\/\/www.iobevo.com\/online\/wp-content\/uploads\/2014\/01\/slide-2-bg-e1400667726929.png","datePublished":"2014-07-09T14:20:44+00:00","dateModified":"2017-08-05T21:09:51+00:00","breadcrumb":{"@id":"https:\/\/www.iobevo.com\/online\/servicios\/zuppa\/?lang=es#breadcrumb"},"inLanguage":"it-IT","potentialAction":[{"@type":"ReadAction","target":["https:\/\/www.iobevo.com\/online\/servicios\/zuppa\/?lang=es"]}]},{"@type":"ImageObject","inLanguage":"it-IT","@id":"https:\/\/www.iobevo.com\/online\/servicios\/zuppa\/?lang=es#primaryimage","url":"https:\/\/www.iobevo.com\/online\/wp-content\/uploads\/2014\/01\/slide-2-bg-e1400667726929.png","contentUrl":"https:\/\/www.iobevo.com\/online\/wp-content\/uploads\/2014\/01\/slide-2-bg-e1400667726929.png","width":1512,"height":400},{"@type":"BreadcrumbList","@id":"https:\/\/www.iobevo.com\/online\/servicios\/zuppa\/?lang=es#breadcrumb","itemListElement":[{"@type":"ListItem","position":1,"name":"Servicios","item":"https:\/\/www.iobevo.com\/online\/servicios\/?lang=es"},{"@type":"ListItem","position":2,"name":"io zuppa\u00ae"}]},{"@type":"WebSite","@id":"https:\/\/www.iobevo.com\/online\/#website","url":"https:\/\/www.iobevo.com\/online\/","name":"io bevo\u00ae","description":"Drink Plastic free","publisher":{"@id":"https:\/\/www.iobevo.com\/online\/#organization"},"potentialAction":[{"@type":"SearchAction","target":{"@type":"EntryPoint","urlTemplate":"https:\/\/www.iobevo.com\/online\/?s={search_term_string}"},"query-input":{"@type":"PropertyValueSpecification","valueRequired":true,"valueName":"search_term_string"}}],"inLanguage":"it-IT"},{"@type":"Organization","@id":"https:\/\/www.iobevo.com\/online\/#organization","name":"General Beverage","url":"https:\/\/www.iobevo.com\/online\/","logo":{"@type":"ImageObject","inLanguage":"it-IT","@id":"https:\/\/www.iobevo.com\/online\/#\/schema\/logo\/image\/","url":"https:\/\/www.iobevo.com\/online\/wp-content\/uploads\/2014\/01\/logo_gb_horizontal_grey_160x47.png","contentUrl":"https:\/\/www.iobevo.com\/online\/wp-content\/uploads\/2014\/01\/logo_gb_horizontal_grey_160x47.png","width":160,"height":47,"caption":"General Beverage"},"image":{"@id":"https:\/\/www.iobevo.com\/online\/#\/schema\/logo\/image\/"},"sameAs":["https:\/\/x.com\/IoBevo"]}]}},"_links":{"self":[{"href":"https:\/\/www.iobevo.com\/online\/wp-json\/wp\/v2\/pages\/6538","targetHints":{"allow":["GET"]}}],"collection":[{"href":"https:\/\/www.iobevo.com\/online\/wp-json\/wp\/v2\/pages"}],"about":[{"href":"https:\/\/www.iobevo.com\/online\/wp-json\/wp\/v2\/types\/page"}],"author":[{"embeddable":true,"href":"https:\/\/www.iobevo.com\/online\/wp-json\/wp\/v2\/users\/58"}],"replies":[{"embeddable":true,"href":"https:\/\/www.iobevo.com\/online\/wp-json\/wp\/v2\/comments?post=6538"}],"version-history":[{"count":0,"href":"https:\/\/www.iobevo.com\/online\/wp-json\/wp\/v2\/pages\/6538\/revisions"}],"up":[{"embeddable":true,"href":"https:\/\/www.iobevo.com\/online\/wp-json\/wp\/v2\/pages\/6536"}],"wp:featuredmedia":[{"embeddable":true,"href":"https:\/\/www.iobevo.com\/online\/wp-json\/wp\/v2\/media\/2831"}],"wp:attachment":[{"href":"https:\/\/www.iobevo.com\/online\/wp-json\/wp\/v2\/media?parent=6538"}],"curies":[{"name":"wp","href":"https:\/\/api.w.org\/{rel}","templated":true}]}}