{"id":6539,"date":"2014-07-09T14:21:02","date_gmt":"2014-07-09T14:21:02","guid":{"rendered":"http:\/\/www.iobevo.com\/online\/?page_id=6539"},"modified":"2017-12-17T22:31:59","modified_gmt":"2017-12-17T20:31:59","slug":"breakfast","status":"publish","type":"page","link":"https:\/\/www.iobevo.com\/online\/servicios\/breakfast\/?lang=es","title":{"rendered":"io breakfast\u00ae"},"content":{"rendered":"<div class=\"three_fourth\"><span class=\"mark1\">io<\/span> <span class=\"mark2\">breakfast<\/span><span class=\"mark3\">\u00ae<\/span>\u00a0Est\u00e1 dirigido a la <strong>alimentaci\u00f3n para el sector tur\u00edstico<\/strong>, diversificando las propuestas, los formatos y los productos dependiendo del destino y del tipo de hospitalidad. Es una soluci\u00f3n global que puede ser realizada en todo o en parte dependiendo de los contextos, con la posibilidad de ofrecer: <a title=\"Bebidas io buono\" href=\"http:\/\/www.iobevo.com\/online\/es\/productos\/6628-2\/\">bebidas calientes parael desayuno<\/a>, <a title=\"Concentrados para jugos de frutas io fresco\" href=\"http:\/\/www.iobevo.com\/online\/es\/productos\/6636-2\/\">jugos de frutas<\/a>, caf\u00e9, caf\u00e9 americano, agua micro filtrada, bebidas sin alcohol, <a title=\"Concentrados y solubles para bebidas Fairtrade\" href=\"http:\/\/www.iobevo.com\/online\/es\/productos\/concentrados-y-solubles-para-bebidas-fairtrade\/\">bebidas de comercio justo<\/a> para el desayuno.<\/p>\n<p>Cada servicio, integrado en la soluci\u00f3n global o realizado individualmente, prev\u00e9 la <strong>instalaci\u00f3n de los distribuidores en comodato<\/strong>, mantenimiento incluido, suministro de los preparados y la posibilidad de la personalizaci\u00f3n de la comunicaci\u00f3n.<\/p>\n<p>La <strong>propuesta final llave en mano<\/strong> viene <strong>personalizada<\/strong> y diversificada en base a vuestras exigencias:velocidad en la distribuci\u00f3n, soluci\u00f3n autoservicio o con servicio, disponibilidad del caf\u00e9 expreso, bebidas todo incluido, soluci\u00f3n global para el desayuno, y la comida.<\/p>\n<div style=\"padding-top: 15px;\"><\/div>\n<p><span class=\"responsive\"><img fetchpriority=\"high\" decoding=\"async\" class=\"border_radius aligncenter wp-image-2510 size-full\" src=\"http:\/\/www.iobevo.com\/online\/wp-content\/uploads\/2013\/01\/portfolio_io_breakfast.jpg\" alt=\"io breakfast\" width=\"600\" height=\"400\" srcset=\"https:\/\/www.iobevo.com\/online\/wp-content\/uploads\/2013\/01\/portfolio_io_breakfast.jpg 600w, https:\/\/www.iobevo.com\/online\/wp-content\/uploads\/2013\/01\/portfolio_io_breakfast-300x200.jpg 300w\" sizes=\"(max-width: 600px) 100vw, 600px\" \/><\/span>\n<\/div>\n<div class=\"one_fourth last\">\n<div class=\"sidebar-on-right\">\n<div id=\"sidebar\" class=\"four columns\">\n<div id=\"pagelistwidget-51\" class=\"widget smk_sidebar_24dek widget_pagelistwidget\">\n<h3 class=\"title\"><span class=\"1\">Sector del mercado<\/span><\/h3>\n<ul style=\"margin-bottom: 20px;\">\n<li><a title=\"Hoteles\" href=\"http:\/\/iobevo.com\/online\/?page_id=6777\">Hoteles<\/a><\/li>\n<li><a title=\"Modifica \u201cCentros tur\u00edsticos\u201d\" href=\"http:\/\/www.iobevo.com\/online\/wp-admin\/post.php?post=6781&amp;action=edit&amp;lang=es\">Centros tur\u00edsticos<\/a><\/li>\n<li><a title=\"Catering navale\" href=\"http:\/\/iobevo.com\/online\/?page_id=6654\">Catering naval<\/a><\/li>\n<\/ul>\n<\/div>\n<div id=\"pagelistwidget-51\" class=\"widget smk_sidebar_24dek widget_pagelistwidget\">\n<h3 class=\"title\"><span class=\"1\">Productos<\/span><\/h3>\n<ul style=\"margin-bottom: 20px;\">\n<li><a title=\"Solubili per bevande calde Io Buono Bar\" href=\"http:\/\/iobevo.com\/online\/?page_id=6612\">Bebidas calientes bar<\/a><\/li>\n<li><a title=\"Concentrati per succhi di frutta Io Fresco\" href=\"http:\/\/iobevo.com\/online\/?page_id=6636\">Jugos de frutas io fresco\u00ae<\/a><\/li>\n<li><a title=\"Concentrati e solubili per bevande Fairtrade\" href=\"http:\/\/iobevo.com\/online\/?page_id=6632\">Bebidas Fairtrade\u00ae<\/a><\/li>\n<li><a title=\"Caff\u00e8 in grani e macinato\" href=\"http:\/\/iobevo.com\/online\/?page_id=6644\">Caf\u00e9 en grano<\/a><\/li>\n<\/ul>\n<\/div>\n<div id=\"pagelistwidget-51\" class=\"widget smk_sidebar_24dek widget_pagelistwidget\">\n<h3 class=\"title\"><span class=\"1\">Distribuidores<\/span><\/h3>\n<ul style=\"margin-bottom: 20px;\">\n<li><a title=\"Mediterraneo\" href=\"http:\/\/iobevo.com\/online\/?page_id=6805\">Mediterraneo<\/a><\/li>\n<li><a title=\"New fruttamix\" href=\"http:\/\/iobevo.com\/online\/?page_id=6819\">New Fruttamix<\/a><\/li>\n<li><a title=\"Big5 catering io Buono\" href=\"http:\/\/iobevo.com\/online\/?page_id=6831\">Big5 Catering io buono\u00ae<\/a><\/li>\n<li><a title=\"Korinto io espresso\" href=\"http:\/\/iobevo.com\/online\/?page_id=6813\">Korinto<\/a><\/li>\n<li><a title=\"Krea io espresso\" href=\"http:\/\/iobevo.com\/online\/?page_id=6837\">Krea<\/a><\/li>\n<li><a title=\"Korinto Fresh Brew\" href=\"http:\/\/iobevo.com\/online\/?page_id=13016\">New Fruttamix Ni\u00f1os<\/a><\/li>\n<li><a title=\"Korinto Fresh Brew\" href=\"http:\/\/iobevo.com\/online\/?page_id=13021\">Asia Ni\u00f1os Breakfast<\/a><\/li>\n<li><a title=\"Korinto Fresh Brew\" href=\"http:\/\/iobevo.com\/online\/?page_id=13126\">YogoCrema<\/a><\/li>\n<li><a title=\"Korinto Fresh Brew\" href=\"http:\/\/iobevo.com\/online\/?page_id=13149\">Dispenser marmeladas<\/a><\/li>\n<\/ul>\n<\/div>\n<\/div>\n<\/div>\n<\/div>\n<div class=\"clear\"><\/div>\n<div class=\"hr hr3\" style='margin:20px 0px 20px 0px !important;'><\/div>\n<div class=\"one_fourth\"><span class=\"mark1\">io<\/span> <span class=\"mark2\">buono<\/span><span class=\"mark3\">\u00ae<\/span><\/p>\n<div style=\"width: 190px\" class=\"wp-caption alignnone\"><a href=\"http:\/\/iobevo.com\/online\/?page_id=6554\"><img decoding=\"async\" class=\"alignnone\" src=\"http:\/\/iobevo.com\/online\/wp-content\/uploads\/2014\/04\/solubili-per-bevande-bar-150x150.jpg\" alt=\"solubili-per-bevande-iobuono-bar\" width=\"180\" height=\"180\" \/><\/a><p class=\"wp-caption-text\">Bebidas para el desayuno<\/p><\/div>\n<\/div>\n<div class=\"one_fourth\"><span class=\"mark1\">io<\/span> <span class=\"mark2\">espresso<\/span><span class=\"mark3\">\u00ae<\/span><\/p>\n<div style=\"width: 190px\" class=\"wp-caption alignnone\"><a href=\"http:\/\/iobevo.com\/online\/?page_id=6552\"><img decoding=\"async\" class=\"alignnone\" src=\"http:\/\/iobevo.com\/online\/wp-content\/uploads\/2014\/01\/FOTO-21B-180x180.jpg\" alt=\"io espresso, caffe espresso\" width=\"180\" height=\"180\" \/><\/a><p class=\"wp-caption-text\">El verdadero caf\u00e9 expreso<\/p><\/div>\n<\/div>\n<div class=\"one_fourth\"><span class=\"mark2\">fresh brew<\/span><\/p>\n<div style=\"width: 190px\" class=\"wp-caption alignnone\"><a href=\"http:\/\/iobevo.com\/online\/?page_id=6550\"><img loading=\"lazy\" decoding=\"async\" class=\"alignnone\" src=\"http:\/\/iobevo.com\/online\/wp-content\/uploads\/2014\/01\/FOTO-21C-180x180.jpg\" alt=\"fresh brew\" width=\"180\" height=\"180\" \/><\/a><p class=\"wp-caption-text\">El verdadero caf\u00e9 americano<\/p><\/div>\n<\/div>\n<div class=\"one_fourth last\"><span class=\"mark1\">io<\/span> <span class=\"mark2\">fresco<\/span><span class=\"mark3\">\u00ae<\/span><\/p>\n<div style=\"width: 190px\" class=\"wp-caption alignnone\"><a href=\"http:\/\/iobevo.com\/online\/?page_id=6548\"><img loading=\"lazy\" decoding=\"async\" class=\"alignnone\" src=\"http:\/\/iobevo.com\/online\/wp-content\/uploads\/2014\/01\/FOTO-21D-180x180.jpg\" alt=\"succhi di frutta\" width=\"180\" height=\"180\" \/><\/a><p class=\"wp-caption-text\">Jugos de frutas<\/p><\/div>\n<\/div>\n<div class=\"clear\"><\/div>\n<div class=\"one_fourth\"><span class=\"mark1\">io<\/span> <span class=\"mark2\">pura<\/span><span class=\"mark3\">\u00ae<\/span><\/p>\n<div style=\"width: 190px\" class=\"wp-caption alignnone\"><a href=\"http:\/\/iobevo.com\/online\/?page_id=6597\"><img loading=\"lazy\" decoding=\"async\" class=\"alignnone\" src=\"http:\/\/iobevo.com\/online\/wp-content\/uploads\/2014\/01\/FOTO-21E-180x180.jpg\" alt=\"io pura acqua microfiltrata\" width=\"180\" height=\"180\" \/><\/a><p class=\"wp-caption-text\">Agua micro filtrada<\/p><\/div>\n<\/div>\n<div class=\"one_fourth\"><span class=\"mark1\">io<\/span> <span class=\"mark2\">bevo<\/span><span class=\"mark3\">\u00ae<\/span><\/p>\n<div style=\"width: 190px\" class=\"wp-caption alignnone\"><a href=\"http:\/\/iobevo.com\/online\/?page_id=6544\"><img loading=\"lazy\" decoding=\"async\" class=\"alignnone\" src=\"http:\/\/iobevo.com\/online\/wp-content\/uploads\/2014\/01\/FOTO-21F-180x180.jpg\" alt=\"Bevande analcoliche\" width=\"180\" height=\"180\" \/><\/a><p class=\"wp-caption-text\">Bebidas sin alcohol<\/p><\/div>\n<\/div>\n<div class=\"one_fourth\"><span class=\"mark1\">io<\/span>\u00a0<span class=\"mark2\">justo<\/span><\/p>\n<div style=\"width: 190px\" class=\"wp-caption alignnone\"><a href=\"http:\/\/iobevo.com\/online\/?page_id=6546\"><img loading=\"lazy\" decoding=\"async\" class=\"alignnone\" src=\"http:\/\/iobevo.com\/online\/wp-content\/uploads\/2014\/01\/FOTO-87-logo_Fairtrade_R_bianco-copia-180x180.jpg\" alt=\"La colazione equo e solidale Fairtrade\" width=\"180\" height=\"180\" \/><\/a><p class=\"wp-caption-text\">La desayuno de comercio justo<\/p><\/div>\n<\/div>\n<div class=\"one_fourth last\"><span class=\"mark2\">Ti Sana<\/span><\/p>\n<div style=\"width: 190px\" class=\"wp-caption alignnone\"><a href=\"http:\/\/iobevo.com\/online\/?page_id=6542\"><img loading=\"lazy\" decoding=\"async\" class=\"alignnone\" src=\"http:\/\/iobevo.com\/online\/wp-content\/uploads\/2014\/01\/Fotolia_36464772_S-180x180.jpg\" alt=\"Tisane naturali\" width=\"180\" height=\"180\" \/><\/a><p class=\"wp-caption-text\">Infusiones naturales<\/p><\/div>\n<\/div>\n<div class=\"clear\"><\/div>\n<div class=\"one_fourth\">\n<p><span class=\"mark1\">io<\/span> <span class=\"mark2\">Ni\u00f1os<\/span><\/p>\n<div style=\"width: 190px\" class=\"wp-caption alignnone\"><a href=\"https:\/\/www.iobevo.com\/online\/?page_id=13009\"><img loading=\"lazy\" decoding=\"async\" class=\"alignnone\" src=\"http:\/\/www.iobevo.com\/online\/wp-content\/uploads\/2017\/02\/FOTO-IO-BIMBO-1001-180x180.jpg\" alt=\"\" width=\"180\" height=\"180\" \/><\/a><p class=\"wp-caption-text\">Bebidas dedicadas al los ni\u00f1os<\/p><\/div>\n<\/div>\n<div class=\"one_fourth\"><span class=\"mark1\">io<\/span> <span class=\"mark2\">wellness<\/span><\/p>\n<div style=\"width: 190px\" class=\"wp-caption alignnone\"><a href=\"https:\/\/www.iobevo.com\/online\/?page_id=13057\"><img loading=\"lazy\" decoding=\"async\" class=\"alignnone\" src=\"http:\/\/www.iobevo.com\/online\/wp-content\/uploads\/2017\/02\/FOTO-IO-WELLNESS-1002-180x180.jpg\" alt=\"IO WELLNESS\" width=\"180\" height=\"180\" \/><\/a><p class=\"wp-caption-text\">Bebidas bienestar por el desayuno<\/p><\/div>\n<\/div>\n<div class=\"one_fourth\"><span class=\"mark2\">Fruit &amp; Beer<\/span><\/p>\n<div style=\"width: 190px\" class=\"wp-caption alignnone\"><a href=\"https:\/\/www.iobevo.com\/online\/?page_id=13080\"><img loading=\"lazy\" decoding=\"async\" class=\"alignnone\" src=\"http:\/\/www.iobevo.com\/online\/wp-content\/uploads\/2017\/02\/FOTO-FRUIT-6-BEER-1003-180x180.jpg\" alt=\"\" width=\"180\" height=\"180\" \/><\/a><p class=\"wp-caption-text\">Cerveza y bebidas a la fruta<\/p><\/div>\n<\/div>\n<div class=\"one_fourth last\"><span class=\"mark1\">io<\/span> <span class=\"mark2\">helado<\/span><span class=\"mark3\">\u00ae<\/span><\/p>\n<div style=\"width: 190px\" class=\"wp-caption alignnone\"><a href=\"https:\/\/www.iobevo.com\/online\/?page_id=6591\"><img loading=\"lazy\" decoding=\"async\" class=\"alignnone\" src=\"http:\/\/www.iobevo.com\/online\/wp-content\/uploads\/2014\/01\/FOTO-IO-SOFT-1004-180x180.jpg\" alt=\"io soft\u00ae\" width=\"180\" height=\"180\" \/><\/a><p class=\"wp-caption-text\">Frozen Yogurt e Helado Soft<\/p><\/div>\n<\/div>\n<div class=\"clear\"><\/div>\n<div class=\"one_fourth\"><span class=\"mark1\">yo<\/span> <span class=\"mark2\">go<\/span><span class=\"mark3\">\u00ae<\/span><\/p>\n<div style=\"width: 190px\" class=\"wp-caption alignnone\"><a href=\"https:\/\/www.iobevo.com\/online\/?page_id=13130\"><img loading=\"lazy\" decoding=\"async\" class=\"alignnone\" src=\"http:\/\/www.iobevo.com\/online\/wp-content\/uploads\/2017\/02\/FOTO-YO-GO-1005-180x180.jpg\" alt=\"yo go\u00ae\" width=\"180\" height=\"180\" \/><\/a><p class=\"wp-caption-text\">Crema de yogurt<\/p><\/div>\n<\/div>\n<div class=\"one_fourth\">\n<p><span class=\"mark1\">io<\/span> <span class=\"mark2\">jam<\/span><span class=\"mark3\">\u00ae<\/span><br \/>\n<div style=\"width: 190px\" class=\"wp-caption alignnone\"><a href=\"https:\/\/www.iobevo.com\/online\/?page_id=13159\"><img loading=\"lazy\" decoding=\"async\" class=\"alignnone\" src=\"http:\/\/www.iobevo.com\/online\/wp-content\/uploads\/2014\/01\/FOTO-IO-JAM-1006-180x180.jpg\" alt=\"IO jam\" width=\"180\" height=\"180\" \/><\/a><p class=\"wp-caption-text\">Marmeladas y miel<\/p><\/div>\n<\/div>\n<div class=\"one_fourth\"><\/div>\n<div class=\"one_fourth last\"><\/div>\n<div class=\"clear\"><\/div>\n","protected":false},"excerpt":{"rendered":"<p>io breakfast\u00ae\u00a0Est\u00e1 dirigido a la alimentaci\u00f3n para el sector tur\u00edstico, diversificando las propuestas, los formatos y los productos dependiendo del destino y del tipo de hospitalidad. Es una soluci\u00f3n global que puede ser realizada en todo o en parte dependiendo de los contextos, con la posibilidad de ofrecer: bebidas calientes [&hellip;]<\/p>\n","protected":false},"author":58,"featured_media":2831,"parent":6536,"menu_order":2,"comment_status":"open","ping_status":"closed","template":"page-fullwidth.php","meta":{"footnotes":""},"class_list":["post-6539","page","type-page","status-publish","has-post-thumbnail","hentry"],"yoast_head":"<!-- This site is optimized with the Yoast SEO plugin v27.4 - https:\/\/yoast.com\/product\/yoast-seo-wordpress\/ -->\n<title>io breakfast\u00ae - io bevo\u00ae<\/title>\n<meta name=\"robots\" content=\"index, follow, max-snippet:-1, max-image-preview:large, max-video-preview:-1\" \/>\n<link rel=\"canonical\" href=\"https:\/\/www.iobevo.com\/online\/servicios\/breakfast\/?lang=es\" \/>\n<meta property=\"og:locale\" content=\"it_IT\" \/>\n<meta property=\"og:type\" content=\"article\" \/>\n<meta property=\"og:title\" content=\"io breakfast\u00ae - io bevo\u00ae\" \/>\n<meta property=\"og:description\" content=\"io breakfast\u00ae\u00a0Est\u00e1 dirigido a la alimentaci\u00f3n para el sector tur\u00edstico, diversificando las propuestas, los formatos y los productos dependiendo del destino y del tipo de hospitalidad. Es una soluci\u00f3n global que puede ser realizada en todo o en parte dependiendo de los contextos, con la posibilidad de ofrecer: bebidas calientes [&hellip;]\" \/>\n<meta property=\"og:url\" content=\"https:\/\/www.iobevo.com\/online\/servicios\/breakfast\/?lang=es\" \/>\n<meta property=\"og:site_name\" content=\"io bevo\u00ae\" \/>\n<meta property=\"article:modified_time\" content=\"2017-12-17T20:31:59+00:00\" \/>\n<meta property=\"og:image\" content=\"https:\/\/www.iobevo.com\/online\/wp-content\/uploads\/2014\/01\/slide-2-bg-e1400667726929.png\" \/>\n\t<meta property=\"og:image:width\" content=\"1512\" \/>\n\t<meta property=\"og:image:height\" content=\"400\" \/>\n\t<meta property=\"og:image:type\" content=\"image\/png\" \/>\n<meta name=\"twitter:card\" content=\"summary_large_image\" \/>\n<meta name=\"twitter:site\" content=\"@IoBevo\" \/>\n<meta name=\"twitter:label1\" content=\"Tempo di lettura stimato\" \/>\n\t<meta name=\"twitter:data1\" content=\"2 minuti\" \/>\n<script type=\"application\/ld+json\" class=\"yoast-schema-graph\">{\"@context\":\"https:\\\/\\\/schema.org\",\"@graph\":[{\"@type\":\"WebPage\",\"@id\":\"https:\\\/\\\/www.iobevo.com\\\/online\\\/servicios\\\/breakfast\\\/?lang=es\",\"url\":\"https:\\\/\\\/www.iobevo.com\\\/online\\\/servicios\\\/breakfast\\\/?lang=es\",\"name\":\"io breakfast\u00ae - io bevo\u00ae\",\"isPartOf\":{\"@id\":\"https:\\\/\\\/www.iobevo.com\\\/online\\\/#website\"},\"primaryImageOfPage\":{\"@id\":\"https:\\\/\\\/www.iobevo.com\\\/online\\\/servicios\\\/breakfast\\\/?lang=es#primaryimage\"},\"image\":{\"@id\":\"https:\\\/\\\/www.iobevo.com\\\/online\\\/servicios\\\/breakfast\\\/?lang=es#primaryimage\"},\"thumbnailUrl\":\"https:\\\/\\\/www.iobevo.com\\\/online\\\/wp-content\\\/uploads\\\/2014\\\/01\\\/slide-2-bg-e1400667726929.png\",\"datePublished\":\"2014-07-09T14:21:02+00:00\",\"dateModified\":\"2017-12-17T20:31:59+00:00\",\"breadcrumb\":{\"@id\":\"https:\\\/\\\/www.iobevo.com\\\/online\\\/servicios\\\/breakfast\\\/?lang=es#breadcrumb\"},\"inLanguage\":\"it-IT\",\"potentialAction\":[{\"@type\":\"ReadAction\",\"target\":[\"https:\\\/\\\/www.iobevo.com\\\/online\\\/servicios\\\/breakfast\\\/?lang=es\"]}]},{\"@type\":\"ImageObject\",\"inLanguage\":\"it-IT\",\"@id\":\"https:\\\/\\\/www.iobevo.com\\\/online\\\/servicios\\\/breakfast\\\/?lang=es#primaryimage\",\"url\":\"https:\\\/\\\/www.iobevo.com\\\/online\\\/wp-content\\\/uploads\\\/2014\\\/01\\\/slide-2-bg-e1400667726929.png\",\"contentUrl\":\"https:\\\/\\\/www.iobevo.com\\\/online\\\/wp-content\\\/uploads\\\/2014\\\/01\\\/slide-2-bg-e1400667726929.png\",\"width\":1512,\"height\":400},{\"@type\":\"BreadcrumbList\",\"@id\":\"https:\\\/\\\/www.iobevo.com\\\/online\\\/servicios\\\/breakfast\\\/?lang=es#breadcrumb\",\"itemListElement\":[{\"@type\":\"ListItem\",\"position\":1,\"name\":\"Servicios\",\"item\":\"https:\\\/\\\/www.iobevo.com\\\/online\\\/servicios\\\/?lang=es\"},{\"@type\":\"ListItem\",\"position\":2,\"name\":\"io breakfast\u00ae\"}]},{\"@type\":\"WebSite\",\"@id\":\"https:\\\/\\\/www.iobevo.com\\\/online\\\/#website\",\"url\":\"https:\\\/\\\/www.iobevo.com\\\/online\\\/\",\"name\":\"io bevo\u00ae\",\"description\":\"Drink Plastic free\",\"publisher\":{\"@id\":\"https:\\\/\\\/www.iobevo.com\\\/online\\\/#organization\"},\"potentialAction\":[{\"@type\":\"SearchAction\",\"target\":{\"@type\":\"EntryPoint\",\"urlTemplate\":\"https:\\\/\\\/www.iobevo.com\\\/online\\\/?s={search_term_string}\"},\"query-input\":{\"@type\":\"PropertyValueSpecification\",\"valueRequired\":true,\"valueName\":\"search_term_string\"}}],\"inLanguage\":\"it-IT\"},{\"@type\":\"Organization\",\"@id\":\"https:\\\/\\\/www.iobevo.com\\\/online\\\/#organization\",\"name\":\"General Beverage\",\"url\":\"https:\\\/\\\/www.iobevo.com\\\/online\\\/\",\"logo\":{\"@type\":\"ImageObject\",\"inLanguage\":\"it-IT\",\"@id\":\"https:\\\/\\\/www.iobevo.com\\\/online\\\/#\\\/schema\\\/logo\\\/image\\\/\",\"url\":\"https:\\\/\\\/www.iobevo.com\\\/online\\\/wp-content\\\/uploads\\\/2014\\\/01\\\/logo_gb_horizontal_grey_160x47.png\",\"contentUrl\":\"https:\\\/\\\/www.iobevo.com\\\/online\\\/wp-content\\\/uploads\\\/2014\\\/01\\\/logo_gb_horizontal_grey_160x47.png\",\"width\":160,\"height\":47,\"caption\":\"General Beverage\"},\"image\":{\"@id\":\"https:\\\/\\\/www.iobevo.com\\\/online\\\/#\\\/schema\\\/logo\\\/image\\\/\"},\"sameAs\":[\"https:\\\/\\\/x.com\\\/IoBevo\"]}]}<\/script>\n<!-- \/ Yoast SEO plugin. -->","yoast_head_json":{"title":"io breakfast\u00ae - io bevo\u00ae","robots":{"index":"index","follow":"follow","max-snippet":"max-snippet:-1","max-image-preview":"max-image-preview:large","max-video-preview":"max-video-preview:-1"},"canonical":"https:\/\/www.iobevo.com\/online\/servicios\/breakfast\/?lang=es","og_locale":"it_IT","og_type":"article","og_title":"io breakfast\u00ae - io bevo\u00ae","og_description":"io breakfast\u00ae\u00a0Est\u00e1 dirigido a la alimentaci\u00f3n para el sector tur\u00edstico, diversificando las propuestas, los formatos y los productos dependiendo del destino y del tipo de hospitalidad. Es una soluci\u00f3n global que puede ser realizada en todo o en parte dependiendo de los contextos, con la posibilidad de ofrecer: bebidas calientes [&hellip;]","og_url":"https:\/\/www.iobevo.com\/online\/servicios\/breakfast\/?lang=es","og_site_name":"io bevo\u00ae","article_modified_time":"2017-12-17T20:31:59+00:00","og_image":[{"width":1512,"height":400,"url":"https:\/\/www.iobevo.com\/online\/wp-content\/uploads\/2014\/01\/slide-2-bg-e1400667726929.png","type":"image\/png"}],"twitter_card":"summary_large_image","twitter_site":"@IoBevo","twitter_misc":{"Tempo di lettura stimato":"2 minuti"},"schema":{"@context":"https:\/\/schema.org","@graph":[{"@type":"WebPage","@id":"https:\/\/www.iobevo.com\/online\/servicios\/breakfast\/?lang=es","url":"https:\/\/www.iobevo.com\/online\/servicios\/breakfast\/?lang=es","name":"io breakfast\u00ae - io bevo\u00ae","isPartOf":{"@id":"https:\/\/www.iobevo.com\/online\/#website"},"primaryImageOfPage":{"@id":"https:\/\/www.iobevo.com\/online\/servicios\/breakfast\/?lang=es#primaryimage"},"image":{"@id":"https:\/\/www.iobevo.com\/online\/servicios\/breakfast\/?lang=es#primaryimage"},"thumbnailUrl":"https:\/\/www.iobevo.com\/online\/wp-content\/uploads\/2014\/01\/slide-2-bg-e1400667726929.png","datePublished":"2014-07-09T14:21:02+00:00","dateModified":"2017-12-17T20:31:59+00:00","breadcrumb":{"@id":"https:\/\/www.iobevo.com\/online\/servicios\/breakfast\/?lang=es#breadcrumb"},"inLanguage":"it-IT","potentialAction":[{"@type":"ReadAction","target":["https:\/\/www.iobevo.com\/online\/servicios\/breakfast\/?lang=es"]}]},{"@type":"ImageObject","inLanguage":"it-IT","@id":"https:\/\/www.iobevo.com\/online\/servicios\/breakfast\/?lang=es#primaryimage","url":"https:\/\/www.iobevo.com\/online\/wp-content\/uploads\/2014\/01\/slide-2-bg-e1400667726929.png","contentUrl":"https:\/\/www.iobevo.com\/online\/wp-content\/uploads\/2014\/01\/slide-2-bg-e1400667726929.png","width":1512,"height":400},{"@type":"BreadcrumbList","@id":"https:\/\/www.iobevo.com\/online\/servicios\/breakfast\/?lang=es#breadcrumb","itemListElement":[{"@type":"ListItem","position":1,"name":"Servicios","item":"https:\/\/www.iobevo.com\/online\/servicios\/?lang=es"},{"@type":"ListItem","position":2,"name":"io breakfast\u00ae"}]},{"@type":"WebSite","@id":"https:\/\/www.iobevo.com\/online\/#website","url":"https:\/\/www.iobevo.com\/online\/","name":"io bevo\u00ae","description":"Drink Plastic free","publisher":{"@id":"https:\/\/www.iobevo.com\/online\/#organization"},"potentialAction":[{"@type":"SearchAction","target":{"@type":"EntryPoint","urlTemplate":"https:\/\/www.iobevo.com\/online\/?s={search_term_string}"},"query-input":{"@type":"PropertyValueSpecification","valueRequired":true,"valueName":"search_term_string"}}],"inLanguage":"it-IT"},{"@type":"Organization","@id":"https:\/\/www.iobevo.com\/online\/#organization","name":"General Beverage","url":"https:\/\/www.iobevo.com\/online\/","logo":{"@type":"ImageObject","inLanguage":"it-IT","@id":"https:\/\/www.iobevo.com\/online\/#\/schema\/logo\/image\/","url":"https:\/\/www.iobevo.com\/online\/wp-content\/uploads\/2014\/01\/logo_gb_horizontal_grey_160x47.png","contentUrl":"https:\/\/www.iobevo.com\/online\/wp-content\/uploads\/2014\/01\/logo_gb_horizontal_grey_160x47.png","width":160,"height":47,"caption":"General Beverage"},"image":{"@id":"https:\/\/www.iobevo.com\/online\/#\/schema\/logo\/image\/"},"sameAs":["https:\/\/x.com\/IoBevo"]}]}},"_links":{"self":[{"href":"https:\/\/www.iobevo.com\/online\/wp-json\/wp\/v2\/pages\/6539","targetHints":{"allow":["GET"]}}],"collection":[{"href":"https:\/\/www.iobevo.com\/online\/wp-json\/wp\/v2\/pages"}],"about":[{"href":"https:\/\/www.iobevo.com\/online\/wp-json\/wp\/v2\/types\/page"}],"author":[{"embeddable":true,"href":"https:\/\/www.iobevo.com\/online\/wp-json\/wp\/v2\/users\/58"}],"replies":[{"embeddable":true,"href":"https:\/\/www.iobevo.com\/online\/wp-json\/wp\/v2\/comments?post=6539"}],"version-history":[{"count":0,"href":"https:\/\/www.iobevo.com\/online\/wp-json\/wp\/v2\/pages\/6539\/revisions"}],"up":[{"embeddable":true,"href":"https:\/\/www.iobevo.com\/online\/wp-json\/wp\/v2\/pages\/6536"}],"wp:featuredmedia":[{"embeddable":true,"href":"https:\/\/www.iobevo.com\/online\/wp-json\/wp\/v2\/media\/2831"}],"wp:attachment":[{"href":"https:\/\/www.iobevo.com\/online\/wp-json\/wp\/v2\/media?parent=6539"}],"curies":[{"name":"wp","href":"https:\/\/api.w.org\/{rel}","templated":true}]}}