{"id":6544,"date":"2014-07-09T14:25:24","date_gmt":"2014-07-09T14:25:24","guid":{"rendered":"http:\/\/www.iobevo.com\/online\/?page_id=6544"},"modified":"2017-08-05T20:28:34","modified_gmt":"2017-08-05T18:28:34","slug":"bevo","status":"publish","type":"page","link":"https:\/\/www.iobevo.com\/online\/servicios\/breakfast\/bevo\/?lang=es","title":{"rendered":"io bevo\u00ae"},"content":{"rendered":"<p>Muchas variedades de etiquetas posibles, con el fin de garantizar una mayor variedad de bebidas para satisfacer las diferentes necesidades, gustos y las sensibilidades. Cada distribuidor se caracteriza tanto por la gran variedad de bebidas, tanto para las diferentes comunicaciones y dise\u00f1o gr\u00e1fico.<\/p>\n<ul>\n<li>Etiqueta Cerveza<\/li>\n<li>Etiqueta Ni\u00f1os<\/li>\n<li>Etiqueta Salutable<\/li>\n<li>Etiqueta Fairtrade<\/li>\n<li>Etiqueta Clasica<\/li>\n<\/ul>\n<p>Las maquinas, disenadas por los hoteles, han sido concebidas para el trabajo intenso en los buffets. El modelo Mediterraneo, prev\u00e9 la dispensaci\u00f3n de un m\u00e1ximo de 7 selecciones diferentes de refrescos + 2 aguas (con o sin gas) a tr\u00e0ves de bag in box de 10 y 20 litros. Los productos finales se obtienen mezclando con el concentrado a el agua tratada mediante sistemas de microfiltraci\u00f3n.<\/p>\n<p>Las maquinas sonos personalizable en productos (densidad de sabores) como en imagen (logotipo). El servicio, ideal para los hoteles <strong>todo-incluido<\/strong>, tienes ventajas log\u00edsticas, cualitativas y econ\u00f3micas y resultados ambientales, con la reducci\u00f3n del 99% de los envases y del 96% de los transportes de las bebidas confeccionadas.<\/p>\n<p><span class=\"responsive\"><img fetchpriority=\"high\" decoding=\"async\" class=\"aligncenter wp-image-3207\" src=\"http:\/\/iobevo.com\/online\/wp-content\/uploads\/2014\/04\/concentrati-per-bevande-io-.jpg\" alt=\"concentrati-per-bevande-io-bevo\" width=\"450\" height=\"496\" srcset=\"https:\/\/www.iobevo.com\/online\/wp-content\/uploads\/2014\/04\/concentrati-per-bevande-io-.jpg 700w, https:\/\/www.iobevo.com\/online\/wp-content\/uploads\/2014\/04\/concentrati-per-bevande-io--272x300.jpg 272w\" sizes=\"(max-width: 450px) 100vw, 450px\" \/><\/span><\/p>\n<div class=\"gap\" style=\"height: 30px;\"><\/div>\n<h3 class=\"title\"><span>Productos<\/span><\/h3><div class=\"latest-portfolio negative-wrap\"><div class=\"portfolio-item four columns\"><div class=\"portfolio-it\">\n\t\t\t\t  \t\t<a href=\"https:\/\/www.iobevo.com\/online\/portfolio-item\/concentrati-per-bevande-io-bevo\/\" title=\"Bevande io bevo\u00ae\"><span class=\"portfolio-pic\"><img decoding=\"async\" src=\"https:\/\/www.iobevo.com\/online\/wp-content\/uploads\/2014\/04\/concentrati-per-bevande-io-2-350x300.jpg\" \/><div class=\"portfolio-overlay\"><span class=\"overlay-link\"><\/span><\/div><\/span><\/a>\n\t\t\t\t  \t\t<a href=\"https:\/\/www.iobevo.com\/online\/portfolio-item\/concentrati-per-bevande-io-bevo\/\" title=\"Bevande io bevo\u00ae\" class=\"portfolio-title\"><h4>Bevande io bevo\u00ae<\/h4><span>Concentrati per bevande standard<\/span><\/a>\n\t\t\t\t  \t<\/div><\/div><div class=\"portfolio-item four columns\"><div class=\"portfolio-it\">\n\t\t\t\t  \t\t<a href=\"https:\/\/www.iobevo.com\/online\/portfolio-item\/concentrati-per-bevande-slow-beverage\/\" title=\"Bevande Slow Beverage\u00ae\"><span class=\"portfolio-pic\"><img decoding=\"async\" src=\"https:\/\/www.iobevo.com\/online\/wp-content\/uploads\/2014\/04\/bevande-slow-beverage.jpg\" \/><div class=\"portfolio-overlay\"><span class=\"overlay-link\"><\/span><\/div><\/span><\/a>\n\t\t\t\t  \t\t<a href=\"https:\/\/www.iobevo.com\/online\/portfolio-item\/concentrati-per-bevande-slow-beverage\/\" title=\"Bevande Slow Beverage\u00ae\" class=\"portfolio-title\"><h4>Bevande Slow Beverage\u00ae<\/h4><span>Concentrati per bevande regionali<\/span><\/a>\n\t\t\t\t  \t<\/div><\/div><div class=\"portfolio-item four columns\"><div class=\"portfolio-it\">\n\t\t\t\t  \t\t<a href=\"https:\/\/www.iobevo.com\/online\/portfolio-item\/concentrati-e-solubili-per-bevande-fairtrade\/\" title=\"Bevande Equo e Solidali\"><span class=\"portfolio-pic\"><img decoding=\"async\" src=\"https:\/\/www.iobevo.com\/online\/wp-content\/uploads\/2014\/04\/bevande-fairtrade.jpg\" \/><div class=\"portfolio-overlay\"><span class=\"overlay-link\"><\/span><\/div><\/span><\/a>\n\t\t\t\t  \t\t<a href=\"https:\/\/www.iobevo.com\/online\/portfolio-item\/concentrati-e-solubili-per-bevande-fairtrade\/\" title=\"Bevande Equo e Solidali\" class=\"portfolio-title\"><h4>Bevande Equo e Solidali<\/h4><span>Concentrati e solubili Fairtrade<\/span><\/a>\n\t\t\t\t  \t<\/div><\/div><div class=\"portfolio-item four columns\"><div class=\"portfolio-it\">\n\t\t\t\t  \t\t<a href=\"https:\/\/www.iobevo.com\/online\/portfolio-item\/concentrati-per-bevande-salutistiche\/\" title=\"Bevande Bevi Sano\"><span class=\"portfolio-pic\"><img decoding=\"async\" src=\"https:\/\/www.iobevo.com\/online\/wp-content\/uploads\/2014\/04\/bevande-bevo-sano.jpg\" \/><div class=\"portfolio-overlay\"><span class=\"overlay-link\"><\/span><\/div><\/span><\/a>\n\t\t\t\t  \t\t<a href=\"https:\/\/www.iobevo.com\/online\/portfolio-item\/concentrati-per-bevande-salutistiche\/\" title=\"Bevande Bevi Sano\" class=\"portfolio-title\"><h4>Bevande Bevi Sano<\/h4><span>Concentrati con aloe vera e stevia<\/span><\/a>\n\t\t\t\t  \t<\/div><\/div><\/div><div class=\"clear\"><\/div>\n<div class=\"gap\" style=\"height: 30px;\"><\/div>\n<h3 class=\"title\"><span>Distribuidores<\/span><\/h3><div class=\"latest-portfolio negative-wrap\"><div class=\"portfolio-item four columns\"><div class=\"portfolio-it\">\n\t\t\t\t  \t\t<a href=\"https:\/\/www.iobevo.com\/online\/portfolio-item\/mediterraneo\/\" title=\"Mediterraneo\"><span class=\"portfolio-pic\"><img decoding=\"async\" src=\"https:\/\/www.iobevo.com\/online\/wp-content\/uploads\/2014\/06\/mediterraneo_icon.jpg\" \/><div class=\"portfolio-overlay\"><span class=\"overlay-link\"><\/span><\/div><\/span><\/a>\n\t\t\t\t  \t\t<a href=\"https:\/\/www.iobevo.com\/online\/portfolio-item\/mediterraneo\/\" title=\"Mediterraneo\" class=\"portfolio-title\"><h4>Mediterraneo<\/h4><span>Per bevande e acqua microfilitrata<\/span><\/a>\n\t\t\t\t  \t<\/div><\/div><div class=\"portfolio-item four columns\"><div class=\"portfolio-it\">\n\t\t\t\t  \t\t<a href=\"https:\/\/www.iobevo.com\/online\/portfolio-item\/tirreno\/\" title=\"Tirreno\"><span class=\"portfolio-pic\"><img decoding=\"async\" src=\"https:\/\/www.iobevo.com\/online\/wp-content\/uploads\/2014\/04\/tirreno_macchina.jpg\" \/><div class=\"portfolio-overlay\"><span class=\"overlay-link\"><\/span><\/div><\/span><\/a>\n\t\t\t\t  \t\t<a href=\"https:\/\/www.iobevo.com\/online\/portfolio-item\/tirreno\/\" title=\"Tirreno\" class=\"portfolio-title\"><h4>Tirreno<\/h4><span>Per bevande e acqua microfilitrata<\/span><\/a>\n\t\t\t\t  \t<\/div><\/div><\/div><div class=\"clear\"><\/div>\n","protected":false},"excerpt":{"rendered":"<p>Muchas variedades de etiquetas posibles, con el fin de garantizar una mayor variedad de bebidas para satisfacer las diferentes necesidades, gustos y las sensibilidades. Cada distribuidor se caracteriza tanto por la gran variedad de bebidas, tanto para las diferentes comunicaciones y dise\u00f1o gr\u00e1fico. Etiqueta Cerveza Etiqueta Ni\u00f1os Etiqueta Salutable Etiqueta [&hellip;]<\/p>\n","protected":false},"author":58,"featured_media":2831,"parent":6539,"menu_order":0,"comment_status":"open","ping_status":"closed","template":"","meta":{"footnotes":""},"class_list":["post-6544","page","type-page","status-publish","has-post-thumbnail","hentry"],"yoast_head":"<!-- This site is optimized with the Yoast SEO plugin v27.4 - https:\/\/yoast.com\/product\/yoast-seo-wordpress\/ -->\n<title>io bevo\u00ae - io bevo\u00ae<\/title>\n<meta name=\"robots\" content=\"index, follow, max-snippet:-1, max-image-preview:large, max-video-preview:-1\" \/>\n<link rel=\"canonical\" href=\"https:\/\/www.iobevo.com\/online\/servicios\/breakfast\/bevo\/?lang=es\" \/>\n<meta property=\"og:locale\" content=\"it_IT\" \/>\n<meta property=\"og:type\" content=\"article\" \/>\n<meta property=\"og:title\" content=\"io bevo\u00ae - io bevo\u00ae\" \/>\n<meta property=\"og:description\" content=\"Muchas variedades de etiquetas posibles, con el fin de garantizar una mayor variedad de bebidas para satisfacer las diferentes necesidades, gustos y las sensibilidades. Cada distribuidor se caracteriza tanto por la gran variedad de bebidas, tanto para las diferentes comunicaciones y dise\u00f1o gr\u00e1fico. Etiqueta Cerveza Etiqueta Ni\u00f1os Etiqueta Salutable Etiqueta [&hellip;]\" \/>\n<meta property=\"og:url\" content=\"https:\/\/www.iobevo.com\/online\/servicios\/breakfast\/bevo\/?lang=es\" \/>\n<meta property=\"og:site_name\" content=\"io bevo\u00ae\" \/>\n<meta property=\"article:modified_time\" content=\"2017-08-05T18:28:34+00:00\" \/>\n<meta property=\"og:image\" content=\"https:\/\/www.iobevo.com\/online\/wp-content\/uploads\/2014\/01\/slide-2-bg-e1400667726929.png\" \/>\n\t<meta property=\"og:image:width\" content=\"1512\" \/>\n\t<meta property=\"og:image:height\" content=\"400\" \/>\n\t<meta property=\"og:image:type\" content=\"image\/png\" \/>\n<meta name=\"twitter:card\" content=\"summary_large_image\" \/>\n<meta name=\"twitter:site\" content=\"@IoBevo\" \/>\n<meta name=\"twitter:label1\" content=\"Tempo di lettura stimato\" \/>\n\t<meta name=\"twitter:data1\" content=\"1 minuto\" \/>\n<script type=\"application\/ld+json\" class=\"yoast-schema-graph\">{\"@context\":\"https:\\\/\\\/schema.org\",\"@graph\":[{\"@type\":\"WebPage\",\"@id\":\"https:\\\/\\\/www.iobevo.com\\\/online\\\/servicios\\\/breakfast\\\/bevo\\\/?lang=es\",\"url\":\"https:\\\/\\\/www.iobevo.com\\\/online\\\/servicios\\\/breakfast\\\/bevo\\\/?lang=es\",\"name\":\"io bevo\u00ae - io bevo\u00ae\",\"isPartOf\":{\"@id\":\"https:\\\/\\\/www.iobevo.com\\\/online\\\/#website\"},\"primaryImageOfPage\":{\"@id\":\"https:\\\/\\\/www.iobevo.com\\\/online\\\/servicios\\\/breakfast\\\/bevo\\\/?lang=es#primaryimage\"},\"image\":{\"@id\":\"https:\\\/\\\/www.iobevo.com\\\/online\\\/servicios\\\/breakfast\\\/bevo\\\/?lang=es#primaryimage\"},\"thumbnailUrl\":\"https:\\\/\\\/www.iobevo.com\\\/online\\\/wp-content\\\/uploads\\\/2014\\\/01\\\/slide-2-bg-e1400667726929.png\",\"datePublished\":\"2014-07-09T14:25:24+00:00\",\"dateModified\":\"2017-08-05T18:28:34+00:00\",\"breadcrumb\":{\"@id\":\"https:\\\/\\\/www.iobevo.com\\\/online\\\/servicios\\\/breakfast\\\/bevo\\\/?lang=es#breadcrumb\"},\"inLanguage\":\"it-IT\",\"potentialAction\":[{\"@type\":\"ReadAction\",\"target\":[\"https:\\\/\\\/www.iobevo.com\\\/online\\\/servicios\\\/breakfast\\\/bevo\\\/?lang=es\"]}]},{\"@type\":\"ImageObject\",\"inLanguage\":\"it-IT\",\"@id\":\"https:\\\/\\\/www.iobevo.com\\\/online\\\/servicios\\\/breakfast\\\/bevo\\\/?lang=es#primaryimage\",\"url\":\"https:\\\/\\\/www.iobevo.com\\\/online\\\/wp-content\\\/uploads\\\/2014\\\/01\\\/slide-2-bg-e1400667726929.png\",\"contentUrl\":\"https:\\\/\\\/www.iobevo.com\\\/online\\\/wp-content\\\/uploads\\\/2014\\\/01\\\/slide-2-bg-e1400667726929.png\",\"width\":1512,\"height\":400},{\"@type\":\"BreadcrumbList\",\"@id\":\"https:\\\/\\\/www.iobevo.com\\\/online\\\/servicios\\\/breakfast\\\/bevo\\\/?lang=es#breadcrumb\",\"itemListElement\":[{\"@type\":\"ListItem\",\"position\":1,\"name\":\"Servicios\",\"item\":\"https:\\\/\\\/www.iobevo.com\\\/online\\\/servicios\\\/?lang=es\"},{\"@type\":\"ListItem\",\"position\":2,\"name\":\"io breakfast\u00ae\",\"item\":\"https:\\\/\\\/www.iobevo.com\\\/online\\\/servicios\\\/breakfast\\\/?lang=es\"},{\"@type\":\"ListItem\",\"position\":3,\"name\":\"io bevo\u00ae\"}]},{\"@type\":\"WebSite\",\"@id\":\"https:\\\/\\\/www.iobevo.com\\\/online\\\/#website\",\"url\":\"https:\\\/\\\/www.iobevo.com\\\/online\\\/\",\"name\":\"io bevo\u00ae\",\"description\":\"Drink Plastic free\",\"publisher\":{\"@id\":\"https:\\\/\\\/www.iobevo.com\\\/online\\\/#organization\"},\"potentialAction\":[{\"@type\":\"SearchAction\",\"target\":{\"@type\":\"EntryPoint\",\"urlTemplate\":\"https:\\\/\\\/www.iobevo.com\\\/online\\\/?s={search_term_string}\"},\"query-input\":{\"@type\":\"PropertyValueSpecification\",\"valueRequired\":true,\"valueName\":\"search_term_string\"}}],\"inLanguage\":\"it-IT\"},{\"@type\":\"Organization\",\"@id\":\"https:\\\/\\\/www.iobevo.com\\\/online\\\/#organization\",\"name\":\"General Beverage\",\"url\":\"https:\\\/\\\/www.iobevo.com\\\/online\\\/\",\"logo\":{\"@type\":\"ImageObject\",\"inLanguage\":\"it-IT\",\"@id\":\"https:\\\/\\\/www.iobevo.com\\\/online\\\/#\\\/schema\\\/logo\\\/image\\\/\",\"url\":\"https:\\\/\\\/www.iobevo.com\\\/online\\\/wp-content\\\/uploads\\\/2014\\\/01\\\/logo_gb_horizontal_grey_160x47.png\",\"contentUrl\":\"https:\\\/\\\/www.iobevo.com\\\/online\\\/wp-content\\\/uploads\\\/2014\\\/01\\\/logo_gb_horizontal_grey_160x47.png\",\"width\":160,\"height\":47,\"caption\":\"General Beverage\"},\"image\":{\"@id\":\"https:\\\/\\\/www.iobevo.com\\\/online\\\/#\\\/schema\\\/logo\\\/image\\\/\"},\"sameAs\":[\"https:\\\/\\\/x.com\\\/IoBevo\"]}]}<\/script>\n<!-- \/ Yoast SEO plugin. -->","yoast_head_json":{"title":"io bevo\u00ae - io bevo\u00ae","robots":{"index":"index","follow":"follow","max-snippet":"max-snippet:-1","max-image-preview":"max-image-preview:large","max-video-preview":"max-video-preview:-1"},"canonical":"https:\/\/www.iobevo.com\/online\/servicios\/breakfast\/bevo\/?lang=es","og_locale":"it_IT","og_type":"article","og_title":"io bevo\u00ae - io bevo\u00ae","og_description":"Muchas variedades de etiquetas posibles, con el fin de garantizar una mayor variedad de bebidas para satisfacer las diferentes necesidades, gustos y las sensibilidades. Cada distribuidor se caracteriza tanto por la gran variedad de bebidas, tanto para las diferentes comunicaciones y dise\u00f1o gr\u00e1fico. Etiqueta Cerveza Etiqueta Ni\u00f1os Etiqueta Salutable Etiqueta [&hellip;]","og_url":"https:\/\/www.iobevo.com\/online\/servicios\/breakfast\/bevo\/?lang=es","og_site_name":"io bevo\u00ae","article_modified_time":"2017-08-05T18:28:34+00:00","og_image":[{"width":1512,"height":400,"url":"https:\/\/www.iobevo.com\/online\/wp-content\/uploads\/2014\/01\/slide-2-bg-e1400667726929.png","type":"image\/png"}],"twitter_card":"summary_large_image","twitter_site":"@IoBevo","twitter_misc":{"Tempo di lettura stimato":"1 minuto"},"schema":{"@context":"https:\/\/schema.org","@graph":[{"@type":"WebPage","@id":"https:\/\/www.iobevo.com\/online\/servicios\/breakfast\/bevo\/?lang=es","url":"https:\/\/www.iobevo.com\/online\/servicios\/breakfast\/bevo\/?lang=es","name":"io bevo\u00ae - io bevo\u00ae","isPartOf":{"@id":"https:\/\/www.iobevo.com\/online\/#website"},"primaryImageOfPage":{"@id":"https:\/\/www.iobevo.com\/online\/servicios\/breakfast\/bevo\/?lang=es#primaryimage"},"image":{"@id":"https:\/\/www.iobevo.com\/online\/servicios\/breakfast\/bevo\/?lang=es#primaryimage"},"thumbnailUrl":"https:\/\/www.iobevo.com\/online\/wp-content\/uploads\/2014\/01\/slide-2-bg-e1400667726929.png","datePublished":"2014-07-09T14:25:24+00:00","dateModified":"2017-08-05T18:28:34+00:00","breadcrumb":{"@id":"https:\/\/www.iobevo.com\/online\/servicios\/breakfast\/bevo\/?lang=es#breadcrumb"},"inLanguage":"it-IT","potentialAction":[{"@type":"ReadAction","target":["https:\/\/www.iobevo.com\/online\/servicios\/breakfast\/bevo\/?lang=es"]}]},{"@type":"ImageObject","inLanguage":"it-IT","@id":"https:\/\/www.iobevo.com\/online\/servicios\/breakfast\/bevo\/?lang=es#primaryimage","url":"https:\/\/www.iobevo.com\/online\/wp-content\/uploads\/2014\/01\/slide-2-bg-e1400667726929.png","contentUrl":"https:\/\/www.iobevo.com\/online\/wp-content\/uploads\/2014\/01\/slide-2-bg-e1400667726929.png","width":1512,"height":400},{"@type":"BreadcrumbList","@id":"https:\/\/www.iobevo.com\/online\/servicios\/breakfast\/bevo\/?lang=es#breadcrumb","itemListElement":[{"@type":"ListItem","position":1,"name":"Servicios","item":"https:\/\/www.iobevo.com\/online\/servicios\/?lang=es"},{"@type":"ListItem","position":2,"name":"io breakfast\u00ae","item":"https:\/\/www.iobevo.com\/online\/servicios\/breakfast\/?lang=es"},{"@type":"ListItem","position":3,"name":"io bevo\u00ae"}]},{"@type":"WebSite","@id":"https:\/\/www.iobevo.com\/online\/#website","url":"https:\/\/www.iobevo.com\/online\/","name":"io bevo\u00ae","description":"Drink Plastic free","publisher":{"@id":"https:\/\/www.iobevo.com\/online\/#organization"},"potentialAction":[{"@type":"SearchAction","target":{"@type":"EntryPoint","urlTemplate":"https:\/\/www.iobevo.com\/online\/?s={search_term_string}"},"query-input":{"@type":"PropertyValueSpecification","valueRequired":true,"valueName":"search_term_string"}}],"inLanguage":"it-IT"},{"@type":"Organization","@id":"https:\/\/www.iobevo.com\/online\/#organization","name":"General Beverage","url":"https:\/\/www.iobevo.com\/online\/","logo":{"@type":"ImageObject","inLanguage":"it-IT","@id":"https:\/\/www.iobevo.com\/online\/#\/schema\/logo\/image\/","url":"https:\/\/www.iobevo.com\/online\/wp-content\/uploads\/2014\/01\/logo_gb_horizontal_grey_160x47.png","contentUrl":"https:\/\/www.iobevo.com\/online\/wp-content\/uploads\/2014\/01\/logo_gb_horizontal_grey_160x47.png","width":160,"height":47,"caption":"General Beverage"},"image":{"@id":"https:\/\/www.iobevo.com\/online\/#\/schema\/logo\/image\/"},"sameAs":["https:\/\/x.com\/IoBevo"]}]}},"_links":{"self":[{"href":"https:\/\/www.iobevo.com\/online\/wp-json\/wp\/v2\/pages\/6544","targetHints":{"allow":["GET"]}}],"collection":[{"href":"https:\/\/www.iobevo.com\/online\/wp-json\/wp\/v2\/pages"}],"about":[{"href":"https:\/\/www.iobevo.com\/online\/wp-json\/wp\/v2\/types\/page"}],"author":[{"embeddable":true,"href":"https:\/\/www.iobevo.com\/online\/wp-json\/wp\/v2\/users\/58"}],"replies":[{"embeddable":true,"href":"https:\/\/www.iobevo.com\/online\/wp-json\/wp\/v2\/comments?post=6544"}],"version-history":[{"count":0,"href":"https:\/\/www.iobevo.com\/online\/wp-json\/wp\/v2\/pages\/6544\/revisions"}],"up":[{"embeddable":true,"href":"https:\/\/www.iobevo.com\/online\/wp-json\/wp\/v2\/pages\/6539"}],"wp:featuredmedia":[{"embeddable":true,"href":"https:\/\/www.iobevo.com\/online\/wp-json\/wp\/v2\/media\/2831"}],"wp:attachment":[{"href":"https:\/\/www.iobevo.com\/online\/wp-json\/wp\/v2\/media?parent=6544"}],"curies":[{"name":"wp","href":"https:\/\/api.w.org\/{rel}","templated":true}]}}