{"id":6560,"date":"2014-07-09T14:33:09","date_gmt":"2014-07-09T14:33:09","guid":{"rendered":"http:\/\/www.iobevo.com\/online\/?page_id=6560"},"modified":"2017-08-01T16:54:31","modified_gmt":"2017-08-01T14:54:31","slug":"freebeverage","status":"publish","type":"page","link":"https:\/\/www.iobevo.com\/online\/servicios\/freebeverage\/?lang=es","title":{"rendered":"freebeverage\u00ae"},"content":{"rendered":"<p><span class=\"responsive\"><img fetchpriority=\"high\" decoding=\"async\" class=\"alignleft wp-image-2838\" src=\"http:\/\/www.iobevo.com\/online\/wp-content\/uploads\/2014\/01\/freebeverage-300x143.jpg\" alt=\"freebeverage\" width=\"400\" height=\"192\" srcset=\"https:\/\/www.iobevo.com\/online\/wp-content\/uploads\/2014\/01\/freebeverage-300x143.jpg 300w, https:\/\/www.iobevo.com\/online\/wp-content\/uploads\/2014\/01\/freebeverage.jpg 794w\" sizes=\"(max-width: 400px) 100vw, 400px\" \/><\/span>El servicio <span class=\"mark2\">freebeverage<\/span><span class=\"mark3\">\u00ae<\/span>\u00a0consiste en la distribuci\u00f3n de agua microfiltrada y bebidas en autoservicio, en cantidades y variedades libres y con un\u00a0costo fijo.<\/p>\n<p>El servicio actualmente se realiza en los comedores, restaurantes, cruseros, para m\u00e1s de 100 millones de comidas al a\u00f1o, ayudando a reducir el impacto de el medio ambiente a trav\u00e9s la reduccion de los envases de agua y bebidas embotelladas y de su transporte, eliminando botellas y latas.<\/p>\n<p>La posibilidad de ofrecer a sus clientes, con un costo fijo y contenido con el consumo libre de una amplia variedad de bebidas representa una importante herramienta para mejorar el servicio, reduciendo al mismo tiempo los costes.<\/p>\n<div class=\"gap\" style=\"height: 20px;\"><\/div>\n<div class=\"one_half\">\n<h5 class=\"title\"><span>Servicio freebeverage\u00ae por plazas<\/span><\/h5>\n<p><span class=\"responsive\"><a href=\"http:\/\/iobevo.com\/online\/?page_id=6584\"><img decoding=\"async\" width=\"320\" height=\"210\" class=\"alignnone wp-image-4188 size-thumbnail\" src=\"http:\/\/iobevo.com\/online\/wp-content\/uploads\/2014\/01\/freebeverage-pasto-320x210.jpg\" alt=\"\" srcset=\"https:\/\/www.iobevo.com\/online\/wp-content\/uploads\/2014\/01\/freebeverage-pasto-320x210.jpg 320w, https:\/\/www.iobevo.com\/online\/wp-content\/uploads\/2014\/01\/freebeverage-pasto-460x300.jpg 460w\" sizes=\"(max-width: 320px) 100vw, 320px\" \/><\/a><\/span><\/div>\n<div class=\"one_half last\">\n<h5 class=\"title\"><span>Formato y variedad bebidas<\/span><\/h5>\n<p><span class=\"responsive\"><a href=\"http:\/\/iobevo.com\/online\/?page_id=6568\"><img decoding=\"async\" class=\"alignnone wp-image-5030 size-thumbnail\" src=\"http:\/\/www.iobevo.com\/online\/wp-content\/uploads\/2014\/01\/mediterraneo_distributore1-320x210.jpg\" \/><\/a><\/span><\/div>\n<div class=\"clear\"><\/div>\n<div class=\"one_half\">\n<h5 class=\"title\"><span>Ventajas y resultados ambientales<\/span><\/h5>\n<p><span class=\"responsive\"><a href=\"http:\/\/iobevo.com\/online\/?page_id=6566\"><img decoding=\"async\" class=\"alignnone wp-image-4777 size-full\" src=\"http:\/\/iobevo.com\/online\/wp-content\/uploads\/2014\/01\/risultati-ambientali-320x210.jpg\" alt=\"\" \/><\/a><\/span><\/div>\n<div class=\"one_half last\">\n<h5 class=\"title\"><span>Servicio freebeverage\u00ae consumo libre<\/span><\/h5>\n<p><span class=\"responsive\"><a href=\"http:\/\/iobevo.com\/online\/?page_id=6564\"><img decoding=\"async\" width=\"320\" height=\"210\" class=\"alignnone wp-image-4197 size-thumbnail\" src=\"http:\/\/www.iobevo.com\/online\/wp-content\/uploads\/2014\/01\/FOTO-17C-13674240-un-bicchiere-di-succo-d-39-arancia-che-si-terra-da-una-giovane-donna-su-uno-sfondo-bianco-e1399731781735-320x210.jpg\" srcset=\"https:\/\/www.iobevo.com\/online\/wp-content\/uploads\/2014\/01\/FOTO-17C-13674240-un-bicchiere-di-succo-d-39-arancia-che-si-terra-da-una-giovane-donna-su-uno-sfondo-bianco-e1399731781735-320x210.jpg 320w, https:\/\/www.iobevo.com\/online\/wp-content\/uploads\/2014\/01\/FOTO-17C-13674240-un-bicchiere-di-succo-d-39-arancia-che-si-terra-da-una-giovane-donna-su-uno-sfondo-bianco-e1399731781735-460x300.jpg 460w\" sizes=\"(max-width: 320px) 100vw, 320px\" \/><\/a><\/span><\/div>\n<div class=\"clear\"><\/div>\n","protected":false},"excerpt":{"rendered":"<p>El servicio freebeverage\u00ae\u00a0consiste en la distribuci\u00f3n de agua microfiltrada y bebidas en autoservicio, en cantidades y variedades libres y con un\u00a0costo fijo. El servicio actualmente se realiza en los comedores, restaurantes, cruseros, para m\u00e1s de 100 millones de comidas al a\u00f1o, ayudando a reducir el impacto de el medio ambiente [&hellip;]<\/p>\n","protected":false},"author":58,"featured_media":2831,"parent":6536,"menu_order":5,"comment_status":"open","ping_status":"closed","template":"","meta":{"footnotes":""},"class_list":["post-6560","page","type-page","status-publish","has-post-thumbnail","hentry"],"yoast_head":"<!-- This site is optimized with the Yoast SEO plugin v27.4 - https:\/\/yoast.com\/product\/yoast-seo-wordpress\/ -->\n<title>freebeverage\u00ae - io bevo\u00ae<\/title>\n<meta name=\"robots\" content=\"index, follow, max-snippet:-1, max-image-preview:large, max-video-preview:-1\" \/>\n<link rel=\"canonical\" href=\"https:\/\/www.iobevo.com\/online\/servicios\/freebeverage\/?lang=es\" \/>\n<meta property=\"og:locale\" content=\"it_IT\" \/>\n<meta property=\"og:type\" content=\"article\" \/>\n<meta property=\"og:title\" content=\"freebeverage\u00ae - io bevo\u00ae\" \/>\n<meta property=\"og:description\" content=\"El servicio freebeverage\u00ae\u00a0consiste en la distribuci\u00f3n de agua microfiltrada y bebidas en autoservicio, en cantidades y variedades libres y con un\u00a0costo fijo. El servicio actualmente se realiza en los comedores, restaurantes, cruseros, para m\u00e1s de 100 millones de comidas al a\u00f1o, ayudando a reducir el impacto de el medio ambiente [&hellip;]\" \/>\n<meta property=\"og:url\" content=\"https:\/\/www.iobevo.com\/online\/servicios\/freebeverage\/?lang=es\" \/>\n<meta property=\"og:site_name\" content=\"io bevo\u00ae\" \/>\n<meta property=\"article:modified_time\" content=\"2017-08-01T14:54:31+00:00\" \/>\n<meta property=\"og:image\" content=\"https:\/\/www.iobevo.com\/online\/wp-content\/uploads\/2014\/01\/slide-2-bg-e1400667726929.png\" \/>\n\t<meta property=\"og:image:width\" content=\"1512\" \/>\n\t<meta property=\"og:image:height\" content=\"400\" \/>\n\t<meta property=\"og:image:type\" content=\"image\/png\" \/>\n<meta name=\"twitter:card\" content=\"summary_large_image\" \/>\n<meta name=\"twitter:site\" content=\"@IoBevo\" \/>\n<meta name=\"twitter:label1\" content=\"Tempo di lettura stimato\" \/>\n\t<meta name=\"twitter:data1\" content=\"1 minuto\" \/>\n<script type=\"application\/ld+json\" class=\"yoast-schema-graph\">{\"@context\":\"https:\\\/\\\/schema.org\",\"@graph\":[{\"@type\":\"WebPage\",\"@id\":\"https:\\\/\\\/www.iobevo.com\\\/online\\\/servicios\\\/freebeverage\\\/?lang=es\",\"url\":\"https:\\\/\\\/www.iobevo.com\\\/online\\\/servicios\\\/freebeverage\\\/?lang=es\",\"name\":\"freebeverage\u00ae - io bevo\u00ae\",\"isPartOf\":{\"@id\":\"https:\\\/\\\/www.iobevo.com\\\/online\\\/#website\"},\"primaryImageOfPage\":{\"@id\":\"https:\\\/\\\/www.iobevo.com\\\/online\\\/servicios\\\/freebeverage\\\/?lang=es#primaryimage\"},\"image\":{\"@id\":\"https:\\\/\\\/www.iobevo.com\\\/online\\\/servicios\\\/freebeverage\\\/?lang=es#primaryimage\"},\"thumbnailUrl\":\"https:\\\/\\\/www.iobevo.com\\\/online\\\/wp-content\\\/uploads\\\/2014\\\/01\\\/slide-2-bg-e1400667726929.png\",\"datePublished\":\"2014-07-09T14:33:09+00:00\",\"dateModified\":\"2017-08-01T14:54:31+00:00\",\"breadcrumb\":{\"@id\":\"https:\\\/\\\/www.iobevo.com\\\/online\\\/servicios\\\/freebeverage\\\/?lang=es#breadcrumb\"},\"inLanguage\":\"it-IT\",\"potentialAction\":[{\"@type\":\"ReadAction\",\"target\":[\"https:\\\/\\\/www.iobevo.com\\\/online\\\/servicios\\\/freebeverage\\\/?lang=es\"]}]},{\"@type\":\"ImageObject\",\"inLanguage\":\"it-IT\",\"@id\":\"https:\\\/\\\/www.iobevo.com\\\/online\\\/servicios\\\/freebeverage\\\/?lang=es#primaryimage\",\"url\":\"https:\\\/\\\/www.iobevo.com\\\/online\\\/wp-content\\\/uploads\\\/2014\\\/01\\\/slide-2-bg-e1400667726929.png\",\"contentUrl\":\"https:\\\/\\\/www.iobevo.com\\\/online\\\/wp-content\\\/uploads\\\/2014\\\/01\\\/slide-2-bg-e1400667726929.png\",\"width\":1512,\"height\":400},{\"@type\":\"BreadcrumbList\",\"@id\":\"https:\\\/\\\/www.iobevo.com\\\/online\\\/servicios\\\/freebeverage\\\/?lang=es#breadcrumb\",\"itemListElement\":[{\"@type\":\"ListItem\",\"position\":1,\"name\":\"Servicios\",\"item\":\"https:\\\/\\\/www.iobevo.com\\\/online\\\/servicios\\\/?lang=es\"},{\"@type\":\"ListItem\",\"position\":2,\"name\":\"freebeverage\u00ae\"}]},{\"@type\":\"WebSite\",\"@id\":\"https:\\\/\\\/www.iobevo.com\\\/online\\\/#website\",\"url\":\"https:\\\/\\\/www.iobevo.com\\\/online\\\/\",\"name\":\"io bevo\u00ae\",\"description\":\"Drink Plastic free\",\"publisher\":{\"@id\":\"https:\\\/\\\/www.iobevo.com\\\/online\\\/#organization\"},\"potentialAction\":[{\"@type\":\"SearchAction\",\"target\":{\"@type\":\"EntryPoint\",\"urlTemplate\":\"https:\\\/\\\/www.iobevo.com\\\/online\\\/?s={search_term_string}\"},\"query-input\":{\"@type\":\"PropertyValueSpecification\",\"valueRequired\":true,\"valueName\":\"search_term_string\"}}],\"inLanguage\":\"it-IT\"},{\"@type\":\"Organization\",\"@id\":\"https:\\\/\\\/www.iobevo.com\\\/online\\\/#organization\",\"name\":\"General Beverage\",\"url\":\"https:\\\/\\\/www.iobevo.com\\\/online\\\/\",\"logo\":{\"@type\":\"ImageObject\",\"inLanguage\":\"it-IT\",\"@id\":\"https:\\\/\\\/www.iobevo.com\\\/online\\\/#\\\/schema\\\/logo\\\/image\\\/\",\"url\":\"https:\\\/\\\/www.iobevo.com\\\/online\\\/wp-content\\\/uploads\\\/2014\\\/01\\\/logo_gb_horizontal_grey_160x47.png\",\"contentUrl\":\"https:\\\/\\\/www.iobevo.com\\\/online\\\/wp-content\\\/uploads\\\/2014\\\/01\\\/logo_gb_horizontal_grey_160x47.png\",\"width\":160,\"height\":47,\"caption\":\"General Beverage\"},\"image\":{\"@id\":\"https:\\\/\\\/www.iobevo.com\\\/online\\\/#\\\/schema\\\/logo\\\/image\\\/\"},\"sameAs\":[\"https:\\\/\\\/x.com\\\/IoBevo\"]}]}<\/script>\n<!-- \/ Yoast SEO plugin. -->","yoast_head_json":{"title":"freebeverage\u00ae - io bevo\u00ae","robots":{"index":"index","follow":"follow","max-snippet":"max-snippet:-1","max-image-preview":"max-image-preview:large","max-video-preview":"max-video-preview:-1"},"canonical":"https:\/\/www.iobevo.com\/online\/servicios\/freebeverage\/?lang=es","og_locale":"it_IT","og_type":"article","og_title":"freebeverage\u00ae - io bevo\u00ae","og_description":"El servicio freebeverage\u00ae\u00a0consiste en la distribuci\u00f3n de agua microfiltrada y bebidas en autoservicio, en cantidades y variedades libres y con un\u00a0costo fijo. El servicio actualmente se realiza en los comedores, restaurantes, cruseros, para m\u00e1s de 100 millones de comidas al a\u00f1o, ayudando a reducir el impacto de el medio ambiente [&hellip;]","og_url":"https:\/\/www.iobevo.com\/online\/servicios\/freebeverage\/?lang=es","og_site_name":"io bevo\u00ae","article_modified_time":"2017-08-01T14:54:31+00:00","og_image":[{"width":1512,"height":400,"url":"https:\/\/www.iobevo.com\/online\/wp-content\/uploads\/2014\/01\/slide-2-bg-e1400667726929.png","type":"image\/png"}],"twitter_card":"summary_large_image","twitter_site":"@IoBevo","twitter_misc":{"Tempo di lettura stimato":"1 minuto"},"schema":{"@context":"https:\/\/schema.org","@graph":[{"@type":"WebPage","@id":"https:\/\/www.iobevo.com\/online\/servicios\/freebeverage\/?lang=es","url":"https:\/\/www.iobevo.com\/online\/servicios\/freebeverage\/?lang=es","name":"freebeverage\u00ae - io bevo\u00ae","isPartOf":{"@id":"https:\/\/www.iobevo.com\/online\/#website"},"primaryImageOfPage":{"@id":"https:\/\/www.iobevo.com\/online\/servicios\/freebeverage\/?lang=es#primaryimage"},"image":{"@id":"https:\/\/www.iobevo.com\/online\/servicios\/freebeverage\/?lang=es#primaryimage"},"thumbnailUrl":"https:\/\/www.iobevo.com\/online\/wp-content\/uploads\/2014\/01\/slide-2-bg-e1400667726929.png","datePublished":"2014-07-09T14:33:09+00:00","dateModified":"2017-08-01T14:54:31+00:00","breadcrumb":{"@id":"https:\/\/www.iobevo.com\/online\/servicios\/freebeverage\/?lang=es#breadcrumb"},"inLanguage":"it-IT","potentialAction":[{"@type":"ReadAction","target":["https:\/\/www.iobevo.com\/online\/servicios\/freebeverage\/?lang=es"]}]},{"@type":"ImageObject","inLanguage":"it-IT","@id":"https:\/\/www.iobevo.com\/online\/servicios\/freebeverage\/?lang=es#primaryimage","url":"https:\/\/www.iobevo.com\/online\/wp-content\/uploads\/2014\/01\/slide-2-bg-e1400667726929.png","contentUrl":"https:\/\/www.iobevo.com\/online\/wp-content\/uploads\/2014\/01\/slide-2-bg-e1400667726929.png","width":1512,"height":400},{"@type":"BreadcrumbList","@id":"https:\/\/www.iobevo.com\/online\/servicios\/freebeverage\/?lang=es#breadcrumb","itemListElement":[{"@type":"ListItem","position":1,"name":"Servicios","item":"https:\/\/www.iobevo.com\/online\/servicios\/?lang=es"},{"@type":"ListItem","position":2,"name":"freebeverage\u00ae"}]},{"@type":"WebSite","@id":"https:\/\/www.iobevo.com\/online\/#website","url":"https:\/\/www.iobevo.com\/online\/","name":"io bevo\u00ae","description":"Drink Plastic free","publisher":{"@id":"https:\/\/www.iobevo.com\/online\/#organization"},"potentialAction":[{"@type":"SearchAction","target":{"@type":"EntryPoint","urlTemplate":"https:\/\/www.iobevo.com\/online\/?s={search_term_string}"},"query-input":{"@type":"PropertyValueSpecification","valueRequired":true,"valueName":"search_term_string"}}],"inLanguage":"it-IT"},{"@type":"Organization","@id":"https:\/\/www.iobevo.com\/online\/#organization","name":"General Beverage","url":"https:\/\/www.iobevo.com\/online\/","logo":{"@type":"ImageObject","inLanguage":"it-IT","@id":"https:\/\/www.iobevo.com\/online\/#\/schema\/logo\/image\/","url":"https:\/\/www.iobevo.com\/online\/wp-content\/uploads\/2014\/01\/logo_gb_horizontal_grey_160x47.png","contentUrl":"https:\/\/www.iobevo.com\/online\/wp-content\/uploads\/2014\/01\/logo_gb_horizontal_grey_160x47.png","width":160,"height":47,"caption":"General Beverage"},"image":{"@id":"https:\/\/www.iobevo.com\/online\/#\/schema\/logo\/image\/"},"sameAs":["https:\/\/x.com\/IoBevo"]}]}},"_links":{"self":[{"href":"https:\/\/www.iobevo.com\/online\/wp-json\/wp\/v2\/pages\/6560","targetHints":{"allow":["GET"]}}],"collection":[{"href":"https:\/\/www.iobevo.com\/online\/wp-json\/wp\/v2\/pages"}],"about":[{"href":"https:\/\/www.iobevo.com\/online\/wp-json\/wp\/v2\/types\/page"}],"author":[{"embeddable":true,"href":"https:\/\/www.iobevo.com\/online\/wp-json\/wp\/v2\/users\/58"}],"replies":[{"embeddable":true,"href":"https:\/\/www.iobevo.com\/online\/wp-json\/wp\/v2\/comments?post=6560"}],"version-history":[{"count":0,"href":"https:\/\/www.iobevo.com\/online\/wp-json\/wp\/v2\/pages\/6560\/revisions"}],"up":[{"embeddable":true,"href":"https:\/\/www.iobevo.com\/online\/wp-json\/wp\/v2\/pages\/6536"}],"wp:featuredmedia":[{"embeddable":true,"href":"https:\/\/www.iobevo.com\/online\/wp-json\/wp\/v2\/media\/2831"}],"wp:attachment":[{"href":"https:\/\/www.iobevo.com\/online\/wp-json\/wp\/v2\/media?parent=6560"}],"curies":[{"name":"wp","href":"https:\/\/api.w.org\/{rel}","templated":true}]}}