{"id":6564,"date":"2014-07-09T14:35:29","date_gmt":"2014-07-09T14:35:29","guid":{"rendered":"http:\/\/www.iobevo.com\/online\/?page_id=6564"},"modified":"2017-08-02T14:05:56","modified_gmt":"2017-08-02T12:05:56","slug":"servicio-freebeverage-vasosconsumo-libre","status":"publish","type":"page","link":"https:\/\/www.iobevo.com\/online\/servicios\/freebeverage\/servicio-freebeverage-vasosconsumo-libre\/?lang=es","title":{"rendered":"servicio freebeverage\u00ae vasos\/consumo libre"},"content":{"rendered":"<p><span class=\"responsive\"><img fetchpriority=\"high\" decoding=\"async\" class=\"alignright wp-image-4197\" src=\"http:\/\/iobevo.com\/online\/wp-content\/uploads\/2014\/01\/FOTO-17C-13674240-un-bicchiere-di-succo-d-39-arancia-che-si-terra-da-una-giovane-donna-su-uno-sfondo-bianco-e1399731781735.jpg\" alt=\"servizio freebeverage consumo libero\" width=\"390\" height=\"409\" srcset=\"https:\/\/www.iobevo.com\/online\/wp-content\/uploads\/2014\/01\/FOTO-17C-13674240-un-bicchiere-di-succo-d-39-arancia-che-si-terra-da-una-giovane-donna-su-uno-sfondo-bianco-e1399731781735.jpg 698w, https:\/\/www.iobevo.com\/online\/wp-content\/uploads\/2014\/01\/FOTO-17C-13674240-un-bicchiere-di-succo-d-39-arancia-che-si-terra-da-una-giovane-donna-su-uno-sfondo-bianco-e1399731781735-286x300.jpg 286w\" sizes=\"(max-width: 390px) 100vw, 390px\" \/><\/span>Otra forma de aplicaci\u00f3n de el sistema <span class=\"mark2\">freebeverage<\/span><span class=\"mark3\">\u00ae<\/span> es <strong>vaso\/libre consumo<\/strong>, ideado y realizado por los restaurantes.<\/p>\n<p><span class=\"mark1\">io<\/span> <span class=\"mark2\">bevo<\/span><span class=\"mark3\">\u00ae<\/span> Espana proporciona un vaso en material reutilizable, que se caracteriza por mensajes ambientales, a un costo fijo. El vaso\/consumo libre se podr\u00e1 vender a un costo que pueda incluir la posibilidad de reutilizar y tomar ilimitadamente las bebidas.<\/p>\n<p>El cliente usufruir\u00e1 del servicio de consumo libre en las <strong>islas<\/strong> <span class=\"mark2\">freebeverage<\/span><span class=\"mark3\">\u00ae<\/span>, dirigidas al p\u00fablico para que se puedan servir ellos mismos. Un ejemplo eficaz de este servicio es el que estamos realizando \u00a0en los restaurantes de Ikea.<\/p>\n<p>Los formatos de bebidas pueden ser personalizadas, naturalmente, el vaso consumo libre podr\u00e1 ser inserido en el men\u00fa. (Por ejemplo, men\u00fa pizza, men\u00fa s\u00e1ndwiches, men\u00fa plato de el dia, etc).<\/p>\n<p>Fruente a un costo seguro y fijo, ofrece a los clientes el libre consumo, mejorando el servicio y atrayendo nuevos p\u00fablicos.<\/p>\n<p><strong>\u00a1ENTRA Y BEBAS CUANTO QUIERAS! <\/strong><\/p>\n","protected":false},"excerpt":{"rendered":"<p>Otra forma de aplicaci\u00f3n de el sistema freebeverage\u00ae es vaso\/libre consumo, ideado y realizado por los restaurantes. io bevo\u00ae Espana proporciona un vaso en material reutilizable, que se caracteriza por mensajes ambientales, a un costo fijo. El vaso\/consumo libre se podr\u00e1 vender a un costo que pueda incluir la posibilidad [&hellip;]<\/p>\n","protected":false},"author":58,"featured_media":2831,"parent":6560,"menu_order":0,"comment_status":"open","ping_status":"closed","template":"","meta":{"footnotes":""},"class_list":["post-6564","page","type-page","status-publish","has-post-thumbnail","hentry"],"yoast_head":"<!-- This site is optimized with the Yoast SEO plugin v27.4 - https:\/\/yoast.com\/product\/yoast-seo-wordpress\/ -->\n<title>servicio freebeverage\u00ae vasos\/consumo libre - io bevo\u00ae<\/title>\n<meta name=\"robots\" content=\"index, follow, max-snippet:-1, max-image-preview:large, max-video-preview:-1\" \/>\n<link rel=\"canonical\" href=\"https:\/\/www.iobevo.com\/online\/servicios\/freebeverage\/servicio-freebeverage-vasosconsumo-libre\/?lang=es\" \/>\n<meta property=\"og:locale\" content=\"it_IT\" \/>\n<meta property=\"og:type\" content=\"article\" \/>\n<meta property=\"og:title\" content=\"servicio freebeverage\u00ae vasos\/consumo libre - io bevo\u00ae\" \/>\n<meta property=\"og:description\" content=\"Otra forma de aplicaci\u00f3n de el sistema freebeverage\u00ae es vaso\/libre consumo, ideado y realizado por los restaurantes. io bevo\u00ae Espana proporciona un vaso en material reutilizable, que se caracteriza por mensajes ambientales, a un costo fijo. El vaso\/consumo libre se podr\u00e1 vender a un costo que pueda incluir la posibilidad [&hellip;]\" \/>\n<meta property=\"og:url\" content=\"https:\/\/www.iobevo.com\/online\/servicios\/freebeverage\/servicio-freebeverage-vasosconsumo-libre\/?lang=es\" \/>\n<meta property=\"og:site_name\" content=\"io bevo\u00ae\" \/>\n<meta property=\"article:modified_time\" content=\"2017-08-02T12:05:56+00:00\" \/>\n<meta property=\"og:image\" content=\"https:\/\/www.iobevo.com\/online\/wp-content\/uploads\/2014\/01\/slide-2-bg-e1400667726929.png\" \/>\n\t<meta property=\"og:image:width\" content=\"1512\" \/>\n\t<meta property=\"og:image:height\" content=\"400\" \/>\n\t<meta property=\"og:image:type\" content=\"image\/png\" \/>\n<meta name=\"twitter:card\" content=\"summary_large_image\" \/>\n<meta name=\"twitter:site\" content=\"@IoBevo\" \/>\n<meta name=\"twitter:label1\" content=\"Tempo di lettura stimato\" \/>\n\t<meta name=\"twitter:data1\" content=\"1 minuto\" \/>\n<script type=\"application\/ld+json\" class=\"yoast-schema-graph\">{\"@context\":\"https:\\\/\\\/schema.org\",\"@graph\":[{\"@type\":\"WebPage\",\"@id\":\"https:\\\/\\\/www.iobevo.com\\\/online\\\/servicios\\\/freebeverage\\\/servicio-freebeverage-vasosconsumo-libre\\\/?lang=es\",\"url\":\"https:\\\/\\\/www.iobevo.com\\\/online\\\/servicios\\\/freebeverage\\\/servicio-freebeverage-vasosconsumo-libre\\\/?lang=es\",\"name\":\"servicio freebeverage\u00ae vasos\\\/consumo libre - io bevo\u00ae\",\"isPartOf\":{\"@id\":\"https:\\\/\\\/www.iobevo.com\\\/online\\\/#website\"},\"primaryImageOfPage\":{\"@id\":\"https:\\\/\\\/www.iobevo.com\\\/online\\\/servicios\\\/freebeverage\\\/servicio-freebeverage-vasosconsumo-libre\\\/?lang=es#primaryimage\"},\"image\":{\"@id\":\"https:\\\/\\\/www.iobevo.com\\\/online\\\/servicios\\\/freebeverage\\\/servicio-freebeverage-vasosconsumo-libre\\\/?lang=es#primaryimage\"},\"thumbnailUrl\":\"https:\\\/\\\/www.iobevo.com\\\/online\\\/wp-content\\\/uploads\\\/2014\\\/01\\\/slide-2-bg-e1400667726929.png\",\"datePublished\":\"2014-07-09T14:35:29+00:00\",\"dateModified\":\"2017-08-02T12:05:56+00:00\",\"breadcrumb\":{\"@id\":\"https:\\\/\\\/www.iobevo.com\\\/online\\\/servicios\\\/freebeverage\\\/servicio-freebeverage-vasosconsumo-libre\\\/?lang=es#breadcrumb\"},\"inLanguage\":\"it-IT\",\"potentialAction\":[{\"@type\":\"ReadAction\",\"target\":[\"https:\\\/\\\/www.iobevo.com\\\/online\\\/servicios\\\/freebeverage\\\/servicio-freebeverage-vasosconsumo-libre\\\/?lang=es\"]}]},{\"@type\":\"ImageObject\",\"inLanguage\":\"it-IT\",\"@id\":\"https:\\\/\\\/www.iobevo.com\\\/online\\\/servicios\\\/freebeverage\\\/servicio-freebeverage-vasosconsumo-libre\\\/?lang=es#primaryimage\",\"url\":\"https:\\\/\\\/www.iobevo.com\\\/online\\\/wp-content\\\/uploads\\\/2014\\\/01\\\/slide-2-bg-e1400667726929.png\",\"contentUrl\":\"https:\\\/\\\/www.iobevo.com\\\/online\\\/wp-content\\\/uploads\\\/2014\\\/01\\\/slide-2-bg-e1400667726929.png\",\"width\":1512,\"height\":400},{\"@type\":\"BreadcrumbList\",\"@id\":\"https:\\\/\\\/www.iobevo.com\\\/online\\\/servicios\\\/freebeverage\\\/servicio-freebeverage-vasosconsumo-libre\\\/?lang=es#breadcrumb\",\"itemListElement\":[{\"@type\":\"ListItem\",\"position\":1,\"name\":\"Servicios\",\"item\":\"https:\\\/\\\/www.iobevo.com\\\/online\\\/servicios\\\/?lang=es\"},{\"@type\":\"ListItem\",\"position\":2,\"name\":\"freebeverage\u00ae\",\"item\":\"https:\\\/\\\/www.iobevo.com\\\/online\\\/servicios\\\/freebeverage\\\/?lang=es\"},{\"@type\":\"ListItem\",\"position\":3,\"name\":\"servicio freebeverage\u00ae vasos\\\/consumo libre\"}]},{\"@type\":\"WebSite\",\"@id\":\"https:\\\/\\\/www.iobevo.com\\\/online\\\/#website\",\"url\":\"https:\\\/\\\/www.iobevo.com\\\/online\\\/\",\"name\":\"io bevo\u00ae\",\"description\":\"Drink Plastic free\",\"publisher\":{\"@id\":\"https:\\\/\\\/www.iobevo.com\\\/online\\\/#organization\"},\"potentialAction\":[{\"@type\":\"SearchAction\",\"target\":{\"@type\":\"EntryPoint\",\"urlTemplate\":\"https:\\\/\\\/www.iobevo.com\\\/online\\\/?s={search_term_string}\"},\"query-input\":{\"@type\":\"PropertyValueSpecification\",\"valueRequired\":true,\"valueName\":\"search_term_string\"}}],\"inLanguage\":\"it-IT\"},{\"@type\":\"Organization\",\"@id\":\"https:\\\/\\\/www.iobevo.com\\\/online\\\/#organization\",\"name\":\"General Beverage\",\"url\":\"https:\\\/\\\/www.iobevo.com\\\/online\\\/\",\"logo\":{\"@type\":\"ImageObject\",\"inLanguage\":\"it-IT\",\"@id\":\"https:\\\/\\\/www.iobevo.com\\\/online\\\/#\\\/schema\\\/logo\\\/image\\\/\",\"url\":\"https:\\\/\\\/www.iobevo.com\\\/online\\\/wp-content\\\/uploads\\\/2014\\\/01\\\/logo_gb_horizontal_grey_160x47.png\",\"contentUrl\":\"https:\\\/\\\/www.iobevo.com\\\/online\\\/wp-content\\\/uploads\\\/2014\\\/01\\\/logo_gb_horizontal_grey_160x47.png\",\"width\":160,\"height\":47,\"caption\":\"General Beverage\"},\"image\":{\"@id\":\"https:\\\/\\\/www.iobevo.com\\\/online\\\/#\\\/schema\\\/logo\\\/image\\\/\"},\"sameAs\":[\"https:\\\/\\\/x.com\\\/IoBevo\"]}]}<\/script>\n<!-- \/ Yoast SEO plugin. -->","yoast_head_json":{"title":"servicio freebeverage\u00ae vasos\/consumo libre - io bevo\u00ae","robots":{"index":"index","follow":"follow","max-snippet":"max-snippet:-1","max-image-preview":"max-image-preview:large","max-video-preview":"max-video-preview:-1"},"canonical":"https:\/\/www.iobevo.com\/online\/servicios\/freebeverage\/servicio-freebeverage-vasosconsumo-libre\/?lang=es","og_locale":"it_IT","og_type":"article","og_title":"servicio freebeverage\u00ae vasos\/consumo libre - io bevo\u00ae","og_description":"Otra forma de aplicaci\u00f3n de el sistema freebeverage\u00ae es vaso\/libre consumo, ideado y realizado por los restaurantes. io bevo\u00ae Espana proporciona un vaso en material reutilizable, que se caracteriza por mensajes ambientales, a un costo fijo. El vaso\/consumo libre se podr\u00e1 vender a un costo que pueda incluir la posibilidad [&hellip;]","og_url":"https:\/\/www.iobevo.com\/online\/servicios\/freebeverage\/servicio-freebeverage-vasosconsumo-libre\/?lang=es","og_site_name":"io bevo\u00ae","article_modified_time":"2017-08-02T12:05:56+00:00","og_image":[{"width":1512,"height":400,"url":"https:\/\/www.iobevo.com\/online\/wp-content\/uploads\/2014\/01\/slide-2-bg-e1400667726929.png","type":"image\/png"}],"twitter_card":"summary_large_image","twitter_site":"@IoBevo","twitter_misc":{"Tempo di lettura stimato":"1 minuto"},"schema":{"@context":"https:\/\/schema.org","@graph":[{"@type":"WebPage","@id":"https:\/\/www.iobevo.com\/online\/servicios\/freebeverage\/servicio-freebeverage-vasosconsumo-libre\/?lang=es","url":"https:\/\/www.iobevo.com\/online\/servicios\/freebeverage\/servicio-freebeverage-vasosconsumo-libre\/?lang=es","name":"servicio freebeverage\u00ae vasos\/consumo libre - io bevo\u00ae","isPartOf":{"@id":"https:\/\/www.iobevo.com\/online\/#website"},"primaryImageOfPage":{"@id":"https:\/\/www.iobevo.com\/online\/servicios\/freebeverage\/servicio-freebeverage-vasosconsumo-libre\/?lang=es#primaryimage"},"image":{"@id":"https:\/\/www.iobevo.com\/online\/servicios\/freebeverage\/servicio-freebeverage-vasosconsumo-libre\/?lang=es#primaryimage"},"thumbnailUrl":"https:\/\/www.iobevo.com\/online\/wp-content\/uploads\/2014\/01\/slide-2-bg-e1400667726929.png","datePublished":"2014-07-09T14:35:29+00:00","dateModified":"2017-08-02T12:05:56+00:00","breadcrumb":{"@id":"https:\/\/www.iobevo.com\/online\/servicios\/freebeverage\/servicio-freebeverage-vasosconsumo-libre\/?lang=es#breadcrumb"},"inLanguage":"it-IT","potentialAction":[{"@type":"ReadAction","target":["https:\/\/www.iobevo.com\/online\/servicios\/freebeverage\/servicio-freebeverage-vasosconsumo-libre\/?lang=es"]}]},{"@type":"ImageObject","inLanguage":"it-IT","@id":"https:\/\/www.iobevo.com\/online\/servicios\/freebeverage\/servicio-freebeverage-vasosconsumo-libre\/?lang=es#primaryimage","url":"https:\/\/www.iobevo.com\/online\/wp-content\/uploads\/2014\/01\/slide-2-bg-e1400667726929.png","contentUrl":"https:\/\/www.iobevo.com\/online\/wp-content\/uploads\/2014\/01\/slide-2-bg-e1400667726929.png","width":1512,"height":400},{"@type":"BreadcrumbList","@id":"https:\/\/www.iobevo.com\/online\/servicios\/freebeverage\/servicio-freebeverage-vasosconsumo-libre\/?lang=es#breadcrumb","itemListElement":[{"@type":"ListItem","position":1,"name":"Servicios","item":"https:\/\/www.iobevo.com\/online\/servicios\/?lang=es"},{"@type":"ListItem","position":2,"name":"freebeverage\u00ae","item":"https:\/\/www.iobevo.com\/online\/servicios\/freebeverage\/?lang=es"},{"@type":"ListItem","position":3,"name":"servicio freebeverage\u00ae vasos\/consumo libre"}]},{"@type":"WebSite","@id":"https:\/\/www.iobevo.com\/online\/#website","url":"https:\/\/www.iobevo.com\/online\/","name":"io bevo\u00ae","description":"Drink Plastic free","publisher":{"@id":"https:\/\/www.iobevo.com\/online\/#organization"},"potentialAction":[{"@type":"SearchAction","target":{"@type":"EntryPoint","urlTemplate":"https:\/\/www.iobevo.com\/online\/?s={search_term_string}"},"query-input":{"@type":"PropertyValueSpecification","valueRequired":true,"valueName":"search_term_string"}}],"inLanguage":"it-IT"},{"@type":"Organization","@id":"https:\/\/www.iobevo.com\/online\/#organization","name":"General Beverage","url":"https:\/\/www.iobevo.com\/online\/","logo":{"@type":"ImageObject","inLanguage":"it-IT","@id":"https:\/\/www.iobevo.com\/online\/#\/schema\/logo\/image\/","url":"https:\/\/www.iobevo.com\/online\/wp-content\/uploads\/2014\/01\/logo_gb_horizontal_grey_160x47.png","contentUrl":"https:\/\/www.iobevo.com\/online\/wp-content\/uploads\/2014\/01\/logo_gb_horizontal_grey_160x47.png","width":160,"height":47,"caption":"General Beverage"},"image":{"@id":"https:\/\/www.iobevo.com\/online\/#\/schema\/logo\/image\/"},"sameAs":["https:\/\/x.com\/IoBevo"]}]}},"_links":{"self":[{"href":"https:\/\/www.iobevo.com\/online\/wp-json\/wp\/v2\/pages\/6564","targetHints":{"allow":["GET"]}}],"collection":[{"href":"https:\/\/www.iobevo.com\/online\/wp-json\/wp\/v2\/pages"}],"about":[{"href":"https:\/\/www.iobevo.com\/online\/wp-json\/wp\/v2\/types\/page"}],"author":[{"embeddable":true,"href":"https:\/\/www.iobevo.com\/online\/wp-json\/wp\/v2\/users\/58"}],"replies":[{"embeddable":true,"href":"https:\/\/www.iobevo.com\/online\/wp-json\/wp\/v2\/comments?post=6564"}],"version-history":[{"count":0,"href":"https:\/\/www.iobevo.com\/online\/wp-json\/wp\/v2\/pages\/6564\/revisions"}],"up":[{"embeddable":true,"href":"https:\/\/www.iobevo.com\/online\/wp-json\/wp\/v2\/pages\/6560"}],"wp:featuredmedia":[{"embeddable":true,"href":"https:\/\/www.iobevo.com\/online\/wp-json\/wp\/v2\/media\/2831"}],"wp:attachment":[{"href":"https:\/\/www.iobevo.com\/online\/wp-json\/wp\/v2\/media?parent=6564"}],"curies":[{"name":"wp","href":"https:\/\/api.w.org\/{rel}","templated":true}]}}