{"id":6566,"date":"2014-07-09T14:36:22","date_gmt":"2014-07-09T14:36:22","guid":{"rendered":"http:\/\/www.iobevo.com\/online\/?page_id=6566"},"modified":"2017-08-02T14:01:01","modified_gmt":"2017-08-02T12:01:01","slug":"ventajas-y-resultados-ambientales","status":"publish","type":"page","link":"https:\/\/www.iobevo.com\/online\/servicios\/freebeverage\/ventajas-y-resultados-ambientales\/?lang=es","title":{"rendered":"Ventajas y resultados ambientales"},"content":{"rendered":"<p><span class=\"responsive\"><img fetchpriority=\"high\" decoding=\"async\" class=\"size-full wp-image-4194 aligncenter\" src=\"http:\/\/iobevo.com\/online\/wp-content\/uploads\/2014\/01\/risultati-ambientali.jpg\" alt=\"risultati-ambientali\" width=\"700\" height=\"298\" srcset=\"https:\/\/www.iobevo.com\/online\/wp-content\/uploads\/2014\/01\/risultati-ambientali.jpg 700w, https:\/\/www.iobevo.com\/online\/wp-content\/uploads\/2014\/01\/risultati-ambientali-300x127.jpg 300w\" sizes=\"(max-width: 700px) 100vw, 700px\" \/><\/span><\/p>\n<p>El servicio <span class=\"mark2\">freebeverage<\/span><span class=\"mark3\">\u00ae<\/span>, gracias al uso de agua micro filtrada y concentrados post-mix, tienes una fuerte connotaci\u00f3n de medio ambiante, asegurando una <strong>reducci\u00f3n del 99% de los residuos<\/strong>, respecto al consumo de agua y bebidas embotelladas en PET y latas, y una reducci\u00f3n del 96% de trasporte.<\/p>\n<p>Los resultados ambientales de el 2015, gracias a la aplicaci\u00f3n del servicio en m\u00e1s de 100 millones de comidas,:<\/p>\n<ul>\n<li>3.700 toneladas de residuos<\/li>\n<li>153.000 toneladas de transporte<\/li>\n<li>6.100 toneladas de CO<sub>2<\/sub><\/li>\n<li>4.700 toneladas de petr\u00f3leo<\/li>\n<\/ul>\n<p>Resultados significativos, en consideraci\u00f3n que los residuos corisponden a \u00a0m\u00e1s de 400.000 toneladas de PET en el a\u00f1o, provocando 665.000 toneladas de petr\u00f3leo, la emisi\u00f3n de 900.000 toneladas de CO<sub>2<\/sub> y el transporte de 13 millones de toneladas de producto.<\/p>\n<p>El \u00a0servicio <span class=\"mark2\">freebeverage<\/span><span class=\"mark3\">\u00ae<\/span>, desde el punto de vista ecol\u00f3gico, \u00a0a trav\u00e9s de las espec\u00edficas caracter\u00edsticas t\u00e9cnicas de los dispensadores utilizados, permite un <em><strong>reducido consumo energ\u00e9tico<\/strong><\/em> <em>respecto a las alternativas de refrigeraci\u00f3n.<\/em><\/p>\n<p>Por estos motivaciones\u00a0 el servicio <span class=\"mark2\">freebeverage<\/span><span class=\"mark3\">\u00ae<\/span> es utilizado de las majorias \u00a0compa\u00f1\u00edas \u00a0cuidadosas con las pol\u00edticas ambientales y por los entes p\u00fablicos, en el respeto de las leyes y reglamentos relacionads a las <strong><a href=\"https:\/\/www.iobevo.com\/online\/es\/bevo-para-el-ambiente\/gpp-green-public-procurement\/\">Adquisiciones P\u00fablicas Ecol\u00f3gicas<\/a> (GPP) <\/strong>en los servicios de comedires colectivos y en particular a los <a href=\"http:\/\/iobevo.com\/online\/wp-content\/uploads\/2014\/05\/CAM-MINISTERO-AMBIENTE-CRITERI-AMBIENTALI-MINIMI-DELLA-RISTORAZIONE.pdf\">Criterios ambientales m\u00ednimos<\/a> para la adjudicaci\u00f3n del servicio de alimentos aprobados el 25 de julio de 2011 por el Ministerio del Medio Ambiente.<\/p>\n","protected":false},"excerpt":{"rendered":"<p>El servicio freebeverage\u00ae, gracias al uso de agua micro filtrada y concentrados post-mix, tienes una fuerte connotaci\u00f3n de medio ambiante, asegurando una reducci\u00f3n del 99% de los residuos, respecto al consumo de agua y bebidas embotelladas en PET y latas, y una reducci\u00f3n del 96% de trasporte. Los resultados ambientales [&hellip;]<\/p>\n","protected":false},"author":58,"featured_media":2831,"parent":6560,"menu_order":0,"comment_status":"open","ping_status":"closed","template":"","meta":{"footnotes":""},"class_list":["post-6566","page","type-page","status-publish","has-post-thumbnail","hentry"],"yoast_head":"<!-- This site is optimized with the Yoast SEO plugin v27.5 - https:\/\/yoast.com\/product\/yoast-seo-wordpress\/ -->\n<title>Ventajas y resultados ambientales - io bevo\u00ae<\/title>\n<meta name=\"robots\" content=\"index, follow, max-snippet:-1, max-image-preview:large, max-video-preview:-1\" \/>\n<link rel=\"canonical\" href=\"https:\/\/www.iobevo.com\/online\/servicios\/freebeverage\/ventajas-y-resultados-ambientales\/?lang=es\" \/>\n<meta property=\"og:locale\" content=\"it_IT\" \/>\n<meta property=\"og:type\" content=\"article\" \/>\n<meta property=\"og:title\" content=\"Ventajas y resultados ambientales - io bevo\u00ae\" \/>\n<meta property=\"og:description\" content=\"El servicio freebeverage\u00ae, gracias al uso de agua micro filtrada y concentrados post-mix, tienes una fuerte connotaci\u00f3n de medio ambiante, asegurando una reducci\u00f3n del 99% de los residuos, respecto al consumo de agua y bebidas embotelladas en PET y latas, y una reducci\u00f3n del 96% de trasporte. Los resultados ambientales [&hellip;]\" \/>\n<meta property=\"og:url\" content=\"https:\/\/www.iobevo.com\/online\/servicios\/freebeverage\/ventajas-y-resultados-ambientales\/?lang=es\" \/>\n<meta property=\"og:site_name\" content=\"io bevo\u00ae\" \/>\n<meta property=\"article:modified_time\" content=\"2017-08-02T12:01:01+00:00\" \/>\n<meta property=\"og:image\" content=\"https:\/\/www.iobevo.com\/online\/wp-content\/uploads\/2014\/01\/slide-2-bg-e1400667726929.png\" \/>\n\t<meta property=\"og:image:width\" content=\"1512\" \/>\n\t<meta property=\"og:image:height\" content=\"400\" \/>\n\t<meta property=\"og:image:type\" content=\"image\/png\" \/>\n<meta name=\"twitter:card\" content=\"summary_large_image\" \/>\n<meta name=\"twitter:site\" content=\"@IoBevo\" \/>\n<meta name=\"twitter:label1\" content=\"Tempo di lettura stimato\" \/>\n\t<meta name=\"twitter:data1\" content=\"1 minuto\" \/>\n<script type=\"application\/ld+json\" class=\"yoast-schema-graph\">{\"@context\":\"https:\\\/\\\/schema.org\",\"@graph\":[{\"@type\":\"WebPage\",\"@id\":\"https:\\\/\\\/www.iobevo.com\\\/online\\\/servicios\\\/freebeverage\\\/ventajas-y-resultados-ambientales\\\/?lang=es\",\"url\":\"https:\\\/\\\/www.iobevo.com\\\/online\\\/servicios\\\/freebeverage\\\/ventajas-y-resultados-ambientales\\\/?lang=es\",\"name\":\"Ventajas y resultados ambientales - io bevo\u00ae\",\"isPartOf\":{\"@id\":\"https:\\\/\\\/www.iobevo.com\\\/online\\\/#website\"},\"primaryImageOfPage\":{\"@id\":\"https:\\\/\\\/www.iobevo.com\\\/online\\\/servicios\\\/freebeverage\\\/ventajas-y-resultados-ambientales\\\/?lang=es#primaryimage\"},\"image\":{\"@id\":\"https:\\\/\\\/www.iobevo.com\\\/online\\\/servicios\\\/freebeverage\\\/ventajas-y-resultados-ambientales\\\/?lang=es#primaryimage\"},\"thumbnailUrl\":\"https:\\\/\\\/www.iobevo.com\\\/online\\\/wp-content\\\/uploads\\\/2014\\\/01\\\/slide-2-bg-e1400667726929.png\",\"datePublished\":\"2014-07-09T14:36:22+00:00\",\"dateModified\":\"2017-08-02T12:01:01+00:00\",\"breadcrumb\":{\"@id\":\"https:\\\/\\\/www.iobevo.com\\\/online\\\/servicios\\\/freebeverage\\\/ventajas-y-resultados-ambientales\\\/?lang=es#breadcrumb\"},\"inLanguage\":\"it-IT\",\"potentialAction\":[{\"@type\":\"ReadAction\",\"target\":[\"https:\\\/\\\/www.iobevo.com\\\/online\\\/servicios\\\/freebeverage\\\/ventajas-y-resultados-ambientales\\\/?lang=es\"]}]},{\"@type\":\"ImageObject\",\"inLanguage\":\"it-IT\",\"@id\":\"https:\\\/\\\/www.iobevo.com\\\/online\\\/servicios\\\/freebeverage\\\/ventajas-y-resultados-ambientales\\\/?lang=es#primaryimage\",\"url\":\"https:\\\/\\\/www.iobevo.com\\\/online\\\/wp-content\\\/uploads\\\/2014\\\/01\\\/slide-2-bg-e1400667726929.png\",\"contentUrl\":\"https:\\\/\\\/www.iobevo.com\\\/online\\\/wp-content\\\/uploads\\\/2014\\\/01\\\/slide-2-bg-e1400667726929.png\",\"width\":1512,\"height\":400},{\"@type\":\"BreadcrumbList\",\"@id\":\"https:\\\/\\\/www.iobevo.com\\\/online\\\/servicios\\\/freebeverage\\\/ventajas-y-resultados-ambientales\\\/?lang=es#breadcrumb\",\"itemListElement\":[{\"@type\":\"ListItem\",\"position\":1,\"name\":\"Servicios\",\"item\":\"https:\\\/\\\/www.iobevo.com\\\/online\\\/servicios\\\/?lang=es\"},{\"@type\":\"ListItem\",\"position\":2,\"name\":\"freebeverage\u00ae\",\"item\":\"https:\\\/\\\/www.iobevo.com\\\/online\\\/servicios\\\/freebeverage\\\/?lang=es\"},{\"@type\":\"ListItem\",\"position\":3,\"name\":\"Ventajas y resultados ambientales\"}]},{\"@type\":\"WebSite\",\"@id\":\"https:\\\/\\\/www.iobevo.com\\\/online\\\/#website\",\"url\":\"https:\\\/\\\/www.iobevo.com\\\/online\\\/\",\"name\":\"io bevo\u00ae\",\"description\":\"Drink Plastic free\",\"publisher\":{\"@id\":\"https:\\\/\\\/www.iobevo.com\\\/online\\\/#organization\"},\"potentialAction\":[{\"@type\":\"SearchAction\",\"target\":{\"@type\":\"EntryPoint\",\"urlTemplate\":\"https:\\\/\\\/www.iobevo.com\\\/online\\\/?s={search_term_string}\"},\"query-input\":{\"@type\":\"PropertyValueSpecification\",\"valueRequired\":true,\"valueName\":\"search_term_string\"}}],\"inLanguage\":\"it-IT\"},{\"@type\":\"Organization\",\"@id\":\"https:\\\/\\\/www.iobevo.com\\\/online\\\/#organization\",\"name\":\"General Beverage\",\"url\":\"https:\\\/\\\/www.iobevo.com\\\/online\\\/\",\"logo\":{\"@type\":\"ImageObject\",\"inLanguage\":\"it-IT\",\"@id\":\"https:\\\/\\\/www.iobevo.com\\\/online\\\/#\\\/schema\\\/logo\\\/image\\\/\",\"url\":\"https:\\\/\\\/www.iobevo.com\\\/online\\\/wp-content\\\/uploads\\\/2014\\\/01\\\/logo_gb_horizontal_grey_160x47.png\",\"contentUrl\":\"https:\\\/\\\/www.iobevo.com\\\/online\\\/wp-content\\\/uploads\\\/2014\\\/01\\\/logo_gb_horizontal_grey_160x47.png\",\"width\":160,\"height\":47,\"caption\":\"General Beverage\"},\"image\":{\"@id\":\"https:\\\/\\\/www.iobevo.com\\\/online\\\/#\\\/schema\\\/logo\\\/image\\\/\"},\"sameAs\":[\"https:\\\/\\\/x.com\\\/IoBevo\"]}]}<\/script>\n<!-- \/ Yoast SEO plugin. -->","yoast_head_json":{"title":"Ventajas y resultados ambientales - io bevo\u00ae","robots":{"index":"index","follow":"follow","max-snippet":"max-snippet:-1","max-image-preview":"max-image-preview:large","max-video-preview":"max-video-preview:-1"},"canonical":"https:\/\/www.iobevo.com\/online\/servicios\/freebeverage\/ventajas-y-resultados-ambientales\/?lang=es","og_locale":"it_IT","og_type":"article","og_title":"Ventajas y resultados ambientales - io bevo\u00ae","og_description":"El servicio freebeverage\u00ae, gracias al uso de agua micro filtrada y concentrados post-mix, tienes una fuerte connotaci\u00f3n de medio ambiante, asegurando una reducci\u00f3n del 99% de los residuos, respecto al consumo de agua y bebidas embotelladas en PET y latas, y una reducci\u00f3n del 96% de trasporte. Los resultados ambientales [&hellip;]","og_url":"https:\/\/www.iobevo.com\/online\/servicios\/freebeverage\/ventajas-y-resultados-ambientales\/?lang=es","og_site_name":"io bevo\u00ae","article_modified_time":"2017-08-02T12:01:01+00:00","og_image":[{"width":1512,"height":400,"url":"https:\/\/www.iobevo.com\/online\/wp-content\/uploads\/2014\/01\/slide-2-bg-e1400667726929.png","type":"image\/png"}],"twitter_card":"summary_large_image","twitter_site":"@IoBevo","twitter_misc":{"Tempo di lettura stimato":"1 minuto"},"schema":{"@context":"https:\/\/schema.org","@graph":[{"@type":"WebPage","@id":"https:\/\/www.iobevo.com\/online\/servicios\/freebeverage\/ventajas-y-resultados-ambientales\/?lang=es","url":"https:\/\/www.iobevo.com\/online\/servicios\/freebeverage\/ventajas-y-resultados-ambientales\/?lang=es","name":"Ventajas y resultados ambientales - io bevo\u00ae","isPartOf":{"@id":"https:\/\/www.iobevo.com\/online\/#website"},"primaryImageOfPage":{"@id":"https:\/\/www.iobevo.com\/online\/servicios\/freebeverage\/ventajas-y-resultados-ambientales\/?lang=es#primaryimage"},"image":{"@id":"https:\/\/www.iobevo.com\/online\/servicios\/freebeverage\/ventajas-y-resultados-ambientales\/?lang=es#primaryimage"},"thumbnailUrl":"https:\/\/www.iobevo.com\/online\/wp-content\/uploads\/2014\/01\/slide-2-bg-e1400667726929.png","datePublished":"2014-07-09T14:36:22+00:00","dateModified":"2017-08-02T12:01:01+00:00","breadcrumb":{"@id":"https:\/\/www.iobevo.com\/online\/servicios\/freebeverage\/ventajas-y-resultados-ambientales\/?lang=es#breadcrumb"},"inLanguage":"it-IT","potentialAction":[{"@type":"ReadAction","target":["https:\/\/www.iobevo.com\/online\/servicios\/freebeverage\/ventajas-y-resultados-ambientales\/?lang=es"]}]},{"@type":"ImageObject","inLanguage":"it-IT","@id":"https:\/\/www.iobevo.com\/online\/servicios\/freebeverage\/ventajas-y-resultados-ambientales\/?lang=es#primaryimage","url":"https:\/\/www.iobevo.com\/online\/wp-content\/uploads\/2014\/01\/slide-2-bg-e1400667726929.png","contentUrl":"https:\/\/www.iobevo.com\/online\/wp-content\/uploads\/2014\/01\/slide-2-bg-e1400667726929.png","width":1512,"height":400},{"@type":"BreadcrumbList","@id":"https:\/\/www.iobevo.com\/online\/servicios\/freebeverage\/ventajas-y-resultados-ambientales\/?lang=es#breadcrumb","itemListElement":[{"@type":"ListItem","position":1,"name":"Servicios","item":"https:\/\/www.iobevo.com\/online\/servicios\/?lang=es"},{"@type":"ListItem","position":2,"name":"freebeverage\u00ae","item":"https:\/\/www.iobevo.com\/online\/servicios\/freebeverage\/?lang=es"},{"@type":"ListItem","position":3,"name":"Ventajas y resultados ambientales"}]},{"@type":"WebSite","@id":"https:\/\/www.iobevo.com\/online\/#website","url":"https:\/\/www.iobevo.com\/online\/","name":"io bevo\u00ae","description":"Drink Plastic free","publisher":{"@id":"https:\/\/www.iobevo.com\/online\/#organization"},"potentialAction":[{"@type":"SearchAction","target":{"@type":"EntryPoint","urlTemplate":"https:\/\/www.iobevo.com\/online\/?s={search_term_string}"},"query-input":{"@type":"PropertyValueSpecification","valueRequired":true,"valueName":"search_term_string"}}],"inLanguage":"it-IT"},{"@type":"Organization","@id":"https:\/\/www.iobevo.com\/online\/#organization","name":"General Beverage","url":"https:\/\/www.iobevo.com\/online\/","logo":{"@type":"ImageObject","inLanguage":"it-IT","@id":"https:\/\/www.iobevo.com\/online\/#\/schema\/logo\/image\/","url":"https:\/\/www.iobevo.com\/online\/wp-content\/uploads\/2014\/01\/logo_gb_horizontal_grey_160x47.png","contentUrl":"https:\/\/www.iobevo.com\/online\/wp-content\/uploads\/2014\/01\/logo_gb_horizontal_grey_160x47.png","width":160,"height":47,"caption":"General Beverage"},"image":{"@id":"https:\/\/www.iobevo.com\/online\/#\/schema\/logo\/image\/"},"sameAs":["https:\/\/x.com\/IoBevo"]}]}},"_links":{"self":[{"href":"https:\/\/www.iobevo.com\/online\/wp-json\/wp\/v2\/pages\/6566","targetHints":{"allow":["GET"]}}],"collection":[{"href":"https:\/\/www.iobevo.com\/online\/wp-json\/wp\/v2\/pages"}],"about":[{"href":"https:\/\/www.iobevo.com\/online\/wp-json\/wp\/v2\/types\/page"}],"author":[{"embeddable":true,"href":"https:\/\/www.iobevo.com\/online\/wp-json\/wp\/v2\/users\/58"}],"replies":[{"embeddable":true,"href":"https:\/\/www.iobevo.com\/online\/wp-json\/wp\/v2\/comments?post=6566"}],"version-history":[{"count":0,"href":"https:\/\/www.iobevo.com\/online\/wp-json\/wp\/v2\/pages\/6566\/revisions"}],"up":[{"embeddable":true,"href":"https:\/\/www.iobevo.com\/online\/wp-json\/wp\/v2\/pages\/6560"}],"wp:featuredmedia":[{"embeddable":true,"href":"https:\/\/www.iobevo.com\/online\/wp-json\/wp\/v2\/media\/2831"}],"wp:attachment":[{"href":"https:\/\/www.iobevo.com\/online\/wp-json\/wp\/v2\/media?parent=6566"}],"curies":[{"name":"wp","href":"https:\/\/api.w.org\/{rel}","templated":true}]}}