{"id":6580,"date":"2014-07-09T14:41:59","date_gmt":"2014-07-09T14:41:59","guid":{"rendered":"http:\/\/www.iobevo.com\/online\/?page_id=6580"},"modified":"2017-08-01T17:49:02","modified_gmt":"2017-08-01T15:49:02","slug":"etiqueta-fairtrade","status":"publish","type":"page","link":"https:\/\/www.iobevo.com\/online\/servicios\/freebeverage\/formato-y-variedades-de-las-bebidas\/etiqueta-fairtrade\/?lang=es","title":{"rendered":"Etiqueta Fairtrade"},"content":{"rendered":"<h3>Bebas comercio Justo<\/h3>\n<p><span class=\"responsive\"><img fetchpriority=\"high\" decoding=\"async\" class=\"alignleft wp-image-3206\" src=\"http:\/\/iobevo.com\/online\/wp-content\/uploads\/2014\/04\/concentrati-per-bevande-fai.jpg\" alt=\"concentrati-per-bevande-fairtrade\" width=\"350\" height=\"189\" srcset=\"https:\/\/www.iobevo.com\/online\/wp-content\/uploads\/2014\/04\/concentrati-per-bevande-fai.jpg 700w, https:\/\/www.iobevo.com\/online\/wp-content\/uploads\/2014\/04\/concentrati-per-bevande-fai-300x162.jpg 300w, https:\/\/www.iobevo.com\/online\/wp-content\/uploads\/2014\/04\/concentrati-per-bevande-fai-460x250.jpg 460w\" sizes=\"(max-width: 350px) 100vw, 350px\" \/><\/span> Los refrescos de esta etiqueta sonos certificadas <span class=\"mark2\">Fairtrade<\/span><span class=\"mark3\">\u00ae<\/span>, la marca internacional de garant\u00eda de comercio justo.<\/p>\n<p>Las bebidas sonos hechas con materias primas adquiridas de acuerdo con reglas a los productores de \u00c1frica, Asia y Am\u00e9rica Latina, una manera simple y concreta para definir una relaci\u00f3n adecuada con los productores y la reducci\u00f3n de la explotaci\u00f3n infantil y del trabajo.<\/p>\n<p>Etiqueta Fairtrade:<\/p>\n<ul>\n<li>Comercio Justo Cola<\/li>\n<li>Comercio Justo th\u00e8 frio lim\u00f3n<\/li>\n<li>Comercio Justo zumo ACE (Naranja, Limon y zanahoria)<\/li>\n<li>Agua micro filtrada natural fr\u00eda<\/li>\n<li>Agua micro filtrada con gas<\/li>\n<li>Agua micro filtrada natural del tiempo<\/li>\n<\/ul>\n","protected":false},"excerpt":{"rendered":"<p>Bebas comercio Justo Los refrescos de esta etiqueta sonos certificadas Fairtrade\u00ae, la marca internacional de garant\u00eda de comercio justo. Las bebidas sonos hechas con materias primas adquiridas de acuerdo con reglas a los productores de \u00c1frica, Asia y Am\u00e9rica Latina, una manera simple y concreta para definir una relaci\u00f3n adecuada [&hellip;]<\/p>\n","protected":false},"author":58,"featured_media":2831,"parent":6568,"menu_order":0,"comment_status":"open","ping_status":"closed","template":"","meta":{"footnotes":""},"class_list":["post-6580","page","type-page","status-publish","has-post-thumbnail","hentry"],"yoast_head":"<!-- This site is optimized with the Yoast SEO plugin v27.5 - https:\/\/yoast.com\/product\/yoast-seo-wordpress\/ -->\n<title>Etiqueta Fairtrade - io bevo\u00ae<\/title>\n<meta name=\"robots\" content=\"index, follow, max-snippet:-1, max-image-preview:large, max-video-preview:-1\" \/>\n<link rel=\"canonical\" href=\"https:\/\/www.iobevo.com\/online\/servicios\/freebeverage\/formato-y-variedades-de-las-bebidas\/etiqueta-fairtrade\/?lang=es\" \/>\n<meta property=\"og:locale\" content=\"it_IT\" \/>\n<meta property=\"og:type\" content=\"article\" \/>\n<meta property=\"og:title\" content=\"Etiqueta Fairtrade - io bevo\u00ae\" \/>\n<meta property=\"og:description\" content=\"Bebas comercio Justo Los refrescos de esta etiqueta sonos certificadas Fairtrade\u00ae, la marca internacional de garant\u00eda de comercio justo. Las bebidas sonos hechas con materias primas adquiridas de acuerdo con reglas a los productores de \u00c1frica, Asia y Am\u00e9rica Latina, una manera simple y concreta para definir una relaci\u00f3n adecuada [&hellip;]\" \/>\n<meta property=\"og:url\" content=\"https:\/\/www.iobevo.com\/online\/servicios\/freebeverage\/formato-y-variedades-de-las-bebidas\/etiqueta-fairtrade\/?lang=es\" \/>\n<meta property=\"og:site_name\" content=\"io bevo\u00ae\" \/>\n<meta property=\"article:modified_time\" content=\"2017-08-01T15:49:02+00:00\" \/>\n<meta property=\"og:image\" content=\"https:\/\/www.iobevo.com\/online\/wp-content\/uploads\/2014\/01\/slide-2-bg-e1400667726929.png\" \/>\n\t<meta property=\"og:image:width\" content=\"1512\" \/>\n\t<meta property=\"og:image:height\" content=\"400\" \/>\n\t<meta property=\"og:image:type\" content=\"image\/png\" \/>\n<meta name=\"twitter:card\" content=\"summary_large_image\" \/>\n<meta name=\"twitter:site\" content=\"@IoBevo\" \/>\n<meta name=\"twitter:label1\" content=\"Tempo di lettura stimato\" \/>\n\t<meta name=\"twitter:data1\" content=\"1 minuto\" \/>\n<script type=\"application\/ld+json\" class=\"yoast-schema-graph\">{\"@context\":\"https:\\\/\\\/schema.org\",\"@graph\":[{\"@type\":\"WebPage\",\"@id\":\"https:\\\/\\\/www.iobevo.com\\\/online\\\/servicios\\\/freebeverage\\\/formato-y-variedades-de-las-bebidas\\\/etiqueta-fairtrade\\\/?lang=es\",\"url\":\"https:\\\/\\\/www.iobevo.com\\\/online\\\/servicios\\\/freebeverage\\\/formato-y-variedades-de-las-bebidas\\\/etiqueta-fairtrade\\\/?lang=es\",\"name\":\"Etiqueta Fairtrade - io bevo\u00ae\",\"isPartOf\":{\"@id\":\"https:\\\/\\\/www.iobevo.com\\\/online\\\/#website\"},\"primaryImageOfPage\":{\"@id\":\"https:\\\/\\\/www.iobevo.com\\\/online\\\/servicios\\\/freebeverage\\\/formato-y-variedades-de-las-bebidas\\\/etiqueta-fairtrade\\\/?lang=es#primaryimage\"},\"image\":{\"@id\":\"https:\\\/\\\/www.iobevo.com\\\/online\\\/servicios\\\/freebeverage\\\/formato-y-variedades-de-las-bebidas\\\/etiqueta-fairtrade\\\/?lang=es#primaryimage\"},\"thumbnailUrl\":\"https:\\\/\\\/www.iobevo.com\\\/online\\\/wp-content\\\/uploads\\\/2014\\\/01\\\/slide-2-bg-e1400667726929.png\",\"datePublished\":\"2014-07-09T14:41:59+00:00\",\"dateModified\":\"2017-08-01T15:49:02+00:00\",\"breadcrumb\":{\"@id\":\"https:\\\/\\\/www.iobevo.com\\\/online\\\/servicios\\\/freebeverage\\\/formato-y-variedades-de-las-bebidas\\\/etiqueta-fairtrade\\\/?lang=es#breadcrumb\"},\"inLanguage\":\"it-IT\",\"potentialAction\":[{\"@type\":\"ReadAction\",\"target\":[\"https:\\\/\\\/www.iobevo.com\\\/online\\\/servicios\\\/freebeverage\\\/formato-y-variedades-de-las-bebidas\\\/etiqueta-fairtrade\\\/?lang=es\"]}]},{\"@type\":\"ImageObject\",\"inLanguage\":\"it-IT\",\"@id\":\"https:\\\/\\\/www.iobevo.com\\\/online\\\/servicios\\\/freebeverage\\\/formato-y-variedades-de-las-bebidas\\\/etiqueta-fairtrade\\\/?lang=es#primaryimage\",\"url\":\"https:\\\/\\\/www.iobevo.com\\\/online\\\/wp-content\\\/uploads\\\/2014\\\/01\\\/slide-2-bg-e1400667726929.png\",\"contentUrl\":\"https:\\\/\\\/www.iobevo.com\\\/online\\\/wp-content\\\/uploads\\\/2014\\\/01\\\/slide-2-bg-e1400667726929.png\",\"width\":1512,\"height\":400},{\"@type\":\"BreadcrumbList\",\"@id\":\"https:\\\/\\\/www.iobevo.com\\\/online\\\/servicios\\\/freebeverage\\\/formato-y-variedades-de-las-bebidas\\\/etiqueta-fairtrade\\\/?lang=es#breadcrumb\",\"itemListElement\":[{\"@type\":\"ListItem\",\"position\":1,\"name\":\"Servicios\",\"item\":\"https:\\\/\\\/www.iobevo.com\\\/online\\\/servicios\\\/?lang=es\"},{\"@type\":\"ListItem\",\"position\":2,\"name\":\"freebeverage\u00ae\",\"item\":\"https:\\\/\\\/www.iobevo.com\\\/online\\\/servicios\\\/freebeverage\\\/?lang=es\"},{\"@type\":\"ListItem\",\"position\":3,\"name\":\"Formato y variedades de las bebidas\",\"item\":\"https:\\\/\\\/www.iobevo.com\\\/online\\\/servicios\\\/freebeverage\\\/formato-y-variedades-de-las-bebidas\\\/?lang=es\"},{\"@type\":\"ListItem\",\"position\":4,\"name\":\"Etiqueta Fairtrade\"}]},{\"@type\":\"WebSite\",\"@id\":\"https:\\\/\\\/www.iobevo.com\\\/online\\\/#website\",\"url\":\"https:\\\/\\\/www.iobevo.com\\\/online\\\/\",\"name\":\"io bevo\u00ae\",\"description\":\"Drink Plastic free\",\"publisher\":{\"@id\":\"https:\\\/\\\/www.iobevo.com\\\/online\\\/#organization\"},\"potentialAction\":[{\"@type\":\"SearchAction\",\"target\":{\"@type\":\"EntryPoint\",\"urlTemplate\":\"https:\\\/\\\/www.iobevo.com\\\/online\\\/?s={search_term_string}\"},\"query-input\":{\"@type\":\"PropertyValueSpecification\",\"valueRequired\":true,\"valueName\":\"search_term_string\"}}],\"inLanguage\":\"it-IT\"},{\"@type\":\"Organization\",\"@id\":\"https:\\\/\\\/www.iobevo.com\\\/online\\\/#organization\",\"name\":\"General Beverage\",\"url\":\"https:\\\/\\\/www.iobevo.com\\\/online\\\/\",\"logo\":{\"@type\":\"ImageObject\",\"inLanguage\":\"it-IT\",\"@id\":\"https:\\\/\\\/www.iobevo.com\\\/online\\\/#\\\/schema\\\/logo\\\/image\\\/\",\"url\":\"https:\\\/\\\/www.iobevo.com\\\/online\\\/wp-content\\\/uploads\\\/2014\\\/01\\\/logo_gb_horizontal_grey_160x47.png\",\"contentUrl\":\"https:\\\/\\\/www.iobevo.com\\\/online\\\/wp-content\\\/uploads\\\/2014\\\/01\\\/logo_gb_horizontal_grey_160x47.png\",\"width\":160,\"height\":47,\"caption\":\"General Beverage\"},\"image\":{\"@id\":\"https:\\\/\\\/www.iobevo.com\\\/online\\\/#\\\/schema\\\/logo\\\/image\\\/\"},\"sameAs\":[\"https:\\\/\\\/x.com\\\/IoBevo\"]}]}<\/script>\n<!-- \/ Yoast SEO plugin. -->","yoast_head_json":{"title":"Etiqueta Fairtrade - io bevo\u00ae","robots":{"index":"index","follow":"follow","max-snippet":"max-snippet:-1","max-image-preview":"max-image-preview:large","max-video-preview":"max-video-preview:-1"},"canonical":"https:\/\/www.iobevo.com\/online\/servicios\/freebeverage\/formato-y-variedades-de-las-bebidas\/etiqueta-fairtrade\/?lang=es","og_locale":"it_IT","og_type":"article","og_title":"Etiqueta Fairtrade - io bevo\u00ae","og_description":"Bebas comercio Justo Los refrescos de esta etiqueta sonos certificadas Fairtrade\u00ae, la marca internacional de garant\u00eda de comercio justo. Las bebidas sonos hechas con materias primas adquiridas de acuerdo con reglas a los productores de \u00c1frica, Asia y Am\u00e9rica Latina, una manera simple y concreta para definir una relaci\u00f3n adecuada [&hellip;]","og_url":"https:\/\/www.iobevo.com\/online\/servicios\/freebeverage\/formato-y-variedades-de-las-bebidas\/etiqueta-fairtrade\/?lang=es","og_site_name":"io bevo\u00ae","article_modified_time":"2017-08-01T15:49:02+00:00","og_image":[{"width":1512,"height":400,"url":"https:\/\/www.iobevo.com\/online\/wp-content\/uploads\/2014\/01\/slide-2-bg-e1400667726929.png","type":"image\/png"}],"twitter_card":"summary_large_image","twitter_site":"@IoBevo","twitter_misc":{"Tempo di lettura stimato":"1 minuto"},"schema":{"@context":"https:\/\/schema.org","@graph":[{"@type":"WebPage","@id":"https:\/\/www.iobevo.com\/online\/servicios\/freebeverage\/formato-y-variedades-de-las-bebidas\/etiqueta-fairtrade\/?lang=es","url":"https:\/\/www.iobevo.com\/online\/servicios\/freebeverage\/formato-y-variedades-de-las-bebidas\/etiqueta-fairtrade\/?lang=es","name":"Etiqueta Fairtrade - io bevo\u00ae","isPartOf":{"@id":"https:\/\/www.iobevo.com\/online\/#website"},"primaryImageOfPage":{"@id":"https:\/\/www.iobevo.com\/online\/servicios\/freebeverage\/formato-y-variedades-de-las-bebidas\/etiqueta-fairtrade\/?lang=es#primaryimage"},"image":{"@id":"https:\/\/www.iobevo.com\/online\/servicios\/freebeverage\/formato-y-variedades-de-las-bebidas\/etiqueta-fairtrade\/?lang=es#primaryimage"},"thumbnailUrl":"https:\/\/www.iobevo.com\/online\/wp-content\/uploads\/2014\/01\/slide-2-bg-e1400667726929.png","datePublished":"2014-07-09T14:41:59+00:00","dateModified":"2017-08-01T15:49:02+00:00","breadcrumb":{"@id":"https:\/\/www.iobevo.com\/online\/servicios\/freebeverage\/formato-y-variedades-de-las-bebidas\/etiqueta-fairtrade\/?lang=es#breadcrumb"},"inLanguage":"it-IT","potentialAction":[{"@type":"ReadAction","target":["https:\/\/www.iobevo.com\/online\/servicios\/freebeverage\/formato-y-variedades-de-las-bebidas\/etiqueta-fairtrade\/?lang=es"]}]},{"@type":"ImageObject","inLanguage":"it-IT","@id":"https:\/\/www.iobevo.com\/online\/servicios\/freebeverage\/formato-y-variedades-de-las-bebidas\/etiqueta-fairtrade\/?lang=es#primaryimage","url":"https:\/\/www.iobevo.com\/online\/wp-content\/uploads\/2014\/01\/slide-2-bg-e1400667726929.png","contentUrl":"https:\/\/www.iobevo.com\/online\/wp-content\/uploads\/2014\/01\/slide-2-bg-e1400667726929.png","width":1512,"height":400},{"@type":"BreadcrumbList","@id":"https:\/\/www.iobevo.com\/online\/servicios\/freebeverage\/formato-y-variedades-de-las-bebidas\/etiqueta-fairtrade\/?lang=es#breadcrumb","itemListElement":[{"@type":"ListItem","position":1,"name":"Servicios","item":"https:\/\/www.iobevo.com\/online\/servicios\/?lang=es"},{"@type":"ListItem","position":2,"name":"freebeverage\u00ae","item":"https:\/\/www.iobevo.com\/online\/servicios\/freebeverage\/?lang=es"},{"@type":"ListItem","position":3,"name":"Formato y variedades de las bebidas","item":"https:\/\/www.iobevo.com\/online\/servicios\/freebeverage\/formato-y-variedades-de-las-bebidas\/?lang=es"},{"@type":"ListItem","position":4,"name":"Etiqueta Fairtrade"}]},{"@type":"WebSite","@id":"https:\/\/www.iobevo.com\/online\/#website","url":"https:\/\/www.iobevo.com\/online\/","name":"io bevo\u00ae","description":"Drink Plastic free","publisher":{"@id":"https:\/\/www.iobevo.com\/online\/#organization"},"potentialAction":[{"@type":"SearchAction","target":{"@type":"EntryPoint","urlTemplate":"https:\/\/www.iobevo.com\/online\/?s={search_term_string}"},"query-input":{"@type":"PropertyValueSpecification","valueRequired":true,"valueName":"search_term_string"}}],"inLanguage":"it-IT"},{"@type":"Organization","@id":"https:\/\/www.iobevo.com\/online\/#organization","name":"General Beverage","url":"https:\/\/www.iobevo.com\/online\/","logo":{"@type":"ImageObject","inLanguage":"it-IT","@id":"https:\/\/www.iobevo.com\/online\/#\/schema\/logo\/image\/","url":"https:\/\/www.iobevo.com\/online\/wp-content\/uploads\/2014\/01\/logo_gb_horizontal_grey_160x47.png","contentUrl":"https:\/\/www.iobevo.com\/online\/wp-content\/uploads\/2014\/01\/logo_gb_horizontal_grey_160x47.png","width":160,"height":47,"caption":"General Beverage"},"image":{"@id":"https:\/\/www.iobevo.com\/online\/#\/schema\/logo\/image\/"},"sameAs":["https:\/\/x.com\/IoBevo"]}]}},"_links":{"self":[{"href":"https:\/\/www.iobevo.com\/online\/wp-json\/wp\/v2\/pages\/6580","targetHints":{"allow":["GET"]}}],"collection":[{"href":"https:\/\/www.iobevo.com\/online\/wp-json\/wp\/v2\/pages"}],"about":[{"href":"https:\/\/www.iobevo.com\/online\/wp-json\/wp\/v2\/types\/page"}],"author":[{"embeddable":true,"href":"https:\/\/www.iobevo.com\/online\/wp-json\/wp\/v2\/users\/58"}],"replies":[{"embeddable":true,"href":"https:\/\/www.iobevo.com\/online\/wp-json\/wp\/v2\/comments?post=6580"}],"version-history":[{"count":0,"href":"https:\/\/www.iobevo.com\/online\/wp-json\/wp\/v2\/pages\/6580\/revisions"}],"up":[{"embeddable":true,"href":"https:\/\/www.iobevo.com\/online\/wp-json\/wp\/v2\/pages\/6568"}],"wp:featuredmedia":[{"embeddable":true,"href":"https:\/\/www.iobevo.com\/online\/wp-json\/wp\/v2\/media\/2831"}],"wp:attachment":[{"href":"https:\/\/www.iobevo.com\/online\/wp-json\/wp\/v2\/media?parent=6580"}],"curies":[{"name":"wp","href":"https:\/\/api.w.org\/{rel}","templated":true}]}}