{"id":6584,"date":"2014-07-09T15:00:45","date_gmt":"2014-07-09T15:00:45","guid":{"rendered":"http:\/\/www.iobevo.com\/online\/?page_id=6584"},"modified":"2017-08-01T16:59:15","modified_gmt":"2017-08-01T14:59:15","slug":"servicio-freebeverage-por-plazas","status":"publish","type":"page","link":"https:\/\/www.iobevo.com\/online\/servicios\/freebeverage\/servicio-freebeverage-por-plazas\/?lang=es","title":{"rendered":"Servicio freebeverage\u00ae por plazas"},"content":{"rendered":"<p><span class=\"responsive\"><img fetchpriority=\"high\" decoding=\"async\" class=\"alignright wp-image-4188 size-medium\" src=\"http:\/\/www.iobevo.com\/online\/wp-content\/uploads\/2014\/01\/freebeverage-pasto-300x225.jpg\" alt=\"freebeverage-pasto\" width=\"300\" height=\"225\" srcset=\"https:\/\/www.iobevo.com\/online\/wp-content\/uploads\/2014\/01\/freebeverage-pasto-300x225.jpg 300w, https:\/\/www.iobevo.com\/online\/wp-content\/uploads\/2014\/01\/freebeverage-pasto.jpg 700w\" sizes=\"(max-width: 300px) 100vw, 300px\" \/><\/span>El servicio\u00a0<span class=\"mark2\">freebeverage<\/span><span class=\"mark3\">\u00ae<\/span> a trav\u00e9s de la instalaci\u00f3n de distribuidores en autoservicio ofrece consumo libre de bebidas.<\/p>\n<p>La innovaci\u00f3n del servicio no consiste solo en el los productos , sino en la inovativa f\u00f3rmula comercial:<br \/>\npor un valor fijo por plazas, se ofrece el consumo libre de bebidas y aguas, \u00a0el mantenimiento ordinario y extraordinario, el servicio de microfiltraci\u00f3n de el agua, el CO<sub>2<\/sub>, a trav\u00e9s de distribuidores en pr\u00e9stamo gratuito.<\/p>\n<p>Articulaci\u00f3n del servicio:<\/p>\n<ul>\n<li>Instalaci\u00f3n en pr\u00e9stamo gratuito de las <a href=\"http:\/\/www.iobevo.com\/online\/es\/distribuidores\/\">maquinas<\/a><\/li>\n<li>Entrega sin costes de concentrados en bag in box y del CO<sub>2 <\/sub>para el <strong>consumo ilimitado de las bebidas<\/strong><\/li>\n<li><a title=\"Mantenimiento\" href=\"http:\/\/www.iobevo.com\/online\/es\/distribuidores\/mantenimiento\/\">mantenimiento constante de los equipos<\/a>\u00a0en todo el territorio nacional y islas<\/li>\n<li>Control y regulaci\u00f3n peri\u00f3dica de temperaturas, dosis, carbonataci\u00f3n de las bebidas.<\/li>\n<li>Gesti\u00f3n de los sistemas de tratamiento del agua, control y reemplazo de filtros en base a la legislaci\u00f3n vigente y los procedimientos certificados ISO<\/li>\n<li>Desinfectaci\u00f3n peri\u00f3dica de todas las v\u00edas de salida de las bebidas<\/li>\n<li>An\u00e1lisis bacteriol\u00f3gico del agua tratada<\/li>\n<\/ul>\n","protected":false},"excerpt":{"rendered":"<p>El servicio\u00a0freebeverage\u00ae a trav\u00e9s de la instalaci\u00f3n de distribuidores en autoservicio ofrece consumo libre de bebidas. La innovaci\u00f3n del servicio no consiste solo en el los productos , sino en la inovativa f\u00f3rmula comercial: por un valor fijo por plazas, se ofrece el consumo libre de bebidas y aguas, \u00a0el [&hellip;]<\/p>\n","protected":false},"author":58,"featured_media":2831,"parent":6560,"menu_order":0,"comment_status":"open","ping_status":"closed","template":"","meta":{"footnotes":""},"class_list":["post-6584","page","type-page","status-publish","has-post-thumbnail","hentry"],"yoast_head":"<!-- This site is optimized with the Yoast SEO plugin v27.4 - https:\/\/yoast.com\/product\/yoast-seo-wordpress\/ -->\n<title>Servicio freebeverage\u00ae por plazas - io bevo\u00ae<\/title>\n<meta name=\"robots\" content=\"index, follow, max-snippet:-1, max-image-preview:large, max-video-preview:-1\" \/>\n<link rel=\"canonical\" href=\"https:\/\/www.iobevo.com\/online\/servicios\/freebeverage\/servicio-freebeverage-por-plazas\/?lang=es\" \/>\n<meta property=\"og:locale\" content=\"it_IT\" \/>\n<meta property=\"og:type\" content=\"article\" \/>\n<meta property=\"og:title\" content=\"Servicio freebeverage\u00ae por plazas - io bevo\u00ae\" \/>\n<meta property=\"og:description\" content=\"El servicio\u00a0freebeverage\u00ae a trav\u00e9s de la instalaci\u00f3n de distribuidores en autoservicio ofrece consumo libre de bebidas. La innovaci\u00f3n del servicio no consiste solo en el los productos , sino en la inovativa f\u00f3rmula comercial: por un valor fijo por plazas, se ofrece el consumo libre de bebidas y aguas, \u00a0el [&hellip;]\" \/>\n<meta property=\"og:url\" content=\"https:\/\/www.iobevo.com\/online\/servicios\/freebeverage\/servicio-freebeverage-por-plazas\/?lang=es\" \/>\n<meta property=\"og:site_name\" content=\"io bevo\u00ae\" \/>\n<meta property=\"article:modified_time\" content=\"2017-08-01T14:59:15+00:00\" \/>\n<meta property=\"og:image\" content=\"https:\/\/www.iobevo.com\/online\/wp-content\/uploads\/2014\/01\/slide-2-bg-e1400667726929.png\" \/>\n\t<meta property=\"og:image:width\" content=\"1512\" \/>\n\t<meta property=\"og:image:height\" content=\"400\" \/>\n\t<meta property=\"og:image:type\" content=\"image\/png\" \/>\n<meta name=\"twitter:card\" content=\"summary_large_image\" \/>\n<meta name=\"twitter:site\" content=\"@IoBevo\" \/>\n<meta name=\"twitter:label1\" content=\"Tempo di lettura stimato\" \/>\n\t<meta name=\"twitter:data1\" content=\"1 minuto\" \/>\n<script type=\"application\/ld+json\" class=\"yoast-schema-graph\">{\"@context\":\"https:\\\/\\\/schema.org\",\"@graph\":[{\"@type\":\"WebPage\",\"@id\":\"https:\\\/\\\/www.iobevo.com\\\/online\\\/servicios\\\/freebeverage\\\/servicio-freebeverage-por-plazas\\\/?lang=es\",\"url\":\"https:\\\/\\\/www.iobevo.com\\\/online\\\/servicios\\\/freebeverage\\\/servicio-freebeverage-por-plazas\\\/?lang=es\",\"name\":\"Servicio freebeverage\u00ae por plazas - io bevo\u00ae\",\"isPartOf\":{\"@id\":\"https:\\\/\\\/www.iobevo.com\\\/online\\\/#website\"},\"primaryImageOfPage\":{\"@id\":\"https:\\\/\\\/www.iobevo.com\\\/online\\\/servicios\\\/freebeverage\\\/servicio-freebeverage-por-plazas\\\/?lang=es#primaryimage\"},\"image\":{\"@id\":\"https:\\\/\\\/www.iobevo.com\\\/online\\\/servicios\\\/freebeverage\\\/servicio-freebeverage-por-plazas\\\/?lang=es#primaryimage\"},\"thumbnailUrl\":\"https:\\\/\\\/www.iobevo.com\\\/online\\\/wp-content\\\/uploads\\\/2014\\\/01\\\/slide-2-bg-e1400667726929.png\",\"datePublished\":\"2014-07-09T15:00:45+00:00\",\"dateModified\":\"2017-08-01T14:59:15+00:00\",\"breadcrumb\":{\"@id\":\"https:\\\/\\\/www.iobevo.com\\\/online\\\/servicios\\\/freebeverage\\\/servicio-freebeverage-por-plazas\\\/?lang=es#breadcrumb\"},\"inLanguage\":\"it-IT\",\"potentialAction\":[{\"@type\":\"ReadAction\",\"target\":[\"https:\\\/\\\/www.iobevo.com\\\/online\\\/servicios\\\/freebeverage\\\/servicio-freebeverage-por-plazas\\\/?lang=es\"]}]},{\"@type\":\"ImageObject\",\"inLanguage\":\"it-IT\",\"@id\":\"https:\\\/\\\/www.iobevo.com\\\/online\\\/servicios\\\/freebeverage\\\/servicio-freebeverage-por-plazas\\\/?lang=es#primaryimage\",\"url\":\"https:\\\/\\\/www.iobevo.com\\\/online\\\/wp-content\\\/uploads\\\/2014\\\/01\\\/slide-2-bg-e1400667726929.png\",\"contentUrl\":\"https:\\\/\\\/www.iobevo.com\\\/online\\\/wp-content\\\/uploads\\\/2014\\\/01\\\/slide-2-bg-e1400667726929.png\",\"width\":1512,\"height\":400},{\"@type\":\"BreadcrumbList\",\"@id\":\"https:\\\/\\\/www.iobevo.com\\\/online\\\/servicios\\\/freebeverage\\\/servicio-freebeverage-por-plazas\\\/?lang=es#breadcrumb\",\"itemListElement\":[{\"@type\":\"ListItem\",\"position\":1,\"name\":\"Servicios\",\"item\":\"https:\\\/\\\/www.iobevo.com\\\/online\\\/servicios\\\/?lang=es\"},{\"@type\":\"ListItem\",\"position\":2,\"name\":\"freebeverage\u00ae\",\"item\":\"https:\\\/\\\/www.iobevo.com\\\/online\\\/servicios\\\/freebeverage\\\/?lang=es\"},{\"@type\":\"ListItem\",\"position\":3,\"name\":\"Servicio freebeverage\u00ae por plazas\"}]},{\"@type\":\"WebSite\",\"@id\":\"https:\\\/\\\/www.iobevo.com\\\/online\\\/#website\",\"url\":\"https:\\\/\\\/www.iobevo.com\\\/online\\\/\",\"name\":\"io bevo\u00ae\",\"description\":\"Drink Plastic free\",\"publisher\":{\"@id\":\"https:\\\/\\\/www.iobevo.com\\\/online\\\/#organization\"},\"potentialAction\":[{\"@type\":\"SearchAction\",\"target\":{\"@type\":\"EntryPoint\",\"urlTemplate\":\"https:\\\/\\\/www.iobevo.com\\\/online\\\/?s={search_term_string}\"},\"query-input\":{\"@type\":\"PropertyValueSpecification\",\"valueRequired\":true,\"valueName\":\"search_term_string\"}}],\"inLanguage\":\"it-IT\"},{\"@type\":\"Organization\",\"@id\":\"https:\\\/\\\/www.iobevo.com\\\/online\\\/#organization\",\"name\":\"General Beverage\",\"url\":\"https:\\\/\\\/www.iobevo.com\\\/online\\\/\",\"logo\":{\"@type\":\"ImageObject\",\"inLanguage\":\"it-IT\",\"@id\":\"https:\\\/\\\/www.iobevo.com\\\/online\\\/#\\\/schema\\\/logo\\\/image\\\/\",\"url\":\"https:\\\/\\\/www.iobevo.com\\\/online\\\/wp-content\\\/uploads\\\/2014\\\/01\\\/logo_gb_horizontal_grey_160x47.png\",\"contentUrl\":\"https:\\\/\\\/www.iobevo.com\\\/online\\\/wp-content\\\/uploads\\\/2014\\\/01\\\/logo_gb_horizontal_grey_160x47.png\",\"width\":160,\"height\":47,\"caption\":\"General Beverage\"},\"image\":{\"@id\":\"https:\\\/\\\/www.iobevo.com\\\/online\\\/#\\\/schema\\\/logo\\\/image\\\/\"},\"sameAs\":[\"https:\\\/\\\/x.com\\\/IoBevo\"]}]}<\/script>\n<!-- \/ Yoast SEO plugin. -->","yoast_head_json":{"title":"Servicio freebeverage\u00ae por plazas - io bevo\u00ae","robots":{"index":"index","follow":"follow","max-snippet":"max-snippet:-1","max-image-preview":"max-image-preview:large","max-video-preview":"max-video-preview:-1"},"canonical":"https:\/\/www.iobevo.com\/online\/servicios\/freebeverage\/servicio-freebeverage-por-plazas\/?lang=es","og_locale":"it_IT","og_type":"article","og_title":"Servicio freebeverage\u00ae por plazas - io bevo\u00ae","og_description":"El servicio\u00a0freebeverage\u00ae a trav\u00e9s de la instalaci\u00f3n de distribuidores en autoservicio ofrece consumo libre de bebidas. La innovaci\u00f3n del servicio no consiste solo en el los productos , sino en la inovativa f\u00f3rmula comercial: por un valor fijo por plazas, se ofrece el consumo libre de bebidas y aguas, \u00a0el [&hellip;]","og_url":"https:\/\/www.iobevo.com\/online\/servicios\/freebeverage\/servicio-freebeverage-por-plazas\/?lang=es","og_site_name":"io bevo\u00ae","article_modified_time":"2017-08-01T14:59:15+00:00","og_image":[{"width":1512,"height":400,"url":"https:\/\/www.iobevo.com\/online\/wp-content\/uploads\/2014\/01\/slide-2-bg-e1400667726929.png","type":"image\/png"}],"twitter_card":"summary_large_image","twitter_site":"@IoBevo","twitter_misc":{"Tempo di lettura stimato":"1 minuto"},"schema":{"@context":"https:\/\/schema.org","@graph":[{"@type":"WebPage","@id":"https:\/\/www.iobevo.com\/online\/servicios\/freebeverage\/servicio-freebeverage-por-plazas\/?lang=es","url":"https:\/\/www.iobevo.com\/online\/servicios\/freebeverage\/servicio-freebeverage-por-plazas\/?lang=es","name":"Servicio freebeverage\u00ae por plazas - io bevo\u00ae","isPartOf":{"@id":"https:\/\/www.iobevo.com\/online\/#website"},"primaryImageOfPage":{"@id":"https:\/\/www.iobevo.com\/online\/servicios\/freebeverage\/servicio-freebeverage-por-plazas\/?lang=es#primaryimage"},"image":{"@id":"https:\/\/www.iobevo.com\/online\/servicios\/freebeverage\/servicio-freebeverage-por-plazas\/?lang=es#primaryimage"},"thumbnailUrl":"https:\/\/www.iobevo.com\/online\/wp-content\/uploads\/2014\/01\/slide-2-bg-e1400667726929.png","datePublished":"2014-07-09T15:00:45+00:00","dateModified":"2017-08-01T14:59:15+00:00","breadcrumb":{"@id":"https:\/\/www.iobevo.com\/online\/servicios\/freebeverage\/servicio-freebeverage-por-plazas\/?lang=es#breadcrumb"},"inLanguage":"it-IT","potentialAction":[{"@type":"ReadAction","target":["https:\/\/www.iobevo.com\/online\/servicios\/freebeverage\/servicio-freebeverage-por-plazas\/?lang=es"]}]},{"@type":"ImageObject","inLanguage":"it-IT","@id":"https:\/\/www.iobevo.com\/online\/servicios\/freebeverage\/servicio-freebeverage-por-plazas\/?lang=es#primaryimage","url":"https:\/\/www.iobevo.com\/online\/wp-content\/uploads\/2014\/01\/slide-2-bg-e1400667726929.png","contentUrl":"https:\/\/www.iobevo.com\/online\/wp-content\/uploads\/2014\/01\/slide-2-bg-e1400667726929.png","width":1512,"height":400},{"@type":"BreadcrumbList","@id":"https:\/\/www.iobevo.com\/online\/servicios\/freebeverage\/servicio-freebeverage-por-plazas\/?lang=es#breadcrumb","itemListElement":[{"@type":"ListItem","position":1,"name":"Servicios","item":"https:\/\/www.iobevo.com\/online\/servicios\/?lang=es"},{"@type":"ListItem","position":2,"name":"freebeverage\u00ae","item":"https:\/\/www.iobevo.com\/online\/servicios\/freebeverage\/?lang=es"},{"@type":"ListItem","position":3,"name":"Servicio freebeverage\u00ae por plazas"}]},{"@type":"WebSite","@id":"https:\/\/www.iobevo.com\/online\/#website","url":"https:\/\/www.iobevo.com\/online\/","name":"io bevo\u00ae","description":"Drink Plastic free","publisher":{"@id":"https:\/\/www.iobevo.com\/online\/#organization"},"potentialAction":[{"@type":"SearchAction","target":{"@type":"EntryPoint","urlTemplate":"https:\/\/www.iobevo.com\/online\/?s={search_term_string}"},"query-input":{"@type":"PropertyValueSpecification","valueRequired":true,"valueName":"search_term_string"}}],"inLanguage":"it-IT"},{"@type":"Organization","@id":"https:\/\/www.iobevo.com\/online\/#organization","name":"General Beverage","url":"https:\/\/www.iobevo.com\/online\/","logo":{"@type":"ImageObject","inLanguage":"it-IT","@id":"https:\/\/www.iobevo.com\/online\/#\/schema\/logo\/image\/","url":"https:\/\/www.iobevo.com\/online\/wp-content\/uploads\/2014\/01\/logo_gb_horizontal_grey_160x47.png","contentUrl":"https:\/\/www.iobevo.com\/online\/wp-content\/uploads\/2014\/01\/logo_gb_horizontal_grey_160x47.png","width":160,"height":47,"caption":"General Beverage"},"image":{"@id":"https:\/\/www.iobevo.com\/online\/#\/schema\/logo\/image\/"},"sameAs":["https:\/\/x.com\/IoBevo"]}]}},"_links":{"self":[{"href":"https:\/\/www.iobevo.com\/online\/wp-json\/wp\/v2\/pages\/6584","targetHints":{"allow":["GET"]}}],"collection":[{"href":"https:\/\/www.iobevo.com\/online\/wp-json\/wp\/v2\/pages"}],"about":[{"href":"https:\/\/www.iobevo.com\/online\/wp-json\/wp\/v2\/types\/page"}],"author":[{"embeddable":true,"href":"https:\/\/www.iobevo.com\/online\/wp-json\/wp\/v2\/users\/58"}],"replies":[{"embeddable":true,"href":"https:\/\/www.iobevo.com\/online\/wp-json\/wp\/v2\/comments?post=6584"}],"version-history":[{"count":0,"href":"https:\/\/www.iobevo.com\/online\/wp-json\/wp\/v2\/pages\/6584\/revisions"}],"up":[{"embeddable":true,"href":"https:\/\/www.iobevo.com\/online\/wp-json\/wp\/v2\/pages\/6560"}],"wp:featuredmedia":[{"embeddable":true,"href":"https:\/\/www.iobevo.com\/online\/wp-json\/wp\/v2\/media\/2831"}],"wp:attachment":[{"href":"https:\/\/www.iobevo.com\/online\/wp-json\/wp\/v2\/media?parent=6584"}],"curies":[{"name":"wp","href":"https:\/\/api.w.org\/{rel}","templated":true}]}}