{"id":6646,"date":"2014-07-09T15:48:36","date_gmt":"2014-07-09T15:48:36","guid":{"rendered":"http:\/\/www.iobevo.com\/online\/?page_id=6646"},"modified":"2017-08-05T18:54:02","modified_gmt":"2017-08-05T16:54:02","slug":"capsulas-para-cafe-espresso-y-bebidas-calientes","status":"publish","type":"page","link":"https:\/\/www.iobevo.com\/online\/productos\/capsulas-para-cafe-espresso-y-bebidas-calientes\/?lang=es","title":{"rendered":"C\u00e1psulas para caf\u00e9 espresso y bebidas calientes"},"content":{"rendered":"<p>Las c\u00e1psulas para caf\u00e9 expreso y otras bebidas no son producidas actualmente por General Beverage, son solamente comercializadas. Tienen la finalidad de realizar servicios espec\u00edficos para peque\u00f1as cantidades de personas.<\/p>\n<p>Se\u00f1alamos adem\u00e1s las c\u00e1psulas con caf\u00e9 del Comercio justo, garantizado por Fairtrade.<\/p>\n<p><span class=\"responsive\"><img fetchpriority=\"high\" decoding=\"async\" class=\"aligncenter wp-image-3203 size-full\" title=\"C\u00e1psulas para caf\u00e9 espresso y bebidas calientes \" src=\"https:\/\/www.iobevo.com\/online\/wp-content\/uploads\/2014\/04\/caffe-capsula.jpg\" alt=\"C\u00e1psulas para caf\u00e9 espresso y bebidas calientes \" width=\"700\" height=\"317\" srcset=\"https:\/\/www.iobevo.com\/online\/wp-content\/uploads\/2014\/04\/caffe-capsula.jpg 700w, https:\/\/www.iobevo.com\/online\/wp-content\/uploads\/2014\/04\/caffe-capsula-300x135.jpg 300w\" sizes=\"(max-width: 700px) 100vw, 700px\" \/><\/span><\/p>\n\n<table id=\"tablepress-116\" class=\"tablepress tablepress-id-116\">\n<thead>\n<tr class=\"row-1\">\n\t<th class=\"column-1\">C\u00c1PSULAS<\/th><th class=\"column-2\">Capsulas por caja<\/th>\n<\/tr>\n<\/thead>\n<tbody class=\"row-striping row-hover\">\n<tr class=\"row-2\">\n\t<td class=\"column-1\"><\/td><td class=\"column-2\"><\/td>\n<\/tr>\n<tr class=\"row-3\">\n\t<td class=\"column-1\">C\u00e1psula caf\u00e9 espresso fuerte (50% arabica 50% robusta)<\/td><td class=\"column-2\">200<\/td>\n<\/tr>\n<tr class=\"row-4\">\n\t<td class=\"column-1\">C\u00e1psula caf\u00e9 espresso suave (80% arabica 20% robusta)<\/td><td class=\"column-2\">200<\/td>\n<\/tr>\n<tr class=\"row-5\">\n\t<td class=\"column-1\">C\u00e1psula caf\u00e9 espresso dekaf<\/td><td class=\"column-2\">200<\/td>\n<\/tr>\n<tr class=\"row-6\">\n\t<td class=\"column-1\">C\u00e1psula chocolate<\/td><td class=\"column-2\">50<\/td>\n<\/tr>\n<tr class=\"row-7\">\n\t<td class=\"column-1\">C\u00e1psula th\u00e8 lim\u00f3n<\/td><td class=\"column-2\">50<\/td>\n<\/tr>\n<tr class=\"row-8\">\n\t<td class=\"column-1\">C\u00e1psula leche<\/td><td class=\"column-2\">50<\/td>\n<\/tr>\n<tr class=\"row-9\">\n\t<td class=\"column-1\">C\u00e1psula de manzanilla<\/td><td class=\"column-2\">100<\/td>\n<\/tr>\n<tr class=\"row-10\">\n\t<td class=\"column-1\">C\u00e1psula caf\u00e9 de cebada<\/td><td class=\"column-2\">50<\/td>\n<\/tr>\n<tr class=\"row-11\">\n\t<td class=\"column-1\">C\u00e1psula caf\u00e9 con ginseng<\/td><td class=\"column-2\">50<\/td>\n<\/tr>\n<\/tbody>\n<\/table>\n\n<div class=\"gap\" style=\"height: 30px;\"><\/div>\n<h3 class=\"title\"><span>Servicios<\/span><\/h3><div class=\"latest-portfolio negative-wrap\"><div class=\"portfolio-item four columns\"><div class=\"portfolio-it\">\n\t\t\t\t  \t\t<a href=\"https:\/\/www.iobevo.com\/online\/portfolio-item\/office-bar\/\" title=\"office bar\"><span class=\"portfolio-pic\"><img decoding=\"async\" src=\"https:\/\/www.iobevo.com\/online\/wp-content\/uploads\/2014\/04\/office_bar-460x300.jpg\" \/><div class=\"portfolio-overlay\"><span class=\"overlay-link\"><\/span><\/div><\/span><\/a>\n\t\t\t\t  \t\t<a href=\"https:\/\/www.iobevo.com\/online\/portfolio-item\/office-bar\/\" title=\"office bar\" class=\"portfolio-title\"><h4>office bar<\/h4><span>Bevande sostenibili per l'ufficio<\/span><\/a>\n\t\t\t\t  \t<\/div><\/div><\/div><div class=\"clear\"><\/div>\n<div class=\"gap\" style=\"height: 30px;\"><\/div>\n<h3 class=\"title\"><span>Sector del mercado<\/span><\/h3><div class=\"latest-portfolio negative-wrap\"><div class=\"portfolio-item four columns\"><div class=\"portfolio-it\">\n\t\t\t\t  \t\t<a href=\"https:\/\/www.iobevo.com\/online\/portfolio-item\/ambienti-di-lavoro\/\" title=\"Ambienti di lavoro\"><span class=\"portfolio-pic\"><img decoding=\"async\" src=\"https:\/\/www.iobevo.com\/online\/wp-content\/uploads\/2014\/02\/ambienti_di_lavoro-e1401126155680-460x300.jpg\" \/><div class=\"portfolio-overlay\"><span class=\"overlay-link\"><\/span><\/div><\/span><\/a>\n\t\t\t\t  \t\t<a href=\"https:\/\/www.iobevo.com\/online\/portfolio-item\/ambienti-di-lavoro\/\" title=\"Ambienti di lavoro\" class=\"portfolio-title\"><h4>Ambienti di lavoro<\/h4><span>Servizi e bevande per l'ufficio<\/span><\/a>\n\t\t\t\t  \t<\/div><\/div><div class=\"portfolio-item four columns\"><div class=\"portfolio-it\">\n\t\t\t\t  \t\t<a href=\"https:\/\/www.iobevo.com\/online\/portfolio-item\/sale-di-aspetto-e-sale-gioco\/\" title=\"Sale di aspetto e sale gioco\"><span class=\"portfolio-pic\"><img decoding=\"async\" src=\"https:\/\/www.iobevo.com\/online\/wp-content\/uploads\/2014\/02\/FOTO-64-sala-di-aspetto-460x300.jpg\" \/><div class=\"portfolio-overlay\"><span class=\"overlay-link\"><\/span><\/div><\/span><\/a>\n\t\t\t\t  \t\t<a href=\"https:\/\/www.iobevo.com\/online\/portfolio-item\/sale-di-aspetto-e-sale-gioco\/\" title=\"Sale di aspetto e sale gioco\" class=\"portfolio-title\"><h4>Sale di aspetto e sale gioco<\/h4><span>Servizi a libero consumo<\/span><\/a>\n\t\t\t\t  \t<\/div><\/div><\/div><div class=\"clear\"><\/div>\n","protected":false},"excerpt":{"rendered":"<p>Las c\u00e1psulas para caf\u00e9 expreso y otras bebidas no son producidas actualmente por General Beverage, son solamente comercializadas. Tienen la finalidad de realizar servicios espec\u00edficos para peque\u00f1as cantidades de personas. Se\u00f1alamos adem\u00e1s las c\u00e1psulas con caf\u00e9 del Comercio justo, garantizado por Fairtrade.<\/p>\n","protected":false},"author":58,"featured_media":2831,"parent":6604,"menu_order":18,"comment_status":"open","ping_status":"closed","template":"","meta":{"footnotes":""},"class_list":["post-6646","page","type-page","status-publish","has-post-thumbnail","hentry"],"yoast_head":"<!-- This site is optimized with the Yoast SEO plugin v27.6 - https:\/\/yoast.com\/product\/yoast-seo-wordpress\/ -->\n<title>C\u00e1psulas para caf\u00e9 espresso y bebidas calientes - io bevo\u00ae<\/title>\n<meta name=\"robots\" content=\"index, follow, max-snippet:-1, max-image-preview:large, max-video-preview:-1\" \/>\n<link rel=\"canonical\" href=\"https:\/\/www.iobevo.com\/online\/productos\/capsulas-para-cafe-espresso-y-bebidas-calientes\/?lang=es\" \/>\n<meta property=\"og:locale\" content=\"it_IT\" \/>\n<meta property=\"og:type\" content=\"article\" \/>\n<meta property=\"og:title\" content=\"C\u00e1psulas para caf\u00e9 espresso y bebidas calientes - io bevo\u00ae\" \/>\n<meta property=\"og:description\" content=\"Las c\u00e1psulas para caf\u00e9 expreso y otras bebidas no son producidas actualmente por General Beverage, son solamente comercializadas. Tienen la finalidad de realizar servicios espec\u00edficos para peque\u00f1as cantidades de personas. Se\u00f1alamos adem\u00e1s las c\u00e1psulas con caf\u00e9 del Comercio justo, garantizado por Fairtrade.\" \/>\n<meta property=\"og:url\" content=\"https:\/\/www.iobevo.com\/online\/productos\/capsulas-para-cafe-espresso-y-bebidas-calientes\/?lang=es\" \/>\n<meta property=\"og:site_name\" content=\"io bevo\u00ae\" \/>\n<meta property=\"article:modified_time\" content=\"2017-08-05T16:54:02+00:00\" \/>\n<meta property=\"og:image\" content=\"https:\/\/www.iobevo.com\/online\/wp-content\/uploads\/2014\/01\/slide-2-bg-e1400667726929.png\" \/>\n\t<meta property=\"og:image:width\" content=\"1512\" \/>\n\t<meta property=\"og:image:height\" content=\"400\" \/>\n\t<meta property=\"og:image:type\" content=\"image\/png\" \/>\n<meta name=\"twitter:card\" content=\"summary_large_image\" \/>\n<meta name=\"twitter:site\" content=\"@IoBevo\" \/>\n<script type=\"application\/ld+json\" class=\"yoast-schema-graph\">{\"@context\":\"https:\\\/\\\/schema.org\",\"@graph\":[{\"@type\":\"WebPage\",\"@id\":\"https:\\\/\\\/www.iobevo.com\\\/online\\\/productos\\\/capsulas-para-cafe-espresso-y-bebidas-calientes\\\/?lang=es\",\"url\":\"https:\\\/\\\/www.iobevo.com\\\/online\\\/productos\\\/capsulas-para-cafe-espresso-y-bebidas-calientes\\\/?lang=es\",\"name\":\"C\u00e1psulas para caf\u00e9 espresso y bebidas calientes - io bevo\u00ae\",\"isPartOf\":{\"@id\":\"https:\\\/\\\/www.iobevo.com\\\/online\\\/#website\"},\"primaryImageOfPage\":{\"@id\":\"https:\\\/\\\/www.iobevo.com\\\/online\\\/productos\\\/capsulas-para-cafe-espresso-y-bebidas-calientes\\\/?lang=es#primaryimage\"},\"image\":{\"@id\":\"https:\\\/\\\/www.iobevo.com\\\/online\\\/productos\\\/capsulas-para-cafe-espresso-y-bebidas-calientes\\\/?lang=es#primaryimage\"},\"thumbnailUrl\":\"https:\\\/\\\/www.iobevo.com\\\/online\\\/wp-content\\\/uploads\\\/2014\\\/01\\\/slide-2-bg-e1400667726929.png\",\"datePublished\":\"2014-07-09T15:48:36+00:00\",\"dateModified\":\"2017-08-05T16:54:02+00:00\",\"breadcrumb\":{\"@id\":\"https:\\\/\\\/www.iobevo.com\\\/online\\\/productos\\\/capsulas-para-cafe-espresso-y-bebidas-calientes\\\/?lang=es#breadcrumb\"},\"inLanguage\":\"it-IT\",\"potentialAction\":[{\"@type\":\"ReadAction\",\"target\":[\"https:\\\/\\\/www.iobevo.com\\\/online\\\/productos\\\/capsulas-para-cafe-espresso-y-bebidas-calientes\\\/?lang=es\"]}]},{\"@type\":\"ImageObject\",\"inLanguage\":\"it-IT\",\"@id\":\"https:\\\/\\\/www.iobevo.com\\\/online\\\/productos\\\/capsulas-para-cafe-espresso-y-bebidas-calientes\\\/?lang=es#primaryimage\",\"url\":\"https:\\\/\\\/www.iobevo.com\\\/online\\\/wp-content\\\/uploads\\\/2014\\\/01\\\/slide-2-bg-e1400667726929.png\",\"contentUrl\":\"https:\\\/\\\/www.iobevo.com\\\/online\\\/wp-content\\\/uploads\\\/2014\\\/01\\\/slide-2-bg-e1400667726929.png\",\"width\":1512,\"height\":400},{\"@type\":\"BreadcrumbList\",\"@id\":\"https:\\\/\\\/www.iobevo.com\\\/online\\\/productos\\\/capsulas-para-cafe-espresso-y-bebidas-calientes\\\/?lang=es#breadcrumb\",\"itemListElement\":[{\"@type\":\"ListItem\",\"position\":1,\"name\":\"Productos\",\"item\":\"https:\\\/\\\/www.iobevo.com\\\/online\\\/productos\\\/?lang=es\"},{\"@type\":\"ListItem\",\"position\":2,\"name\":\"C\u00e1psulas para caf\u00e9 espresso y bebidas calientes\"}]},{\"@type\":\"WebSite\",\"@id\":\"https:\\\/\\\/www.iobevo.com\\\/online\\\/#website\",\"url\":\"https:\\\/\\\/www.iobevo.com\\\/online\\\/\",\"name\":\"io bevo\u00ae\",\"description\":\"Drink Plastic free\",\"publisher\":{\"@id\":\"https:\\\/\\\/www.iobevo.com\\\/online\\\/#organization\"},\"potentialAction\":[{\"@type\":\"SearchAction\",\"target\":{\"@type\":\"EntryPoint\",\"urlTemplate\":\"https:\\\/\\\/www.iobevo.com\\\/online\\\/?s={search_term_string}\"},\"query-input\":{\"@type\":\"PropertyValueSpecification\",\"valueRequired\":true,\"valueName\":\"search_term_string\"}}],\"inLanguage\":\"it-IT\"},{\"@type\":\"Organization\",\"@id\":\"https:\\\/\\\/www.iobevo.com\\\/online\\\/#organization\",\"name\":\"General Beverage\",\"url\":\"https:\\\/\\\/www.iobevo.com\\\/online\\\/\",\"logo\":{\"@type\":\"ImageObject\",\"inLanguage\":\"it-IT\",\"@id\":\"https:\\\/\\\/www.iobevo.com\\\/online\\\/#\\\/schema\\\/logo\\\/image\\\/\",\"url\":\"https:\\\/\\\/www.iobevo.com\\\/online\\\/wp-content\\\/uploads\\\/2014\\\/01\\\/logo_gb_horizontal_grey_160x47.png\",\"contentUrl\":\"https:\\\/\\\/www.iobevo.com\\\/online\\\/wp-content\\\/uploads\\\/2014\\\/01\\\/logo_gb_horizontal_grey_160x47.png\",\"width\":160,\"height\":47,\"caption\":\"General Beverage\"},\"image\":{\"@id\":\"https:\\\/\\\/www.iobevo.com\\\/online\\\/#\\\/schema\\\/logo\\\/image\\\/\"},\"sameAs\":[\"https:\\\/\\\/x.com\\\/IoBevo\"]}]}<\/script>\n<!-- \/ Yoast SEO plugin. -->","yoast_head_json":{"title":"C\u00e1psulas para caf\u00e9 espresso y bebidas calientes - io bevo\u00ae","robots":{"index":"index","follow":"follow","max-snippet":"max-snippet:-1","max-image-preview":"max-image-preview:large","max-video-preview":"max-video-preview:-1"},"canonical":"https:\/\/www.iobevo.com\/online\/productos\/capsulas-para-cafe-espresso-y-bebidas-calientes\/?lang=es","og_locale":"it_IT","og_type":"article","og_title":"C\u00e1psulas para caf\u00e9 espresso y bebidas calientes - io bevo\u00ae","og_description":"Las c\u00e1psulas para caf\u00e9 expreso y otras bebidas no son producidas actualmente por General Beverage, son solamente comercializadas. Tienen la finalidad de realizar servicios espec\u00edficos para peque\u00f1as cantidades de personas. Se\u00f1alamos adem\u00e1s las c\u00e1psulas con caf\u00e9 del Comercio justo, garantizado por Fairtrade.","og_url":"https:\/\/www.iobevo.com\/online\/productos\/capsulas-para-cafe-espresso-y-bebidas-calientes\/?lang=es","og_site_name":"io bevo\u00ae","article_modified_time":"2017-08-05T16:54:02+00:00","og_image":[{"width":1512,"height":400,"url":"https:\/\/www.iobevo.com\/online\/wp-content\/uploads\/2014\/01\/slide-2-bg-e1400667726929.png","type":"image\/png"}],"twitter_card":"summary_large_image","twitter_site":"@IoBevo","schema":{"@context":"https:\/\/schema.org","@graph":[{"@type":"WebPage","@id":"https:\/\/www.iobevo.com\/online\/productos\/capsulas-para-cafe-espresso-y-bebidas-calientes\/?lang=es","url":"https:\/\/www.iobevo.com\/online\/productos\/capsulas-para-cafe-espresso-y-bebidas-calientes\/?lang=es","name":"C\u00e1psulas para caf\u00e9 espresso y bebidas calientes - io bevo\u00ae","isPartOf":{"@id":"https:\/\/www.iobevo.com\/online\/#website"},"primaryImageOfPage":{"@id":"https:\/\/www.iobevo.com\/online\/productos\/capsulas-para-cafe-espresso-y-bebidas-calientes\/?lang=es#primaryimage"},"image":{"@id":"https:\/\/www.iobevo.com\/online\/productos\/capsulas-para-cafe-espresso-y-bebidas-calientes\/?lang=es#primaryimage"},"thumbnailUrl":"https:\/\/www.iobevo.com\/online\/wp-content\/uploads\/2014\/01\/slide-2-bg-e1400667726929.png","datePublished":"2014-07-09T15:48:36+00:00","dateModified":"2017-08-05T16:54:02+00:00","breadcrumb":{"@id":"https:\/\/www.iobevo.com\/online\/productos\/capsulas-para-cafe-espresso-y-bebidas-calientes\/?lang=es#breadcrumb"},"inLanguage":"it-IT","potentialAction":[{"@type":"ReadAction","target":["https:\/\/www.iobevo.com\/online\/productos\/capsulas-para-cafe-espresso-y-bebidas-calientes\/?lang=es"]}]},{"@type":"ImageObject","inLanguage":"it-IT","@id":"https:\/\/www.iobevo.com\/online\/productos\/capsulas-para-cafe-espresso-y-bebidas-calientes\/?lang=es#primaryimage","url":"https:\/\/www.iobevo.com\/online\/wp-content\/uploads\/2014\/01\/slide-2-bg-e1400667726929.png","contentUrl":"https:\/\/www.iobevo.com\/online\/wp-content\/uploads\/2014\/01\/slide-2-bg-e1400667726929.png","width":1512,"height":400},{"@type":"BreadcrumbList","@id":"https:\/\/www.iobevo.com\/online\/productos\/capsulas-para-cafe-espresso-y-bebidas-calientes\/?lang=es#breadcrumb","itemListElement":[{"@type":"ListItem","position":1,"name":"Productos","item":"https:\/\/www.iobevo.com\/online\/productos\/?lang=es"},{"@type":"ListItem","position":2,"name":"C\u00e1psulas para caf\u00e9 espresso y bebidas calientes"}]},{"@type":"WebSite","@id":"https:\/\/www.iobevo.com\/online\/#website","url":"https:\/\/www.iobevo.com\/online\/","name":"io bevo\u00ae","description":"Drink Plastic free","publisher":{"@id":"https:\/\/www.iobevo.com\/online\/#organization"},"potentialAction":[{"@type":"SearchAction","target":{"@type":"EntryPoint","urlTemplate":"https:\/\/www.iobevo.com\/online\/?s={search_term_string}"},"query-input":{"@type":"PropertyValueSpecification","valueRequired":true,"valueName":"search_term_string"}}],"inLanguage":"it-IT"},{"@type":"Organization","@id":"https:\/\/www.iobevo.com\/online\/#organization","name":"General Beverage","url":"https:\/\/www.iobevo.com\/online\/","logo":{"@type":"ImageObject","inLanguage":"it-IT","@id":"https:\/\/www.iobevo.com\/online\/#\/schema\/logo\/image\/","url":"https:\/\/www.iobevo.com\/online\/wp-content\/uploads\/2014\/01\/logo_gb_horizontal_grey_160x47.png","contentUrl":"https:\/\/www.iobevo.com\/online\/wp-content\/uploads\/2014\/01\/logo_gb_horizontal_grey_160x47.png","width":160,"height":47,"caption":"General Beverage"},"image":{"@id":"https:\/\/www.iobevo.com\/online\/#\/schema\/logo\/image\/"},"sameAs":["https:\/\/x.com\/IoBevo"]}]}},"_links":{"self":[{"href":"https:\/\/www.iobevo.com\/online\/wp-json\/wp\/v2\/pages\/6646","targetHints":{"allow":["GET"]}}],"collection":[{"href":"https:\/\/www.iobevo.com\/online\/wp-json\/wp\/v2\/pages"}],"about":[{"href":"https:\/\/www.iobevo.com\/online\/wp-json\/wp\/v2\/types\/page"}],"author":[{"embeddable":true,"href":"https:\/\/www.iobevo.com\/online\/wp-json\/wp\/v2\/users\/58"}],"replies":[{"embeddable":true,"href":"https:\/\/www.iobevo.com\/online\/wp-json\/wp\/v2\/comments?post=6646"}],"version-history":[{"count":0,"href":"https:\/\/www.iobevo.com\/online\/wp-json\/wp\/v2\/pages\/6646\/revisions"}],"up":[{"embeddable":true,"href":"https:\/\/www.iobevo.com\/online\/wp-json\/wp\/v2\/pages\/6604"}],"wp:featuredmedia":[{"embeddable":true,"href":"https:\/\/www.iobevo.com\/online\/wp-json\/wp\/v2\/media\/2831"}],"wp:attachment":[{"href":"https:\/\/www.iobevo.com\/online\/wp-json\/wp\/v2\/media?parent=6646"}],"curies":[{"name":"wp","href":"https:\/\/api.w.org\/{rel}","templated":true}]}}