{"id":6769,"date":"2014-07-11T17:52:26","date_gmt":"2014-07-11T17:52:26","guid":{"rendered":"http:\/\/www.iobevo.com\/online\/?page_id=6769"},"modified":"2017-08-06T00:04:22","modified_gmt":"2017-08-05T22:04:22","slug":"comedores-universitarios","status":"publish","type":"page","link":"https:\/\/www.iobevo.com\/online\/sector-mercado\/comedores-universitarios\/?lang=es","title":{"rendered":"Comedores universitarios"},"content":{"rendered":"<p><span class=\"responsive\"><img fetchpriority=\"high\" decoding=\"async\" class=\"alignleft wp-image-3116 size-medium\" src=\"http:\/\/www.iobevo.com\/online\/wp-content\/uploads\/2014\/04\/mense-universitarie-300x193.jpg\" alt=\"mense-universitarie\" width=\"300\" height=\"193\" srcset=\"https:\/\/www.iobevo.com\/online\/wp-content\/uploads\/2014\/04\/mense-universitarie-300x193.jpg 300w, https:\/\/www.iobevo.com\/online\/wp-content\/uploads\/2014\/04\/mense-universitarie.jpg 700w\" sizes=\"(max-width: 300px) 100vw, 300px\" \/><\/span>Los servicios Iobevo espana, se utilizan actualmente en comedores universitarios por medio de las empresas de catering con los <a href=\"http:\/\/iobevo.com\/online\/wp-content\/uploads\/2014\/05\/CAM-MINISTERO-AMBIENTE-CRITERI-AMBIENTALI-MINIMI-DELLA-RISTORAZIONE.pdf\">criterios Ambientales M\u00ednimos del Ministerio de Medio Ambiente italiano<\/a>, y particularmente apreciados por sus caracter\u00edsticas innovadoras y su coherencia con el respeto a las pol\u00edticas de desarrollo sostenible.<\/p>\n<p>Los principales servicios que se utilizan sonos el\u00a0<a title=\"Freebeverage\" href=\"http:\/\/iobevo.com\/online\/?page_id=6560\"><span class=\"mark2\">freebeverage<\/span><span class=\"mark3\">\u00ae<\/span><\/a>\u00a0y desayuno <a title=\"Io Breakfast\" href=\"http:\/\/iobevo.com\/online\/?page_id=6539\"><span class=\"mark1\">io<\/span> <span class=\"mark2\">breakfast<\/span><\/a><span class=\"mark3\">\u00ae<\/span>.<\/p>\n<p>En los Campus tambi\u00e9n se pueden aplicar diferentes soluciones parecidas al <span class=\"mark2\"><a href=\"https:\/\/www.iobevo.com\/online\/es\/servicios\/freebar\/\">freebar<\/a><\/span><span class=\"mark3\">\u00ae<\/span>, con la finalidad de distribuir bebidas calientes y fr\u00edas en diversos momentos del d\u00eda, en los ambientes de estudio o de habitaci\u00f3n.<\/p>\n<div class=\"gap\" style=\"height: 30px;\"><\/div>\n<h3 class=\"title\"><span>Productos<\/span><\/h3><div class=\"latest-portfolio negative-wrap\"><div class=\"portfolio-item four columns\"><div class=\"portfolio-it\">\n\t\t\t\t  \t\t<a href=\"https:\/\/www.iobevo.com\/online\/portfolio-item\/concentrati-per-bevande-io-bevo\/\" title=\"Bevande io bevo\u00ae\"><span class=\"portfolio-pic\"><img decoding=\"async\" src=\"https:\/\/www.iobevo.com\/online\/wp-content\/uploads\/2014\/04\/concentrati-per-bevande-io-2-350x300.jpg\" \/><div class=\"portfolio-overlay\"><span class=\"overlay-link\"><\/span><\/div><\/span><\/a>\n\t\t\t\t  \t\t<a href=\"https:\/\/www.iobevo.com\/online\/portfolio-item\/concentrati-per-bevande-io-bevo\/\" title=\"Bevande io bevo\u00ae\" class=\"portfolio-title\"><h4>Bevande io bevo\u00ae<\/h4><span>Concentrati per bevande standard<\/span><\/a>\n\t\t\t\t  \t<\/div><\/div><div class=\"portfolio-item four columns\"><div class=\"portfolio-it\">\n\t\t\t\t  \t\t<a href=\"https:\/\/www.iobevo.com\/online\/portfolio-item\/concentrati-per-bevande-slow-beverage\/\" title=\"Bevande Slow Beverage\u00ae\"><span class=\"portfolio-pic\"><img decoding=\"async\" src=\"https:\/\/www.iobevo.com\/online\/wp-content\/uploads\/2014\/04\/bevande-slow-beverage.jpg\" \/><div class=\"portfolio-overlay\"><span class=\"overlay-link\"><\/span><\/div><\/span><\/a>\n\t\t\t\t  \t\t<a href=\"https:\/\/www.iobevo.com\/online\/portfolio-item\/concentrati-per-bevande-slow-beverage\/\" title=\"Bevande Slow Beverage\u00ae\" class=\"portfolio-title\"><h4>Bevande Slow Beverage\u00ae<\/h4><span>Concentrati per bevande regionali<\/span><\/a>\n\t\t\t\t  \t<\/div><\/div><div class=\"portfolio-item four columns\"><div class=\"portfolio-it\">\n\t\t\t\t  \t\t<a href=\"https:\/\/www.iobevo.com\/online\/portfolio-item\/concentrati-per-succhi-di-frutta-io-fresco\/\" title=\"Succhi di frutta io fresco\u00ae\"><span class=\"portfolio-pic\"><img decoding=\"async\" src=\"https:\/\/www.iobevo.com\/online\/wp-content\/uploads\/2014\/04\/succhi-io-fresco-440x300.jpg\" \/><div class=\"portfolio-overlay\"><span class=\"overlay-link\"><\/span><\/div><\/span><\/a>\n\t\t\t\t  \t\t<a href=\"https:\/\/www.iobevo.com\/online\/portfolio-item\/concentrati-per-succhi-di-frutta-io-fresco\/\" title=\"Succhi di frutta io fresco\u00ae\" class=\"portfolio-title\"><h4>Succhi di frutta io fresco\u00ae<\/h4><span>Concentrati per bevande alla frutta<\/span><\/a>\n\t\t\t\t  \t<\/div><\/div><div class=\"portfolio-item four columns\"><div class=\"portfolio-it\">\n\t\t\t\t  \t\t<a href=\"https:\/\/www.iobevo.com\/online\/portfolio-item\/concentrati-e-solubili-per-bevande-fairtrade\/\" title=\"Bevande Equo e Solidali\"><span class=\"portfolio-pic\"><img decoding=\"async\" src=\"https:\/\/www.iobevo.com\/online\/wp-content\/uploads\/2014\/04\/bevande-fairtrade.jpg\" \/><div class=\"portfolio-overlay\"><span class=\"overlay-link\"><\/span><\/div><\/span><\/a>\n\t\t\t\t  \t\t<a href=\"https:\/\/www.iobevo.com\/online\/portfolio-item\/concentrati-e-solubili-per-bevande-fairtrade\/\" title=\"Bevande Equo e Solidali\" class=\"portfolio-title\"><h4>Bevande Equo e Solidali<\/h4><span>Concentrati e solubili Fairtrade<\/span><\/a>\n\t\t\t\t  \t<\/div><\/div><div class=\"portfolio-item four columns\"><div class=\"portfolio-it\">\n\t\t\t\t  \t\t<a href=\"https:\/\/www.iobevo.com\/online\/portfolio-item\/concentrati-per-bevande-salutistiche\/\" title=\"Bevande Bevi Sano\"><span class=\"portfolio-pic\"><img decoding=\"async\" src=\"https:\/\/www.iobevo.com\/online\/wp-content\/uploads\/2014\/04\/bevande-bevo-sano.jpg\" \/><div class=\"portfolio-overlay\"><span class=\"overlay-link\"><\/span><\/div><\/span><\/a>\n\t\t\t\t  \t\t<a href=\"https:\/\/www.iobevo.com\/online\/portfolio-item\/concentrati-per-bevande-salutistiche\/\" title=\"Bevande Bevi Sano\" class=\"portfolio-title\"><h4>Bevande Bevi Sano<\/h4><span>Concentrati con aloe vera e stevia<\/span><\/a>\n\t\t\t\t  \t<\/div><\/div><div class=\"portfolio-item four columns\"><div class=\"portfolio-it\">\n\t\t\t\t  \t\t<a href=\"https:\/\/www.iobevo.com\/online\/portfolio-item\/tisane-ti-sana\/\" title=\"Tisane Ti Sana\"><span class=\"portfolio-pic\"><img decoding=\"async\" src=\"https:\/\/www.iobevo.com\/online\/wp-content\/uploads\/2014\/04\/tisana1-460x300.jpg\" \/><div class=\"portfolio-overlay\"><span class=\"overlay-link\"><\/span><\/div><\/span><\/a>\n\t\t\t\t  \t\t<a href=\"https:\/\/www.iobevo.com\/online\/portfolio-item\/tisane-ti-sana\/\" title=\"Tisane Ti Sana\" class=\"portfolio-title\"><h4>Tisane Ti Sana<\/h4><span>Solubili per tisane naturali<\/span><\/a>\n\t\t\t\t  \t<\/div><\/div><div class=\"portfolio-item four columns\"><div class=\"portfolio-it\">\n\t\t\t\t  \t\t<a href=\"https:\/\/www.iobevo.com\/online\/portfolio-item\/preparati-per-sorbetti-creme-fredde-e-gelati\/\" title=\"Preparati per sorbetti, creme fredde\"><span class=\"portfolio-pic\"><img decoding=\"async\" src=\"https:\/\/www.iobevo.com\/online\/wp-content\/uploads\/2014\/02\/FOTO-SORBETTI-E-CREME-FREDDE-1013-460x300.jpg\" \/><div class=\"portfolio-overlay\"><span class=\"overlay-link\"><\/span><\/div><\/span><\/a>\n\t\t\t\t  \t\t<a href=\"https:\/\/www.iobevo.com\/online\/portfolio-item\/preparati-per-sorbetti-creme-fredde-e-gelati\/\" title=\"Preparati per sorbetti, creme fredde\" class=\"portfolio-title\"><h4>Preparati per sorbetti, creme fredde<\/h4><span>Preparati per sorbetti e gelati<\/span><\/a>\n\t\t\t\t  \t<\/div><\/div><div class=\"portfolio-item four columns\"><div class=\"portfolio-it\">\n\t\t\t\t  \t\t<a href=\"https:\/\/www.iobevo.com\/online\/portfolio-item\/preparati-per-zuppe-istantanee\/\" title=\"Zuppe io zuppa\u00ae\"><span class=\"portfolio-pic\"><img decoding=\"async\" src=\"https:\/\/www.iobevo.com\/online\/wp-content\/uploads\/2014\/04\/preparati-per-passati-e-zup-460x300.jpg\" \/><div class=\"portfolio-overlay\"><span class=\"overlay-link\"><\/span><\/div><\/span><\/a>\n\t\t\t\t  \t\t<a href=\"https:\/\/www.iobevo.com\/online\/portfolio-item\/preparati-per-zuppe-istantanee\/\" title=\"Zuppe io zuppa\u00ae\" class=\"portfolio-title\"><h4>Zuppe io zuppa\u00ae<\/h4><span>Preparati per zuppe istantanee<\/span><\/a>\n\t\t\t\t  \t<\/div><\/div><div class=\"portfolio-item four columns\"><div class=\"portfolio-it\">\n\t\t\t\t  \t\t<a href=\"https:\/\/www.iobevo.com\/online\/portfolio-item\/preparato-per-crema-di-yogurt\/\" title=\"Preparato per crema di yogurt\"><span class=\"portfolio-pic\"><img decoding=\"async\" src=\"https:\/\/www.iobevo.com\/online\/wp-content\/uploads\/2017\/02\/yogurtcreme-460x300.jpg\" \/><div class=\"portfolio-overlay\"><span class=\"overlay-link\"><\/span><\/div><\/span><\/a>\n\t\t\t\t  \t\t<a href=\"https:\/\/www.iobevo.com\/online\/portfolio-item\/preparato-per-crema-di-yogurt\/\" title=\"Preparato per crema di yogurt\" class=\"portfolio-title\"><h4>Preparato per crema di yogurt<\/h4><span>Ottima crema di yogurt<\/span><\/a>\n\t\t\t\t  \t<\/div><\/div><div class=\"portfolio-item four columns\"><div class=\"portfolio-it\">\n\t\t\t\t  \t\t<a href=\"https:\/\/www.iobevo.com\/online\/portfolio-item\/dessert-io-sano\/\" title=\"Dessert io sano\u00ae\"><span class=\"portfolio-pic\"><img decoding=\"async\" src=\"https:\/\/www.iobevo.com\/online\/wp-content\/uploads\/2014\/04\/dessert-460x300.jpg\" \/><div class=\"portfolio-overlay\"><span class=\"overlay-link\"><\/span><\/div><\/span><\/a>\n\t\t\t\t  \t\t<a href=\"https:\/\/www.iobevo.com\/online\/portfolio-item\/dessert-io-sano\/\" title=\"Dessert io sano\u00ae\" class=\"portfolio-title\"><h4>Dessert io sano\u00ae<\/h4><span>Preparati per dessert<\/span><\/a>\n\t\t\t\t  \t<\/div><\/div><\/div><div class=\"clear\"><\/div>\n<div class=\"gap\" style=\"height: 30px;\"><\/div>\n<h3 class=\"title\"><span>Distribuidores<\/span><\/h3><div class=\"latest-portfolio negative-wrap\"><div class=\"portfolio-item four columns\"><div class=\"portfolio-it\">\n\t\t\t\t  \t\t<a href=\"https:\/\/www.iobevo.com\/online\/portfolio-item\/mediterraneo\/\" title=\"Mediterraneo\"><span class=\"portfolio-pic\"><img decoding=\"async\" src=\"https:\/\/www.iobevo.com\/online\/wp-content\/uploads\/2014\/06\/mediterraneo_icon.jpg\" \/><div class=\"portfolio-overlay\"><span class=\"overlay-link\"><\/span><\/div><\/span><\/a>\n\t\t\t\t  \t\t<a href=\"https:\/\/www.iobevo.com\/online\/portfolio-item\/mediterraneo\/\" title=\"Mediterraneo\" class=\"portfolio-title\"><h4>Mediterraneo<\/h4><span>Per bevande e acqua microfilitrata<\/span><\/a>\n\t\t\t\t  \t<\/div><\/div><div class=\"portfolio-item four columns\"><div class=\"portfolio-it\">\n\t\t\t\t  \t\t<a href=\"https:\/\/www.iobevo.com\/online\/portfolio-item\/tirreno\/\" title=\"Tirreno\"><span class=\"portfolio-pic\"><img decoding=\"async\" src=\"https:\/\/www.iobevo.com\/online\/wp-content\/uploads\/2014\/04\/tirreno_macchina.jpg\" \/><div class=\"portfolio-overlay\"><span class=\"overlay-link\"><\/span><\/div><\/span><\/a>\n\t\t\t\t  \t\t<a href=\"https:\/\/www.iobevo.com\/online\/portfolio-item\/tirreno\/\" title=\"Tirreno\" class=\"portfolio-title\"><h4>Tirreno<\/h4><span>Per bevande e acqua microfilitrata<\/span><\/a>\n\t\t\t\t  \t<\/div><\/div><div class=\"portfolio-item four columns\"><div class=\"portfolio-it\">\n\t\t\t\t  \t\t<a href=\"https:\/\/www.iobevo.com\/online\/portfolio-item\/asia-ti-sana\/\" title=\"Asia Ti Sana\"><span class=\"portfolio-pic\"><img decoding=\"async\" src=\"https:\/\/www.iobevo.com\/online\/wp-content\/uploads\/2014\/04\/asia-ti-sana.jpg\" \/><div class=\"portfolio-overlay\"><span class=\"overlay-link\"><\/span><\/div><\/span><\/a>\n\t\t\t\t  \t\t<a href=\"https:\/\/www.iobevo.com\/online\/portfolio-item\/asia-ti-sana\/\" title=\"Asia Ti Sana\" class=\"portfolio-title\"><h4>Asia Ti Sana<\/h4><span>Per tisane naturali<\/span><\/a>\n\t\t\t\t  \t<\/div><\/div><div class=\"portfolio-item four columns\"><div class=\"portfolio-it\">\n\t\t\t\t  \t\t<a href=\"https:\/\/www.iobevo.com\/online\/portfolio-item\/korinto-io-espresso\/\" title=\"Korinto io espresso\u00ae\"><span class=\"portfolio-pic\"><img decoding=\"async\" src=\"https:\/\/www.iobevo.com\/online\/wp-content\/uploads\/2014\/04\/Korinto-460x300.jpg\" \/><div class=\"portfolio-overlay\"><span class=\"overlay-link\"><\/span><\/div><\/span><\/a>\n\t\t\t\t  \t\t<a href=\"https:\/\/www.iobevo.com\/online\/portfolio-item\/korinto-io-espresso\/\" title=\"Korinto io espresso\u00ae\" class=\"portfolio-title\"><h4>Korinto io espresso\u00ae<\/h4><span>Per caff\u00e8 io espresso e 2 solubili <\/span><\/a>\n\t\t\t\t  \t<\/div><\/div><div class=\"portfolio-item four columns\"><div class=\"portfolio-it\">\n\t\t\t\t  \t\t<a href=\"https:\/\/www.iobevo.com\/online\/portfolio-item\/frozen-yogurt\/\" title=\"Frozen Yogurth\"><span class=\"portfolio-pic\"><img decoding=\"async\" src=\"https:\/\/www.iobevo.com\/online\/wp-content\/uploads\/2014\/04\/gelatiera_new.jpg\" \/><div class=\"portfolio-overlay\"><span class=\"overlay-link\"><\/span><\/div><\/span><\/a>\n\t\t\t\t  \t\t<a href=\"https:\/\/www.iobevo.com\/online\/portfolio-item\/frozen-yogurt\/\" title=\"Frozen Yogurth\" class=\"portfolio-title\"><h4>Frozen Yogurth<\/h4><span>Distributore frozen yogurt e gelato soft<\/span><\/a>\n\t\t\t\t  \t<\/div><\/div><\/div><div class=\"clear\"><\/div>\n","protected":false},"excerpt":{"rendered":"<p>Los servicios Iobevo espana, se utilizan actualmente en comedores universitarios por medio de las empresas de catering con los criterios Ambientales M\u00ednimos del Ministerio de Medio Ambiente italiano, y particularmente apreciados por sus caracter\u00edsticas innovadoras y su coherencia con el respeto a las pol\u00edticas de desarrollo sostenible. Los principales servicios [&hellip;]<\/p>\n","protected":false},"author":58,"featured_media":2831,"parent":6648,"menu_order":7,"comment_status":"open","ping_status":"open","template":"","meta":{"footnotes":""},"class_list":["post-6769","page","type-page","status-publish","has-post-thumbnail","hentry"],"yoast_head":"<!-- This site is optimized with the Yoast SEO plugin v27.4 - https:\/\/yoast.com\/product\/yoast-seo-wordpress\/ -->\n<title>Comedores universitarios - io bevo\u00ae<\/title>\n<meta name=\"robots\" content=\"index, follow, max-snippet:-1, max-image-preview:large, max-video-preview:-1\" \/>\n<link rel=\"canonical\" href=\"https:\/\/www.iobevo.com\/online\/sector-mercado\/comedores-universitarios\/?lang=es\" \/>\n<meta property=\"og:locale\" content=\"it_IT\" \/>\n<meta property=\"og:type\" content=\"article\" \/>\n<meta property=\"og:title\" content=\"Comedores universitarios - io bevo\u00ae\" \/>\n<meta property=\"og:description\" content=\"Los servicios Iobevo espana, se utilizan actualmente en comedores universitarios por medio de las empresas de catering con los criterios Ambientales M\u00ednimos del Ministerio de Medio Ambiente italiano, y particularmente apreciados por sus caracter\u00edsticas innovadoras y su coherencia con el respeto a las pol\u00edticas de desarrollo sostenible. Los principales servicios [&hellip;]\" \/>\n<meta property=\"og:url\" content=\"https:\/\/www.iobevo.com\/online\/sector-mercado\/comedores-universitarios\/?lang=es\" \/>\n<meta property=\"og:site_name\" content=\"io bevo\u00ae\" \/>\n<meta property=\"article:modified_time\" content=\"2017-08-05T22:04:22+00:00\" \/>\n<meta property=\"og:image\" content=\"https:\/\/www.iobevo.com\/online\/wp-content\/uploads\/2014\/01\/slide-2-bg-e1400667726929.png\" \/>\n\t<meta property=\"og:image:width\" content=\"1512\" \/>\n\t<meta property=\"og:image:height\" content=\"400\" \/>\n\t<meta property=\"og:image:type\" content=\"image\/png\" \/>\n<meta name=\"twitter:card\" content=\"summary_large_image\" \/>\n<meta name=\"twitter:site\" content=\"@IoBevo\" \/>\n<meta name=\"twitter:label1\" content=\"Tempo di lettura stimato\" \/>\n\t<meta name=\"twitter:data1\" content=\"1 minuto\" \/>\n<script type=\"application\/ld+json\" class=\"yoast-schema-graph\">{\"@context\":\"https:\\\/\\\/schema.org\",\"@graph\":[{\"@type\":\"WebPage\",\"@id\":\"https:\\\/\\\/www.iobevo.com\\\/online\\\/sector-mercado\\\/comedores-universitarios\\\/?lang=es\",\"url\":\"https:\\\/\\\/www.iobevo.com\\\/online\\\/sector-mercado\\\/comedores-universitarios\\\/?lang=es\",\"name\":\"Comedores universitarios - io bevo\u00ae\",\"isPartOf\":{\"@id\":\"https:\\\/\\\/www.iobevo.com\\\/online\\\/#website\"},\"primaryImageOfPage\":{\"@id\":\"https:\\\/\\\/www.iobevo.com\\\/online\\\/sector-mercado\\\/comedores-universitarios\\\/?lang=es#primaryimage\"},\"image\":{\"@id\":\"https:\\\/\\\/www.iobevo.com\\\/online\\\/sector-mercado\\\/comedores-universitarios\\\/?lang=es#primaryimage\"},\"thumbnailUrl\":\"https:\\\/\\\/www.iobevo.com\\\/online\\\/wp-content\\\/uploads\\\/2014\\\/01\\\/slide-2-bg-e1400667726929.png\",\"datePublished\":\"2014-07-11T17:52:26+00:00\",\"dateModified\":\"2017-08-05T22:04:22+00:00\",\"breadcrumb\":{\"@id\":\"https:\\\/\\\/www.iobevo.com\\\/online\\\/sector-mercado\\\/comedores-universitarios\\\/?lang=es#breadcrumb\"},\"inLanguage\":\"it-IT\",\"potentialAction\":[{\"@type\":\"ReadAction\",\"target\":[\"https:\\\/\\\/www.iobevo.com\\\/online\\\/sector-mercado\\\/comedores-universitarios\\\/?lang=es\"]}]},{\"@type\":\"ImageObject\",\"inLanguage\":\"it-IT\",\"@id\":\"https:\\\/\\\/www.iobevo.com\\\/online\\\/sector-mercado\\\/comedores-universitarios\\\/?lang=es#primaryimage\",\"url\":\"https:\\\/\\\/www.iobevo.com\\\/online\\\/wp-content\\\/uploads\\\/2014\\\/01\\\/slide-2-bg-e1400667726929.png\",\"contentUrl\":\"https:\\\/\\\/www.iobevo.com\\\/online\\\/wp-content\\\/uploads\\\/2014\\\/01\\\/slide-2-bg-e1400667726929.png\",\"width\":1512,\"height\":400},{\"@type\":\"BreadcrumbList\",\"@id\":\"https:\\\/\\\/www.iobevo.com\\\/online\\\/sector-mercado\\\/comedores-universitarios\\\/?lang=es#breadcrumb\",\"itemListElement\":[{\"@type\":\"ListItem\",\"position\":1,\"name\":\"Sector del mercado\",\"item\":\"https:\\\/\\\/www.iobevo.com\\\/online\\\/sector-mercado\\\/?lang=es\"},{\"@type\":\"ListItem\",\"position\":2,\"name\":\"Comedores universitarios\"}]},{\"@type\":\"WebSite\",\"@id\":\"https:\\\/\\\/www.iobevo.com\\\/online\\\/#website\",\"url\":\"https:\\\/\\\/www.iobevo.com\\\/online\\\/\",\"name\":\"io bevo\u00ae\",\"description\":\"Drink Plastic free\",\"publisher\":{\"@id\":\"https:\\\/\\\/www.iobevo.com\\\/online\\\/#organization\"},\"potentialAction\":[{\"@type\":\"SearchAction\",\"target\":{\"@type\":\"EntryPoint\",\"urlTemplate\":\"https:\\\/\\\/www.iobevo.com\\\/online\\\/?s={search_term_string}\"},\"query-input\":{\"@type\":\"PropertyValueSpecification\",\"valueRequired\":true,\"valueName\":\"search_term_string\"}}],\"inLanguage\":\"it-IT\"},{\"@type\":\"Organization\",\"@id\":\"https:\\\/\\\/www.iobevo.com\\\/online\\\/#organization\",\"name\":\"General Beverage\",\"url\":\"https:\\\/\\\/www.iobevo.com\\\/online\\\/\",\"logo\":{\"@type\":\"ImageObject\",\"inLanguage\":\"it-IT\",\"@id\":\"https:\\\/\\\/www.iobevo.com\\\/online\\\/#\\\/schema\\\/logo\\\/image\\\/\",\"url\":\"https:\\\/\\\/www.iobevo.com\\\/online\\\/wp-content\\\/uploads\\\/2014\\\/01\\\/logo_gb_horizontal_grey_160x47.png\",\"contentUrl\":\"https:\\\/\\\/www.iobevo.com\\\/online\\\/wp-content\\\/uploads\\\/2014\\\/01\\\/logo_gb_horizontal_grey_160x47.png\",\"width\":160,\"height\":47,\"caption\":\"General Beverage\"},\"image\":{\"@id\":\"https:\\\/\\\/www.iobevo.com\\\/online\\\/#\\\/schema\\\/logo\\\/image\\\/\"},\"sameAs\":[\"https:\\\/\\\/x.com\\\/IoBevo\"]}]}<\/script>\n<!-- \/ Yoast SEO plugin. -->","yoast_head_json":{"title":"Comedores universitarios - io bevo\u00ae","robots":{"index":"index","follow":"follow","max-snippet":"max-snippet:-1","max-image-preview":"max-image-preview:large","max-video-preview":"max-video-preview:-1"},"canonical":"https:\/\/www.iobevo.com\/online\/sector-mercado\/comedores-universitarios\/?lang=es","og_locale":"it_IT","og_type":"article","og_title":"Comedores universitarios - io bevo\u00ae","og_description":"Los servicios Iobevo espana, se utilizan actualmente en comedores universitarios por medio de las empresas de catering con los criterios Ambientales M\u00ednimos del Ministerio de Medio Ambiente italiano, y particularmente apreciados por sus caracter\u00edsticas innovadoras y su coherencia con el respeto a las pol\u00edticas de desarrollo sostenible. Los principales servicios [&hellip;]","og_url":"https:\/\/www.iobevo.com\/online\/sector-mercado\/comedores-universitarios\/?lang=es","og_site_name":"io bevo\u00ae","article_modified_time":"2017-08-05T22:04:22+00:00","og_image":[{"width":1512,"height":400,"url":"https:\/\/www.iobevo.com\/online\/wp-content\/uploads\/2014\/01\/slide-2-bg-e1400667726929.png","type":"image\/png"}],"twitter_card":"summary_large_image","twitter_site":"@IoBevo","twitter_misc":{"Tempo di lettura stimato":"1 minuto"},"schema":{"@context":"https:\/\/schema.org","@graph":[{"@type":"WebPage","@id":"https:\/\/www.iobevo.com\/online\/sector-mercado\/comedores-universitarios\/?lang=es","url":"https:\/\/www.iobevo.com\/online\/sector-mercado\/comedores-universitarios\/?lang=es","name":"Comedores universitarios - io bevo\u00ae","isPartOf":{"@id":"https:\/\/www.iobevo.com\/online\/#website"},"primaryImageOfPage":{"@id":"https:\/\/www.iobevo.com\/online\/sector-mercado\/comedores-universitarios\/?lang=es#primaryimage"},"image":{"@id":"https:\/\/www.iobevo.com\/online\/sector-mercado\/comedores-universitarios\/?lang=es#primaryimage"},"thumbnailUrl":"https:\/\/www.iobevo.com\/online\/wp-content\/uploads\/2014\/01\/slide-2-bg-e1400667726929.png","datePublished":"2014-07-11T17:52:26+00:00","dateModified":"2017-08-05T22:04:22+00:00","breadcrumb":{"@id":"https:\/\/www.iobevo.com\/online\/sector-mercado\/comedores-universitarios\/?lang=es#breadcrumb"},"inLanguage":"it-IT","potentialAction":[{"@type":"ReadAction","target":["https:\/\/www.iobevo.com\/online\/sector-mercado\/comedores-universitarios\/?lang=es"]}]},{"@type":"ImageObject","inLanguage":"it-IT","@id":"https:\/\/www.iobevo.com\/online\/sector-mercado\/comedores-universitarios\/?lang=es#primaryimage","url":"https:\/\/www.iobevo.com\/online\/wp-content\/uploads\/2014\/01\/slide-2-bg-e1400667726929.png","contentUrl":"https:\/\/www.iobevo.com\/online\/wp-content\/uploads\/2014\/01\/slide-2-bg-e1400667726929.png","width":1512,"height":400},{"@type":"BreadcrumbList","@id":"https:\/\/www.iobevo.com\/online\/sector-mercado\/comedores-universitarios\/?lang=es#breadcrumb","itemListElement":[{"@type":"ListItem","position":1,"name":"Sector del mercado","item":"https:\/\/www.iobevo.com\/online\/sector-mercado\/?lang=es"},{"@type":"ListItem","position":2,"name":"Comedores universitarios"}]},{"@type":"WebSite","@id":"https:\/\/www.iobevo.com\/online\/#website","url":"https:\/\/www.iobevo.com\/online\/","name":"io bevo\u00ae","description":"Drink Plastic free","publisher":{"@id":"https:\/\/www.iobevo.com\/online\/#organization"},"potentialAction":[{"@type":"SearchAction","target":{"@type":"EntryPoint","urlTemplate":"https:\/\/www.iobevo.com\/online\/?s={search_term_string}"},"query-input":{"@type":"PropertyValueSpecification","valueRequired":true,"valueName":"search_term_string"}}],"inLanguage":"it-IT"},{"@type":"Organization","@id":"https:\/\/www.iobevo.com\/online\/#organization","name":"General Beverage","url":"https:\/\/www.iobevo.com\/online\/","logo":{"@type":"ImageObject","inLanguage":"it-IT","@id":"https:\/\/www.iobevo.com\/online\/#\/schema\/logo\/image\/","url":"https:\/\/www.iobevo.com\/online\/wp-content\/uploads\/2014\/01\/logo_gb_horizontal_grey_160x47.png","contentUrl":"https:\/\/www.iobevo.com\/online\/wp-content\/uploads\/2014\/01\/logo_gb_horizontal_grey_160x47.png","width":160,"height":47,"caption":"General Beverage"},"image":{"@id":"https:\/\/www.iobevo.com\/online\/#\/schema\/logo\/image\/"},"sameAs":["https:\/\/x.com\/IoBevo"]}]}},"_links":{"self":[{"href":"https:\/\/www.iobevo.com\/online\/wp-json\/wp\/v2\/pages\/6769","targetHints":{"allow":["GET"]}}],"collection":[{"href":"https:\/\/www.iobevo.com\/online\/wp-json\/wp\/v2\/pages"}],"about":[{"href":"https:\/\/www.iobevo.com\/online\/wp-json\/wp\/v2\/types\/page"}],"author":[{"embeddable":true,"href":"https:\/\/www.iobevo.com\/online\/wp-json\/wp\/v2\/users\/58"}],"replies":[{"embeddable":true,"href":"https:\/\/www.iobevo.com\/online\/wp-json\/wp\/v2\/comments?post=6769"}],"version-history":[{"count":0,"href":"https:\/\/www.iobevo.com\/online\/wp-json\/wp\/v2\/pages\/6769\/revisions"}],"up":[{"embeddable":true,"href":"https:\/\/www.iobevo.com\/online\/wp-json\/wp\/v2\/pages\/6648"}],"wp:featuredmedia":[{"embeddable":true,"href":"https:\/\/www.iobevo.com\/online\/wp-json\/wp\/v2\/media\/2831"}],"wp:attachment":[{"href":"https:\/\/www.iobevo.com\/online\/wp-json\/wp\/v2\/media?parent=6769"}],"curies":[{"name":"wp","href":"https:\/\/api.w.org\/{rel}","templated":true}]}}