{"id":6773,"date":"2014-07-11T17:55:35","date_gmt":"2014-07-11T17:55:35","guid":{"rendered":"http:\/\/www.iobevo.com\/online\/?page_id=6773"},"modified":"2017-08-06T17:56:30","modified_gmt":"2017-08-06T15:56:30","slug":"catering-ferroviario-y-aereo","status":"publish","type":"page","link":"https:\/\/www.iobevo.com\/online\/sector-mercado\/catering-ferroviario-y-aereo\/?lang=es","title":{"rendered":"Catering ferroviario y a\u00e9reo"},"content":{"rendered":"<p><span class=\"responsive\"><img fetchpriority=\"high\" decoding=\"async\" class=\"alignleft wp-image-3109 size-medium\" src=\"http:\/\/www.iobevo.com\/online\/wp-content\/uploads\/2014\/04\/catering-aereo-ferroviario-300x199.jpg\" alt=\"catering-aereo-ferroviario\" width=\"300\" height=\"199\" srcset=\"https:\/\/www.iobevo.com\/online\/wp-content\/uploads\/2014\/04\/catering-aereo-ferroviario-300x199.jpg 300w, https:\/\/www.iobevo.com\/online\/wp-content\/uploads\/2014\/04\/catering-aereo-ferroviario.jpg 700w\" sizes=\"(max-width: 300px) 100vw, 300px\" \/><\/span>La soluci\u00f3n innovadora que se propone para el sector de la restauraci\u00f3n ferroviaria y a\u00e9rea est\u00e1 representada por el <a title=\"Trolley bar\" href=\"http:\/\/www.iobevo.com\/online\/es\/servicios\/trolley-bar\/\"><strong>Trolley Bar<\/strong><\/a>, un servicio realizado con la <a title=\"Drink Trolley\" href=\"http:\/\/www.iobevo.com\/online\/es\/distribuidores\/drink-trolley\/\"><strong>Trolley Drink<\/strong><\/a>, distribuidor concebido y dise\u00f1ado para la distribuci\u00f3n de refrescos, zumos \u00a0y bebidas calientes, caf\u00e9 espresso.<\/p>\n<p>Una soluci\u00f3n innovadora por <strong>ventajas log\u00edsticas, comerciales, ambientales y de calidad<\/strong> .De gran inter\u00e9s para todos los contextos en los que es necesaria la distribuci\u00f3n en movimiento de bebidas, para la venta o para los servicios de bebidas de bienvenida.<\/p>\n<p>Los distribuidores TrolleyBar son <strong>personalizados<\/strong>, tanto en lo que respecta a la variedad de productos que para la comunicaci\u00f3n como para la personalizaci\u00f3n gr\u00e1fica y comunicacionaldel carrito.<\/p>\n<div class=\"gap\" style=\"height: 30px;\"><\/div>\n<div class=\"one_half\"><h3 class=\"title\"><span>Productos<\/span><\/h3><div class=\"latest-portfolio negative-wrap\"><div class=\"portfolio-item four columns\"><div class=\"portfolio-it\">\n\t\t\t\t  \t\t<a href=\"https:\/\/www.iobevo.com\/online\/portfolio-item\/concetrati-per-drink-trolley\/\" title=\"Bevande Drink Trolley\"><span class=\"portfolio-pic\"><img decoding=\"async\" src=\"https:\/\/www.iobevo.com\/online\/wp-content\/uploads\/2014\/04\/concentrati-per-bevande-tro-460x300.jpg\" \/><div class=\"portfolio-overlay\"><span class=\"overlay-link\"><\/span><\/div><\/span><\/a>\n\t\t\t\t  \t\t<a href=\"https:\/\/www.iobevo.com\/online\/portfolio-item\/concetrati-per-drink-trolley\/\" title=\"Bevande Drink Trolley\" class=\"portfolio-title\"><h4>Bevande Drink Trolley<\/h4><span>Concentrati per Drink Trolley<\/span><\/a>\n\t\t\t\t  \t<\/div><\/div><\/div><div class=\"clear\"><\/div><\/div>\n<div class=\"one_half last\"><h3 class=\"title\"><span>Distribuidores<\/span><\/h3><div class=\"latest-portfolio negative-wrap\"><div class=\"portfolio-item four columns\"><div class=\"portfolio-it\">\n\t\t\t\t  \t\t<a href=\"https:\/\/www.iobevo.com\/online\/portfolio-item\/drink-trolley\/\" title=\"Drink Trolley\"><span class=\"portfolio-pic\"><img decoding=\"async\" src=\"https:\/\/www.iobevo.com\/online\/wp-content\/uploads\/2014\/04\/servizio-trolley-bar1-e1399396448640-288x300.jpg\" \/><div class=\"portfolio-overlay\"><span class=\"overlay-link\"><\/span><\/div><\/span><\/a>\n\t\t\t\t  \t\t<a href=\"https:\/\/www.iobevo.com\/online\/portfolio-item\/drink-trolley\/\" title=\"Drink Trolley\" class=\"portfolio-title\"><h4>Drink Trolley<\/h4><span>Per servizio trolley bar<\/span><\/a>\n\t\t\t\t  \t<\/div><\/div><\/div><div class=\"clear\"><\/div><\/div>\n<div class=\"clear\"><\/div>\n<p>&nbsp;<\/p>\n","protected":false},"excerpt":{"rendered":"<p>La soluci\u00f3n innovadora que se propone para el sector de la restauraci\u00f3n ferroviaria y a\u00e9rea est\u00e1 representada por el Trolley Bar, un servicio realizado con la Trolley Drink, distribuidor concebido y dise\u00f1ado para la distribuci\u00f3n de refrescos, zumos \u00a0y bebidas calientes, caf\u00e9 espresso. Una soluci\u00f3n innovadora por ventajas log\u00edsticas, comerciales, [&hellip;]<\/p>\n","protected":false},"author":58,"featured_media":2831,"parent":6648,"menu_order":9,"comment_status":"open","ping_status":"closed","template":"","meta":{"footnotes":""},"class_list":["post-6773","page","type-page","status-publish","has-post-thumbnail","hentry"],"yoast_head":"<!-- This site is optimized with the Yoast SEO plugin v27.5 - https:\/\/yoast.com\/product\/yoast-seo-wordpress\/ -->\n<title>Catering ferroviario y a\u00e9reo - io bevo\u00ae<\/title>\n<meta name=\"robots\" content=\"index, follow, max-snippet:-1, max-image-preview:large, max-video-preview:-1\" \/>\n<link rel=\"canonical\" href=\"https:\/\/www.iobevo.com\/online\/sector-mercado\/catering-ferroviario-y-aereo\/?lang=es\" \/>\n<meta property=\"og:locale\" content=\"it_IT\" \/>\n<meta property=\"og:type\" content=\"article\" \/>\n<meta property=\"og:title\" content=\"Catering ferroviario y a\u00e9reo - io bevo\u00ae\" \/>\n<meta property=\"og:description\" content=\"La soluci\u00f3n innovadora que se propone para el sector de la restauraci\u00f3n ferroviaria y a\u00e9rea est\u00e1 representada por el Trolley Bar, un servicio realizado con la Trolley Drink, distribuidor concebido y dise\u00f1ado para la distribuci\u00f3n de refrescos, zumos \u00a0y bebidas calientes, caf\u00e9 espresso. Una soluci\u00f3n innovadora por ventajas log\u00edsticas, comerciales, [&hellip;]\" \/>\n<meta property=\"og:url\" content=\"https:\/\/www.iobevo.com\/online\/sector-mercado\/catering-ferroviario-y-aereo\/?lang=es\" \/>\n<meta property=\"og:site_name\" content=\"io bevo\u00ae\" \/>\n<meta property=\"article:modified_time\" content=\"2017-08-06T15:56:30+00:00\" \/>\n<meta property=\"og:image\" content=\"https:\/\/www.iobevo.com\/online\/wp-content\/uploads\/2014\/01\/slide-2-bg-e1400667726929.png\" \/>\n\t<meta property=\"og:image:width\" content=\"1512\" \/>\n\t<meta property=\"og:image:height\" content=\"400\" \/>\n\t<meta property=\"og:image:type\" content=\"image\/png\" \/>\n<meta name=\"twitter:card\" content=\"summary_large_image\" \/>\n<meta name=\"twitter:site\" content=\"@IoBevo\" \/>\n<meta name=\"twitter:label1\" content=\"Tempo di lettura stimato\" \/>\n\t<meta name=\"twitter:data1\" content=\"1 minuto\" \/>\n<script type=\"application\/ld+json\" class=\"yoast-schema-graph\">{\"@context\":\"https:\\\/\\\/schema.org\",\"@graph\":[{\"@type\":\"WebPage\",\"@id\":\"https:\\\/\\\/www.iobevo.com\\\/online\\\/sector-mercado\\\/catering-ferroviario-y-aereo\\\/?lang=es\",\"url\":\"https:\\\/\\\/www.iobevo.com\\\/online\\\/sector-mercado\\\/catering-ferroviario-y-aereo\\\/?lang=es\",\"name\":\"Catering ferroviario y a\u00e9reo - io bevo\u00ae\",\"isPartOf\":{\"@id\":\"https:\\\/\\\/www.iobevo.com\\\/online\\\/#website\"},\"primaryImageOfPage\":{\"@id\":\"https:\\\/\\\/www.iobevo.com\\\/online\\\/sector-mercado\\\/catering-ferroviario-y-aereo\\\/?lang=es#primaryimage\"},\"image\":{\"@id\":\"https:\\\/\\\/www.iobevo.com\\\/online\\\/sector-mercado\\\/catering-ferroviario-y-aereo\\\/?lang=es#primaryimage\"},\"thumbnailUrl\":\"https:\\\/\\\/www.iobevo.com\\\/online\\\/wp-content\\\/uploads\\\/2014\\\/01\\\/slide-2-bg-e1400667726929.png\",\"datePublished\":\"2014-07-11T17:55:35+00:00\",\"dateModified\":\"2017-08-06T15:56:30+00:00\",\"breadcrumb\":{\"@id\":\"https:\\\/\\\/www.iobevo.com\\\/online\\\/sector-mercado\\\/catering-ferroviario-y-aereo\\\/?lang=es#breadcrumb\"},\"inLanguage\":\"it-IT\",\"potentialAction\":[{\"@type\":\"ReadAction\",\"target\":[\"https:\\\/\\\/www.iobevo.com\\\/online\\\/sector-mercado\\\/catering-ferroviario-y-aereo\\\/?lang=es\"]}]},{\"@type\":\"ImageObject\",\"inLanguage\":\"it-IT\",\"@id\":\"https:\\\/\\\/www.iobevo.com\\\/online\\\/sector-mercado\\\/catering-ferroviario-y-aereo\\\/?lang=es#primaryimage\",\"url\":\"https:\\\/\\\/www.iobevo.com\\\/online\\\/wp-content\\\/uploads\\\/2014\\\/01\\\/slide-2-bg-e1400667726929.png\",\"contentUrl\":\"https:\\\/\\\/www.iobevo.com\\\/online\\\/wp-content\\\/uploads\\\/2014\\\/01\\\/slide-2-bg-e1400667726929.png\",\"width\":1512,\"height\":400},{\"@type\":\"BreadcrumbList\",\"@id\":\"https:\\\/\\\/www.iobevo.com\\\/online\\\/sector-mercado\\\/catering-ferroviario-y-aereo\\\/?lang=es#breadcrumb\",\"itemListElement\":[{\"@type\":\"ListItem\",\"position\":1,\"name\":\"Sector del mercado\",\"item\":\"https:\\\/\\\/www.iobevo.com\\\/online\\\/sector-mercado\\\/?lang=es\"},{\"@type\":\"ListItem\",\"position\":2,\"name\":\"Catering ferroviario y a\u00e9reo\"}]},{\"@type\":\"WebSite\",\"@id\":\"https:\\\/\\\/www.iobevo.com\\\/online\\\/#website\",\"url\":\"https:\\\/\\\/www.iobevo.com\\\/online\\\/\",\"name\":\"io bevo\u00ae\",\"description\":\"Drink Plastic free\",\"publisher\":{\"@id\":\"https:\\\/\\\/www.iobevo.com\\\/online\\\/#organization\"},\"potentialAction\":[{\"@type\":\"SearchAction\",\"target\":{\"@type\":\"EntryPoint\",\"urlTemplate\":\"https:\\\/\\\/www.iobevo.com\\\/online\\\/?s={search_term_string}\"},\"query-input\":{\"@type\":\"PropertyValueSpecification\",\"valueRequired\":true,\"valueName\":\"search_term_string\"}}],\"inLanguage\":\"it-IT\"},{\"@type\":\"Organization\",\"@id\":\"https:\\\/\\\/www.iobevo.com\\\/online\\\/#organization\",\"name\":\"General Beverage\",\"url\":\"https:\\\/\\\/www.iobevo.com\\\/online\\\/\",\"logo\":{\"@type\":\"ImageObject\",\"inLanguage\":\"it-IT\",\"@id\":\"https:\\\/\\\/www.iobevo.com\\\/online\\\/#\\\/schema\\\/logo\\\/image\\\/\",\"url\":\"https:\\\/\\\/www.iobevo.com\\\/online\\\/wp-content\\\/uploads\\\/2014\\\/01\\\/logo_gb_horizontal_grey_160x47.png\",\"contentUrl\":\"https:\\\/\\\/www.iobevo.com\\\/online\\\/wp-content\\\/uploads\\\/2014\\\/01\\\/logo_gb_horizontal_grey_160x47.png\",\"width\":160,\"height\":47,\"caption\":\"General Beverage\"},\"image\":{\"@id\":\"https:\\\/\\\/www.iobevo.com\\\/online\\\/#\\\/schema\\\/logo\\\/image\\\/\"},\"sameAs\":[\"https:\\\/\\\/x.com\\\/IoBevo\"]}]}<\/script>\n<!-- \/ Yoast SEO plugin. -->","yoast_head_json":{"title":"Catering ferroviario y a\u00e9reo - io bevo\u00ae","robots":{"index":"index","follow":"follow","max-snippet":"max-snippet:-1","max-image-preview":"max-image-preview:large","max-video-preview":"max-video-preview:-1"},"canonical":"https:\/\/www.iobevo.com\/online\/sector-mercado\/catering-ferroviario-y-aereo\/?lang=es","og_locale":"it_IT","og_type":"article","og_title":"Catering ferroviario y a\u00e9reo - io bevo\u00ae","og_description":"La soluci\u00f3n innovadora que se propone para el sector de la restauraci\u00f3n ferroviaria y a\u00e9rea est\u00e1 representada por el Trolley Bar, un servicio realizado con la Trolley Drink, distribuidor concebido y dise\u00f1ado para la distribuci\u00f3n de refrescos, zumos \u00a0y bebidas calientes, caf\u00e9 espresso. Una soluci\u00f3n innovadora por ventajas log\u00edsticas, comerciales, [&hellip;]","og_url":"https:\/\/www.iobevo.com\/online\/sector-mercado\/catering-ferroviario-y-aereo\/?lang=es","og_site_name":"io bevo\u00ae","article_modified_time":"2017-08-06T15:56:30+00:00","og_image":[{"width":1512,"height":400,"url":"https:\/\/www.iobevo.com\/online\/wp-content\/uploads\/2014\/01\/slide-2-bg-e1400667726929.png","type":"image\/png"}],"twitter_card":"summary_large_image","twitter_site":"@IoBevo","twitter_misc":{"Tempo di lettura stimato":"1 minuto"},"schema":{"@context":"https:\/\/schema.org","@graph":[{"@type":"WebPage","@id":"https:\/\/www.iobevo.com\/online\/sector-mercado\/catering-ferroviario-y-aereo\/?lang=es","url":"https:\/\/www.iobevo.com\/online\/sector-mercado\/catering-ferroviario-y-aereo\/?lang=es","name":"Catering ferroviario y a\u00e9reo - io bevo\u00ae","isPartOf":{"@id":"https:\/\/www.iobevo.com\/online\/#website"},"primaryImageOfPage":{"@id":"https:\/\/www.iobevo.com\/online\/sector-mercado\/catering-ferroviario-y-aereo\/?lang=es#primaryimage"},"image":{"@id":"https:\/\/www.iobevo.com\/online\/sector-mercado\/catering-ferroviario-y-aereo\/?lang=es#primaryimage"},"thumbnailUrl":"https:\/\/www.iobevo.com\/online\/wp-content\/uploads\/2014\/01\/slide-2-bg-e1400667726929.png","datePublished":"2014-07-11T17:55:35+00:00","dateModified":"2017-08-06T15:56:30+00:00","breadcrumb":{"@id":"https:\/\/www.iobevo.com\/online\/sector-mercado\/catering-ferroviario-y-aereo\/?lang=es#breadcrumb"},"inLanguage":"it-IT","potentialAction":[{"@type":"ReadAction","target":["https:\/\/www.iobevo.com\/online\/sector-mercado\/catering-ferroviario-y-aereo\/?lang=es"]}]},{"@type":"ImageObject","inLanguage":"it-IT","@id":"https:\/\/www.iobevo.com\/online\/sector-mercado\/catering-ferroviario-y-aereo\/?lang=es#primaryimage","url":"https:\/\/www.iobevo.com\/online\/wp-content\/uploads\/2014\/01\/slide-2-bg-e1400667726929.png","contentUrl":"https:\/\/www.iobevo.com\/online\/wp-content\/uploads\/2014\/01\/slide-2-bg-e1400667726929.png","width":1512,"height":400},{"@type":"BreadcrumbList","@id":"https:\/\/www.iobevo.com\/online\/sector-mercado\/catering-ferroviario-y-aereo\/?lang=es#breadcrumb","itemListElement":[{"@type":"ListItem","position":1,"name":"Sector del mercado","item":"https:\/\/www.iobevo.com\/online\/sector-mercado\/?lang=es"},{"@type":"ListItem","position":2,"name":"Catering ferroviario y a\u00e9reo"}]},{"@type":"WebSite","@id":"https:\/\/www.iobevo.com\/online\/#website","url":"https:\/\/www.iobevo.com\/online\/","name":"io bevo\u00ae","description":"Drink Plastic free","publisher":{"@id":"https:\/\/www.iobevo.com\/online\/#organization"},"potentialAction":[{"@type":"SearchAction","target":{"@type":"EntryPoint","urlTemplate":"https:\/\/www.iobevo.com\/online\/?s={search_term_string}"},"query-input":{"@type":"PropertyValueSpecification","valueRequired":true,"valueName":"search_term_string"}}],"inLanguage":"it-IT"},{"@type":"Organization","@id":"https:\/\/www.iobevo.com\/online\/#organization","name":"General Beverage","url":"https:\/\/www.iobevo.com\/online\/","logo":{"@type":"ImageObject","inLanguage":"it-IT","@id":"https:\/\/www.iobevo.com\/online\/#\/schema\/logo\/image\/","url":"https:\/\/www.iobevo.com\/online\/wp-content\/uploads\/2014\/01\/logo_gb_horizontal_grey_160x47.png","contentUrl":"https:\/\/www.iobevo.com\/online\/wp-content\/uploads\/2014\/01\/logo_gb_horizontal_grey_160x47.png","width":160,"height":47,"caption":"General Beverage"},"image":{"@id":"https:\/\/www.iobevo.com\/online\/#\/schema\/logo\/image\/"},"sameAs":["https:\/\/x.com\/IoBevo"]}]}},"_links":{"self":[{"href":"https:\/\/www.iobevo.com\/online\/wp-json\/wp\/v2\/pages\/6773","targetHints":{"allow":["GET"]}}],"collection":[{"href":"https:\/\/www.iobevo.com\/online\/wp-json\/wp\/v2\/pages"}],"about":[{"href":"https:\/\/www.iobevo.com\/online\/wp-json\/wp\/v2\/types\/page"}],"author":[{"embeddable":true,"href":"https:\/\/www.iobevo.com\/online\/wp-json\/wp\/v2\/users\/58"}],"replies":[{"embeddable":true,"href":"https:\/\/www.iobevo.com\/online\/wp-json\/wp\/v2\/comments?post=6773"}],"version-history":[{"count":0,"href":"https:\/\/www.iobevo.com\/online\/wp-json\/wp\/v2\/pages\/6773\/revisions"}],"up":[{"embeddable":true,"href":"https:\/\/www.iobevo.com\/online\/wp-json\/wp\/v2\/pages\/6648"}],"wp:featuredmedia":[{"embeddable":true,"href":"https:\/\/www.iobevo.com\/online\/wp-json\/wp\/v2\/media\/2831"}],"wp:attachment":[{"href":"https:\/\/www.iobevo.com\/online\/wp-json\/wp\/v2\/media?parent=6773"}],"curies":[{"name":"wp","href":"https:\/\/api.w.org\/{rel}","templated":true}]}}