{"id":6783,"date":"2014-07-11T18:59:08","date_gmt":"2014-07-11T18:59:08","guid":{"rendered":"http:\/\/www.iobevo.com\/online\/?page_id=6783"},"modified":"2017-08-06T19:28:10","modified_gmt":"2017-08-06T17:28:10","slug":"salas-de-espera-y-salas-juego","status":"publish","type":"page","link":"https:\/\/www.iobevo.com\/online\/sector-mercado\/salas-de-espera-y-salas-juego\/?lang=es","title":{"rendered":"Salas de espera y salas juego"},"content":{"rendered":"<p><span class=\"responsive\"><img fetchpriority=\"high\" decoding=\"async\" class=\"alignleft wp-image-3119 size-medium\" src=\"http:\/\/www.iobevo.com\/online\/wp-content\/uploads\/2014\/04\/sale-di-aspetto-sale-di-gio-300x169.jpg\" alt=\"sale-di-aspetto-sale-di-gio\" width=\"300\" height=\"169\" srcset=\"https:\/\/www.iobevo.com\/online\/wp-content\/uploads\/2014\/04\/sale-di-aspetto-sale-di-gio-300x169.jpg 300w, https:\/\/www.iobevo.com\/online\/wp-content\/uploads\/2014\/04\/sale-di-aspetto-sale-di-gio.jpg 700w\" sizes=\"(max-width: 300px) 100vw, 300px\" \/><\/span><\/p>\n<p><span class=\"mark1\">io<\/span> <span class=\"mark2\">bevo<\/span><span class=\"mark3\">\u00ae<\/span> Espana\u00a0es el socio ideal para todas las empresas y organizaciones que est\u00e9n interesadas en incluir entre los beneficios para sus clientes o potenciales clientes, la distribuci\u00f3n gratuita de bebidas calientes y fr\u00edas en las salas de espera con el autoservicio.<\/p>\n<p>Los puntos fuertes de esta soluci\u00f3n son m\u00faltiples:<\/p>\n<ul style=\"margin-left: 350px;\">\n<li>la creaci\u00f3n de un <strong>valor a\u00f1adido<\/strong> a su oferta<\/li>\n<li><strong>gesti\u00f3n de las esperas<\/strong> y la expansi\u00f3n del tiempo de espera de los clientes<\/li>\n<li>herramienta adicional para la<strong> promoci\u00f3n y el atractivo comercial<\/strong> respecto a la competencia.<\/li>\n<\/ul>\n<p>Las soluciones comerciales pueden articularse sobre la base de la distribuci\u00f3n, a trav\u00e9s del pr\u00e9stamo gratuito de los equipos, con las ventas de productos, o sobre la base de soluciones <a title=\"freebar\" href=\"http:\/\/www.iobevo.com\/online\/es\/servicios\/freebar\/\"><span class=\"mark2\">freebar<\/span><\/a><span class=\"mark3\">\u00ae<\/span>, que ya sea con un pago fijo o global, prevea la entrega gratuita de los equipos como de los productos.<\/p>\n<p>En general, el tipo de servicio se puede identificar con la f\u00f3rmula <a title=\"freebar\" href=\"http:\/\/www.iobevo.com\/online\/es\/servicios\/freebar\/\"><span class=\"mark2\">freebar<\/span><\/a><span class=\"mark3\">\u00ae<\/span>, pero el estudio y an\u00e1lisis de los diferentes requisitos puede dar lugar a la definici\u00f3n de <strong>servicios personalizados y diversificados<\/strong> en funci\u00f3n del contexto y de las necesidades espec\u00edficas.<\/p>\n<div class=\"gap\" style=\"height: 30px;\"><\/div>\n<h3 class=\"title\"><span>Productos<\/span><\/h3><div class=\"latest-portfolio negative-wrap\"><div class=\"portfolio-item four columns\"><div class=\"portfolio-it\">\n\t\t\t\t  \t\t<a href=\"https:\/\/www.iobevo.com\/online\/portfolio-item\/concentrati-per-bevande-io-bevo\/\" title=\"Bevande io bevo\u00ae\"><span class=\"portfolio-pic\"><img decoding=\"async\" src=\"https:\/\/www.iobevo.com\/online\/wp-content\/uploads\/2014\/04\/concentrati-per-bevande-io-2-350x300.jpg\" \/><div class=\"portfolio-overlay\"><span class=\"overlay-link\"><\/span><\/div><\/span><\/a>\n\t\t\t\t  \t\t<a href=\"https:\/\/www.iobevo.com\/online\/portfolio-item\/concentrati-per-bevande-io-bevo\/\" title=\"Bevande io bevo\u00ae\" class=\"portfolio-title\"><h4>Bevande io bevo\u00ae<\/h4><span>Concentrati per bevande standard<\/span><\/a>\n\t\t\t\t  \t<\/div><\/div><div class=\"portfolio-item four columns\"><div class=\"portfolio-it\">\n\t\t\t\t  \t\t<a href=\"https:\/\/www.iobevo.com\/online\/portfolio-item\/concentrati-per-bevande-slow-beverage\/\" title=\"Bevande Slow Beverage\u00ae\"><span class=\"portfolio-pic\"><img decoding=\"async\" src=\"https:\/\/www.iobevo.com\/online\/wp-content\/uploads\/2014\/04\/bevande-slow-beverage.jpg\" \/><div class=\"portfolio-overlay\"><span class=\"overlay-link\"><\/span><\/div><\/span><\/a>\n\t\t\t\t  \t\t<a href=\"https:\/\/www.iobevo.com\/online\/portfolio-item\/concentrati-per-bevande-slow-beverage\/\" title=\"Bevande Slow Beverage\u00ae\" class=\"portfolio-title\"><h4>Bevande Slow Beverage\u00ae<\/h4><span>Concentrati per bevande regionali<\/span><\/a>\n\t\t\t\t  \t<\/div><\/div><div class=\"portfolio-item four columns\"><div class=\"portfolio-it\">\n\t\t\t\t  \t\t<a href=\"https:\/\/www.iobevo.com\/online\/portfolio-item\/concentrati-per-succhi-di-frutta-io-fresco\/\" title=\"Succhi di frutta io fresco\u00ae\"><span class=\"portfolio-pic\"><img decoding=\"async\" src=\"https:\/\/www.iobevo.com\/online\/wp-content\/uploads\/2014\/04\/succhi-io-fresco-440x300.jpg\" \/><div class=\"portfolio-overlay\"><span class=\"overlay-link\"><\/span><\/div><\/span><\/a>\n\t\t\t\t  \t\t<a href=\"https:\/\/www.iobevo.com\/online\/portfolio-item\/concentrati-per-succhi-di-frutta-io-fresco\/\" title=\"Succhi di frutta io fresco\u00ae\" class=\"portfolio-title\"><h4>Succhi di frutta io fresco\u00ae<\/h4><span>Concentrati per bevande alla frutta<\/span><\/a>\n\t\t\t\t  \t<\/div><\/div><div class=\"portfolio-item four columns\"><div class=\"portfolio-it\">\n\t\t\t\t  \t\t<a href=\"https:\/\/www.iobevo.com\/online\/portfolio-item\/tisane-ti-sana\/\" title=\"Tisane Ti Sana\"><span class=\"portfolio-pic\"><img decoding=\"async\" src=\"https:\/\/www.iobevo.com\/online\/wp-content\/uploads\/2014\/04\/tisana1-460x300.jpg\" \/><div class=\"portfolio-overlay\"><span class=\"overlay-link\"><\/span><\/div><\/span><\/a>\n\t\t\t\t  \t\t<a href=\"https:\/\/www.iobevo.com\/online\/portfolio-item\/tisane-ti-sana\/\" title=\"Tisane Ti Sana\" class=\"portfolio-title\"><h4>Tisane Ti Sana<\/h4><span>Solubili per tisane naturali<\/span><\/a>\n\t\t\t\t  \t<\/div><\/div><div class=\"portfolio-item four columns\"><div class=\"portfolio-it\">\n\t\t\t\t  \t\t<a href=\"https:\/\/www.iobevo.com\/online\/portfolio-item\/caffe-grani\/\" title=\"Caff\u00e8 in grani\"><span class=\"portfolio-pic\"><img decoding=\"async\" src=\"https:\/\/www.iobevo.com\/online\/wp-content\/uploads\/2014\/04\/caffe_in_grani-460x300.jpg\" \/><div class=\"portfolio-overlay\"><span class=\"overlay-link\"><\/span><\/div><\/span><\/a>\n\t\t\t\t  \t\t<a href=\"https:\/\/www.iobevo.com\/online\/portfolio-item\/caffe-grani\/\" title=\"Caff\u00e8 in grani\" class=\"portfolio-title\"><h4>Caff\u00e8 in grani<\/h4><span>Caff\u00e8 in grani e macinato<\/span><\/a>\n\t\t\t\t  \t<\/div><\/div><div class=\"portfolio-item four columns\"><div class=\"portfolio-it\">\n\t\t\t\t  \t\t<a href=\"https:\/\/www.iobevo.com\/online\/portfolio-item\/concentrati-bimbo-drink\/\" title=\"Concentrati Bimbo Drink\u00ae\"><span class=\"portfolio-pic\"><img decoding=\"async\" src=\"https:\/\/www.iobevo.com\/online\/wp-content\/uploads\/2017\/02\/FOTO-IO-BIMBO-1001-460x300.jpg\" \/><div class=\"portfolio-overlay\"><span class=\"overlay-link\"><\/span><\/div><\/span><\/a>\n\t\t\t\t  \t\t<a href=\"https:\/\/www.iobevo.com\/online\/portfolio-item\/concentrati-bimbo-drink\/\" title=\"Concentrati Bimbo Drink\u00ae\" class=\"portfolio-title\"><h4>Concentrati Bimbo Drink\u00ae<\/h4><span>Bevande alla frutta <\/span><\/a>\n\t\t\t\t  \t<\/div><\/div><\/div><div class=\"clear\"><\/div>\n<div class=\"gap\" style=\"height: 30px;\"><\/div>\n<h3 class=\"title\"><span>Distribuidores<\/span><\/h3><div class=\"latest-portfolio negative-wrap\"><div class=\"portfolio-item four columns\"><div class=\"portfolio-it\">\n\t\t\t\t  \t\t<a href=\"https:\/\/www.iobevo.com\/online\/portfolio-item\/tirreno\/\" title=\"Tirreno\"><span class=\"portfolio-pic\"><img decoding=\"async\" src=\"https:\/\/www.iobevo.com\/online\/wp-content\/uploads\/2014\/04\/tirreno_macchina.jpg\" \/><div class=\"portfolio-overlay\"><span class=\"overlay-link\"><\/span><\/div><\/span><\/a>\n\t\t\t\t  \t\t<a href=\"https:\/\/www.iobevo.com\/online\/portfolio-item\/tirreno\/\" title=\"Tirreno\" class=\"portfolio-title\"><h4>Tirreno<\/h4><span>Per bevande e acqua microfilitrata<\/span><\/a>\n\t\t\t\t  \t<\/div><\/div><div class=\"portfolio-item four columns\"><div class=\"portfolio-it\">\n\t\t\t\t  \t\t<a href=\"https:\/\/www.iobevo.com\/online\/portfolio-item\/new-frutta-mix\/\" title=\"New fruttamix\"><span class=\"portfolio-pic\"><img decoding=\"async\" src=\"https:\/\/www.iobevo.com\/online\/wp-content\/uploads\/2014\/04\/new_fruttamix.jpg\" \/><div class=\"portfolio-overlay\"><span class=\"overlay-link\"><\/span><\/div><\/span><\/a>\n\t\t\t\t  \t\t<a href=\"https:\/\/www.iobevo.com\/online\/portfolio-item\/new-frutta-mix\/\" title=\"New fruttamix\" class=\"portfolio-title\"><h4>New fruttamix<\/h4><span>Per succhi di frutta<\/span><\/a>\n\t\t\t\t  \t<\/div><\/div><div class=\"portfolio-item four columns\"><div class=\"portfolio-it\">\n\t\t\t\t  \t\t<a href=\"https:\/\/www.iobevo.com\/online\/portfolio-item\/acquajet\/\" title=\"Acquajet\"><span class=\"portfolio-pic\"><img decoding=\"async\" src=\"https:\/\/www.iobevo.com\/online\/wp-content\/uploads\/2014\/04\/acquajet2.jpg\" \/><div class=\"portfolio-overlay\"><span class=\"overlay-link\"><\/span><\/div><\/span><\/a>\n\t\t\t\t  \t\t<a href=\"https:\/\/www.iobevo.com\/online\/portfolio-item\/acquajet\/\" title=\"Acquajet\" class=\"portfolio-title\"><h4>Acquajet<\/h4><span>Per acqua microfiltrata<\/span><\/a>\n\t\t\t\t  \t<\/div><\/div><div class=\"portfolio-item four columns\"><div class=\"portfolio-it\">\n\t\t\t\t  \t\t<a href=\"https:\/\/www.iobevo.com\/online\/portfolio-item\/asia-ti-sana\/\" title=\"Asia Ti Sana\"><span class=\"portfolio-pic\"><img decoding=\"async\" src=\"https:\/\/www.iobevo.com\/online\/wp-content\/uploads\/2014\/04\/asia-ti-sana.jpg\" \/><div class=\"portfolio-overlay\"><span class=\"overlay-link\"><\/span><\/div><\/span><\/a>\n\t\t\t\t  \t\t<a href=\"https:\/\/www.iobevo.com\/online\/portfolio-item\/asia-ti-sana\/\" title=\"Asia Ti Sana\" class=\"portfolio-title\"><h4>Asia Ti Sana<\/h4><span>Per tisane naturali<\/span><\/a>\n\t\t\t\t  \t<\/div><\/div><div class=\"portfolio-item four columns\"><div class=\"portfolio-it\">\n\t\t\t\t  \t\t<a href=\"https:\/\/www.iobevo.com\/online\/portfolio-item\/orzo-bar\/\" title=\"Orzo bar\"><span class=\"portfolio-pic\"><img decoding=\"async\" src=\"https:\/\/www.iobevo.com\/online\/wp-content\/uploads\/2014\/05\/FOTO-81D-D07-ORZOBAR-458x300.jpg\" \/><div class=\"portfolio-overlay\"><span class=\"overlay-link\"><\/span><\/div><\/span><\/a>\n\t\t\t\t  \t\t<a href=\"https:\/\/www.iobevo.com\/online\/portfolio-item\/orzo-bar\/\" title=\"Orzo bar\" class=\"portfolio-title\"><h4>Orzo bar<\/h4><span>Distributore orzobar<\/span><\/a>\n\t\t\t\t  \t<\/div><\/div><div class=\"portfolio-item four columns\"><div class=\"portfolio-it\">\n\t\t\t\t  \t\t<a href=\"https:\/\/www.iobevo.com\/online\/portfolio-item\/new-fruttamix-bimbo-drink-fruit\/\" title=\"New Fruttamix Bimbo Drink\u00ae Fruit\"><span class=\"portfolio-pic\"><img decoding=\"async\" src=\"https:\/\/www.iobevo.com\/online\/wp-content\/uploads\/2017\/02\/NEWFRUTTAMIX-BIMBODRINK_dis.jpg\" \/><div class=\"portfolio-overlay\"><span class=\"overlay-link\"><\/span><\/div><\/span><\/a>\n\t\t\t\t  \t\t<a href=\"https:\/\/www.iobevo.com\/online\/portfolio-item\/new-fruttamix-bimbo-drink-fruit\/\" title=\"New Fruttamix Bimbo Drink\u00ae Fruit\" class=\"portfolio-title\"><h4>New Fruttamix Bimbo Drink\u00ae Fruit<\/h4><span>Distributore per bevande naturali<\/span><\/a>\n\t\t\t\t  \t<\/div><\/div><\/div><div class=\"clear\"><\/div>\n","protected":false},"excerpt":{"rendered":"<p>io bevo\u00ae Espana\u00a0es el socio ideal para todas las empresas y organizaciones que est\u00e9n interesadas en incluir entre los beneficios para sus clientes o potenciales clientes, la distribuci\u00f3n gratuita de bebidas calientes y fr\u00edas en las salas de espera con el autoservicio. Los puntos fuertes de esta soluci\u00f3n son m\u00faltiples: [&hellip;]<\/p>\n","protected":false},"author":58,"featured_media":2831,"parent":6648,"menu_order":14,"comment_status":"open","ping_status":"open","template":"","meta":{"footnotes":""},"class_list":["post-6783","page","type-page","status-publish","has-post-thumbnail","hentry"],"yoast_head":"<!-- This site is optimized with the Yoast SEO plugin v27.4 - https:\/\/yoast.com\/product\/yoast-seo-wordpress\/ -->\n<title>Salas de espera y salas juego - io bevo\u00ae<\/title>\n<meta name=\"robots\" content=\"index, follow, max-snippet:-1, max-image-preview:large, max-video-preview:-1\" \/>\n<link rel=\"canonical\" href=\"https:\/\/www.iobevo.com\/online\/sector-mercado\/salas-de-espera-y-salas-juego\/?lang=es\" \/>\n<meta property=\"og:locale\" content=\"it_IT\" \/>\n<meta property=\"og:type\" content=\"article\" \/>\n<meta property=\"og:title\" content=\"Salas de espera y salas juego - io bevo\u00ae\" \/>\n<meta property=\"og:description\" content=\"io bevo\u00ae Espana\u00a0es el socio ideal para todas las empresas y organizaciones que est\u00e9n interesadas en incluir entre los beneficios para sus clientes o potenciales clientes, la distribuci\u00f3n gratuita de bebidas calientes y fr\u00edas en las salas de espera con el autoservicio. Los puntos fuertes de esta soluci\u00f3n son m\u00faltiples: [&hellip;]\" \/>\n<meta property=\"og:url\" content=\"https:\/\/www.iobevo.com\/online\/sector-mercado\/salas-de-espera-y-salas-juego\/?lang=es\" \/>\n<meta property=\"og:site_name\" content=\"io bevo\u00ae\" \/>\n<meta property=\"article:modified_time\" content=\"2017-08-06T17:28:10+00:00\" \/>\n<meta property=\"og:image\" content=\"https:\/\/www.iobevo.com\/online\/wp-content\/uploads\/2014\/01\/slide-2-bg-e1400667726929.png\" \/>\n\t<meta property=\"og:image:width\" content=\"1512\" \/>\n\t<meta property=\"og:image:height\" content=\"400\" \/>\n\t<meta property=\"og:image:type\" content=\"image\/png\" \/>\n<meta name=\"twitter:card\" content=\"summary_large_image\" \/>\n<meta name=\"twitter:site\" content=\"@IoBevo\" \/>\n<meta name=\"twitter:label1\" content=\"Tempo di lettura stimato\" \/>\n\t<meta name=\"twitter:data1\" content=\"1 minuto\" \/>\n<script type=\"application\/ld+json\" class=\"yoast-schema-graph\">{\"@context\":\"https:\\\/\\\/schema.org\",\"@graph\":[{\"@type\":\"WebPage\",\"@id\":\"https:\\\/\\\/www.iobevo.com\\\/online\\\/sector-mercado\\\/salas-de-espera-y-salas-juego\\\/?lang=es\",\"url\":\"https:\\\/\\\/www.iobevo.com\\\/online\\\/sector-mercado\\\/salas-de-espera-y-salas-juego\\\/?lang=es\",\"name\":\"Salas de espera y salas juego - io bevo\u00ae\",\"isPartOf\":{\"@id\":\"https:\\\/\\\/www.iobevo.com\\\/online\\\/#website\"},\"primaryImageOfPage\":{\"@id\":\"https:\\\/\\\/www.iobevo.com\\\/online\\\/sector-mercado\\\/salas-de-espera-y-salas-juego\\\/?lang=es#primaryimage\"},\"image\":{\"@id\":\"https:\\\/\\\/www.iobevo.com\\\/online\\\/sector-mercado\\\/salas-de-espera-y-salas-juego\\\/?lang=es#primaryimage\"},\"thumbnailUrl\":\"https:\\\/\\\/www.iobevo.com\\\/online\\\/wp-content\\\/uploads\\\/2014\\\/01\\\/slide-2-bg-e1400667726929.png\",\"datePublished\":\"2014-07-11T18:59:08+00:00\",\"dateModified\":\"2017-08-06T17:28:10+00:00\",\"breadcrumb\":{\"@id\":\"https:\\\/\\\/www.iobevo.com\\\/online\\\/sector-mercado\\\/salas-de-espera-y-salas-juego\\\/?lang=es#breadcrumb\"},\"inLanguage\":\"it-IT\",\"potentialAction\":[{\"@type\":\"ReadAction\",\"target\":[\"https:\\\/\\\/www.iobevo.com\\\/online\\\/sector-mercado\\\/salas-de-espera-y-salas-juego\\\/?lang=es\"]}]},{\"@type\":\"ImageObject\",\"inLanguage\":\"it-IT\",\"@id\":\"https:\\\/\\\/www.iobevo.com\\\/online\\\/sector-mercado\\\/salas-de-espera-y-salas-juego\\\/?lang=es#primaryimage\",\"url\":\"https:\\\/\\\/www.iobevo.com\\\/online\\\/wp-content\\\/uploads\\\/2014\\\/01\\\/slide-2-bg-e1400667726929.png\",\"contentUrl\":\"https:\\\/\\\/www.iobevo.com\\\/online\\\/wp-content\\\/uploads\\\/2014\\\/01\\\/slide-2-bg-e1400667726929.png\",\"width\":1512,\"height\":400},{\"@type\":\"BreadcrumbList\",\"@id\":\"https:\\\/\\\/www.iobevo.com\\\/online\\\/sector-mercado\\\/salas-de-espera-y-salas-juego\\\/?lang=es#breadcrumb\",\"itemListElement\":[{\"@type\":\"ListItem\",\"position\":1,\"name\":\"Sector del mercado\",\"item\":\"https:\\\/\\\/www.iobevo.com\\\/online\\\/sector-mercado\\\/?lang=es\"},{\"@type\":\"ListItem\",\"position\":2,\"name\":\"Salas de espera y salas juego\"}]},{\"@type\":\"WebSite\",\"@id\":\"https:\\\/\\\/www.iobevo.com\\\/online\\\/#website\",\"url\":\"https:\\\/\\\/www.iobevo.com\\\/online\\\/\",\"name\":\"io bevo\u00ae\",\"description\":\"Drink Plastic free\",\"publisher\":{\"@id\":\"https:\\\/\\\/www.iobevo.com\\\/online\\\/#organization\"},\"potentialAction\":[{\"@type\":\"SearchAction\",\"target\":{\"@type\":\"EntryPoint\",\"urlTemplate\":\"https:\\\/\\\/www.iobevo.com\\\/online\\\/?s={search_term_string}\"},\"query-input\":{\"@type\":\"PropertyValueSpecification\",\"valueRequired\":true,\"valueName\":\"search_term_string\"}}],\"inLanguage\":\"it-IT\"},{\"@type\":\"Organization\",\"@id\":\"https:\\\/\\\/www.iobevo.com\\\/online\\\/#organization\",\"name\":\"General Beverage\",\"url\":\"https:\\\/\\\/www.iobevo.com\\\/online\\\/\",\"logo\":{\"@type\":\"ImageObject\",\"inLanguage\":\"it-IT\",\"@id\":\"https:\\\/\\\/www.iobevo.com\\\/online\\\/#\\\/schema\\\/logo\\\/image\\\/\",\"url\":\"https:\\\/\\\/www.iobevo.com\\\/online\\\/wp-content\\\/uploads\\\/2014\\\/01\\\/logo_gb_horizontal_grey_160x47.png\",\"contentUrl\":\"https:\\\/\\\/www.iobevo.com\\\/online\\\/wp-content\\\/uploads\\\/2014\\\/01\\\/logo_gb_horizontal_grey_160x47.png\",\"width\":160,\"height\":47,\"caption\":\"General Beverage\"},\"image\":{\"@id\":\"https:\\\/\\\/www.iobevo.com\\\/online\\\/#\\\/schema\\\/logo\\\/image\\\/\"},\"sameAs\":[\"https:\\\/\\\/x.com\\\/IoBevo\"]}]}<\/script>\n<!-- \/ Yoast SEO plugin. -->","yoast_head_json":{"title":"Salas de espera y salas juego - io bevo\u00ae","robots":{"index":"index","follow":"follow","max-snippet":"max-snippet:-1","max-image-preview":"max-image-preview:large","max-video-preview":"max-video-preview:-1"},"canonical":"https:\/\/www.iobevo.com\/online\/sector-mercado\/salas-de-espera-y-salas-juego\/?lang=es","og_locale":"it_IT","og_type":"article","og_title":"Salas de espera y salas juego - io bevo\u00ae","og_description":"io bevo\u00ae Espana\u00a0es el socio ideal para todas las empresas y organizaciones que est\u00e9n interesadas en incluir entre los beneficios para sus clientes o potenciales clientes, la distribuci\u00f3n gratuita de bebidas calientes y fr\u00edas en las salas de espera con el autoservicio. Los puntos fuertes de esta soluci\u00f3n son m\u00faltiples: [&hellip;]","og_url":"https:\/\/www.iobevo.com\/online\/sector-mercado\/salas-de-espera-y-salas-juego\/?lang=es","og_site_name":"io bevo\u00ae","article_modified_time":"2017-08-06T17:28:10+00:00","og_image":[{"width":1512,"height":400,"url":"https:\/\/www.iobevo.com\/online\/wp-content\/uploads\/2014\/01\/slide-2-bg-e1400667726929.png","type":"image\/png"}],"twitter_card":"summary_large_image","twitter_site":"@IoBevo","twitter_misc":{"Tempo di lettura stimato":"1 minuto"},"schema":{"@context":"https:\/\/schema.org","@graph":[{"@type":"WebPage","@id":"https:\/\/www.iobevo.com\/online\/sector-mercado\/salas-de-espera-y-salas-juego\/?lang=es","url":"https:\/\/www.iobevo.com\/online\/sector-mercado\/salas-de-espera-y-salas-juego\/?lang=es","name":"Salas de espera y salas juego - io bevo\u00ae","isPartOf":{"@id":"https:\/\/www.iobevo.com\/online\/#website"},"primaryImageOfPage":{"@id":"https:\/\/www.iobevo.com\/online\/sector-mercado\/salas-de-espera-y-salas-juego\/?lang=es#primaryimage"},"image":{"@id":"https:\/\/www.iobevo.com\/online\/sector-mercado\/salas-de-espera-y-salas-juego\/?lang=es#primaryimage"},"thumbnailUrl":"https:\/\/www.iobevo.com\/online\/wp-content\/uploads\/2014\/01\/slide-2-bg-e1400667726929.png","datePublished":"2014-07-11T18:59:08+00:00","dateModified":"2017-08-06T17:28:10+00:00","breadcrumb":{"@id":"https:\/\/www.iobevo.com\/online\/sector-mercado\/salas-de-espera-y-salas-juego\/?lang=es#breadcrumb"},"inLanguage":"it-IT","potentialAction":[{"@type":"ReadAction","target":["https:\/\/www.iobevo.com\/online\/sector-mercado\/salas-de-espera-y-salas-juego\/?lang=es"]}]},{"@type":"ImageObject","inLanguage":"it-IT","@id":"https:\/\/www.iobevo.com\/online\/sector-mercado\/salas-de-espera-y-salas-juego\/?lang=es#primaryimage","url":"https:\/\/www.iobevo.com\/online\/wp-content\/uploads\/2014\/01\/slide-2-bg-e1400667726929.png","contentUrl":"https:\/\/www.iobevo.com\/online\/wp-content\/uploads\/2014\/01\/slide-2-bg-e1400667726929.png","width":1512,"height":400},{"@type":"BreadcrumbList","@id":"https:\/\/www.iobevo.com\/online\/sector-mercado\/salas-de-espera-y-salas-juego\/?lang=es#breadcrumb","itemListElement":[{"@type":"ListItem","position":1,"name":"Sector del mercado","item":"https:\/\/www.iobevo.com\/online\/sector-mercado\/?lang=es"},{"@type":"ListItem","position":2,"name":"Salas de espera y salas juego"}]},{"@type":"WebSite","@id":"https:\/\/www.iobevo.com\/online\/#website","url":"https:\/\/www.iobevo.com\/online\/","name":"io bevo\u00ae","description":"Drink Plastic free","publisher":{"@id":"https:\/\/www.iobevo.com\/online\/#organization"},"potentialAction":[{"@type":"SearchAction","target":{"@type":"EntryPoint","urlTemplate":"https:\/\/www.iobevo.com\/online\/?s={search_term_string}"},"query-input":{"@type":"PropertyValueSpecification","valueRequired":true,"valueName":"search_term_string"}}],"inLanguage":"it-IT"},{"@type":"Organization","@id":"https:\/\/www.iobevo.com\/online\/#organization","name":"General Beverage","url":"https:\/\/www.iobevo.com\/online\/","logo":{"@type":"ImageObject","inLanguage":"it-IT","@id":"https:\/\/www.iobevo.com\/online\/#\/schema\/logo\/image\/","url":"https:\/\/www.iobevo.com\/online\/wp-content\/uploads\/2014\/01\/logo_gb_horizontal_grey_160x47.png","contentUrl":"https:\/\/www.iobevo.com\/online\/wp-content\/uploads\/2014\/01\/logo_gb_horizontal_grey_160x47.png","width":160,"height":47,"caption":"General Beverage"},"image":{"@id":"https:\/\/www.iobevo.com\/online\/#\/schema\/logo\/image\/"},"sameAs":["https:\/\/x.com\/IoBevo"]}]}},"_links":{"self":[{"href":"https:\/\/www.iobevo.com\/online\/wp-json\/wp\/v2\/pages\/6783","targetHints":{"allow":["GET"]}}],"collection":[{"href":"https:\/\/www.iobevo.com\/online\/wp-json\/wp\/v2\/pages"}],"about":[{"href":"https:\/\/www.iobevo.com\/online\/wp-json\/wp\/v2\/types\/page"}],"author":[{"embeddable":true,"href":"https:\/\/www.iobevo.com\/online\/wp-json\/wp\/v2\/users\/58"}],"replies":[{"embeddable":true,"href":"https:\/\/www.iobevo.com\/online\/wp-json\/wp\/v2\/comments?post=6783"}],"version-history":[{"count":0,"href":"https:\/\/www.iobevo.com\/online\/wp-json\/wp\/v2\/pages\/6783\/revisions"}],"up":[{"embeddable":true,"href":"https:\/\/www.iobevo.com\/online\/wp-json\/wp\/v2\/pages\/6648"}],"wp:featuredmedia":[{"embeddable":true,"href":"https:\/\/www.iobevo.com\/online\/wp-json\/wp\/v2\/media\/2831"}],"wp:attachment":[{"href":"https:\/\/www.iobevo.com\/online\/wp-json\/wp\/v2\/media?parent=6783"}],"curies":[{"name":"wp","href":"https:\/\/api.w.org\/{rel}","templated":true}]}}