{"id":6797,"date":"2014-07-11T19:15:11","date_gmt":"2014-07-11T19:15:11","guid":{"rendered":"http:\/\/www.iobevo.com\/online\/?page_id=6797"},"modified":"2017-08-11T18:09:16","modified_gmt":"2017-08-11T16:09:16","slug":"d07-orzobar","status":"publish","type":"page","link":"https:\/\/www.iobevo.com\/online\/distribuidores\/d07-orzobar\/?lang=es","title":{"rendered":"D07 Orzobar"},"content":{"rendered":"<p><strong>D07 Orzobar<\/strong> es un distribuidor de peque\u00f1o tama\u00f1o que proponemos para la distribuci\u00f3n de caf\u00e9 de cebada, caf\u00e9 de ginseng y chocolate caliente, para bares y peque\u00f1os usuarios.<\/p>\n<p><strong>Versi\u00f3n para dos productos.<\/strong><br \/>\nTiene un tanque de agua con acceso y relleno frontal. Est\u00e1 equipado electr\u00f3nicamente con se\u00f1ales LED.<\/p>\n<div class=\"gap\" style=\"height: 30px;\"><\/div>\n<h3 class=\"title\"><span>Carater\u00edsticas t\u00e9cnicas<\/span><\/h3>\n<div class=\"one_half\">\n<div class=\"description clearfix style-1\">\n<p style=\"text-align: left;\">Capacidad del tanque : <strong>4 litros de agua<\/strong><\/p>\n<p style=\"text-align: left;\">Capacidad del contenedor de cebada <strong>300 gramos<\/strong><\/p>\n<p style=\"text-align: left;\">Capacidad del contenedor Ginseng <strong>800 gramos<\/strong><\/p>\n<p style=\"text-align: left;\">Ancho <strong>mm 255<\/strong><\/p>\n<p style=\"text-align: left;\">Profundidad <strong>mm 305<\/strong><\/p>\n<p style=\"text-align: left;\">Altura <strong>mm 460<\/strong><\/p>\n<p style=\"text-align: left;\">Voltaje-frecuencia <strong>230 V &#8211; 50 Hz<\/strong><\/p>\n<p style=\"text-align: left;\">Potencia <strong>Kw 1,3<\/strong><\/p>\n<p style=\"text-align: left;\">N\u00famero selecciones posibles <strong>2<\/strong><\/p>\n<p style=\"text-align: left;\">N\u00famero productos de base <strong>2<\/strong><\/p>\n<p style=\"text-align: left;\">Temperatura de las bebidas <strong>70\u00b0 \/ 90\u00b0<\/strong><\/p>\n<p style=\"text-align: left;\">Toma de corriente <strong>Schuko<\/strong><\/p>\n<p style=\"text-align: left;\">V\u00e1lvula de salida de agua <strong>\u00bd \u201c<\/strong><\/p>\n<p style=\"text-align: center;\"><\/div>\n<\/div>\n<div class=\"one_half last\"><span class=\"responsive\"><img fetchpriority=\"high\" decoding=\"async\" class=\"alignnone wp-image-3880\" src=\"http:\/\/iobevo.com\/online\/wp-content\/uploads\/2014\/05\/FOTO-81D-D07-ORZOBAR.jpg\" alt=\"ORZOBAR\" width=\"283\" height=\"414\" srcset=\"https:\/\/www.iobevo.com\/online\/wp-content\/uploads\/2014\/05\/FOTO-81D-D07-ORZOBAR.jpg 458w, https:\/\/www.iobevo.com\/online\/wp-content\/uploads\/2014\/05\/FOTO-81D-D07-ORZOBAR-205x300.jpg 205w\" sizes=\"(max-width: 283px) 100vw, 283px\" \/><\/span><\/div>\n<div class=\"clear\"><\/div><\/p>\n","protected":false},"excerpt":{"rendered":"<p>D07 Orzobar es un distribuidor de peque\u00f1o tama\u00f1o que proponemos para la distribuci\u00f3n de caf\u00e9 de cebada, caf\u00e9 de ginseng y chocolate caliente, para bares y peque\u00f1os usuarios. Versi\u00f3n para dos productos. Tiene un tanque de agua con acceso y relleno frontal. Est\u00e1 equipado electr\u00f3nicamente con se\u00f1ales LED. Carater\u00edsticas t\u00e9cnicas [&hellip;]<\/p>\n","protected":false},"author":58,"featured_media":2831,"parent":6793,"menu_order":0,"comment_status":"open","ping_status":"closed","template":"","meta":{"footnotes":""},"class_list":["post-6797","page","type-page","status-publish","has-post-thumbnail","hentry"],"yoast_head":"<!-- This site is optimized with the Yoast SEO plugin v27.4 - https:\/\/yoast.com\/product\/yoast-seo-wordpress\/ -->\n<title>D07 Orzobar - io bevo\u00ae<\/title>\n<meta name=\"robots\" content=\"index, follow, max-snippet:-1, max-image-preview:large, max-video-preview:-1\" \/>\n<link rel=\"canonical\" href=\"https:\/\/www.iobevo.com\/online\/distribuidores\/d07-orzobar\/?lang=es\" \/>\n<meta property=\"og:locale\" content=\"it_IT\" \/>\n<meta property=\"og:type\" content=\"article\" \/>\n<meta property=\"og:title\" content=\"D07 Orzobar - io bevo\u00ae\" \/>\n<meta property=\"og:description\" content=\"D07 Orzobar es un distribuidor de peque\u00f1o tama\u00f1o que proponemos para la distribuci\u00f3n de caf\u00e9 de cebada, caf\u00e9 de ginseng y chocolate caliente, para bares y peque\u00f1os usuarios. Versi\u00f3n para dos productos. Tiene un tanque de agua con acceso y relleno frontal. Est\u00e1 equipado electr\u00f3nicamente con se\u00f1ales LED. Carater\u00edsticas t\u00e9cnicas [&hellip;]\" \/>\n<meta property=\"og:url\" content=\"https:\/\/www.iobevo.com\/online\/distribuidores\/d07-orzobar\/?lang=es\" \/>\n<meta property=\"og:site_name\" content=\"io bevo\u00ae\" \/>\n<meta property=\"article:modified_time\" content=\"2017-08-11T16:09:16+00:00\" \/>\n<meta property=\"og:image\" content=\"https:\/\/www.iobevo.com\/online\/wp-content\/uploads\/2014\/01\/slide-2-bg-e1400667726929.png\" \/>\n\t<meta property=\"og:image:width\" content=\"1512\" \/>\n\t<meta property=\"og:image:height\" content=\"400\" \/>\n\t<meta property=\"og:image:type\" content=\"image\/png\" \/>\n<meta name=\"twitter:card\" content=\"summary_large_image\" \/>\n<meta name=\"twitter:site\" content=\"@IoBevo\" \/>\n<meta name=\"twitter:label1\" content=\"Tempo di lettura stimato\" \/>\n\t<meta name=\"twitter:data1\" content=\"1 minuto\" \/>\n<script type=\"application\/ld+json\" class=\"yoast-schema-graph\">{\"@context\":\"https:\\\/\\\/schema.org\",\"@graph\":[{\"@type\":\"WebPage\",\"@id\":\"https:\\\/\\\/www.iobevo.com\\\/online\\\/distribuidores\\\/d07-orzobar\\\/?lang=es\",\"url\":\"https:\\\/\\\/www.iobevo.com\\\/online\\\/distribuidores\\\/d07-orzobar\\\/?lang=es\",\"name\":\"D07 Orzobar - io bevo\u00ae\",\"isPartOf\":{\"@id\":\"https:\\\/\\\/www.iobevo.com\\\/online\\\/#website\"},\"primaryImageOfPage\":{\"@id\":\"https:\\\/\\\/www.iobevo.com\\\/online\\\/distribuidores\\\/d07-orzobar\\\/?lang=es#primaryimage\"},\"image\":{\"@id\":\"https:\\\/\\\/www.iobevo.com\\\/online\\\/distribuidores\\\/d07-orzobar\\\/?lang=es#primaryimage\"},\"thumbnailUrl\":\"https:\\\/\\\/www.iobevo.com\\\/online\\\/wp-content\\\/uploads\\\/2014\\\/01\\\/slide-2-bg-e1400667726929.png\",\"datePublished\":\"2014-07-11T19:15:11+00:00\",\"dateModified\":\"2017-08-11T16:09:16+00:00\",\"breadcrumb\":{\"@id\":\"https:\\\/\\\/www.iobevo.com\\\/online\\\/distribuidores\\\/d07-orzobar\\\/?lang=es#breadcrumb\"},\"inLanguage\":\"it-IT\",\"potentialAction\":[{\"@type\":\"ReadAction\",\"target\":[\"https:\\\/\\\/www.iobevo.com\\\/online\\\/distribuidores\\\/d07-orzobar\\\/?lang=es\"]}]},{\"@type\":\"ImageObject\",\"inLanguage\":\"it-IT\",\"@id\":\"https:\\\/\\\/www.iobevo.com\\\/online\\\/distribuidores\\\/d07-orzobar\\\/?lang=es#primaryimage\",\"url\":\"https:\\\/\\\/www.iobevo.com\\\/online\\\/wp-content\\\/uploads\\\/2014\\\/01\\\/slide-2-bg-e1400667726929.png\",\"contentUrl\":\"https:\\\/\\\/www.iobevo.com\\\/online\\\/wp-content\\\/uploads\\\/2014\\\/01\\\/slide-2-bg-e1400667726929.png\",\"width\":1512,\"height\":400},{\"@type\":\"BreadcrumbList\",\"@id\":\"https:\\\/\\\/www.iobevo.com\\\/online\\\/distribuidores\\\/d07-orzobar\\\/?lang=es#breadcrumb\",\"itemListElement\":[{\"@type\":\"ListItem\",\"position\":1,\"name\":\"Distribuidores\",\"item\":\"https:\\\/\\\/www.iobevo.com\\\/online\\\/distribuidores\\\/?lang=es\"},{\"@type\":\"ListItem\",\"position\":2,\"name\":\"D07 Orzobar\"}]},{\"@type\":\"WebSite\",\"@id\":\"https:\\\/\\\/www.iobevo.com\\\/online\\\/#website\",\"url\":\"https:\\\/\\\/www.iobevo.com\\\/online\\\/\",\"name\":\"io bevo\u00ae\",\"description\":\"Drink Plastic free\",\"publisher\":{\"@id\":\"https:\\\/\\\/www.iobevo.com\\\/online\\\/#organization\"},\"potentialAction\":[{\"@type\":\"SearchAction\",\"target\":{\"@type\":\"EntryPoint\",\"urlTemplate\":\"https:\\\/\\\/www.iobevo.com\\\/online\\\/?s={search_term_string}\"},\"query-input\":{\"@type\":\"PropertyValueSpecification\",\"valueRequired\":true,\"valueName\":\"search_term_string\"}}],\"inLanguage\":\"it-IT\"},{\"@type\":\"Organization\",\"@id\":\"https:\\\/\\\/www.iobevo.com\\\/online\\\/#organization\",\"name\":\"General Beverage\",\"url\":\"https:\\\/\\\/www.iobevo.com\\\/online\\\/\",\"logo\":{\"@type\":\"ImageObject\",\"inLanguage\":\"it-IT\",\"@id\":\"https:\\\/\\\/www.iobevo.com\\\/online\\\/#\\\/schema\\\/logo\\\/image\\\/\",\"url\":\"https:\\\/\\\/www.iobevo.com\\\/online\\\/wp-content\\\/uploads\\\/2014\\\/01\\\/logo_gb_horizontal_grey_160x47.png\",\"contentUrl\":\"https:\\\/\\\/www.iobevo.com\\\/online\\\/wp-content\\\/uploads\\\/2014\\\/01\\\/logo_gb_horizontal_grey_160x47.png\",\"width\":160,\"height\":47,\"caption\":\"General Beverage\"},\"image\":{\"@id\":\"https:\\\/\\\/www.iobevo.com\\\/online\\\/#\\\/schema\\\/logo\\\/image\\\/\"},\"sameAs\":[\"https:\\\/\\\/x.com\\\/IoBevo\"]}]}<\/script>\n<!-- \/ Yoast SEO plugin. -->","yoast_head_json":{"title":"D07 Orzobar - io bevo\u00ae","robots":{"index":"index","follow":"follow","max-snippet":"max-snippet:-1","max-image-preview":"max-image-preview:large","max-video-preview":"max-video-preview:-1"},"canonical":"https:\/\/www.iobevo.com\/online\/distribuidores\/d07-orzobar\/?lang=es","og_locale":"it_IT","og_type":"article","og_title":"D07 Orzobar - io bevo\u00ae","og_description":"D07 Orzobar es un distribuidor de peque\u00f1o tama\u00f1o que proponemos para la distribuci\u00f3n de caf\u00e9 de cebada, caf\u00e9 de ginseng y chocolate caliente, para bares y peque\u00f1os usuarios. Versi\u00f3n para dos productos. Tiene un tanque de agua con acceso y relleno frontal. Est\u00e1 equipado electr\u00f3nicamente con se\u00f1ales LED. Carater\u00edsticas t\u00e9cnicas [&hellip;]","og_url":"https:\/\/www.iobevo.com\/online\/distribuidores\/d07-orzobar\/?lang=es","og_site_name":"io bevo\u00ae","article_modified_time":"2017-08-11T16:09:16+00:00","og_image":[{"width":1512,"height":400,"url":"https:\/\/www.iobevo.com\/online\/wp-content\/uploads\/2014\/01\/slide-2-bg-e1400667726929.png","type":"image\/png"}],"twitter_card":"summary_large_image","twitter_site":"@IoBevo","twitter_misc":{"Tempo di lettura stimato":"1 minuto"},"schema":{"@context":"https:\/\/schema.org","@graph":[{"@type":"WebPage","@id":"https:\/\/www.iobevo.com\/online\/distribuidores\/d07-orzobar\/?lang=es","url":"https:\/\/www.iobevo.com\/online\/distribuidores\/d07-orzobar\/?lang=es","name":"D07 Orzobar - io bevo\u00ae","isPartOf":{"@id":"https:\/\/www.iobevo.com\/online\/#website"},"primaryImageOfPage":{"@id":"https:\/\/www.iobevo.com\/online\/distribuidores\/d07-orzobar\/?lang=es#primaryimage"},"image":{"@id":"https:\/\/www.iobevo.com\/online\/distribuidores\/d07-orzobar\/?lang=es#primaryimage"},"thumbnailUrl":"https:\/\/www.iobevo.com\/online\/wp-content\/uploads\/2014\/01\/slide-2-bg-e1400667726929.png","datePublished":"2014-07-11T19:15:11+00:00","dateModified":"2017-08-11T16:09:16+00:00","breadcrumb":{"@id":"https:\/\/www.iobevo.com\/online\/distribuidores\/d07-orzobar\/?lang=es#breadcrumb"},"inLanguage":"it-IT","potentialAction":[{"@type":"ReadAction","target":["https:\/\/www.iobevo.com\/online\/distribuidores\/d07-orzobar\/?lang=es"]}]},{"@type":"ImageObject","inLanguage":"it-IT","@id":"https:\/\/www.iobevo.com\/online\/distribuidores\/d07-orzobar\/?lang=es#primaryimage","url":"https:\/\/www.iobevo.com\/online\/wp-content\/uploads\/2014\/01\/slide-2-bg-e1400667726929.png","contentUrl":"https:\/\/www.iobevo.com\/online\/wp-content\/uploads\/2014\/01\/slide-2-bg-e1400667726929.png","width":1512,"height":400},{"@type":"BreadcrumbList","@id":"https:\/\/www.iobevo.com\/online\/distribuidores\/d07-orzobar\/?lang=es#breadcrumb","itemListElement":[{"@type":"ListItem","position":1,"name":"Distribuidores","item":"https:\/\/www.iobevo.com\/online\/distribuidores\/?lang=es"},{"@type":"ListItem","position":2,"name":"D07 Orzobar"}]},{"@type":"WebSite","@id":"https:\/\/www.iobevo.com\/online\/#website","url":"https:\/\/www.iobevo.com\/online\/","name":"io bevo\u00ae","description":"Drink Plastic free","publisher":{"@id":"https:\/\/www.iobevo.com\/online\/#organization"},"potentialAction":[{"@type":"SearchAction","target":{"@type":"EntryPoint","urlTemplate":"https:\/\/www.iobevo.com\/online\/?s={search_term_string}"},"query-input":{"@type":"PropertyValueSpecification","valueRequired":true,"valueName":"search_term_string"}}],"inLanguage":"it-IT"},{"@type":"Organization","@id":"https:\/\/www.iobevo.com\/online\/#organization","name":"General Beverage","url":"https:\/\/www.iobevo.com\/online\/","logo":{"@type":"ImageObject","inLanguage":"it-IT","@id":"https:\/\/www.iobevo.com\/online\/#\/schema\/logo\/image\/","url":"https:\/\/www.iobevo.com\/online\/wp-content\/uploads\/2014\/01\/logo_gb_horizontal_grey_160x47.png","contentUrl":"https:\/\/www.iobevo.com\/online\/wp-content\/uploads\/2014\/01\/logo_gb_horizontal_grey_160x47.png","width":160,"height":47,"caption":"General Beverage"},"image":{"@id":"https:\/\/www.iobevo.com\/online\/#\/schema\/logo\/image\/"},"sameAs":["https:\/\/x.com\/IoBevo"]}]}},"_links":{"self":[{"href":"https:\/\/www.iobevo.com\/online\/wp-json\/wp\/v2\/pages\/6797","targetHints":{"allow":["GET"]}}],"collection":[{"href":"https:\/\/www.iobevo.com\/online\/wp-json\/wp\/v2\/pages"}],"about":[{"href":"https:\/\/www.iobevo.com\/online\/wp-json\/wp\/v2\/types\/page"}],"author":[{"embeddable":true,"href":"https:\/\/www.iobevo.com\/online\/wp-json\/wp\/v2\/users\/58"}],"replies":[{"embeddable":true,"href":"https:\/\/www.iobevo.com\/online\/wp-json\/wp\/v2\/comments?post=6797"}],"version-history":[{"count":0,"href":"https:\/\/www.iobevo.com\/online\/wp-json\/wp\/v2\/pages\/6797\/revisions"}],"up":[{"embeddable":true,"href":"https:\/\/www.iobevo.com\/online\/wp-json\/wp\/v2\/pages\/6793"}],"wp:featuredmedia":[{"embeddable":true,"href":"https:\/\/www.iobevo.com\/online\/wp-json\/wp\/v2\/media\/2831"}],"wp:attachment":[{"href":"https:\/\/www.iobevo.com\/online\/wp-json\/wp\/v2\/media?parent=6797"}],"curies":[{"name":"wp","href":"https:\/\/api.w.org\/{rel}","templated":true}]}}