{"id":6805,"date":"2014-07-11T19:20:10","date_gmt":"2014-07-11T19:20:10","guid":{"rendered":"http:\/\/www.iobevo.com\/online\/?page_id=6805"},"modified":"2018-02-19T13:29:58","modified_gmt":"2018-02-19T11:29:58","slug":"mediterraneo-para-bebidas-y-agua-microfiltrada","status":"publish","type":"page","link":"https:\/\/www.iobevo.com\/online\/distribuidores\/mediterraneo-para-bebidas-y-agua-microfiltrada\/?lang=es","title":{"rendered":"Mediterraneo"},"content":{"rendered":"<p><span class=\"responsive\"><img fetchpriority=\"high\" decoding=\"async\" class=\"alignnone size-full wp-image-3260\" src=\"http:\/\/iobevo.com\/online\/wp-content\/uploads\/2014\/04\/mediterraneo.jpg\" alt=\"mediterraneo\" width=\"700\" height=\"195\" srcset=\"https:\/\/www.iobevo.com\/online\/wp-content\/uploads\/2014\/04\/mediterraneo.jpg 700w, https:\/\/www.iobevo.com\/online\/wp-content\/uploads\/2014\/04\/mediterraneo-300x83.jpg 300w\" sizes=\"(max-width: 700px) 100vw, 700px\" \/><\/span> <strong>Mediterraneo<\/strong> es un nuevo modelo de dispensador que propone io bevo para la distribuci\u00f3n de bebidas fr\u00edas y en particular para el servicio <a href=\"https:\/\/www.iobevo.com\/online\/es\/servicios\/freebeverage\/\">freebeverage<sup>\u00ae<\/sup><\/a>. Puede distribuir hasta 6 diversos bebidas y 3 tipos de agua micro filtrada, gaseosas y naturales.<br \/>\nSe puede colocar en los mostradores ya existentes en las instalaciones o en bancos espec\u00edficos de apoyo, sus dimensiones est\u00e1n indicadas en la ficha t\u00e9cnica. Los bag in box de los concentrados y el sistema de purificaci\u00f3n del agua, se encuentran cerca o dentro del banco de apoyo adecuado.<br \/>\nSe caracteriza est\u00e9ticamente por una parte delantera luminosa con mensajes de comunicaci\u00f3n sobre el medio ambiente o con otros mensajes personalizados en funci\u00f3n del formato de las bebidas y del ambiente.<br \/>\nEl dise\u00f1o interno del dispensador, los materiales utilizados y los componentes de refrigeraci\u00f3n, en comparaci\u00f3n con otros distribuidores en el mercado, se caracterizan por ser elaborados y ubicados con la finalida de reducir en forma global el consumo de energ\u00eda y el impacto ambiental.<\/p>\n<h3 class=\"title\"><span>Caracter\u00edsticas t\u00e9cnicas<\/span><\/h3>\n<div class=\"one_half\">\n<div class=\"description clearfix style-1\">\n<p style=\"text-align: left;\">Ancho <strong>mm 500<\/strong><\/p>\n<p style=\"text-align: left;\">Profundidad <strong>mm 740<\/strong><\/p>\n<p style=\"text-align: left;\">Altura <strong>mm 780<\/strong><\/p>\n<p style=\"text-align: left;\">Dimensiones eventual banco de apoyo (ancho\/ profundidad \/ altura)<br \/>\n<strong>mm 780 x mm 830 + 300 x mm 910<\/strong><\/p>\n<p style=\"text-align: left;\">Sistema <strong>PostMix<\/strong><\/p>\n<p style=\"text-align: left;\">Voltaje-frecuencia<strong> 230 V &#8211; 50 Hz<\/strong><\/p>\n<p style=\"text-align: left;\">Consumo de energ\u00eda <strong>1 KW<\/strong><\/p>\n<p style=\"text-align: left;\">Capacidad de enfriamiento <strong>500 Kcal\/h<\/strong><\/p>\n<p style=\"text-align: left;\">Temperatura salida bebidas de<strong> +2 a +6\u00b0C<\/strong><\/p>\n<p style=\"text-align: left;\">Compresor Hp 1\/3 <strong>ASPERA<\/strong><\/p>\n<p style=\"text-align: left;\">Bomba volum\u00e9trica <strong>300 lt\/h<\/strong><\/p>\n<p style=\"text-align: left;\">N\u00famero salidas<strong> 6+3<\/strong><\/p>\n<p style=\"text-align: left;\">Banco de hielo <strong>Kg 20<\/strong><\/p>\n<p style=\"text-align: left;\">Material estructura interna Acero <strong>AISI 304<\/strong><\/p>\n<p style=\"text-align: left;\">Material paneles Acero <strong>AISI 304<\/strong><\/p>\n<p style=\"text-align: left;\">Toma de corriente Schuko <strong>(40 cm del suelo, central)<\/strong><\/p>\n<p style=\"text-align: left;\">V\u00e1lvula de salida de agua \u00bd \u201c<strong> (20 cm del suelo, central)<\/strong><\/p>\n<p style=\"text-align: left;\"><\/div>\n<h3 class=\"title\"><span>Caracter\u00edsticas t\u00e9cnicas cubrebombas CO2<\/span><\/h3>\n<div class=\"description clearfix style-1\">\n<p style=\"text-align: left;\">Material <strong>dibond<\/strong><\/p>\n<p style=\"text-align: left;\">Dimensiones (ancho\/profundidad\/altura) <strong>mm 330 x mm 280 x mm 1500<\/strong><\/p>\n<p style=\"text-align: center;\"><\/div>\n<\/div>\n<div class=\"one_half last\"><img decoding=\"async\" class=\"alignnone wp-image-3747\" src=\"http:\/\/iobevo.com\/online\/wp-content\/uploads\/2014\/04\/1.jpg\" alt=\"1\" width=\"239\" height=\"412\" srcset=\"https:\/\/www.iobevo.com\/online\/wp-content\/uploads\/2014\/04\/1.jpg 395w, https:\/\/www.iobevo.com\/online\/wp-content\/uploads\/2014\/04\/1-174x300.jpg 174w\" sizes=\"(max-width: 239px) 100vw, 239px\" \/><\/p>\n<p style=\"text-align: center;\"><img decoding=\"async\" class=\"alignnone size-full wp-image-3751\" src=\"http:\/\/iobevo.com\/online\/wp-content\/uploads\/2014\/04\/2.jpg\" alt=\"2\" width=\"106\" height=\"305\" srcset=\"https:\/\/www.iobevo.com\/online\/wp-content\/uploads\/2014\/04\/2.jpg 106w, https:\/\/www.iobevo.com\/online\/wp-content\/uploads\/2014\/04\/2-104x300.jpg 104w\" sizes=\"(max-width: 106px) 100vw, 106px\" \/><\/div>\n<div class=\"clear\"><\/div><\/p>\n","protected":false},"excerpt":{"rendered":"<p>Mediterraneo es un nuevo modelo de dispensador que propone io bevo para la distribuci\u00f3n de bebidas fr\u00edas y en particular para el servicio freebeverage\u00ae. Puede distribuir hasta 6 diversos bebidas y 3 tipos de agua micro filtrada, gaseosas y naturales. Se puede colocar en los mostradores ya existentes en las [&hellip;]<\/p>\n","protected":false},"author":58,"featured_media":2831,"parent":6793,"menu_order":0,"comment_status":"open","ping_status":"closed","template":"","meta":{"footnotes":""},"class_list":["post-6805","page","type-page","status-publish","has-post-thumbnail","hentry"],"yoast_head":"<!-- This site is optimized with the Yoast SEO plugin v27.5 - https:\/\/yoast.com\/product\/yoast-seo-wordpress\/ -->\n<title>Mediterraneo - io bevo\u00ae<\/title>\n<meta name=\"robots\" content=\"index, follow, max-snippet:-1, max-image-preview:large, max-video-preview:-1\" \/>\n<link rel=\"canonical\" href=\"https:\/\/www.iobevo.com\/online\/distribuidores\/mediterraneo-para-bebidas-y-agua-microfiltrada\/?lang=es\" \/>\n<meta property=\"og:locale\" content=\"it_IT\" \/>\n<meta property=\"og:type\" content=\"article\" \/>\n<meta property=\"og:title\" content=\"Mediterraneo - io bevo\u00ae\" \/>\n<meta property=\"og:description\" content=\"Mediterraneo es un nuevo modelo de dispensador que propone io bevo para la distribuci\u00f3n de bebidas fr\u00edas y en particular para el servicio freebeverage\u00ae. Puede distribuir hasta 6 diversos bebidas y 3 tipos de agua micro filtrada, gaseosas y naturales. Se puede colocar en los mostradores ya existentes en las [&hellip;]\" \/>\n<meta property=\"og:url\" content=\"https:\/\/www.iobevo.com\/online\/distribuidores\/mediterraneo-para-bebidas-y-agua-microfiltrada\/?lang=es\" \/>\n<meta property=\"og:site_name\" content=\"io bevo\u00ae\" \/>\n<meta property=\"article:modified_time\" content=\"2018-02-19T11:29:58+00:00\" \/>\n<meta property=\"og:image\" content=\"https:\/\/www.iobevo.com\/online\/wp-content\/uploads\/2014\/01\/slide-2-bg-e1400667726929.png\" \/>\n\t<meta property=\"og:image:width\" content=\"1512\" \/>\n\t<meta property=\"og:image:height\" content=\"400\" \/>\n\t<meta property=\"og:image:type\" content=\"image\/png\" \/>\n<meta name=\"twitter:card\" content=\"summary_large_image\" \/>\n<meta name=\"twitter:site\" content=\"@IoBevo\" \/>\n<meta name=\"twitter:label1\" content=\"Tempo di lettura stimato\" \/>\n\t<meta name=\"twitter:data1\" content=\"2 minuti\" \/>\n<script type=\"application\/ld+json\" class=\"yoast-schema-graph\">{\"@context\":\"https:\\\/\\\/schema.org\",\"@graph\":[{\"@type\":\"WebPage\",\"@id\":\"https:\\\/\\\/www.iobevo.com\\\/online\\\/distribuidores\\\/mediterraneo-para-bebidas-y-agua-microfiltrada\\\/?lang=es\",\"url\":\"https:\\\/\\\/www.iobevo.com\\\/online\\\/distribuidores\\\/mediterraneo-para-bebidas-y-agua-microfiltrada\\\/?lang=es\",\"name\":\"Mediterraneo - io bevo\u00ae\",\"isPartOf\":{\"@id\":\"https:\\\/\\\/www.iobevo.com\\\/online\\\/#website\"},\"primaryImageOfPage\":{\"@id\":\"https:\\\/\\\/www.iobevo.com\\\/online\\\/distribuidores\\\/mediterraneo-para-bebidas-y-agua-microfiltrada\\\/?lang=es#primaryimage\"},\"image\":{\"@id\":\"https:\\\/\\\/www.iobevo.com\\\/online\\\/distribuidores\\\/mediterraneo-para-bebidas-y-agua-microfiltrada\\\/?lang=es#primaryimage\"},\"thumbnailUrl\":\"https:\\\/\\\/www.iobevo.com\\\/online\\\/wp-content\\\/uploads\\\/2014\\\/01\\\/slide-2-bg-e1400667726929.png\",\"datePublished\":\"2014-07-11T19:20:10+00:00\",\"dateModified\":\"2018-02-19T11:29:58+00:00\",\"breadcrumb\":{\"@id\":\"https:\\\/\\\/www.iobevo.com\\\/online\\\/distribuidores\\\/mediterraneo-para-bebidas-y-agua-microfiltrada\\\/?lang=es#breadcrumb\"},\"inLanguage\":\"it-IT\",\"potentialAction\":[{\"@type\":\"ReadAction\",\"target\":[\"https:\\\/\\\/www.iobevo.com\\\/online\\\/distribuidores\\\/mediterraneo-para-bebidas-y-agua-microfiltrada\\\/?lang=es\"]}]},{\"@type\":\"ImageObject\",\"inLanguage\":\"it-IT\",\"@id\":\"https:\\\/\\\/www.iobevo.com\\\/online\\\/distribuidores\\\/mediterraneo-para-bebidas-y-agua-microfiltrada\\\/?lang=es#primaryimage\",\"url\":\"https:\\\/\\\/www.iobevo.com\\\/online\\\/wp-content\\\/uploads\\\/2014\\\/01\\\/slide-2-bg-e1400667726929.png\",\"contentUrl\":\"https:\\\/\\\/www.iobevo.com\\\/online\\\/wp-content\\\/uploads\\\/2014\\\/01\\\/slide-2-bg-e1400667726929.png\",\"width\":1512,\"height\":400},{\"@type\":\"BreadcrumbList\",\"@id\":\"https:\\\/\\\/www.iobevo.com\\\/online\\\/distribuidores\\\/mediterraneo-para-bebidas-y-agua-microfiltrada\\\/?lang=es#breadcrumb\",\"itemListElement\":[{\"@type\":\"ListItem\",\"position\":1,\"name\":\"Distribuidores\",\"item\":\"https:\\\/\\\/www.iobevo.com\\\/online\\\/distribuidores\\\/?lang=es\"},{\"@type\":\"ListItem\",\"position\":2,\"name\":\"Mediterraneo\"}]},{\"@type\":\"WebSite\",\"@id\":\"https:\\\/\\\/www.iobevo.com\\\/online\\\/#website\",\"url\":\"https:\\\/\\\/www.iobevo.com\\\/online\\\/\",\"name\":\"io bevo\u00ae\",\"description\":\"Drink Plastic free\",\"publisher\":{\"@id\":\"https:\\\/\\\/www.iobevo.com\\\/online\\\/#organization\"},\"potentialAction\":[{\"@type\":\"SearchAction\",\"target\":{\"@type\":\"EntryPoint\",\"urlTemplate\":\"https:\\\/\\\/www.iobevo.com\\\/online\\\/?s={search_term_string}\"},\"query-input\":{\"@type\":\"PropertyValueSpecification\",\"valueRequired\":true,\"valueName\":\"search_term_string\"}}],\"inLanguage\":\"it-IT\"},{\"@type\":\"Organization\",\"@id\":\"https:\\\/\\\/www.iobevo.com\\\/online\\\/#organization\",\"name\":\"General Beverage\",\"url\":\"https:\\\/\\\/www.iobevo.com\\\/online\\\/\",\"logo\":{\"@type\":\"ImageObject\",\"inLanguage\":\"it-IT\",\"@id\":\"https:\\\/\\\/www.iobevo.com\\\/online\\\/#\\\/schema\\\/logo\\\/image\\\/\",\"url\":\"https:\\\/\\\/www.iobevo.com\\\/online\\\/wp-content\\\/uploads\\\/2014\\\/01\\\/logo_gb_horizontal_grey_160x47.png\",\"contentUrl\":\"https:\\\/\\\/www.iobevo.com\\\/online\\\/wp-content\\\/uploads\\\/2014\\\/01\\\/logo_gb_horizontal_grey_160x47.png\",\"width\":160,\"height\":47,\"caption\":\"General Beverage\"},\"image\":{\"@id\":\"https:\\\/\\\/www.iobevo.com\\\/online\\\/#\\\/schema\\\/logo\\\/image\\\/\"},\"sameAs\":[\"https:\\\/\\\/x.com\\\/IoBevo\"]}]}<\/script>\n<!-- \/ Yoast SEO plugin. -->","yoast_head_json":{"title":"Mediterraneo - io bevo\u00ae","robots":{"index":"index","follow":"follow","max-snippet":"max-snippet:-1","max-image-preview":"max-image-preview:large","max-video-preview":"max-video-preview:-1"},"canonical":"https:\/\/www.iobevo.com\/online\/distribuidores\/mediterraneo-para-bebidas-y-agua-microfiltrada\/?lang=es","og_locale":"it_IT","og_type":"article","og_title":"Mediterraneo - io bevo\u00ae","og_description":"Mediterraneo es un nuevo modelo de dispensador que propone io bevo para la distribuci\u00f3n de bebidas fr\u00edas y en particular para el servicio freebeverage\u00ae. Puede distribuir hasta 6 diversos bebidas y 3 tipos de agua micro filtrada, gaseosas y naturales. Se puede colocar en los mostradores ya existentes en las [&hellip;]","og_url":"https:\/\/www.iobevo.com\/online\/distribuidores\/mediterraneo-para-bebidas-y-agua-microfiltrada\/?lang=es","og_site_name":"io bevo\u00ae","article_modified_time":"2018-02-19T11:29:58+00:00","og_image":[{"width":1512,"height":400,"url":"https:\/\/www.iobevo.com\/online\/wp-content\/uploads\/2014\/01\/slide-2-bg-e1400667726929.png","type":"image\/png"}],"twitter_card":"summary_large_image","twitter_site":"@IoBevo","twitter_misc":{"Tempo di lettura stimato":"2 minuti"},"schema":{"@context":"https:\/\/schema.org","@graph":[{"@type":"WebPage","@id":"https:\/\/www.iobevo.com\/online\/distribuidores\/mediterraneo-para-bebidas-y-agua-microfiltrada\/?lang=es","url":"https:\/\/www.iobevo.com\/online\/distribuidores\/mediterraneo-para-bebidas-y-agua-microfiltrada\/?lang=es","name":"Mediterraneo - io bevo\u00ae","isPartOf":{"@id":"https:\/\/www.iobevo.com\/online\/#website"},"primaryImageOfPage":{"@id":"https:\/\/www.iobevo.com\/online\/distribuidores\/mediterraneo-para-bebidas-y-agua-microfiltrada\/?lang=es#primaryimage"},"image":{"@id":"https:\/\/www.iobevo.com\/online\/distribuidores\/mediterraneo-para-bebidas-y-agua-microfiltrada\/?lang=es#primaryimage"},"thumbnailUrl":"https:\/\/www.iobevo.com\/online\/wp-content\/uploads\/2014\/01\/slide-2-bg-e1400667726929.png","datePublished":"2014-07-11T19:20:10+00:00","dateModified":"2018-02-19T11:29:58+00:00","breadcrumb":{"@id":"https:\/\/www.iobevo.com\/online\/distribuidores\/mediterraneo-para-bebidas-y-agua-microfiltrada\/?lang=es#breadcrumb"},"inLanguage":"it-IT","potentialAction":[{"@type":"ReadAction","target":["https:\/\/www.iobevo.com\/online\/distribuidores\/mediterraneo-para-bebidas-y-agua-microfiltrada\/?lang=es"]}]},{"@type":"ImageObject","inLanguage":"it-IT","@id":"https:\/\/www.iobevo.com\/online\/distribuidores\/mediterraneo-para-bebidas-y-agua-microfiltrada\/?lang=es#primaryimage","url":"https:\/\/www.iobevo.com\/online\/wp-content\/uploads\/2014\/01\/slide-2-bg-e1400667726929.png","contentUrl":"https:\/\/www.iobevo.com\/online\/wp-content\/uploads\/2014\/01\/slide-2-bg-e1400667726929.png","width":1512,"height":400},{"@type":"BreadcrumbList","@id":"https:\/\/www.iobevo.com\/online\/distribuidores\/mediterraneo-para-bebidas-y-agua-microfiltrada\/?lang=es#breadcrumb","itemListElement":[{"@type":"ListItem","position":1,"name":"Distribuidores","item":"https:\/\/www.iobevo.com\/online\/distribuidores\/?lang=es"},{"@type":"ListItem","position":2,"name":"Mediterraneo"}]},{"@type":"WebSite","@id":"https:\/\/www.iobevo.com\/online\/#website","url":"https:\/\/www.iobevo.com\/online\/","name":"io bevo\u00ae","description":"Drink Plastic free","publisher":{"@id":"https:\/\/www.iobevo.com\/online\/#organization"},"potentialAction":[{"@type":"SearchAction","target":{"@type":"EntryPoint","urlTemplate":"https:\/\/www.iobevo.com\/online\/?s={search_term_string}"},"query-input":{"@type":"PropertyValueSpecification","valueRequired":true,"valueName":"search_term_string"}}],"inLanguage":"it-IT"},{"@type":"Organization","@id":"https:\/\/www.iobevo.com\/online\/#organization","name":"General Beverage","url":"https:\/\/www.iobevo.com\/online\/","logo":{"@type":"ImageObject","inLanguage":"it-IT","@id":"https:\/\/www.iobevo.com\/online\/#\/schema\/logo\/image\/","url":"https:\/\/www.iobevo.com\/online\/wp-content\/uploads\/2014\/01\/logo_gb_horizontal_grey_160x47.png","contentUrl":"https:\/\/www.iobevo.com\/online\/wp-content\/uploads\/2014\/01\/logo_gb_horizontal_grey_160x47.png","width":160,"height":47,"caption":"General Beverage"},"image":{"@id":"https:\/\/www.iobevo.com\/online\/#\/schema\/logo\/image\/"},"sameAs":["https:\/\/x.com\/IoBevo"]}]}},"_links":{"self":[{"href":"https:\/\/www.iobevo.com\/online\/wp-json\/wp\/v2\/pages\/6805","targetHints":{"allow":["GET"]}}],"collection":[{"href":"https:\/\/www.iobevo.com\/online\/wp-json\/wp\/v2\/pages"}],"about":[{"href":"https:\/\/www.iobevo.com\/online\/wp-json\/wp\/v2\/types\/page"}],"author":[{"embeddable":true,"href":"https:\/\/www.iobevo.com\/online\/wp-json\/wp\/v2\/users\/58"}],"replies":[{"embeddable":true,"href":"https:\/\/www.iobevo.com\/online\/wp-json\/wp\/v2\/comments?post=6805"}],"version-history":[{"count":0,"href":"https:\/\/www.iobevo.com\/online\/wp-json\/wp\/v2\/pages\/6805\/revisions"}],"up":[{"embeddable":true,"href":"https:\/\/www.iobevo.com\/online\/wp-json\/wp\/v2\/pages\/6793"}],"wp:featuredmedia":[{"embeddable":true,"href":"https:\/\/www.iobevo.com\/online\/wp-json\/wp\/v2\/media\/2831"}],"wp:attachment":[{"href":"https:\/\/www.iobevo.com\/online\/wp-json\/wp\/v2\/media?parent=6805"}],"curies":[{"name":"wp","href":"https:\/\/api.w.org\/{rel}","templated":true}]}}