{"id":6817,"date":"2014-07-11T19:26:56","date_gmt":"2014-07-11T19:26:56","guid":{"rendered":"http:\/\/www.iobevo.com\/online\/?page_id=6817"},"modified":"2018-02-19T10:43:09","modified_gmt":"2018-02-19T08:43:09","slug":"tirreno","status":"publish","type":"page","link":"https:\/\/www.iobevo.com\/online\/distribuidores\/tirreno\/?lang=es","title":{"rendered":"Tirreno"},"content":{"rendered":"<p><strong>Tirreno<\/strong> es un nuevo modelo de dispensador d\u00factil y de peque\u00f1o tama\u00f1o, ideal para la distribuci\u00f3n de bebidas en diversos ambientes de uso: restaurantes, comerciales, salas de espera, oficinas.<br \/>\nPuede distribuir hasta 7 diferentes bebidas (gaseosas y\/o naturales) + 3 tipos de agua microfiltrada (enfr\u00edada natural, gaseosa y a temperatura ambiente). Puede ser ubicado en mostradores ya existentes en las instalaciones o en un espec\u00edfico banco de apoyo.<\/p>\n<p>Los bag in box de los concentrados y el sistema de purificaci\u00f3n del agua se colocan en los compartimentos presentes, cercanos o dentro del banco de apoyo. Se caracteriza est\u00e9ticamente por un luminoso frente con mensajes ambientales o con otros mensajes personalizados en base al formato de las bebidas o del ambiente.<\/p>\n<div class=\"gap\" style=\"height: 30px;\"><\/div>\n<h3 class=\"title\"><span>Caracter\u00edsticas t\u00e9cnicas<\/span><\/h3>\n<div class=\"one_half\">\n<div class=\"description clearfix style-1\">\n<p>Ancho <strong>mm 565<\/strong><\/p>\n<p>Profundidad <strong>mm 660<\/strong><\/p>\n<p>Altura<strong> mm 780<\/strong><\/p>\n<p>Dimensiones eventual banco de apoyo (ancho\/profundidad\/altura)<\/p>\n<p><strong>mm 780 x mm 830 + 300 x mm 910<\/strong><\/p>\n<p>Sistema <strong>PostMix<\/strong><\/p>\n<p>Voltaje-frecuencia <strong>230 V &#8211; 50 Hz<\/strong><\/p>\n<p>Consumo energ\u00eda<strong> 0,83 KW<\/strong><\/p>\n<p>Capacidad enfriamiento <strong>420 Kcal\/h<\/strong><\/p>\n<p>Temperatura salida bebidas de<strong> +2 a +6\u00b0C<\/strong><\/p>\n<p>Compresor Hp 1\/4 <strong>ASPERA<\/strong><\/p>\n<p>Bomba volum\u00e9trica <strong>300 lt\/h<\/strong><\/p>\n<p>N\u00famero salidas <strong>7 + 1<\/strong> (para agua refrigerada natural, gaseosa, ambiente)<\/p>\n<p>Banco de hielo <strong>Kg 14<\/strong><\/p>\n<p>Material estructura interna Acero <strong>AISI 304<\/strong><\/p>\n<p>Material paneles Acero <strong>AISI 304<\/strong><\/p>\n<p>Toma de corriente Schuko<strong> (40 cm del suelo, central)<\/strong><\/p>\n<p>V\u00e1lvula de salida de agua \u00bd \u201c <strong>(20 cm del suelo, central)<\/strong><\/p>\n<\/div>\n<h3 class=\"title\"><span>Caracter\u00edsticas t\u00e9cnicas cubrebombas CO2<\/span><\/h3>\n<div class=\"description clearfix style-1\">\n<p>Material <strong>dibond<\/strong><\/p>\n<p>Dimensiones (ancho \/profundidad\/altura)<br \/>\n<strong>mm 330 x mm 280 x mm 1500<\/strong><\/p>\n<\/div>\n<\/div>\n<div class=\"one_half last\"><span class=\"responsive\"><img fetchpriority=\"high\" decoding=\"async\" class=\"alignnone wp-image-5731 size-medium\" src=\"http:\/\/www.iobevo.com\/online\/wp-content\/uploads\/2014\/04\/tirreno5-276x300.jpg\" alt=\"\" width=\"276\" height=\"300\" srcset=\"https:\/\/www.iobevo.com\/online\/wp-content\/uploads\/2014\/04\/tirreno5-276x300.jpg 276w, https:\/\/www.iobevo.com\/online\/wp-content\/uploads\/2014\/04\/tirreno5.jpg 481w\" sizes=\"(max-width: 276px) 100vw, 276px\" \/><\/span><\/div>\n<div class=\"clear\"><\/div>\n<p style=\"text-align: center;\">\n","protected":false},"excerpt":{"rendered":"<p>Tirreno es un nuevo modelo de dispensador d\u00factil y de peque\u00f1o tama\u00f1o, ideal para la distribuci\u00f3n de bebidas en diversos ambientes de uso: restaurantes, comerciales, salas de espera, oficinas. Puede distribuir hasta 7 diferentes bebidas (gaseosas y\/o naturales) + 3 tipos de agua microfiltrada (enfr\u00edada natural, gaseosa y a temperatura [&hellip;]<\/p>\n","protected":false},"author":58,"featured_media":2831,"parent":6793,"menu_order":8,"comment_status":"open","ping_status":"closed","template":"","meta":{"footnotes":""},"class_list":["post-6817","page","type-page","status-publish","has-post-thumbnail","hentry"],"yoast_head":"<!-- This site is optimized with the Yoast SEO plugin v27.4 - https:\/\/yoast.com\/product\/yoast-seo-wordpress\/ -->\n<title>Tirreno - io bevo\u00ae<\/title>\n<meta name=\"robots\" content=\"index, follow, max-snippet:-1, max-image-preview:large, max-video-preview:-1\" \/>\n<link rel=\"canonical\" href=\"https:\/\/www.iobevo.com\/online\/distribuidores\/tirreno\/?lang=es\" \/>\n<meta property=\"og:locale\" content=\"it_IT\" \/>\n<meta property=\"og:type\" content=\"article\" \/>\n<meta property=\"og:title\" content=\"Tirreno - io bevo\u00ae\" \/>\n<meta property=\"og:description\" content=\"Tirreno es un nuevo modelo de dispensador d\u00factil y de peque\u00f1o tama\u00f1o, ideal para la distribuci\u00f3n de bebidas en diversos ambientes de uso: restaurantes, comerciales, salas de espera, oficinas. Puede distribuir hasta 7 diferentes bebidas (gaseosas y\/o naturales) + 3 tipos de agua microfiltrada (enfr\u00edada natural, gaseosa y a temperatura [&hellip;]\" \/>\n<meta property=\"og:url\" content=\"https:\/\/www.iobevo.com\/online\/distribuidores\/tirreno\/?lang=es\" \/>\n<meta property=\"og:site_name\" content=\"io bevo\u00ae\" \/>\n<meta property=\"article:modified_time\" content=\"2018-02-19T08:43:09+00:00\" \/>\n<meta property=\"og:image\" content=\"https:\/\/www.iobevo.com\/online\/wp-content\/uploads\/2014\/01\/slide-2-bg-e1400667726929.png\" \/>\n\t<meta property=\"og:image:width\" content=\"1512\" \/>\n\t<meta property=\"og:image:height\" content=\"400\" \/>\n\t<meta property=\"og:image:type\" content=\"image\/png\" \/>\n<meta name=\"twitter:card\" content=\"summary_large_image\" \/>\n<meta name=\"twitter:site\" content=\"@IoBevo\" \/>\n<meta name=\"twitter:label1\" content=\"Tempo di lettura stimato\" \/>\n\t<meta name=\"twitter:data1\" content=\"1 minuto\" \/>\n<script type=\"application\/ld+json\" class=\"yoast-schema-graph\">{\"@context\":\"https:\\\/\\\/schema.org\",\"@graph\":[{\"@type\":\"WebPage\",\"@id\":\"https:\\\/\\\/www.iobevo.com\\\/online\\\/distribuidores\\\/tirreno\\\/?lang=es\",\"url\":\"https:\\\/\\\/www.iobevo.com\\\/online\\\/distribuidores\\\/tirreno\\\/?lang=es\",\"name\":\"Tirreno - io bevo\u00ae\",\"isPartOf\":{\"@id\":\"https:\\\/\\\/www.iobevo.com\\\/online\\\/#website\"},\"primaryImageOfPage\":{\"@id\":\"https:\\\/\\\/www.iobevo.com\\\/online\\\/distribuidores\\\/tirreno\\\/?lang=es#primaryimage\"},\"image\":{\"@id\":\"https:\\\/\\\/www.iobevo.com\\\/online\\\/distribuidores\\\/tirreno\\\/?lang=es#primaryimage\"},\"thumbnailUrl\":\"https:\\\/\\\/www.iobevo.com\\\/online\\\/wp-content\\\/uploads\\\/2014\\\/01\\\/slide-2-bg-e1400667726929.png\",\"datePublished\":\"2014-07-11T19:26:56+00:00\",\"dateModified\":\"2018-02-19T08:43:09+00:00\",\"breadcrumb\":{\"@id\":\"https:\\\/\\\/www.iobevo.com\\\/online\\\/distribuidores\\\/tirreno\\\/?lang=es#breadcrumb\"},\"inLanguage\":\"it-IT\",\"potentialAction\":[{\"@type\":\"ReadAction\",\"target\":[\"https:\\\/\\\/www.iobevo.com\\\/online\\\/distribuidores\\\/tirreno\\\/?lang=es\"]}]},{\"@type\":\"ImageObject\",\"inLanguage\":\"it-IT\",\"@id\":\"https:\\\/\\\/www.iobevo.com\\\/online\\\/distribuidores\\\/tirreno\\\/?lang=es#primaryimage\",\"url\":\"https:\\\/\\\/www.iobevo.com\\\/online\\\/wp-content\\\/uploads\\\/2014\\\/01\\\/slide-2-bg-e1400667726929.png\",\"contentUrl\":\"https:\\\/\\\/www.iobevo.com\\\/online\\\/wp-content\\\/uploads\\\/2014\\\/01\\\/slide-2-bg-e1400667726929.png\",\"width\":1512,\"height\":400},{\"@type\":\"BreadcrumbList\",\"@id\":\"https:\\\/\\\/www.iobevo.com\\\/online\\\/distribuidores\\\/tirreno\\\/?lang=es#breadcrumb\",\"itemListElement\":[{\"@type\":\"ListItem\",\"position\":1,\"name\":\"Distribuidores\",\"item\":\"https:\\\/\\\/www.iobevo.com\\\/online\\\/distribuidores\\\/?lang=es\"},{\"@type\":\"ListItem\",\"position\":2,\"name\":\"Tirreno\"}]},{\"@type\":\"WebSite\",\"@id\":\"https:\\\/\\\/www.iobevo.com\\\/online\\\/#website\",\"url\":\"https:\\\/\\\/www.iobevo.com\\\/online\\\/\",\"name\":\"io bevo\u00ae\",\"description\":\"Drink Plastic free\",\"publisher\":{\"@id\":\"https:\\\/\\\/www.iobevo.com\\\/online\\\/#organization\"},\"potentialAction\":[{\"@type\":\"SearchAction\",\"target\":{\"@type\":\"EntryPoint\",\"urlTemplate\":\"https:\\\/\\\/www.iobevo.com\\\/online\\\/?s={search_term_string}\"},\"query-input\":{\"@type\":\"PropertyValueSpecification\",\"valueRequired\":true,\"valueName\":\"search_term_string\"}}],\"inLanguage\":\"it-IT\"},{\"@type\":\"Organization\",\"@id\":\"https:\\\/\\\/www.iobevo.com\\\/online\\\/#organization\",\"name\":\"General Beverage\",\"url\":\"https:\\\/\\\/www.iobevo.com\\\/online\\\/\",\"logo\":{\"@type\":\"ImageObject\",\"inLanguage\":\"it-IT\",\"@id\":\"https:\\\/\\\/www.iobevo.com\\\/online\\\/#\\\/schema\\\/logo\\\/image\\\/\",\"url\":\"https:\\\/\\\/www.iobevo.com\\\/online\\\/wp-content\\\/uploads\\\/2014\\\/01\\\/logo_gb_horizontal_grey_160x47.png\",\"contentUrl\":\"https:\\\/\\\/www.iobevo.com\\\/online\\\/wp-content\\\/uploads\\\/2014\\\/01\\\/logo_gb_horizontal_grey_160x47.png\",\"width\":160,\"height\":47,\"caption\":\"General Beverage\"},\"image\":{\"@id\":\"https:\\\/\\\/www.iobevo.com\\\/online\\\/#\\\/schema\\\/logo\\\/image\\\/\"},\"sameAs\":[\"https:\\\/\\\/x.com\\\/IoBevo\"]}]}<\/script>\n<!-- \/ Yoast SEO plugin. -->","yoast_head_json":{"title":"Tirreno - io bevo\u00ae","robots":{"index":"index","follow":"follow","max-snippet":"max-snippet:-1","max-image-preview":"max-image-preview:large","max-video-preview":"max-video-preview:-1"},"canonical":"https:\/\/www.iobevo.com\/online\/distribuidores\/tirreno\/?lang=es","og_locale":"it_IT","og_type":"article","og_title":"Tirreno - io bevo\u00ae","og_description":"Tirreno es un nuevo modelo de dispensador d\u00factil y de peque\u00f1o tama\u00f1o, ideal para la distribuci\u00f3n de bebidas en diversos ambientes de uso: restaurantes, comerciales, salas de espera, oficinas. Puede distribuir hasta 7 diferentes bebidas (gaseosas y\/o naturales) + 3 tipos de agua microfiltrada (enfr\u00edada natural, gaseosa y a temperatura [&hellip;]","og_url":"https:\/\/www.iobevo.com\/online\/distribuidores\/tirreno\/?lang=es","og_site_name":"io bevo\u00ae","article_modified_time":"2018-02-19T08:43:09+00:00","og_image":[{"width":1512,"height":400,"url":"https:\/\/www.iobevo.com\/online\/wp-content\/uploads\/2014\/01\/slide-2-bg-e1400667726929.png","type":"image\/png"}],"twitter_card":"summary_large_image","twitter_site":"@IoBevo","twitter_misc":{"Tempo di lettura stimato":"1 minuto"},"schema":{"@context":"https:\/\/schema.org","@graph":[{"@type":"WebPage","@id":"https:\/\/www.iobevo.com\/online\/distribuidores\/tirreno\/?lang=es","url":"https:\/\/www.iobevo.com\/online\/distribuidores\/tirreno\/?lang=es","name":"Tirreno - io bevo\u00ae","isPartOf":{"@id":"https:\/\/www.iobevo.com\/online\/#website"},"primaryImageOfPage":{"@id":"https:\/\/www.iobevo.com\/online\/distribuidores\/tirreno\/?lang=es#primaryimage"},"image":{"@id":"https:\/\/www.iobevo.com\/online\/distribuidores\/tirreno\/?lang=es#primaryimage"},"thumbnailUrl":"https:\/\/www.iobevo.com\/online\/wp-content\/uploads\/2014\/01\/slide-2-bg-e1400667726929.png","datePublished":"2014-07-11T19:26:56+00:00","dateModified":"2018-02-19T08:43:09+00:00","breadcrumb":{"@id":"https:\/\/www.iobevo.com\/online\/distribuidores\/tirreno\/?lang=es#breadcrumb"},"inLanguage":"it-IT","potentialAction":[{"@type":"ReadAction","target":["https:\/\/www.iobevo.com\/online\/distribuidores\/tirreno\/?lang=es"]}]},{"@type":"ImageObject","inLanguage":"it-IT","@id":"https:\/\/www.iobevo.com\/online\/distribuidores\/tirreno\/?lang=es#primaryimage","url":"https:\/\/www.iobevo.com\/online\/wp-content\/uploads\/2014\/01\/slide-2-bg-e1400667726929.png","contentUrl":"https:\/\/www.iobevo.com\/online\/wp-content\/uploads\/2014\/01\/slide-2-bg-e1400667726929.png","width":1512,"height":400},{"@type":"BreadcrumbList","@id":"https:\/\/www.iobevo.com\/online\/distribuidores\/tirreno\/?lang=es#breadcrumb","itemListElement":[{"@type":"ListItem","position":1,"name":"Distribuidores","item":"https:\/\/www.iobevo.com\/online\/distribuidores\/?lang=es"},{"@type":"ListItem","position":2,"name":"Tirreno"}]},{"@type":"WebSite","@id":"https:\/\/www.iobevo.com\/online\/#website","url":"https:\/\/www.iobevo.com\/online\/","name":"io bevo\u00ae","description":"Drink Plastic free","publisher":{"@id":"https:\/\/www.iobevo.com\/online\/#organization"},"potentialAction":[{"@type":"SearchAction","target":{"@type":"EntryPoint","urlTemplate":"https:\/\/www.iobevo.com\/online\/?s={search_term_string}"},"query-input":{"@type":"PropertyValueSpecification","valueRequired":true,"valueName":"search_term_string"}}],"inLanguage":"it-IT"},{"@type":"Organization","@id":"https:\/\/www.iobevo.com\/online\/#organization","name":"General Beverage","url":"https:\/\/www.iobevo.com\/online\/","logo":{"@type":"ImageObject","inLanguage":"it-IT","@id":"https:\/\/www.iobevo.com\/online\/#\/schema\/logo\/image\/","url":"https:\/\/www.iobevo.com\/online\/wp-content\/uploads\/2014\/01\/logo_gb_horizontal_grey_160x47.png","contentUrl":"https:\/\/www.iobevo.com\/online\/wp-content\/uploads\/2014\/01\/logo_gb_horizontal_grey_160x47.png","width":160,"height":47,"caption":"General Beverage"},"image":{"@id":"https:\/\/www.iobevo.com\/online\/#\/schema\/logo\/image\/"},"sameAs":["https:\/\/x.com\/IoBevo"]}]}},"_links":{"self":[{"href":"https:\/\/www.iobevo.com\/online\/wp-json\/wp\/v2\/pages\/6817","targetHints":{"allow":["GET"]}}],"collection":[{"href":"https:\/\/www.iobevo.com\/online\/wp-json\/wp\/v2\/pages"}],"about":[{"href":"https:\/\/www.iobevo.com\/online\/wp-json\/wp\/v2\/types\/page"}],"author":[{"embeddable":true,"href":"https:\/\/www.iobevo.com\/online\/wp-json\/wp\/v2\/users\/58"}],"replies":[{"embeddable":true,"href":"https:\/\/www.iobevo.com\/online\/wp-json\/wp\/v2\/comments?post=6817"}],"version-history":[{"count":0,"href":"https:\/\/www.iobevo.com\/online\/wp-json\/wp\/v2\/pages\/6817\/revisions"}],"up":[{"embeddable":true,"href":"https:\/\/www.iobevo.com\/online\/wp-json\/wp\/v2\/pages\/6793"}],"wp:featuredmedia":[{"embeddable":true,"href":"https:\/\/www.iobevo.com\/online\/wp-json\/wp\/v2\/media\/2831"}],"wp:attachment":[{"href":"https:\/\/www.iobevo.com\/online\/wp-json\/wp\/v2\/media?parent=6817"}],"curies":[{"name":"wp","href":"https:\/\/api.w.org\/{rel}","templated":true}]}}