{"id":6819,"date":"2014-07-11T19:27:41","date_gmt":"2014-07-11T19:27:41","guid":{"rendered":"http:\/\/www.iobevo.com\/online\/?page_id=6819"},"modified":"2016-04-20T16:05:43","modified_gmt":"2016-04-20T14:05:43","slug":"6819-2","status":"publish","type":"page","link":"https:\/\/www.iobevo.com\/online\/distribuidores\/6819-2\/?lang=es","title":{"rendered":"New fruttamix"},"content":{"rendered":"<p><strong>New fruttamix<\/strong> es el dispensador para las bebidas de frutas io fresco.<br \/>\nEs el distribuidor ideal para el servicio de desayuno en el sector hotelero, en donde la falta de espacio hace que sea necesaria un sistema de dimensiones reducidas.<br \/>\nSu conformaci\u00f3n compacta y su estructura t\u00e9cnica hacen que sea extremadamente f\u00e1cil de instalar y proporciona la m\u00e1xima fiabilidad higi\u00e9nico-sanitaria.<br \/>\nLa temperatura al salir de todas las bebidas, se puede ajustar de acuerdo a las exigencias.<\/p>\n<h3 class=\"title\"><span>Carater\u00edsticas t\u00e9cnicas<\/span><\/h3>\n<p style=\"text-align: left;\">\n<div class=\"one_half\">\n<div class=\"description clearfix style-1\">\n<p style=\"text-align: left;\">Sistema<strong> PostMix<\/strong><\/p>\n<p style=\"text-align: left;\">Voltaje-frecuencia <strong>230 V &#8211; 50 Hz<\/strong><\/p>\n<p style=\"text-align: left;\">Compresor <strong>Hp 1\/3<\/strong><\/p>\n<p style=\"text-align: left;\">Potencia <strong>Kw 0,7<\/strong><\/p>\n<p style=\"text-align: left;\">Capacidad dep\u00f3sito <strong>Lt 10<\/strong><\/p>\n<p style=\"text-align: left;\">Dep\u00f3sito hielo <strong>Kg 3\u00a0<\/strong><\/p>\n<p style=\"text-align: left;\">Capacidad de distribuci\u00f3n m\u00e1xima <strong>Lt\/h 30<\/strong><\/p>\n<p style=\"text-align: left;\">Capacidad de enfriamiento <strong>W 740<\/strong><\/p>\n<p style=\"text-align: left;\">N\u00famero distribuidores <strong>3<\/strong><\/p>\n<p style=\"text-align: left;\">Temperatura salida bebidas <strong>3\u00b0- 10\u00b0<\/strong><\/p>\n<p style=\"text-align: left;\">Toma de corriente <strong>Schuko<\/strong><\/p>\n<p style=\"text-align: left;\">Salida agua <strong>\u00bd \u201c<\/strong><\/p>\n<p style=\"text-align: left;\">Peso<strong> Kg\u00a065<\/strong><\/p>\n<p style=\"text-align: left;\">Ancho <strong>mm 400<\/strong><\/p>\n<p style=\"text-align: left;\">Profundidad <strong>mm 600<\/strong><\/p>\n<p style=\"text-align: left;\">Altura<strong> mm 700<\/strong><\/p>\n<p style=\"text-align: center;\"><\/div>\n<\/div>\n<div class=\"one_half last\"><span class=\"responsive\"><img fetchpriority=\"high\" decoding=\"async\" class=\"alignnone wp-image-4478 \" src=\"http:\/\/iobevo.com\/online\/wp-content\/uploads\/2014\/04\/immagine-new-fruttamix.jpg\" alt=\"\" width=\"370\" height=\"537\" srcset=\"https:\/\/www.iobevo.com\/online\/wp-content\/uploads\/2014\/04\/immagine-new-fruttamix.jpg 708w, https:\/\/www.iobevo.com\/online\/wp-content\/uploads\/2014\/04\/immagine-new-fruttamix-206x300.jpg 206w, https:\/\/www.iobevo.com\/online\/wp-content\/uploads\/2014\/04\/immagine-new-fruttamix-705x1024.jpg 705w\" sizes=\"(max-width: 370px) 100vw, 370px\" \/><\/span><\/div>\n<div class=\"clear\"><\/div><\/p>\n","protected":false},"excerpt":{"rendered":"<p>New fruttamix es el dispensador para las bebidas de frutas io fresco. Es el distribuidor ideal para el servicio de desayuno en el sector hotelero, en donde la falta de espacio hace que sea necesaria un sistema de dimensiones reducidas. Su conformaci\u00f3n compacta y su estructura t\u00e9cnica hacen que sea [&hellip;]<\/p>\n","protected":false},"author":58,"featured_media":2831,"parent":6793,"menu_order":9,"comment_status":"open","ping_status":"closed","template":"","meta":{"footnotes":""},"class_list":["post-6819","page","type-page","status-publish","has-post-thumbnail","hentry"],"yoast_head":"<!-- This site is optimized with the Yoast SEO plugin v27.5 - https:\/\/yoast.com\/product\/yoast-seo-wordpress\/ -->\n<title>New fruttamix - io bevo\u00ae<\/title>\n<meta name=\"robots\" content=\"index, follow, max-snippet:-1, max-image-preview:large, max-video-preview:-1\" \/>\n<link rel=\"canonical\" href=\"https:\/\/www.iobevo.com\/online\/distribuidores\/6819-2\/?lang=es\" \/>\n<meta property=\"og:locale\" content=\"it_IT\" \/>\n<meta property=\"og:type\" content=\"article\" \/>\n<meta property=\"og:title\" content=\"New fruttamix - io bevo\u00ae\" \/>\n<meta property=\"og:description\" content=\"New fruttamix es el dispensador para las bebidas de frutas io fresco. Es el distribuidor ideal para el servicio de desayuno en el sector hotelero, en donde la falta de espacio hace que sea necesaria un sistema de dimensiones reducidas. Su conformaci\u00f3n compacta y su estructura t\u00e9cnica hacen que sea [&hellip;]\" \/>\n<meta property=\"og:url\" content=\"https:\/\/www.iobevo.com\/online\/distribuidores\/6819-2\/?lang=es\" \/>\n<meta property=\"og:site_name\" content=\"io bevo\u00ae\" \/>\n<meta property=\"article:modified_time\" content=\"2016-04-20T14:05:43+00:00\" \/>\n<meta property=\"og:image\" content=\"https:\/\/www.iobevo.com\/online\/wp-content\/uploads\/2014\/01\/slide-2-bg-e1400667726929.png\" \/>\n\t<meta property=\"og:image:width\" content=\"1512\" \/>\n\t<meta property=\"og:image:height\" content=\"400\" \/>\n\t<meta property=\"og:image:type\" content=\"image\/png\" \/>\n<meta name=\"twitter:card\" content=\"summary_large_image\" \/>\n<meta name=\"twitter:site\" content=\"@IoBevo\" \/>\n<meta name=\"twitter:label1\" content=\"Tempo di lettura stimato\" \/>\n\t<meta name=\"twitter:data1\" content=\"1 minuto\" \/>\n<script type=\"application\/ld+json\" class=\"yoast-schema-graph\">{\"@context\":\"https:\\\/\\\/schema.org\",\"@graph\":[{\"@type\":\"WebPage\",\"@id\":\"https:\\\/\\\/www.iobevo.com\\\/online\\\/distribuidores\\\/6819-2\\\/?lang=es\",\"url\":\"https:\\\/\\\/www.iobevo.com\\\/online\\\/distribuidores\\\/6819-2\\\/?lang=es\",\"name\":\"New fruttamix - io bevo\u00ae\",\"isPartOf\":{\"@id\":\"https:\\\/\\\/www.iobevo.com\\\/online\\\/#website\"},\"primaryImageOfPage\":{\"@id\":\"https:\\\/\\\/www.iobevo.com\\\/online\\\/distribuidores\\\/6819-2\\\/?lang=es#primaryimage\"},\"image\":{\"@id\":\"https:\\\/\\\/www.iobevo.com\\\/online\\\/distribuidores\\\/6819-2\\\/?lang=es#primaryimage\"},\"thumbnailUrl\":\"https:\\\/\\\/www.iobevo.com\\\/online\\\/wp-content\\\/uploads\\\/2014\\\/01\\\/slide-2-bg-e1400667726929.png\",\"datePublished\":\"2014-07-11T19:27:41+00:00\",\"dateModified\":\"2016-04-20T14:05:43+00:00\",\"breadcrumb\":{\"@id\":\"https:\\\/\\\/www.iobevo.com\\\/online\\\/distribuidores\\\/6819-2\\\/?lang=es#breadcrumb\"},\"inLanguage\":\"it-IT\",\"potentialAction\":[{\"@type\":\"ReadAction\",\"target\":[\"https:\\\/\\\/www.iobevo.com\\\/online\\\/distribuidores\\\/6819-2\\\/?lang=es\"]}]},{\"@type\":\"ImageObject\",\"inLanguage\":\"it-IT\",\"@id\":\"https:\\\/\\\/www.iobevo.com\\\/online\\\/distribuidores\\\/6819-2\\\/?lang=es#primaryimage\",\"url\":\"https:\\\/\\\/www.iobevo.com\\\/online\\\/wp-content\\\/uploads\\\/2014\\\/01\\\/slide-2-bg-e1400667726929.png\",\"contentUrl\":\"https:\\\/\\\/www.iobevo.com\\\/online\\\/wp-content\\\/uploads\\\/2014\\\/01\\\/slide-2-bg-e1400667726929.png\",\"width\":1512,\"height\":400},{\"@type\":\"BreadcrumbList\",\"@id\":\"https:\\\/\\\/www.iobevo.com\\\/online\\\/distribuidores\\\/6819-2\\\/?lang=es#breadcrumb\",\"itemListElement\":[{\"@type\":\"ListItem\",\"position\":1,\"name\":\"Distribuidores\",\"item\":\"https:\\\/\\\/www.iobevo.com\\\/online\\\/distribuidores\\\/?lang=es\"},{\"@type\":\"ListItem\",\"position\":2,\"name\":\"New fruttamix\"}]},{\"@type\":\"WebSite\",\"@id\":\"https:\\\/\\\/www.iobevo.com\\\/online\\\/#website\",\"url\":\"https:\\\/\\\/www.iobevo.com\\\/online\\\/\",\"name\":\"io bevo\u00ae\",\"description\":\"Drink Plastic free\",\"publisher\":{\"@id\":\"https:\\\/\\\/www.iobevo.com\\\/online\\\/#organization\"},\"potentialAction\":[{\"@type\":\"SearchAction\",\"target\":{\"@type\":\"EntryPoint\",\"urlTemplate\":\"https:\\\/\\\/www.iobevo.com\\\/online\\\/?s={search_term_string}\"},\"query-input\":{\"@type\":\"PropertyValueSpecification\",\"valueRequired\":true,\"valueName\":\"search_term_string\"}}],\"inLanguage\":\"it-IT\"},{\"@type\":\"Organization\",\"@id\":\"https:\\\/\\\/www.iobevo.com\\\/online\\\/#organization\",\"name\":\"General Beverage\",\"url\":\"https:\\\/\\\/www.iobevo.com\\\/online\\\/\",\"logo\":{\"@type\":\"ImageObject\",\"inLanguage\":\"it-IT\",\"@id\":\"https:\\\/\\\/www.iobevo.com\\\/online\\\/#\\\/schema\\\/logo\\\/image\\\/\",\"url\":\"https:\\\/\\\/www.iobevo.com\\\/online\\\/wp-content\\\/uploads\\\/2014\\\/01\\\/logo_gb_horizontal_grey_160x47.png\",\"contentUrl\":\"https:\\\/\\\/www.iobevo.com\\\/online\\\/wp-content\\\/uploads\\\/2014\\\/01\\\/logo_gb_horizontal_grey_160x47.png\",\"width\":160,\"height\":47,\"caption\":\"General Beverage\"},\"image\":{\"@id\":\"https:\\\/\\\/www.iobevo.com\\\/online\\\/#\\\/schema\\\/logo\\\/image\\\/\"},\"sameAs\":[\"https:\\\/\\\/x.com\\\/IoBevo\"]}]}<\/script>\n<!-- \/ Yoast SEO plugin. -->","yoast_head_json":{"title":"New fruttamix - io bevo\u00ae","robots":{"index":"index","follow":"follow","max-snippet":"max-snippet:-1","max-image-preview":"max-image-preview:large","max-video-preview":"max-video-preview:-1"},"canonical":"https:\/\/www.iobevo.com\/online\/distribuidores\/6819-2\/?lang=es","og_locale":"it_IT","og_type":"article","og_title":"New fruttamix - io bevo\u00ae","og_description":"New fruttamix es el dispensador para las bebidas de frutas io fresco. Es el distribuidor ideal para el servicio de desayuno en el sector hotelero, en donde la falta de espacio hace que sea necesaria un sistema de dimensiones reducidas. Su conformaci\u00f3n compacta y su estructura t\u00e9cnica hacen que sea [&hellip;]","og_url":"https:\/\/www.iobevo.com\/online\/distribuidores\/6819-2\/?lang=es","og_site_name":"io bevo\u00ae","article_modified_time":"2016-04-20T14:05:43+00:00","og_image":[{"width":1512,"height":400,"url":"https:\/\/www.iobevo.com\/online\/wp-content\/uploads\/2014\/01\/slide-2-bg-e1400667726929.png","type":"image\/png"}],"twitter_card":"summary_large_image","twitter_site":"@IoBevo","twitter_misc":{"Tempo di lettura stimato":"1 minuto"},"schema":{"@context":"https:\/\/schema.org","@graph":[{"@type":"WebPage","@id":"https:\/\/www.iobevo.com\/online\/distribuidores\/6819-2\/?lang=es","url":"https:\/\/www.iobevo.com\/online\/distribuidores\/6819-2\/?lang=es","name":"New fruttamix - io bevo\u00ae","isPartOf":{"@id":"https:\/\/www.iobevo.com\/online\/#website"},"primaryImageOfPage":{"@id":"https:\/\/www.iobevo.com\/online\/distribuidores\/6819-2\/?lang=es#primaryimage"},"image":{"@id":"https:\/\/www.iobevo.com\/online\/distribuidores\/6819-2\/?lang=es#primaryimage"},"thumbnailUrl":"https:\/\/www.iobevo.com\/online\/wp-content\/uploads\/2014\/01\/slide-2-bg-e1400667726929.png","datePublished":"2014-07-11T19:27:41+00:00","dateModified":"2016-04-20T14:05:43+00:00","breadcrumb":{"@id":"https:\/\/www.iobevo.com\/online\/distribuidores\/6819-2\/?lang=es#breadcrumb"},"inLanguage":"it-IT","potentialAction":[{"@type":"ReadAction","target":["https:\/\/www.iobevo.com\/online\/distribuidores\/6819-2\/?lang=es"]}]},{"@type":"ImageObject","inLanguage":"it-IT","@id":"https:\/\/www.iobevo.com\/online\/distribuidores\/6819-2\/?lang=es#primaryimage","url":"https:\/\/www.iobevo.com\/online\/wp-content\/uploads\/2014\/01\/slide-2-bg-e1400667726929.png","contentUrl":"https:\/\/www.iobevo.com\/online\/wp-content\/uploads\/2014\/01\/slide-2-bg-e1400667726929.png","width":1512,"height":400},{"@type":"BreadcrumbList","@id":"https:\/\/www.iobevo.com\/online\/distribuidores\/6819-2\/?lang=es#breadcrumb","itemListElement":[{"@type":"ListItem","position":1,"name":"Distribuidores","item":"https:\/\/www.iobevo.com\/online\/distribuidores\/?lang=es"},{"@type":"ListItem","position":2,"name":"New fruttamix"}]},{"@type":"WebSite","@id":"https:\/\/www.iobevo.com\/online\/#website","url":"https:\/\/www.iobevo.com\/online\/","name":"io bevo\u00ae","description":"Drink Plastic free","publisher":{"@id":"https:\/\/www.iobevo.com\/online\/#organization"},"potentialAction":[{"@type":"SearchAction","target":{"@type":"EntryPoint","urlTemplate":"https:\/\/www.iobevo.com\/online\/?s={search_term_string}"},"query-input":{"@type":"PropertyValueSpecification","valueRequired":true,"valueName":"search_term_string"}}],"inLanguage":"it-IT"},{"@type":"Organization","@id":"https:\/\/www.iobevo.com\/online\/#organization","name":"General Beverage","url":"https:\/\/www.iobevo.com\/online\/","logo":{"@type":"ImageObject","inLanguage":"it-IT","@id":"https:\/\/www.iobevo.com\/online\/#\/schema\/logo\/image\/","url":"https:\/\/www.iobevo.com\/online\/wp-content\/uploads\/2014\/01\/logo_gb_horizontal_grey_160x47.png","contentUrl":"https:\/\/www.iobevo.com\/online\/wp-content\/uploads\/2014\/01\/logo_gb_horizontal_grey_160x47.png","width":160,"height":47,"caption":"General Beverage"},"image":{"@id":"https:\/\/www.iobevo.com\/online\/#\/schema\/logo\/image\/"},"sameAs":["https:\/\/x.com\/IoBevo"]}]}},"_links":{"self":[{"href":"https:\/\/www.iobevo.com\/online\/wp-json\/wp\/v2\/pages\/6819","targetHints":{"allow":["GET"]}}],"collection":[{"href":"https:\/\/www.iobevo.com\/online\/wp-json\/wp\/v2\/pages"}],"about":[{"href":"https:\/\/www.iobevo.com\/online\/wp-json\/wp\/v2\/types\/page"}],"author":[{"embeddable":true,"href":"https:\/\/www.iobevo.com\/online\/wp-json\/wp\/v2\/users\/58"}],"replies":[{"embeddable":true,"href":"https:\/\/www.iobevo.com\/online\/wp-json\/wp\/v2\/comments?post=6819"}],"version-history":[{"count":0,"href":"https:\/\/www.iobevo.com\/online\/wp-json\/wp\/v2\/pages\/6819\/revisions"}],"up":[{"embeddable":true,"href":"https:\/\/www.iobevo.com\/online\/wp-json\/wp\/v2\/pages\/6793"}],"wp:featuredmedia":[{"embeddable":true,"href":"https:\/\/www.iobevo.com\/online\/wp-json\/wp\/v2\/media\/2831"}],"wp:attachment":[{"href":"https:\/\/www.iobevo.com\/online\/wp-json\/wp\/v2\/media?parent=6819"}],"curies":[{"name":"wp","href":"https:\/\/api.w.org\/{rel}","templated":true}]}}