{"id":6821,"date":"2014-07-11T19:28:52","date_gmt":"2014-07-11T19:28:52","guid":{"rendered":"http:\/\/www.iobevo.com\/online\/?page_id=6821"},"modified":"2014-08-05T18:29:26","modified_gmt":"2014-08-05T18:29:26","slug":"6821-2","status":"publish","type":"page","link":"https:\/\/www.iobevo.com\/online\/distribuidores\/6821-2\/?lang=es","title":{"rendered":"Acquajet"},"content":{"rendered":"<p><strong>Acqua Jet<\/strong> es el dispensador compacto que proponemos para el servicio de agua microfiltrada en lugares peque\u00f1os o medianos. La temperatura de salida del agua enfr\u00edada puede ser ajustada de acuerdo a las necesidades espec\u00edficas, as\u00ed como tambi\u00e9n se puede ajustar el gaseamiento.<br \/>\nSe puede colocar en mostradores ya esistentes en las instalaciones o en bancos de apoyo, cuyas dimensiones est\u00e1n indicadas en la ficha t\u00e9cnica.<br \/>\nViene con una dosificaci\u00f3n previa, a fin de faciltar, al personal o a los usuarios finales el llenado y la distribuci\u00f3n de los vasos, caf\u00e9, botellas u otros recipientes.<\/p>\n<h3 class=\"title\"><span>Carater\u00edsticas t\u00e9cnicas<\/span><\/h3>\n<div class=\"one_half\">\n<div class=\"description clearfix style-1\">\n<p style=\"text-align: left;\">\n<p style=\"text-align: left;\">Ancho<strong> 280 mm<\/strong><\/p>\n<p style=\"text-align: left;\">Profundidad <strong>520 mm<\/strong><\/p>\n<p style=\"text-align: left;\">Altura <strong>400 mm<\/strong><\/p>\n<p style=\"text-align: left;\">Voltaje &#8211; frecuencia <strong>220 V &#8211; 50 Hz<\/strong><\/p>\n<p style=\"text-align: left;\">Producci\u00f3n horaria: <strong>30 LT \/H<\/strong><\/p>\n<p style=\"text-align: left;\">M\u00e1ximo consumo energ\u00eda: <strong>350 vatios<\/strong><\/p>\n<p style=\"text-align: left;\">N\u00famero <strong>dosis 2<\/strong><\/p>\n<p style=\"text-align: left;\">Cuerpo:<strong> acero\/pl\u00e1stico<\/strong><\/p>\n<p style=\"text-align: left;\">Temperatura: <strong>ajustable<\/strong><\/p>\n<p style=\"text-align: left;\">Gasificaci\u00f3n: <strong>ajustable<\/strong><\/p>\n<p style=\"text-align: left;\">Teclado: <strong>membrana<\/strong><\/p>\n<p style=\"text-align: left;\">Toma de corriente <strong>Schuko<\/strong><\/p>\n<p style=\"text-align: left;\">Salida agua <strong>\u00bd \u201c<\/strong><\/p>\n<p style=\"text-align: left;\">Ancho<strong> 280 mm<\/strong><\/p>\n<p style=\"text-align: left;\">Profundidad <strong>520 mm<\/strong><\/p>\n<p style=\"text-align: left;\">Altura <strong>900 mm<\/strong><\/p>\n<p style=\"text-align: center;\"><\/div>\n<\/div>\n<div class=\"one_half last\"><img fetchpriority=\"high\" decoding=\"async\" class=\"aligncenter wp-image-3434\" src=\"http:\/\/iobevo.com\/online\/wp-content\/uploads\/2014\/04\/acquajet.jpg\" alt=\"acquajet\" width=\"228\" height=\"631\" srcset=\"https:\/\/www.iobevo.com\/online\/wp-content\/uploads\/2014\/04\/acquajet.jpg 272w, https:\/\/www.iobevo.com\/online\/wp-content\/uploads\/2014\/04\/acquajet-108x300.jpg 108w\" sizes=\"(max-width: 228px) 100vw, 228px\" \/><\/div>\n<div class=\"clear\"><\/div><\/p>\n","protected":false},"excerpt":{"rendered":"<p>Acqua Jet es el dispensador compacto que proponemos para el servicio de agua microfiltrada en lugares peque\u00f1os o medianos. La temperatura de salida del agua enfr\u00edada puede ser ajustada de acuerdo a las necesidades espec\u00edficas, as\u00ed como tambi\u00e9n se puede ajustar el gaseamiento. Se puede colocar en mostradores ya esistentes [&hellip;]<\/p>\n","protected":false},"author":58,"featured_media":2831,"parent":6793,"menu_order":10,"comment_status":"open","ping_status":"closed","template":"","meta":{"footnotes":""},"class_list":["post-6821","page","type-page","status-publish","has-post-thumbnail","hentry"],"yoast_head":"<!-- This site is optimized with the Yoast SEO plugin v27.4 - https:\/\/yoast.com\/product\/yoast-seo-wordpress\/ -->\n<title>Acquajet  - io bevo\u00ae<\/title>\n<meta name=\"robots\" content=\"index, follow, max-snippet:-1, max-image-preview:large, max-video-preview:-1\" \/>\n<link rel=\"canonical\" href=\"https:\/\/www.iobevo.com\/online\/distribuidores\/6821-2\/?lang=es\" \/>\n<meta property=\"og:locale\" content=\"it_IT\" \/>\n<meta property=\"og:type\" content=\"article\" \/>\n<meta property=\"og:title\" content=\"Acquajet  - io bevo\u00ae\" \/>\n<meta property=\"og:description\" content=\"Acqua Jet es el dispensador compacto que proponemos para el servicio de agua microfiltrada en lugares peque\u00f1os o medianos. La temperatura de salida del agua enfr\u00edada puede ser ajustada de acuerdo a las necesidades espec\u00edficas, as\u00ed como tambi\u00e9n se puede ajustar el gaseamiento. Se puede colocar en mostradores ya esistentes [&hellip;]\" \/>\n<meta property=\"og:url\" content=\"https:\/\/www.iobevo.com\/online\/distribuidores\/6821-2\/?lang=es\" \/>\n<meta property=\"og:site_name\" content=\"io bevo\u00ae\" \/>\n<meta property=\"article:modified_time\" content=\"2014-08-05T18:29:26+00:00\" \/>\n<meta property=\"og:image\" content=\"https:\/\/www.iobevo.com\/online\/wp-content\/uploads\/2014\/01\/slide-2-bg-e1400667726929.png\" \/>\n\t<meta property=\"og:image:width\" content=\"1512\" \/>\n\t<meta property=\"og:image:height\" content=\"400\" \/>\n\t<meta property=\"og:image:type\" content=\"image\/png\" \/>\n<meta name=\"twitter:card\" content=\"summary_large_image\" \/>\n<meta name=\"twitter:site\" content=\"@IoBevo\" \/>\n<meta name=\"twitter:label1\" content=\"Tempo di lettura stimato\" \/>\n\t<meta name=\"twitter:data1\" content=\"1 minuto\" \/>\n<script type=\"application\/ld+json\" class=\"yoast-schema-graph\">{\"@context\":\"https:\\\/\\\/schema.org\",\"@graph\":[{\"@type\":\"WebPage\",\"@id\":\"https:\\\/\\\/www.iobevo.com\\\/online\\\/distribuidores\\\/6821-2\\\/?lang=es\",\"url\":\"https:\\\/\\\/www.iobevo.com\\\/online\\\/distribuidores\\\/6821-2\\\/?lang=es\",\"name\":\"Acquajet - io bevo\u00ae\",\"isPartOf\":{\"@id\":\"https:\\\/\\\/www.iobevo.com\\\/online\\\/#website\"},\"primaryImageOfPage\":{\"@id\":\"https:\\\/\\\/www.iobevo.com\\\/online\\\/distribuidores\\\/6821-2\\\/?lang=es#primaryimage\"},\"image\":{\"@id\":\"https:\\\/\\\/www.iobevo.com\\\/online\\\/distribuidores\\\/6821-2\\\/?lang=es#primaryimage\"},\"thumbnailUrl\":\"https:\\\/\\\/www.iobevo.com\\\/online\\\/wp-content\\\/uploads\\\/2014\\\/01\\\/slide-2-bg-e1400667726929.png\",\"datePublished\":\"2014-07-11T19:28:52+00:00\",\"dateModified\":\"2014-08-05T18:29:26+00:00\",\"breadcrumb\":{\"@id\":\"https:\\\/\\\/www.iobevo.com\\\/online\\\/distribuidores\\\/6821-2\\\/?lang=es#breadcrumb\"},\"inLanguage\":\"it-IT\",\"potentialAction\":[{\"@type\":\"ReadAction\",\"target\":[\"https:\\\/\\\/www.iobevo.com\\\/online\\\/distribuidores\\\/6821-2\\\/?lang=es\"]}]},{\"@type\":\"ImageObject\",\"inLanguage\":\"it-IT\",\"@id\":\"https:\\\/\\\/www.iobevo.com\\\/online\\\/distribuidores\\\/6821-2\\\/?lang=es#primaryimage\",\"url\":\"https:\\\/\\\/www.iobevo.com\\\/online\\\/wp-content\\\/uploads\\\/2014\\\/01\\\/slide-2-bg-e1400667726929.png\",\"contentUrl\":\"https:\\\/\\\/www.iobevo.com\\\/online\\\/wp-content\\\/uploads\\\/2014\\\/01\\\/slide-2-bg-e1400667726929.png\",\"width\":1512,\"height\":400},{\"@type\":\"BreadcrumbList\",\"@id\":\"https:\\\/\\\/www.iobevo.com\\\/online\\\/distribuidores\\\/6821-2\\\/?lang=es#breadcrumb\",\"itemListElement\":[{\"@type\":\"ListItem\",\"position\":1,\"name\":\"Distribuidores\",\"item\":\"https:\\\/\\\/www.iobevo.com\\\/online\\\/distribuidores\\\/?lang=es\"},{\"@type\":\"ListItem\",\"position\":2,\"name\":\"Acquajet\"}]},{\"@type\":\"WebSite\",\"@id\":\"https:\\\/\\\/www.iobevo.com\\\/online\\\/#website\",\"url\":\"https:\\\/\\\/www.iobevo.com\\\/online\\\/\",\"name\":\"io bevo\u00ae\",\"description\":\"Drink Plastic free\",\"publisher\":{\"@id\":\"https:\\\/\\\/www.iobevo.com\\\/online\\\/#organization\"},\"potentialAction\":[{\"@type\":\"SearchAction\",\"target\":{\"@type\":\"EntryPoint\",\"urlTemplate\":\"https:\\\/\\\/www.iobevo.com\\\/online\\\/?s={search_term_string}\"},\"query-input\":{\"@type\":\"PropertyValueSpecification\",\"valueRequired\":true,\"valueName\":\"search_term_string\"}}],\"inLanguage\":\"it-IT\"},{\"@type\":\"Organization\",\"@id\":\"https:\\\/\\\/www.iobevo.com\\\/online\\\/#organization\",\"name\":\"General Beverage\",\"url\":\"https:\\\/\\\/www.iobevo.com\\\/online\\\/\",\"logo\":{\"@type\":\"ImageObject\",\"inLanguage\":\"it-IT\",\"@id\":\"https:\\\/\\\/www.iobevo.com\\\/online\\\/#\\\/schema\\\/logo\\\/image\\\/\",\"url\":\"https:\\\/\\\/www.iobevo.com\\\/online\\\/wp-content\\\/uploads\\\/2014\\\/01\\\/logo_gb_horizontal_grey_160x47.png\",\"contentUrl\":\"https:\\\/\\\/www.iobevo.com\\\/online\\\/wp-content\\\/uploads\\\/2014\\\/01\\\/logo_gb_horizontal_grey_160x47.png\",\"width\":160,\"height\":47,\"caption\":\"General Beverage\"},\"image\":{\"@id\":\"https:\\\/\\\/www.iobevo.com\\\/online\\\/#\\\/schema\\\/logo\\\/image\\\/\"},\"sameAs\":[\"https:\\\/\\\/x.com\\\/IoBevo\"]}]}<\/script>\n<!-- \/ Yoast SEO plugin. -->","yoast_head_json":{"title":"Acquajet  - io bevo\u00ae","robots":{"index":"index","follow":"follow","max-snippet":"max-snippet:-1","max-image-preview":"max-image-preview:large","max-video-preview":"max-video-preview:-1"},"canonical":"https:\/\/www.iobevo.com\/online\/distribuidores\/6821-2\/?lang=es","og_locale":"it_IT","og_type":"article","og_title":"Acquajet  - io bevo\u00ae","og_description":"Acqua Jet es el dispensador compacto que proponemos para el servicio de agua microfiltrada en lugares peque\u00f1os o medianos. La temperatura de salida del agua enfr\u00edada puede ser ajustada de acuerdo a las necesidades espec\u00edficas, as\u00ed como tambi\u00e9n se puede ajustar el gaseamiento. Se puede colocar en mostradores ya esistentes [&hellip;]","og_url":"https:\/\/www.iobevo.com\/online\/distribuidores\/6821-2\/?lang=es","og_site_name":"io bevo\u00ae","article_modified_time":"2014-08-05T18:29:26+00:00","og_image":[{"width":1512,"height":400,"url":"https:\/\/www.iobevo.com\/online\/wp-content\/uploads\/2014\/01\/slide-2-bg-e1400667726929.png","type":"image\/png"}],"twitter_card":"summary_large_image","twitter_site":"@IoBevo","twitter_misc":{"Tempo di lettura stimato":"1 minuto"},"schema":{"@context":"https:\/\/schema.org","@graph":[{"@type":"WebPage","@id":"https:\/\/www.iobevo.com\/online\/distribuidores\/6821-2\/?lang=es","url":"https:\/\/www.iobevo.com\/online\/distribuidores\/6821-2\/?lang=es","name":"Acquajet - io bevo\u00ae","isPartOf":{"@id":"https:\/\/www.iobevo.com\/online\/#website"},"primaryImageOfPage":{"@id":"https:\/\/www.iobevo.com\/online\/distribuidores\/6821-2\/?lang=es#primaryimage"},"image":{"@id":"https:\/\/www.iobevo.com\/online\/distribuidores\/6821-2\/?lang=es#primaryimage"},"thumbnailUrl":"https:\/\/www.iobevo.com\/online\/wp-content\/uploads\/2014\/01\/slide-2-bg-e1400667726929.png","datePublished":"2014-07-11T19:28:52+00:00","dateModified":"2014-08-05T18:29:26+00:00","breadcrumb":{"@id":"https:\/\/www.iobevo.com\/online\/distribuidores\/6821-2\/?lang=es#breadcrumb"},"inLanguage":"it-IT","potentialAction":[{"@type":"ReadAction","target":["https:\/\/www.iobevo.com\/online\/distribuidores\/6821-2\/?lang=es"]}]},{"@type":"ImageObject","inLanguage":"it-IT","@id":"https:\/\/www.iobevo.com\/online\/distribuidores\/6821-2\/?lang=es#primaryimage","url":"https:\/\/www.iobevo.com\/online\/wp-content\/uploads\/2014\/01\/slide-2-bg-e1400667726929.png","contentUrl":"https:\/\/www.iobevo.com\/online\/wp-content\/uploads\/2014\/01\/slide-2-bg-e1400667726929.png","width":1512,"height":400},{"@type":"BreadcrumbList","@id":"https:\/\/www.iobevo.com\/online\/distribuidores\/6821-2\/?lang=es#breadcrumb","itemListElement":[{"@type":"ListItem","position":1,"name":"Distribuidores","item":"https:\/\/www.iobevo.com\/online\/distribuidores\/?lang=es"},{"@type":"ListItem","position":2,"name":"Acquajet"}]},{"@type":"WebSite","@id":"https:\/\/www.iobevo.com\/online\/#website","url":"https:\/\/www.iobevo.com\/online\/","name":"io bevo\u00ae","description":"Drink Plastic free","publisher":{"@id":"https:\/\/www.iobevo.com\/online\/#organization"},"potentialAction":[{"@type":"SearchAction","target":{"@type":"EntryPoint","urlTemplate":"https:\/\/www.iobevo.com\/online\/?s={search_term_string}"},"query-input":{"@type":"PropertyValueSpecification","valueRequired":true,"valueName":"search_term_string"}}],"inLanguage":"it-IT"},{"@type":"Organization","@id":"https:\/\/www.iobevo.com\/online\/#organization","name":"General Beverage","url":"https:\/\/www.iobevo.com\/online\/","logo":{"@type":"ImageObject","inLanguage":"it-IT","@id":"https:\/\/www.iobevo.com\/online\/#\/schema\/logo\/image\/","url":"https:\/\/www.iobevo.com\/online\/wp-content\/uploads\/2014\/01\/logo_gb_horizontal_grey_160x47.png","contentUrl":"https:\/\/www.iobevo.com\/online\/wp-content\/uploads\/2014\/01\/logo_gb_horizontal_grey_160x47.png","width":160,"height":47,"caption":"General Beverage"},"image":{"@id":"https:\/\/www.iobevo.com\/online\/#\/schema\/logo\/image\/"},"sameAs":["https:\/\/x.com\/IoBevo"]}]}},"_links":{"self":[{"href":"https:\/\/www.iobevo.com\/online\/wp-json\/wp\/v2\/pages\/6821","targetHints":{"allow":["GET"]}}],"collection":[{"href":"https:\/\/www.iobevo.com\/online\/wp-json\/wp\/v2\/pages"}],"about":[{"href":"https:\/\/www.iobevo.com\/online\/wp-json\/wp\/v2\/types\/page"}],"author":[{"embeddable":true,"href":"https:\/\/www.iobevo.com\/online\/wp-json\/wp\/v2\/users\/58"}],"replies":[{"embeddable":true,"href":"https:\/\/www.iobevo.com\/online\/wp-json\/wp\/v2\/comments?post=6821"}],"version-history":[{"count":0,"href":"https:\/\/www.iobevo.com\/online\/wp-json\/wp\/v2\/pages\/6821\/revisions"}],"up":[{"embeddable":true,"href":"https:\/\/www.iobevo.com\/online\/wp-json\/wp\/v2\/pages\/6793"}],"wp:featuredmedia":[{"embeddable":true,"href":"https:\/\/www.iobevo.com\/online\/wp-json\/wp\/v2\/media\/2831"}],"wp:attachment":[{"href":"https:\/\/www.iobevo.com\/online\/wp-json\/wp\/v2\/media?parent=6821"}],"curies":[{"name":"wp","href":"https:\/\/api.w.org\/{rel}","templated":true}]}}