{"id":6823,"date":"2014-07-11T19:29:40","date_gmt":"2014-07-11T19:29:40","guid":{"rendered":"http:\/\/www.iobevo.com\/online\/?page_id=6823"},"modified":"2018-02-19T19:16:49","modified_gmt":"2018-02-19T17:16:49","slug":"danubio","status":"publish","type":"page","link":"https:\/\/www.iobevo.com\/online\/distribuidores\/danubio\/?lang=es","title":{"rendered":"Danubio"},"content":{"rendered":"<p><strong>Danubio<\/strong> es el dispensador compacto que propone io bevo, para un n\u00famero medio-alto de usuarios, para el servicio del agua microfiltrada natural fr\u00eda, fr\u00eda gaseosa o natural a temperatura ambiente.<br \/>\nLa temperatura de salida del agua fr\u00eda se puede ajustar dependiendo de las exigencias espec\u00edficas, como tambi\u00e9n puede ser ajustada la gasificaci\u00f3n.<br \/>\nSe puede apoyar en mostradores que ya est\u00e9n presentes en las instalaciones o en un banco de apoyo cuyas dimensiones est\u00e1n indicadas en la ficha t\u00e9cnica.<\/p>\n<h3 class=\"title\"><span>Caracter\u00edsticas t\u00e9cnicas<\/span><\/h3>\n<div class=\"one_half\">\n<div class=\"description clearfix style-1 \">\n<p style=\"text-align: left;\">Caja exterior: <strong>acero inoxidable<\/strong><\/p>\n<p style=\"text-align: left;\">Sistema de enfriamiento: <strong>maquina de hielo<\/strong><\/p>\n<p style=\"text-align: left;\">Capacidad de entrega: <strong>120 l\/h<\/strong><\/p>\n<p style=\"text-align: left;\">Capacidad de refrigeraci\u00f3n: <strong>360W \/ 310Kcal<\/strong><\/p>\n<p style=\"text-align: left;\">Capacidad de suministro refresco: <strong>3 l\/m<\/strong><\/p>\n<p style=\"text-align: left;\">Capacidad del Carbonador: <strong>1.2 lt<\/strong><\/p>\n<p style=\"text-align: left;\">Bomba de carbonataci\u00f3n: rotativa <strong>200 l \/ h<\/strong><\/p>\n<p style=\"text-align: left;\">Compresor: <strong>1\/4 hp<\/strong><\/p>\n<p style=\"text-align: left;\">Gas refrigerante:<strong> r134a<\/strong><\/p>\n<p style=\"text-align: left;\">Consumo de energ\u00eda: <strong>650 W<\/strong><\/p>\n<p style=\"text-align: left;\">Voltaje: <strong>220-230 voltios \/ 50 hz<\/strong><\/p>\n<p style=\"text-align: left;\">Peso: <strong>42 kg<\/strong><\/p>\n<p style=\"text-align: left;\">Dimensiones (ancho\/profundidad\/altura): <strong>330mm x 526mm x 485.5mm<\/strong><\/p>\n<p>&nbsp;<\/p>\n<p style=\"text-align: center;\"><\/div>\n<\/div>\n<div class=\"one_half last\"><span class=\"responsive\"><img fetchpriority=\"high\" decoding=\"async\" class=\"alignnone size-full wp-image-11059\" src=\"https:\/\/www.iobevo.com\/online\/wp-content\/uploads\/2014\/04\/danubio.jpg\" alt=\"Danubio\" width=\"309\" height=\"359\" srcset=\"https:\/\/www.iobevo.com\/online\/wp-content\/uploads\/2014\/04\/danubio.jpg 309w, https:\/\/www.iobevo.com\/online\/wp-content\/uploads\/2014\/04\/danubio-258x300.jpg 258w\" sizes=\"(max-width: 309px) 100vw, 309px\" \/><\/span><\/div>\n<div class=\"clear\"><\/div><\/p>\n","protected":false},"excerpt":{"rendered":"<p>Danubio es el dispensador compacto que propone io bevo, para un n\u00famero medio-alto de usuarios, para el servicio del agua microfiltrada natural fr\u00eda, fr\u00eda gaseosa o natural a temperatura ambiente. La temperatura de salida del agua fr\u00eda se puede ajustar dependiendo de las exigencias espec\u00edficas, como tambi\u00e9n puede ser ajustada [&hellip;]<\/p>\n","protected":false},"author":58,"featured_media":2831,"parent":6793,"menu_order":11,"comment_status":"open","ping_status":"closed","template":"","meta":{"footnotes":""},"class_list":["post-6823","page","type-page","status-publish","has-post-thumbnail","hentry"],"yoast_head":"<!-- This site is optimized with the Yoast SEO plugin v27.6 - https:\/\/yoast.com\/product\/yoast-seo-wordpress\/ -->\n<title>Danubio - io bevo\u00ae<\/title>\n<meta name=\"robots\" content=\"index, follow, max-snippet:-1, max-image-preview:large, max-video-preview:-1\" \/>\n<link rel=\"canonical\" href=\"https:\/\/www.iobevo.com\/online\/distribuidores\/danubio\/?lang=es\" \/>\n<meta property=\"og:locale\" content=\"it_IT\" \/>\n<meta property=\"og:type\" content=\"article\" \/>\n<meta property=\"og:title\" content=\"Danubio - io bevo\u00ae\" \/>\n<meta property=\"og:description\" content=\"Danubio es el dispensador compacto que propone io bevo, para un n\u00famero medio-alto de usuarios, para el servicio del agua microfiltrada natural fr\u00eda, fr\u00eda gaseosa o natural a temperatura ambiente. La temperatura de salida del agua fr\u00eda se puede ajustar dependiendo de las exigencias espec\u00edficas, como tambi\u00e9n puede ser ajustada [&hellip;]\" \/>\n<meta property=\"og:url\" content=\"https:\/\/www.iobevo.com\/online\/distribuidores\/danubio\/?lang=es\" \/>\n<meta property=\"og:site_name\" content=\"io bevo\u00ae\" \/>\n<meta property=\"article:modified_time\" content=\"2018-02-19T17:16:49+00:00\" \/>\n<meta property=\"og:image\" content=\"https:\/\/www.iobevo.com\/online\/wp-content\/uploads\/2014\/01\/slide-2-bg-e1400667726929.png\" \/>\n\t<meta property=\"og:image:width\" content=\"1512\" \/>\n\t<meta property=\"og:image:height\" content=\"400\" \/>\n\t<meta property=\"og:image:type\" content=\"image\/png\" \/>\n<meta name=\"twitter:card\" content=\"summary_large_image\" \/>\n<meta name=\"twitter:site\" content=\"@IoBevo\" \/>\n<meta name=\"twitter:label1\" content=\"Tempo di lettura stimato\" \/>\n\t<meta name=\"twitter:data1\" content=\"1 minuto\" \/>\n<script type=\"application\/ld+json\" class=\"yoast-schema-graph\">{\"@context\":\"https:\\\/\\\/schema.org\",\"@graph\":[{\"@type\":\"WebPage\",\"@id\":\"https:\\\/\\\/www.iobevo.com\\\/online\\\/distribuidores\\\/danubio\\\/?lang=es\",\"url\":\"https:\\\/\\\/www.iobevo.com\\\/online\\\/distribuidores\\\/danubio\\\/?lang=es\",\"name\":\"Danubio - io bevo\u00ae\",\"isPartOf\":{\"@id\":\"https:\\\/\\\/www.iobevo.com\\\/online\\\/#website\"},\"primaryImageOfPage\":{\"@id\":\"https:\\\/\\\/www.iobevo.com\\\/online\\\/distribuidores\\\/danubio\\\/?lang=es#primaryimage\"},\"image\":{\"@id\":\"https:\\\/\\\/www.iobevo.com\\\/online\\\/distribuidores\\\/danubio\\\/?lang=es#primaryimage\"},\"thumbnailUrl\":\"https:\\\/\\\/www.iobevo.com\\\/online\\\/wp-content\\\/uploads\\\/2014\\\/01\\\/slide-2-bg-e1400667726929.png\",\"datePublished\":\"2014-07-11T19:29:40+00:00\",\"dateModified\":\"2018-02-19T17:16:49+00:00\",\"breadcrumb\":{\"@id\":\"https:\\\/\\\/www.iobevo.com\\\/online\\\/distribuidores\\\/danubio\\\/?lang=es#breadcrumb\"},\"inLanguage\":\"it-IT\",\"potentialAction\":[{\"@type\":\"ReadAction\",\"target\":[\"https:\\\/\\\/www.iobevo.com\\\/online\\\/distribuidores\\\/danubio\\\/?lang=es\"]}]},{\"@type\":\"ImageObject\",\"inLanguage\":\"it-IT\",\"@id\":\"https:\\\/\\\/www.iobevo.com\\\/online\\\/distribuidores\\\/danubio\\\/?lang=es#primaryimage\",\"url\":\"https:\\\/\\\/www.iobevo.com\\\/online\\\/wp-content\\\/uploads\\\/2014\\\/01\\\/slide-2-bg-e1400667726929.png\",\"contentUrl\":\"https:\\\/\\\/www.iobevo.com\\\/online\\\/wp-content\\\/uploads\\\/2014\\\/01\\\/slide-2-bg-e1400667726929.png\",\"width\":1512,\"height\":400},{\"@type\":\"BreadcrumbList\",\"@id\":\"https:\\\/\\\/www.iobevo.com\\\/online\\\/distribuidores\\\/danubio\\\/?lang=es#breadcrumb\",\"itemListElement\":[{\"@type\":\"ListItem\",\"position\":1,\"name\":\"Distribuidores\",\"item\":\"https:\\\/\\\/www.iobevo.com\\\/online\\\/distribuidores\\\/?lang=es\"},{\"@type\":\"ListItem\",\"position\":2,\"name\":\"Danubio\"}]},{\"@type\":\"WebSite\",\"@id\":\"https:\\\/\\\/www.iobevo.com\\\/online\\\/#website\",\"url\":\"https:\\\/\\\/www.iobevo.com\\\/online\\\/\",\"name\":\"io bevo\u00ae\",\"description\":\"Drink Plastic free\",\"publisher\":{\"@id\":\"https:\\\/\\\/www.iobevo.com\\\/online\\\/#organization\"},\"potentialAction\":[{\"@type\":\"SearchAction\",\"target\":{\"@type\":\"EntryPoint\",\"urlTemplate\":\"https:\\\/\\\/www.iobevo.com\\\/online\\\/?s={search_term_string}\"},\"query-input\":{\"@type\":\"PropertyValueSpecification\",\"valueRequired\":true,\"valueName\":\"search_term_string\"}}],\"inLanguage\":\"it-IT\"},{\"@type\":\"Organization\",\"@id\":\"https:\\\/\\\/www.iobevo.com\\\/online\\\/#organization\",\"name\":\"General Beverage\",\"url\":\"https:\\\/\\\/www.iobevo.com\\\/online\\\/\",\"logo\":{\"@type\":\"ImageObject\",\"inLanguage\":\"it-IT\",\"@id\":\"https:\\\/\\\/www.iobevo.com\\\/online\\\/#\\\/schema\\\/logo\\\/image\\\/\",\"url\":\"https:\\\/\\\/www.iobevo.com\\\/online\\\/wp-content\\\/uploads\\\/2014\\\/01\\\/logo_gb_horizontal_grey_160x47.png\",\"contentUrl\":\"https:\\\/\\\/www.iobevo.com\\\/online\\\/wp-content\\\/uploads\\\/2014\\\/01\\\/logo_gb_horizontal_grey_160x47.png\",\"width\":160,\"height\":47,\"caption\":\"General Beverage\"},\"image\":{\"@id\":\"https:\\\/\\\/www.iobevo.com\\\/online\\\/#\\\/schema\\\/logo\\\/image\\\/\"},\"sameAs\":[\"https:\\\/\\\/x.com\\\/IoBevo\"]}]}<\/script>\n<!-- \/ Yoast SEO plugin. -->","yoast_head_json":{"title":"Danubio - io bevo\u00ae","robots":{"index":"index","follow":"follow","max-snippet":"max-snippet:-1","max-image-preview":"max-image-preview:large","max-video-preview":"max-video-preview:-1"},"canonical":"https:\/\/www.iobevo.com\/online\/distribuidores\/danubio\/?lang=es","og_locale":"it_IT","og_type":"article","og_title":"Danubio - io bevo\u00ae","og_description":"Danubio es el dispensador compacto que propone io bevo, para un n\u00famero medio-alto de usuarios, para el servicio del agua microfiltrada natural fr\u00eda, fr\u00eda gaseosa o natural a temperatura ambiente. La temperatura de salida del agua fr\u00eda se puede ajustar dependiendo de las exigencias espec\u00edficas, como tambi\u00e9n puede ser ajustada [&hellip;]","og_url":"https:\/\/www.iobevo.com\/online\/distribuidores\/danubio\/?lang=es","og_site_name":"io bevo\u00ae","article_modified_time":"2018-02-19T17:16:49+00:00","og_image":[{"width":1512,"height":400,"url":"https:\/\/www.iobevo.com\/online\/wp-content\/uploads\/2014\/01\/slide-2-bg-e1400667726929.png","type":"image\/png"}],"twitter_card":"summary_large_image","twitter_site":"@IoBevo","twitter_misc":{"Tempo di lettura stimato":"1 minuto"},"schema":{"@context":"https:\/\/schema.org","@graph":[{"@type":"WebPage","@id":"https:\/\/www.iobevo.com\/online\/distribuidores\/danubio\/?lang=es","url":"https:\/\/www.iobevo.com\/online\/distribuidores\/danubio\/?lang=es","name":"Danubio - io bevo\u00ae","isPartOf":{"@id":"https:\/\/www.iobevo.com\/online\/#website"},"primaryImageOfPage":{"@id":"https:\/\/www.iobevo.com\/online\/distribuidores\/danubio\/?lang=es#primaryimage"},"image":{"@id":"https:\/\/www.iobevo.com\/online\/distribuidores\/danubio\/?lang=es#primaryimage"},"thumbnailUrl":"https:\/\/www.iobevo.com\/online\/wp-content\/uploads\/2014\/01\/slide-2-bg-e1400667726929.png","datePublished":"2014-07-11T19:29:40+00:00","dateModified":"2018-02-19T17:16:49+00:00","breadcrumb":{"@id":"https:\/\/www.iobevo.com\/online\/distribuidores\/danubio\/?lang=es#breadcrumb"},"inLanguage":"it-IT","potentialAction":[{"@type":"ReadAction","target":["https:\/\/www.iobevo.com\/online\/distribuidores\/danubio\/?lang=es"]}]},{"@type":"ImageObject","inLanguage":"it-IT","@id":"https:\/\/www.iobevo.com\/online\/distribuidores\/danubio\/?lang=es#primaryimage","url":"https:\/\/www.iobevo.com\/online\/wp-content\/uploads\/2014\/01\/slide-2-bg-e1400667726929.png","contentUrl":"https:\/\/www.iobevo.com\/online\/wp-content\/uploads\/2014\/01\/slide-2-bg-e1400667726929.png","width":1512,"height":400},{"@type":"BreadcrumbList","@id":"https:\/\/www.iobevo.com\/online\/distribuidores\/danubio\/?lang=es#breadcrumb","itemListElement":[{"@type":"ListItem","position":1,"name":"Distribuidores","item":"https:\/\/www.iobevo.com\/online\/distribuidores\/?lang=es"},{"@type":"ListItem","position":2,"name":"Danubio"}]},{"@type":"WebSite","@id":"https:\/\/www.iobevo.com\/online\/#website","url":"https:\/\/www.iobevo.com\/online\/","name":"io bevo\u00ae","description":"Drink Plastic free","publisher":{"@id":"https:\/\/www.iobevo.com\/online\/#organization"},"potentialAction":[{"@type":"SearchAction","target":{"@type":"EntryPoint","urlTemplate":"https:\/\/www.iobevo.com\/online\/?s={search_term_string}"},"query-input":{"@type":"PropertyValueSpecification","valueRequired":true,"valueName":"search_term_string"}}],"inLanguage":"it-IT"},{"@type":"Organization","@id":"https:\/\/www.iobevo.com\/online\/#organization","name":"General Beverage","url":"https:\/\/www.iobevo.com\/online\/","logo":{"@type":"ImageObject","inLanguage":"it-IT","@id":"https:\/\/www.iobevo.com\/online\/#\/schema\/logo\/image\/","url":"https:\/\/www.iobevo.com\/online\/wp-content\/uploads\/2014\/01\/logo_gb_horizontal_grey_160x47.png","contentUrl":"https:\/\/www.iobevo.com\/online\/wp-content\/uploads\/2014\/01\/logo_gb_horizontal_grey_160x47.png","width":160,"height":47,"caption":"General Beverage"},"image":{"@id":"https:\/\/www.iobevo.com\/online\/#\/schema\/logo\/image\/"},"sameAs":["https:\/\/x.com\/IoBevo"]}]}},"_links":{"self":[{"href":"https:\/\/www.iobevo.com\/online\/wp-json\/wp\/v2\/pages\/6823","targetHints":{"allow":["GET"]}}],"collection":[{"href":"https:\/\/www.iobevo.com\/online\/wp-json\/wp\/v2\/pages"}],"about":[{"href":"https:\/\/www.iobevo.com\/online\/wp-json\/wp\/v2\/types\/page"}],"author":[{"embeddable":true,"href":"https:\/\/www.iobevo.com\/online\/wp-json\/wp\/v2\/users\/58"}],"replies":[{"embeddable":true,"href":"https:\/\/www.iobevo.com\/online\/wp-json\/wp\/v2\/comments?post=6823"}],"version-history":[{"count":0,"href":"https:\/\/www.iobevo.com\/online\/wp-json\/wp\/v2\/pages\/6823\/revisions"}],"up":[{"embeddable":true,"href":"https:\/\/www.iobevo.com\/online\/wp-json\/wp\/v2\/pages\/6793"}],"wp:featuredmedia":[{"embeddable":true,"href":"https:\/\/www.iobevo.com\/online\/wp-json\/wp\/v2\/media\/2831"}],"wp:attachment":[{"href":"https:\/\/www.iobevo.com\/online\/wp-json\/wp\/v2\/media?parent=6823"}],"curies":[{"name":"wp","href":"https:\/\/api.w.org\/{rel}","templated":true}]}}