{"id":6825,"date":"2014-07-11T19:30:38","date_gmt":"2014-07-11T19:30:38","guid":{"rendered":"http:\/\/www.iobevo.com\/online\/?page_id=6825"},"modified":"2017-08-09T19:21:54","modified_gmt":"2017-08-09T17:21:54","slug":"big-5-catering-ristosano","status":"publish","type":"page","link":"https:\/\/www.iobevo.com\/online\/distribuidores\/big-5-catering-ristosano\/?lang=es","title":{"rendered":"Big 5 catering RistoSano\u00ae"},"content":{"rendered":"<p><strong>Big 5 catering RistoSano<\/strong>\u00ae es un equipo de cocina que ofrecemos para la realizaci\u00f3n del servicio <span class=\"mark2\"><a href=\"https:\/\/www.iobevo.com\/online\/es\/servicios\/io-sano\/\">RistoSano<\/a><\/span><span class=\"mark3\">\u00ae<\/span>.<br \/>\nSu instalaci\u00f3n se lleva a cabo en la cocina para el uso del personal con distribuci\u00f3n, sea con gastronorm o con platos individuales.<br \/>\nCada vez que se realiza la preparaci\u00f3n de los equipos y del formato de la distribuci\u00f3n se hace en base del men\u00fa y de las necesidades espec\u00edficas. En cualquier caso, las caracter\u00edsticas de los equipos permiten una amplia gama de posibilidades y combinaciones con el fin de ajustarse en la mejor manera a las necesidades espec\u00edficas de los men\u00fas y dietas.<\/p>\n<div class=\"gap\" style=\"height: 30px;\"><\/div>\n<h3 class=\"title\"><span>Caracter\u00edsticas t\u00e9cnicas<\/span><\/h3>\n<div class=\"one_half\">\n<div class=\"description clearfix style-1\">\n<p style=\"text-align: left;\">Voltaje-frecuencia<strong> 230 V &#8211; 50 Hz<\/strong><\/p>\n<p style=\"text-align: left;\">Potencia <strong>Kw3.2<\/strong><\/p>\n<p style=\"text-align: left;\">Capacidad de la caldera<strong> 10 Lt.<\/strong><\/p>\n<p style=\"text-align: left;\">N\u00famero de posibles selecciones <strong>12 x 2 dosis cada uno<\/strong><\/p>\n<p style=\"text-align: left;\">N\u00famero de productos de base <strong>6 internos + 6 externos<\/strong><\/p>\n<p style=\"text-align: left;\">Temperatura productos <strong>90 \u00b0 \/ 95 \u00b0<\/strong><\/p>\n<p style=\"text-align: left;\">Toma de corriente <strong>Schuko<\/strong><\/p>\n<p style=\"text-align: left;\">Salida de agua <strong>\u00bd &#8220;<\/strong><\/p>\n<p style=\"text-align: left;\">Ancho <strong>500 mm<\/strong><\/p>\n<p style=\"text-align: left;\">Profundidad <strong>540 mm<\/strong><\/p>\n<p style=\"text-align: left;\">Altura<strong> 830 mm<\/strong><\/p>\n<p style=\"text-align: center;\"><\/div>\n<\/div>\n<div class=\"one_half last\"><span class=\"responsive\"><img fetchpriority=\"high\" decoding=\"async\" class=\"alignnone wp-image-12648\" title=\"Big5 Catering RistoSano\" src=\"https:\/\/www.iobevo.com\/online\/wp-content\/uploads\/2014\/04\/big5_catering_ristosano-1.jpg\" alt=\"Big5 Catering RistoSano\" width=\"300\" height=\"387\" srcset=\"https:\/\/www.iobevo.com\/online\/wp-content\/uploads\/2014\/04\/big5_catering_ristosano-1.jpg 1102w, https:\/\/www.iobevo.com\/online\/wp-content\/uploads\/2014\/04\/big5_catering_ristosano-1-233x300.jpg 233w, https:\/\/www.iobevo.com\/online\/wp-content\/uploads\/2014\/04\/big5_catering_ristosano-1-768x990.jpg 768w, https:\/\/www.iobevo.com\/online\/wp-content\/uploads\/2014\/04\/big5_catering_ristosano-1-794x1024.jpg 794w\" sizes=\"(max-width: 300px) 100vw, 300px\" \/><\/span><\/div>\n<div class=\"clear\"><\/div><\/p>\n","protected":false},"excerpt":{"rendered":"<p>Big 5 catering RistoSano\u00ae es un equipo de cocina que ofrecemos para la realizaci\u00f3n del servicio RistoSano\u00ae. Su instalaci\u00f3n se lleva a cabo en la cocina para el uso del personal con distribuci\u00f3n, sea con gastronorm o con platos individuales. Cada vez que se realiza la preparaci\u00f3n de los equipos [&hellip;]<\/p>\n","protected":false},"author":58,"featured_media":2831,"parent":6793,"menu_order":12,"comment_status":"open","ping_status":"closed","template":"","meta":{"footnotes":""},"class_list":["post-6825","page","type-page","status-publish","has-post-thumbnail","hentry"],"yoast_head":"<!-- This site is optimized with the Yoast SEO plugin v27.5 - https:\/\/yoast.com\/product\/yoast-seo-wordpress\/ -->\n<title>Big 5 catering RistoSano\u00ae - io bevo\u00ae<\/title>\n<meta name=\"robots\" content=\"index, follow, max-snippet:-1, max-image-preview:large, max-video-preview:-1\" \/>\n<link rel=\"canonical\" href=\"https:\/\/www.iobevo.com\/online\/distribuidores\/big-5-catering-ristosano\/?lang=es\" \/>\n<meta property=\"og:locale\" content=\"it_IT\" \/>\n<meta property=\"og:type\" content=\"article\" \/>\n<meta property=\"og:title\" content=\"Big 5 catering RistoSano\u00ae - io bevo\u00ae\" \/>\n<meta property=\"og:description\" content=\"Big 5 catering RistoSano\u00ae es un equipo de cocina que ofrecemos para la realizaci\u00f3n del servicio RistoSano\u00ae. Su instalaci\u00f3n se lleva a cabo en la cocina para el uso del personal con distribuci\u00f3n, sea con gastronorm o con platos individuales. Cada vez que se realiza la preparaci\u00f3n de los equipos [&hellip;]\" \/>\n<meta property=\"og:url\" content=\"https:\/\/www.iobevo.com\/online\/distribuidores\/big-5-catering-ristosano\/?lang=es\" \/>\n<meta property=\"og:site_name\" content=\"io bevo\u00ae\" \/>\n<meta property=\"article:modified_time\" content=\"2017-08-09T17:21:54+00:00\" \/>\n<meta property=\"og:image\" content=\"https:\/\/www.iobevo.com\/online\/wp-content\/uploads\/2014\/01\/slide-2-bg-e1400667726929.png\" \/>\n\t<meta property=\"og:image:width\" content=\"1512\" \/>\n\t<meta property=\"og:image:height\" content=\"400\" \/>\n\t<meta property=\"og:image:type\" content=\"image\/png\" \/>\n<meta name=\"twitter:card\" content=\"summary_large_image\" \/>\n<meta name=\"twitter:site\" content=\"@IoBevo\" \/>\n<meta name=\"twitter:label1\" content=\"Tempo di lettura stimato\" \/>\n\t<meta name=\"twitter:data1\" content=\"1 minuto\" \/>\n<script type=\"application\/ld+json\" class=\"yoast-schema-graph\">{\"@context\":\"https:\\\/\\\/schema.org\",\"@graph\":[{\"@type\":\"WebPage\",\"@id\":\"https:\\\/\\\/www.iobevo.com\\\/online\\\/distribuidores\\\/big-5-catering-ristosano\\\/?lang=es\",\"url\":\"https:\\\/\\\/www.iobevo.com\\\/online\\\/distribuidores\\\/big-5-catering-ristosano\\\/?lang=es\",\"name\":\"Big 5 catering RistoSano\u00ae - io bevo\u00ae\",\"isPartOf\":{\"@id\":\"https:\\\/\\\/www.iobevo.com\\\/online\\\/#website\"},\"primaryImageOfPage\":{\"@id\":\"https:\\\/\\\/www.iobevo.com\\\/online\\\/distribuidores\\\/big-5-catering-ristosano\\\/?lang=es#primaryimage\"},\"image\":{\"@id\":\"https:\\\/\\\/www.iobevo.com\\\/online\\\/distribuidores\\\/big-5-catering-ristosano\\\/?lang=es#primaryimage\"},\"thumbnailUrl\":\"https:\\\/\\\/www.iobevo.com\\\/online\\\/wp-content\\\/uploads\\\/2014\\\/01\\\/slide-2-bg-e1400667726929.png\",\"datePublished\":\"2014-07-11T19:30:38+00:00\",\"dateModified\":\"2017-08-09T17:21:54+00:00\",\"breadcrumb\":{\"@id\":\"https:\\\/\\\/www.iobevo.com\\\/online\\\/distribuidores\\\/big-5-catering-ristosano\\\/?lang=es#breadcrumb\"},\"inLanguage\":\"it-IT\",\"potentialAction\":[{\"@type\":\"ReadAction\",\"target\":[\"https:\\\/\\\/www.iobevo.com\\\/online\\\/distribuidores\\\/big-5-catering-ristosano\\\/?lang=es\"]}]},{\"@type\":\"ImageObject\",\"inLanguage\":\"it-IT\",\"@id\":\"https:\\\/\\\/www.iobevo.com\\\/online\\\/distribuidores\\\/big-5-catering-ristosano\\\/?lang=es#primaryimage\",\"url\":\"https:\\\/\\\/www.iobevo.com\\\/online\\\/wp-content\\\/uploads\\\/2014\\\/01\\\/slide-2-bg-e1400667726929.png\",\"contentUrl\":\"https:\\\/\\\/www.iobevo.com\\\/online\\\/wp-content\\\/uploads\\\/2014\\\/01\\\/slide-2-bg-e1400667726929.png\",\"width\":1512,\"height\":400},{\"@type\":\"BreadcrumbList\",\"@id\":\"https:\\\/\\\/www.iobevo.com\\\/online\\\/distribuidores\\\/big-5-catering-ristosano\\\/?lang=es#breadcrumb\",\"itemListElement\":[{\"@type\":\"ListItem\",\"position\":1,\"name\":\"Distribuidores\",\"item\":\"https:\\\/\\\/www.iobevo.com\\\/online\\\/distribuidores\\\/?lang=es\"},{\"@type\":\"ListItem\",\"position\":2,\"name\":\"Big 5 catering RistoSano\u00ae\"}]},{\"@type\":\"WebSite\",\"@id\":\"https:\\\/\\\/www.iobevo.com\\\/online\\\/#website\",\"url\":\"https:\\\/\\\/www.iobevo.com\\\/online\\\/\",\"name\":\"io bevo\u00ae\",\"description\":\"Drink Plastic free\",\"publisher\":{\"@id\":\"https:\\\/\\\/www.iobevo.com\\\/online\\\/#organization\"},\"potentialAction\":[{\"@type\":\"SearchAction\",\"target\":{\"@type\":\"EntryPoint\",\"urlTemplate\":\"https:\\\/\\\/www.iobevo.com\\\/online\\\/?s={search_term_string}\"},\"query-input\":{\"@type\":\"PropertyValueSpecification\",\"valueRequired\":true,\"valueName\":\"search_term_string\"}}],\"inLanguage\":\"it-IT\"},{\"@type\":\"Organization\",\"@id\":\"https:\\\/\\\/www.iobevo.com\\\/online\\\/#organization\",\"name\":\"General Beverage\",\"url\":\"https:\\\/\\\/www.iobevo.com\\\/online\\\/\",\"logo\":{\"@type\":\"ImageObject\",\"inLanguage\":\"it-IT\",\"@id\":\"https:\\\/\\\/www.iobevo.com\\\/online\\\/#\\\/schema\\\/logo\\\/image\\\/\",\"url\":\"https:\\\/\\\/www.iobevo.com\\\/online\\\/wp-content\\\/uploads\\\/2014\\\/01\\\/logo_gb_horizontal_grey_160x47.png\",\"contentUrl\":\"https:\\\/\\\/www.iobevo.com\\\/online\\\/wp-content\\\/uploads\\\/2014\\\/01\\\/logo_gb_horizontal_grey_160x47.png\",\"width\":160,\"height\":47,\"caption\":\"General Beverage\"},\"image\":{\"@id\":\"https:\\\/\\\/www.iobevo.com\\\/online\\\/#\\\/schema\\\/logo\\\/image\\\/\"},\"sameAs\":[\"https:\\\/\\\/x.com\\\/IoBevo\"]}]}<\/script>\n<!-- \/ Yoast SEO plugin. -->","yoast_head_json":{"title":"Big 5 catering RistoSano\u00ae - io bevo\u00ae","robots":{"index":"index","follow":"follow","max-snippet":"max-snippet:-1","max-image-preview":"max-image-preview:large","max-video-preview":"max-video-preview:-1"},"canonical":"https:\/\/www.iobevo.com\/online\/distribuidores\/big-5-catering-ristosano\/?lang=es","og_locale":"it_IT","og_type":"article","og_title":"Big 5 catering RistoSano\u00ae - io bevo\u00ae","og_description":"Big 5 catering RistoSano\u00ae es un equipo de cocina que ofrecemos para la realizaci\u00f3n del servicio RistoSano\u00ae. Su instalaci\u00f3n se lleva a cabo en la cocina para el uso del personal con distribuci\u00f3n, sea con gastronorm o con platos individuales. Cada vez que se realiza la preparaci\u00f3n de los equipos [&hellip;]","og_url":"https:\/\/www.iobevo.com\/online\/distribuidores\/big-5-catering-ristosano\/?lang=es","og_site_name":"io bevo\u00ae","article_modified_time":"2017-08-09T17:21:54+00:00","og_image":[{"width":1512,"height":400,"url":"https:\/\/www.iobevo.com\/online\/wp-content\/uploads\/2014\/01\/slide-2-bg-e1400667726929.png","type":"image\/png"}],"twitter_card":"summary_large_image","twitter_site":"@IoBevo","twitter_misc":{"Tempo di lettura stimato":"1 minuto"},"schema":{"@context":"https:\/\/schema.org","@graph":[{"@type":"WebPage","@id":"https:\/\/www.iobevo.com\/online\/distribuidores\/big-5-catering-ristosano\/?lang=es","url":"https:\/\/www.iobevo.com\/online\/distribuidores\/big-5-catering-ristosano\/?lang=es","name":"Big 5 catering RistoSano\u00ae - io bevo\u00ae","isPartOf":{"@id":"https:\/\/www.iobevo.com\/online\/#website"},"primaryImageOfPage":{"@id":"https:\/\/www.iobevo.com\/online\/distribuidores\/big-5-catering-ristosano\/?lang=es#primaryimage"},"image":{"@id":"https:\/\/www.iobevo.com\/online\/distribuidores\/big-5-catering-ristosano\/?lang=es#primaryimage"},"thumbnailUrl":"https:\/\/www.iobevo.com\/online\/wp-content\/uploads\/2014\/01\/slide-2-bg-e1400667726929.png","datePublished":"2014-07-11T19:30:38+00:00","dateModified":"2017-08-09T17:21:54+00:00","breadcrumb":{"@id":"https:\/\/www.iobevo.com\/online\/distribuidores\/big-5-catering-ristosano\/?lang=es#breadcrumb"},"inLanguage":"it-IT","potentialAction":[{"@type":"ReadAction","target":["https:\/\/www.iobevo.com\/online\/distribuidores\/big-5-catering-ristosano\/?lang=es"]}]},{"@type":"ImageObject","inLanguage":"it-IT","@id":"https:\/\/www.iobevo.com\/online\/distribuidores\/big-5-catering-ristosano\/?lang=es#primaryimage","url":"https:\/\/www.iobevo.com\/online\/wp-content\/uploads\/2014\/01\/slide-2-bg-e1400667726929.png","contentUrl":"https:\/\/www.iobevo.com\/online\/wp-content\/uploads\/2014\/01\/slide-2-bg-e1400667726929.png","width":1512,"height":400},{"@type":"BreadcrumbList","@id":"https:\/\/www.iobevo.com\/online\/distribuidores\/big-5-catering-ristosano\/?lang=es#breadcrumb","itemListElement":[{"@type":"ListItem","position":1,"name":"Distribuidores","item":"https:\/\/www.iobevo.com\/online\/distribuidores\/?lang=es"},{"@type":"ListItem","position":2,"name":"Big 5 catering RistoSano\u00ae"}]},{"@type":"WebSite","@id":"https:\/\/www.iobevo.com\/online\/#website","url":"https:\/\/www.iobevo.com\/online\/","name":"io bevo\u00ae","description":"Drink Plastic free","publisher":{"@id":"https:\/\/www.iobevo.com\/online\/#organization"},"potentialAction":[{"@type":"SearchAction","target":{"@type":"EntryPoint","urlTemplate":"https:\/\/www.iobevo.com\/online\/?s={search_term_string}"},"query-input":{"@type":"PropertyValueSpecification","valueRequired":true,"valueName":"search_term_string"}}],"inLanguage":"it-IT"},{"@type":"Organization","@id":"https:\/\/www.iobevo.com\/online\/#organization","name":"General Beverage","url":"https:\/\/www.iobevo.com\/online\/","logo":{"@type":"ImageObject","inLanguage":"it-IT","@id":"https:\/\/www.iobevo.com\/online\/#\/schema\/logo\/image\/","url":"https:\/\/www.iobevo.com\/online\/wp-content\/uploads\/2014\/01\/logo_gb_horizontal_grey_160x47.png","contentUrl":"https:\/\/www.iobevo.com\/online\/wp-content\/uploads\/2014\/01\/logo_gb_horizontal_grey_160x47.png","width":160,"height":47,"caption":"General Beverage"},"image":{"@id":"https:\/\/www.iobevo.com\/online\/#\/schema\/logo\/image\/"},"sameAs":["https:\/\/x.com\/IoBevo"]}]}},"_links":{"self":[{"href":"https:\/\/www.iobevo.com\/online\/wp-json\/wp\/v2\/pages\/6825","targetHints":{"allow":["GET"]}}],"collection":[{"href":"https:\/\/www.iobevo.com\/online\/wp-json\/wp\/v2\/pages"}],"about":[{"href":"https:\/\/www.iobevo.com\/online\/wp-json\/wp\/v2\/types\/page"}],"author":[{"embeddable":true,"href":"https:\/\/www.iobevo.com\/online\/wp-json\/wp\/v2\/users\/58"}],"replies":[{"embeddable":true,"href":"https:\/\/www.iobevo.com\/online\/wp-json\/wp\/v2\/comments?post=6825"}],"version-history":[{"count":0,"href":"https:\/\/www.iobevo.com\/online\/wp-json\/wp\/v2\/pages\/6825\/revisions"}],"up":[{"embeddable":true,"href":"https:\/\/www.iobevo.com\/online\/wp-json\/wp\/v2\/pages\/6793"}],"wp:featuredmedia":[{"embeddable":true,"href":"https:\/\/www.iobevo.com\/online\/wp-json\/wp\/v2\/media\/2831"}],"wp:attachment":[{"href":"https:\/\/www.iobevo.com\/online\/wp-json\/wp\/v2\/media?parent=6825"}],"curies":[{"name":"wp","href":"https:\/\/api.w.org\/{rel}","templated":true}]}}