{"id":6827,"date":"2014-07-11T19:31:16","date_gmt":"2014-07-11T19:31:16","guid":{"rendered":"http:\/\/www.iobevo.com\/online\/?page_id=6827"},"modified":"2014-08-05T18:17:55","modified_gmt":"2014-08-05T18:17:55","slug":"6827-2","status":"publish","type":"page","link":"https:\/\/www.iobevo.com\/online\/distribuidores\/6827-2\/?lang=es","title":{"rendered":"Big 5 catering BevoSano"},"content":{"rendered":"<p><strong>Big 5 catering BevoSano<\/strong> es el dispensador que proponemos para la distribuci\u00f3n de bebidas para el desayuno en el sector de la salud y en general para servicios en donde sea necesario combinar alta calidad del producto con altas prestaciones t\u00e9cnicas: velocidad en la entrega, fiabilidad t\u00e9cnica, autonom\u00eda, seguridad higi\u00e9nico sanitaria.<\/p>\n<p>Big 5 catering BevoSano, con una base de 6 solubles bases, le da la posibilidad de obtener hasta un m\u00e1ximo de 12 selecciones de bebidas calientes, para elegir entre las tradicionales, endulzadas sin sacarosa, gelificadas y espesadas, para el sector de la salud.<br \/>\n<strong>Big 5 catering BevoSano<\/strong> tiene tambi\u00e9n la posibilidad de programar un bot\u00f3n para las dosis en jarras, haciendo que las selecciones puedan ser hasta 24 en total. Su instalaci\u00f3n se puede realizar sea para un self service como para una cocina, para uso del personal con distribuci\u00f3n en jarras. Las bebidas vienen dosificadas de acuerdo a sus necesidades y todo el consumo viene almacenado en un software interno.<\/p>\n<h3 class=\"title\"><span>Carater\u00edcticas t\u00e9cnicas<\/span><\/h3>\n<div class=\"one_half\">\n<div class=\"description clearfix style-1\">\n<p>Voltaje\/Frecuencia <strong>230 V \u2013 50 Hz<\/strong><\/p>\n<p>Consumo m\u00e1ximo de <strong>energ\u00eda 3,2 Kw<\/strong><\/p>\n<p>Toma de corriente <strong>Schuko 16A<\/strong><\/p>\n<p>Salida agua <strong>\u00bd \u201c<\/strong><\/p>\n<p>Capacidad caldera <strong>Lt 10<\/strong><\/p>\n<p>N\u00famero selecciones posibles <strong>12 x 2<\/strong><\/p>\n<p>N\u00famero productos base <strong>6<\/strong><\/p>\n<p>Temperatura de salida de<strong> 70\u00b0C a 90\u00b0C<\/strong><\/p>\n<p>Peso <strong>Kg 35<\/strong><\/p>\n<p>Ancho <strong>500 mm<\/strong><\/p>\n<p>Profundidad <strong>540 mm<\/strong><\/p>\n<p>Altura <strong>830 mm<\/strong><\/p>\n<p>Medidas Banco de apoyo <strong>(Ancho x Profundidad x Altura)<\/strong><br \/>\n<strong>500 mm x 540 mm x 1000 mm<\/strong><\/p>\n<p style=\"text-align: center;\"><\/div>\n<\/div>\n<div class=\"one_half last\"><span class=\"responsive\"><img fetchpriority=\"high\" decoding=\"async\" class=\"aligncenter wp-image-3787 size-full\" src=\"http:\/\/iobevo.com\/online\/wp-content\/uploads\/2014\/04\/bi5catering_bevosano.jpg\" alt=\"bi5catering_bevosano\" width=\"230\" height=\"600\" srcset=\"https:\/\/www.iobevo.com\/online\/wp-content\/uploads\/2014\/04\/bi5catering_bevosano.jpg 230w, https:\/\/www.iobevo.com\/online\/wp-content\/uploads\/2014\/04\/bi5catering_bevosano-115x300.jpg 115w\" sizes=\"(max-width: 230px) 100vw, 230px\" \/><\/span><\/div>\n<div class=\"clear\"><\/div>\n<\/p>\n<h3 class=\"title\"><span>Altre caratteristiche del distributore<\/span><\/h3>\n<p><strong>Ahorro de energ\u00eda<\/strong><br \/>\nDe acuerdo con las caracter\u00edsticas de sostenibilidad ambiental de los servicios General Beverage, los distribuidores utilizados han sido dise\u00f1ados y fabricados para lograr un real ahorro de energ\u00eda ya que las calderas est\u00e1n equipadas con un aislamiento especial Armaflex AC, material altamente flexible de c\u00e9lula cerrada.<\/p>\n<p><strong>Descripci\u00f3n Armaflex AC:<\/strong><br \/>\nMaterial de aislamiento altamente flexible de c\u00e9lula cerrada.<br \/>\nMaterial Elast\u00f3mero a base de caucho sint\u00e9tico con buena conductividad t\u00e9rmica. Sus caracter\u00edsticas t\u00e9rmicas proporcionan un excelente aislamiento y control de condensaci\u00f3n.<\/p>\n<p><strong>Factor de resistencia a la difusi\u00f3n del vapore de agua<\/strong> :<br \/>\n\u03bc \u2265 7.000 (Certificado Reg.n. D3319 cumple con la norma EN 13469 para tubos &#8211; EN 12086 para las placas)<br \/>\nLas ventajas<\/p>\n<ul>\n<li>\u00a0Ofrece ahorro de energ\u00eda<\/li>\n<li>\u00a0Eficiente barrera de vapor<\/li>\n<\/ul>\n<p>Adem\u00e1s los distribuidores est\u00e1n equipados con un control de temperatura de la caldera libremente programable. Por lo tanto el usuario puede decidir si bloquear o bajar la temperatura del agua cuando sea necesario, todo programable v\u00eda software. El ahorro de energ\u00eda como resultado de estas caracter\u00edsticas y predisposiciones se estima en alrededor un 30% en condiciones ambientales normales.<\/p>\n","protected":false},"excerpt":{"rendered":"<p>Big 5 catering BevoSano es el dispensador que proponemos para la distribuci\u00f3n de bebidas para el desayuno en el sector de la salud y en general para servicios en donde sea necesario combinar alta calidad del producto con altas prestaciones t\u00e9cnicas: velocidad en la entrega, fiabilidad t\u00e9cnica, autonom\u00eda, seguridad higi\u00e9nico [&hellip;]<\/p>\n","protected":false},"author":58,"featured_media":2831,"parent":6793,"menu_order":13,"comment_status":"open","ping_status":"closed","template":"","meta":{"footnotes":""},"class_list":["post-6827","page","type-page","status-publish","has-post-thumbnail","hentry"],"yoast_head":"<!-- This site is optimized with the Yoast SEO plugin v27.4 - https:\/\/yoast.com\/product\/yoast-seo-wordpress\/ -->\n<title>Big 5 catering BevoSano - io bevo\u00ae<\/title>\n<meta name=\"robots\" content=\"index, follow, max-snippet:-1, max-image-preview:large, max-video-preview:-1\" \/>\n<link rel=\"canonical\" href=\"https:\/\/www.iobevo.com\/online\/distribuidores\/6827-2\/?lang=es\" \/>\n<meta property=\"og:locale\" content=\"it_IT\" \/>\n<meta property=\"og:type\" content=\"article\" \/>\n<meta property=\"og:title\" content=\"Big 5 catering BevoSano - io bevo\u00ae\" \/>\n<meta property=\"og:description\" content=\"Big 5 catering BevoSano es el dispensador que proponemos para la distribuci\u00f3n de bebidas para el desayuno en el sector de la salud y en general para servicios en donde sea necesario combinar alta calidad del producto con altas prestaciones t\u00e9cnicas: velocidad en la entrega, fiabilidad t\u00e9cnica, autonom\u00eda, seguridad higi\u00e9nico [&hellip;]\" \/>\n<meta property=\"og:url\" content=\"https:\/\/www.iobevo.com\/online\/distribuidores\/6827-2\/?lang=es\" \/>\n<meta property=\"og:site_name\" content=\"io bevo\u00ae\" \/>\n<meta property=\"article:modified_time\" content=\"2014-08-05T18:17:55+00:00\" \/>\n<meta property=\"og:image\" content=\"https:\/\/www.iobevo.com\/online\/wp-content\/uploads\/2014\/01\/slide-2-bg-e1400667726929.png\" \/>\n\t<meta property=\"og:image:width\" content=\"1512\" \/>\n\t<meta property=\"og:image:height\" content=\"400\" \/>\n\t<meta property=\"og:image:type\" content=\"image\/png\" \/>\n<meta name=\"twitter:card\" content=\"summary_large_image\" \/>\n<meta name=\"twitter:site\" content=\"@IoBevo\" \/>\n<meta name=\"twitter:label1\" content=\"Tempo di lettura stimato\" \/>\n\t<meta name=\"twitter:data1\" content=\"2 minuti\" \/>\n<script type=\"application\/ld+json\" class=\"yoast-schema-graph\">{\"@context\":\"https:\\\/\\\/schema.org\",\"@graph\":[{\"@type\":\"WebPage\",\"@id\":\"https:\\\/\\\/www.iobevo.com\\\/online\\\/distribuidores\\\/6827-2\\\/?lang=es\",\"url\":\"https:\\\/\\\/www.iobevo.com\\\/online\\\/distribuidores\\\/6827-2\\\/?lang=es\",\"name\":\"Big 5 catering BevoSano - io bevo\u00ae\",\"isPartOf\":{\"@id\":\"https:\\\/\\\/www.iobevo.com\\\/online\\\/#website\"},\"primaryImageOfPage\":{\"@id\":\"https:\\\/\\\/www.iobevo.com\\\/online\\\/distribuidores\\\/6827-2\\\/?lang=es#primaryimage\"},\"image\":{\"@id\":\"https:\\\/\\\/www.iobevo.com\\\/online\\\/distribuidores\\\/6827-2\\\/?lang=es#primaryimage\"},\"thumbnailUrl\":\"https:\\\/\\\/www.iobevo.com\\\/online\\\/wp-content\\\/uploads\\\/2014\\\/01\\\/slide-2-bg-e1400667726929.png\",\"datePublished\":\"2014-07-11T19:31:16+00:00\",\"dateModified\":\"2014-08-05T18:17:55+00:00\",\"breadcrumb\":{\"@id\":\"https:\\\/\\\/www.iobevo.com\\\/online\\\/distribuidores\\\/6827-2\\\/?lang=es#breadcrumb\"},\"inLanguage\":\"it-IT\",\"potentialAction\":[{\"@type\":\"ReadAction\",\"target\":[\"https:\\\/\\\/www.iobevo.com\\\/online\\\/distribuidores\\\/6827-2\\\/?lang=es\"]}]},{\"@type\":\"ImageObject\",\"inLanguage\":\"it-IT\",\"@id\":\"https:\\\/\\\/www.iobevo.com\\\/online\\\/distribuidores\\\/6827-2\\\/?lang=es#primaryimage\",\"url\":\"https:\\\/\\\/www.iobevo.com\\\/online\\\/wp-content\\\/uploads\\\/2014\\\/01\\\/slide-2-bg-e1400667726929.png\",\"contentUrl\":\"https:\\\/\\\/www.iobevo.com\\\/online\\\/wp-content\\\/uploads\\\/2014\\\/01\\\/slide-2-bg-e1400667726929.png\",\"width\":1512,\"height\":400},{\"@type\":\"BreadcrumbList\",\"@id\":\"https:\\\/\\\/www.iobevo.com\\\/online\\\/distribuidores\\\/6827-2\\\/?lang=es#breadcrumb\",\"itemListElement\":[{\"@type\":\"ListItem\",\"position\":1,\"name\":\"Distribuidores\",\"item\":\"https:\\\/\\\/www.iobevo.com\\\/online\\\/distribuidores\\\/?lang=es\"},{\"@type\":\"ListItem\",\"position\":2,\"name\":\"Big 5 catering BevoSano\"}]},{\"@type\":\"WebSite\",\"@id\":\"https:\\\/\\\/www.iobevo.com\\\/online\\\/#website\",\"url\":\"https:\\\/\\\/www.iobevo.com\\\/online\\\/\",\"name\":\"io bevo\u00ae\",\"description\":\"Drink Plastic free\",\"publisher\":{\"@id\":\"https:\\\/\\\/www.iobevo.com\\\/online\\\/#organization\"},\"potentialAction\":[{\"@type\":\"SearchAction\",\"target\":{\"@type\":\"EntryPoint\",\"urlTemplate\":\"https:\\\/\\\/www.iobevo.com\\\/online\\\/?s={search_term_string}\"},\"query-input\":{\"@type\":\"PropertyValueSpecification\",\"valueRequired\":true,\"valueName\":\"search_term_string\"}}],\"inLanguage\":\"it-IT\"},{\"@type\":\"Organization\",\"@id\":\"https:\\\/\\\/www.iobevo.com\\\/online\\\/#organization\",\"name\":\"General Beverage\",\"url\":\"https:\\\/\\\/www.iobevo.com\\\/online\\\/\",\"logo\":{\"@type\":\"ImageObject\",\"inLanguage\":\"it-IT\",\"@id\":\"https:\\\/\\\/www.iobevo.com\\\/online\\\/#\\\/schema\\\/logo\\\/image\\\/\",\"url\":\"https:\\\/\\\/www.iobevo.com\\\/online\\\/wp-content\\\/uploads\\\/2014\\\/01\\\/logo_gb_horizontal_grey_160x47.png\",\"contentUrl\":\"https:\\\/\\\/www.iobevo.com\\\/online\\\/wp-content\\\/uploads\\\/2014\\\/01\\\/logo_gb_horizontal_grey_160x47.png\",\"width\":160,\"height\":47,\"caption\":\"General Beverage\"},\"image\":{\"@id\":\"https:\\\/\\\/www.iobevo.com\\\/online\\\/#\\\/schema\\\/logo\\\/image\\\/\"},\"sameAs\":[\"https:\\\/\\\/x.com\\\/IoBevo\"]}]}<\/script>\n<!-- \/ Yoast SEO plugin. -->","yoast_head_json":{"title":"Big 5 catering BevoSano - io bevo\u00ae","robots":{"index":"index","follow":"follow","max-snippet":"max-snippet:-1","max-image-preview":"max-image-preview:large","max-video-preview":"max-video-preview:-1"},"canonical":"https:\/\/www.iobevo.com\/online\/distribuidores\/6827-2\/?lang=es","og_locale":"it_IT","og_type":"article","og_title":"Big 5 catering BevoSano - io bevo\u00ae","og_description":"Big 5 catering BevoSano es el dispensador que proponemos para la distribuci\u00f3n de bebidas para el desayuno en el sector de la salud y en general para servicios en donde sea necesario combinar alta calidad del producto con altas prestaciones t\u00e9cnicas: velocidad en la entrega, fiabilidad t\u00e9cnica, autonom\u00eda, seguridad higi\u00e9nico [&hellip;]","og_url":"https:\/\/www.iobevo.com\/online\/distribuidores\/6827-2\/?lang=es","og_site_name":"io bevo\u00ae","article_modified_time":"2014-08-05T18:17:55+00:00","og_image":[{"width":1512,"height":400,"url":"https:\/\/www.iobevo.com\/online\/wp-content\/uploads\/2014\/01\/slide-2-bg-e1400667726929.png","type":"image\/png"}],"twitter_card":"summary_large_image","twitter_site":"@IoBevo","twitter_misc":{"Tempo di lettura stimato":"2 minuti"},"schema":{"@context":"https:\/\/schema.org","@graph":[{"@type":"WebPage","@id":"https:\/\/www.iobevo.com\/online\/distribuidores\/6827-2\/?lang=es","url":"https:\/\/www.iobevo.com\/online\/distribuidores\/6827-2\/?lang=es","name":"Big 5 catering BevoSano - io bevo\u00ae","isPartOf":{"@id":"https:\/\/www.iobevo.com\/online\/#website"},"primaryImageOfPage":{"@id":"https:\/\/www.iobevo.com\/online\/distribuidores\/6827-2\/?lang=es#primaryimage"},"image":{"@id":"https:\/\/www.iobevo.com\/online\/distribuidores\/6827-2\/?lang=es#primaryimage"},"thumbnailUrl":"https:\/\/www.iobevo.com\/online\/wp-content\/uploads\/2014\/01\/slide-2-bg-e1400667726929.png","datePublished":"2014-07-11T19:31:16+00:00","dateModified":"2014-08-05T18:17:55+00:00","breadcrumb":{"@id":"https:\/\/www.iobevo.com\/online\/distribuidores\/6827-2\/?lang=es#breadcrumb"},"inLanguage":"it-IT","potentialAction":[{"@type":"ReadAction","target":["https:\/\/www.iobevo.com\/online\/distribuidores\/6827-2\/?lang=es"]}]},{"@type":"ImageObject","inLanguage":"it-IT","@id":"https:\/\/www.iobevo.com\/online\/distribuidores\/6827-2\/?lang=es#primaryimage","url":"https:\/\/www.iobevo.com\/online\/wp-content\/uploads\/2014\/01\/slide-2-bg-e1400667726929.png","contentUrl":"https:\/\/www.iobevo.com\/online\/wp-content\/uploads\/2014\/01\/slide-2-bg-e1400667726929.png","width":1512,"height":400},{"@type":"BreadcrumbList","@id":"https:\/\/www.iobevo.com\/online\/distribuidores\/6827-2\/?lang=es#breadcrumb","itemListElement":[{"@type":"ListItem","position":1,"name":"Distribuidores","item":"https:\/\/www.iobevo.com\/online\/distribuidores\/?lang=es"},{"@type":"ListItem","position":2,"name":"Big 5 catering BevoSano"}]},{"@type":"WebSite","@id":"https:\/\/www.iobevo.com\/online\/#website","url":"https:\/\/www.iobevo.com\/online\/","name":"io bevo\u00ae","description":"Drink Plastic free","publisher":{"@id":"https:\/\/www.iobevo.com\/online\/#organization"},"potentialAction":[{"@type":"SearchAction","target":{"@type":"EntryPoint","urlTemplate":"https:\/\/www.iobevo.com\/online\/?s={search_term_string}"},"query-input":{"@type":"PropertyValueSpecification","valueRequired":true,"valueName":"search_term_string"}}],"inLanguage":"it-IT"},{"@type":"Organization","@id":"https:\/\/www.iobevo.com\/online\/#organization","name":"General Beverage","url":"https:\/\/www.iobevo.com\/online\/","logo":{"@type":"ImageObject","inLanguage":"it-IT","@id":"https:\/\/www.iobevo.com\/online\/#\/schema\/logo\/image\/","url":"https:\/\/www.iobevo.com\/online\/wp-content\/uploads\/2014\/01\/logo_gb_horizontal_grey_160x47.png","contentUrl":"https:\/\/www.iobevo.com\/online\/wp-content\/uploads\/2014\/01\/logo_gb_horizontal_grey_160x47.png","width":160,"height":47,"caption":"General Beverage"},"image":{"@id":"https:\/\/www.iobevo.com\/online\/#\/schema\/logo\/image\/"},"sameAs":["https:\/\/x.com\/IoBevo"]}]}},"_links":{"self":[{"href":"https:\/\/www.iobevo.com\/online\/wp-json\/wp\/v2\/pages\/6827","targetHints":{"allow":["GET"]}}],"collection":[{"href":"https:\/\/www.iobevo.com\/online\/wp-json\/wp\/v2\/pages"}],"about":[{"href":"https:\/\/www.iobevo.com\/online\/wp-json\/wp\/v2\/types\/page"}],"author":[{"embeddable":true,"href":"https:\/\/www.iobevo.com\/online\/wp-json\/wp\/v2\/users\/58"}],"replies":[{"embeddable":true,"href":"https:\/\/www.iobevo.com\/online\/wp-json\/wp\/v2\/comments?post=6827"}],"version-history":[{"count":0,"href":"https:\/\/www.iobevo.com\/online\/wp-json\/wp\/v2\/pages\/6827\/revisions"}],"up":[{"embeddable":true,"href":"https:\/\/www.iobevo.com\/online\/wp-json\/wp\/v2\/pages\/6793"}],"wp:featuredmedia":[{"embeddable":true,"href":"https:\/\/www.iobevo.com\/online\/wp-json\/wp\/v2\/media\/2831"}],"wp:attachment":[{"href":"https:\/\/www.iobevo.com\/online\/wp-json\/wp\/v2\/media?parent=6827"}],"curies":[{"name":"wp","href":"https:\/\/api.w.org\/{rel}","templated":true}]}}