{"id":6833,"date":"2014-07-11T19:33:58","date_gmt":"2014-07-11T19:33:58","guid":{"rendered":"http:\/\/www.iobevo.com\/online\/?page_id=6833"},"modified":"2017-08-10T18:25:52","modified_gmt":"2017-08-10T16:25:52","slug":"asia-io-buono","status":"publish","type":"page","link":"https:\/\/www.iobevo.com\/online\/distribuidores\/asia-io-buono\/?lang=es","title":{"rendered":"Asia io buono\u00ae"},"content":{"rendered":"<p><strong>Asia io buono<\/strong><sup>\u00ae<\/sup> es el dispensador que proponemos en los servicios donde sea necesario combinar un alto rendimiento t\u00e9cnico con la optimizaci\u00f3n de los espacios.<\/p>\n<p>Da la posiblidad, a partir de un m\u00e1ximo de 5 solubles de base, de obtener un m\u00e1ximo de 12 selecciones de bebidas calientes.<\/p>\n<p>Tiene tambi\u00e9n la posibilidad de programar un bot\u00f3n para las dosis en jarras, haciendo que las selecciones puedan ser hasta 24 en total. Su instalaci\u00f3n se puede realizar sea para un self service como para una cocina o para uso del personal con distribuci\u00f3n en jarras. Las bebidas vienen dosificadas de acuerdo a sus necesidades y todo el consumo viene almacenado en un software interno.<\/p>\n<h3 class=\"title\"><span>Carater\u00edcticas t\u00e9cnicas<\/span><\/h3>\n<div class=\"one_half\">\n<div class=\"description clearfix style-1 or 2\">\n<p style=\"text-align: left;\">Voltaje\/Frecuencia\u00a0(Volt\/Hertz):<br \/>\n<strong>230 V &#8211; 50 Hz<\/strong><\/p>\n<p style=\"text-align: left;\">Consumo m\u00e1ximo de energ\u00eda: <strong>3,2\u00a0Kw<\/strong><\/p>\n<p style=\"text-align: left;\">Toma de corriente: <strong>Schuko 16 A<\/strong><\/p>\n<p style=\"text-align: left;\">Conexi\u00f3n agua fr\u00eda: \u00be\u00a0\u201c M<\/p>\n<p style=\"text-align: left;\">Capacidad caldera: <strong>10 Lt<\/strong><\/p>\n<p style=\"text-align: left;\">N\u00famero selecciones posibles: <b>12 x 2<\/b><\/p>\n<p style=\"text-align: left;\">N\u00famero productos base:\u00a0<strong>5<\/strong><\/p>\n<p style=\"text-align: left;\">Temperatura de salida:<br \/>\n<strong>de 70\u00b0C a 95\u00b0C<\/strong><\/p>\n<p style=\"text-align: left;\">Calentadores el\u00e9ctricos: <strong>2<\/strong><\/p>\n<p style=\"text-align: left;\">Ancho: <strong>mm 425<\/strong><\/p>\n<p style=\"text-align: left;\">Profundidad: <strong>mm 495<\/strong><\/p>\n<p style=\"text-align: left;\">Altura: <strong>mm<\/strong>\u00a0<strong>770<\/strong><\/p>\n<p style=\"text-align: left;\">Medidas Banco de apoyo (ancho x profundidad x altura):<br \/>\n<strong>L mm 425x P mm 495 x H mm 1000<\/strong><\/p>\n<p style=\"text-align: center;\"><\/div>\n<\/div>\n<div class=\"one_half last\"><span class=\"responsive\"><img fetchpriority=\"high\" decoding=\"async\" class=\"aligncenter wp-image-3271 size-full\" src=\"http:\/\/iobevo.com\/online\/wp-content\/uploads\/2014\/04\/big5-catering-iobuono.jpg\" alt=\"big5-catering-iobuono\" width=\"304\" height=\"492\" srcset=\"https:\/\/www.iobevo.com\/online\/wp-content\/uploads\/2014\/04\/big5-catering-iobuono.jpg 304w, https:\/\/www.iobevo.com\/online\/wp-content\/uploads\/2014\/04\/big5-catering-iobuono-185x300.jpg 185w\" sizes=\"(max-width: 304px) 100vw, 304px\" \/><\/span><\/div>\n<div class=\"clear\"><\/div><\/p>\n","protected":false},"excerpt":{"rendered":"<p>Asia io buono\u00ae es el dispensador que proponemos en los servicios donde sea necesario combinar un alto rendimiento t\u00e9cnico con la optimizaci\u00f3n de los espacios. Da la posiblidad, a partir de un m\u00e1ximo de 5 solubles de base, de obtener un m\u00e1ximo de 12 selecciones de bebidas calientes. Tiene tambi\u00e9n [&hellip;]<\/p>\n","protected":false},"author":58,"featured_media":2831,"parent":6793,"menu_order":16,"comment_status":"open","ping_status":"closed","template":"","meta":{"footnotes":""},"class_list":["post-6833","page","type-page","status-publish","has-post-thumbnail","hentry"],"yoast_head":"<!-- This site is optimized with the Yoast SEO plugin v27.5 - https:\/\/yoast.com\/product\/yoast-seo-wordpress\/ -->\n<title>Asia io buono\u00ae - io bevo\u00ae<\/title>\n<meta name=\"robots\" content=\"index, follow, max-snippet:-1, max-image-preview:large, max-video-preview:-1\" \/>\n<link rel=\"canonical\" href=\"https:\/\/www.iobevo.com\/online\/distribuidores\/asia-io-buono\/?lang=es\" \/>\n<meta property=\"og:locale\" content=\"it_IT\" \/>\n<meta property=\"og:type\" content=\"article\" \/>\n<meta property=\"og:title\" content=\"Asia io buono\u00ae - io bevo\u00ae\" \/>\n<meta property=\"og:description\" content=\"Asia io buono\u00ae es el dispensador que proponemos en los servicios donde sea necesario combinar un alto rendimiento t\u00e9cnico con la optimizaci\u00f3n de los espacios. Da la posiblidad, a partir de un m\u00e1ximo de 5 solubles de base, de obtener un m\u00e1ximo de 12 selecciones de bebidas calientes. Tiene tambi\u00e9n [&hellip;]\" \/>\n<meta property=\"og:url\" content=\"https:\/\/www.iobevo.com\/online\/distribuidores\/asia-io-buono\/?lang=es\" \/>\n<meta property=\"og:site_name\" content=\"io bevo\u00ae\" \/>\n<meta property=\"article:modified_time\" content=\"2017-08-10T16:25:52+00:00\" \/>\n<meta property=\"og:image\" content=\"https:\/\/www.iobevo.com\/online\/wp-content\/uploads\/2014\/01\/slide-2-bg-e1400667726929.png\" \/>\n\t<meta property=\"og:image:width\" content=\"1512\" \/>\n\t<meta property=\"og:image:height\" content=\"400\" \/>\n\t<meta property=\"og:image:type\" content=\"image\/png\" \/>\n<meta name=\"twitter:card\" content=\"summary_large_image\" \/>\n<meta name=\"twitter:site\" content=\"@IoBevo\" \/>\n<meta name=\"twitter:label1\" content=\"Tempo di lettura stimato\" \/>\n\t<meta name=\"twitter:data1\" content=\"1 minuto\" \/>\n<script type=\"application\/ld+json\" class=\"yoast-schema-graph\">{\"@context\":\"https:\\\/\\\/schema.org\",\"@graph\":[{\"@type\":\"WebPage\",\"@id\":\"https:\\\/\\\/www.iobevo.com\\\/online\\\/distribuidores\\\/asia-io-buono\\\/?lang=es\",\"url\":\"https:\\\/\\\/www.iobevo.com\\\/online\\\/distribuidores\\\/asia-io-buono\\\/?lang=es\",\"name\":\"Asia io buono\u00ae - io bevo\u00ae\",\"isPartOf\":{\"@id\":\"https:\\\/\\\/www.iobevo.com\\\/online\\\/#website\"},\"primaryImageOfPage\":{\"@id\":\"https:\\\/\\\/www.iobevo.com\\\/online\\\/distribuidores\\\/asia-io-buono\\\/?lang=es#primaryimage\"},\"image\":{\"@id\":\"https:\\\/\\\/www.iobevo.com\\\/online\\\/distribuidores\\\/asia-io-buono\\\/?lang=es#primaryimage\"},\"thumbnailUrl\":\"https:\\\/\\\/www.iobevo.com\\\/online\\\/wp-content\\\/uploads\\\/2014\\\/01\\\/slide-2-bg-e1400667726929.png\",\"datePublished\":\"2014-07-11T19:33:58+00:00\",\"dateModified\":\"2017-08-10T16:25:52+00:00\",\"breadcrumb\":{\"@id\":\"https:\\\/\\\/www.iobevo.com\\\/online\\\/distribuidores\\\/asia-io-buono\\\/?lang=es#breadcrumb\"},\"inLanguage\":\"it-IT\",\"potentialAction\":[{\"@type\":\"ReadAction\",\"target\":[\"https:\\\/\\\/www.iobevo.com\\\/online\\\/distribuidores\\\/asia-io-buono\\\/?lang=es\"]}]},{\"@type\":\"ImageObject\",\"inLanguage\":\"it-IT\",\"@id\":\"https:\\\/\\\/www.iobevo.com\\\/online\\\/distribuidores\\\/asia-io-buono\\\/?lang=es#primaryimage\",\"url\":\"https:\\\/\\\/www.iobevo.com\\\/online\\\/wp-content\\\/uploads\\\/2014\\\/01\\\/slide-2-bg-e1400667726929.png\",\"contentUrl\":\"https:\\\/\\\/www.iobevo.com\\\/online\\\/wp-content\\\/uploads\\\/2014\\\/01\\\/slide-2-bg-e1400667726929.png\",\"width\":1512,\"height\":400},{\"@type\":\"BreadcrumbList\",\"@id\":\"https:\\\/\\\/www.iobevo.com\\\/online\\\/distribuidores\\\/asia-io-buono\\\/?lang=es#breadcrumb\",\"itemListElement\":[{\"@type\":\"ListItem\",\"position\":1,\"name\":\"Distribuidores\",\"item\":\"https:\\\/\\\/www.iobevo.com\\\/online\\\/distribuidores\\\/?lang=es\"},{\"@type\":\"ListItem\",\"position\":2,\"name\":\"Asia io buono\u00ae\"}]},{\"@type\":\"WebSite\",\"@id\":\"https:\\\/\\\/www.iobevo.com\\\/online\\\/#website\",\"url\":\"https:\\\/\\\/www.iobevo.com\\\/online\\\/\",\"name\":\"io bevo\u00ae\",\"description\":\"Drink Plastic free\",\"publisher\":{\"@id\":\"https:\\\/\\\/www.iobevo.com\\\/online\\\/#organization\"},\"potentialAction\":[{\"@type\":\"SearchAction\",\"target\":{\"@type\":\"EntryPoint\",\"urlTemplate\":\"https:\\\/\\\/www.iobevo.com\\\/online\\\/?s={search_term_string}\"},\"query-input\":{\"@type\":\"PropertyValueSpecification\",\"valueRequired\":true,\"valueName\":\"search_term_string\"}}],\"inLanguage\":\"it-IT\"},{\"@type\":\"Organization\",\"@id\":\"https:\\\/\\\/www.iobevo.com\\\/online\\\/#organization\",\"name\":\"General Beverage\",\"url\":\"https:\\\/\\\/www.iobevo.com\\\/online\\\/\",\"logo\":{\"@type\":\"ImageObject\",\"inLanguage\":\"it-IT\",\"@id\":\"https:\\\/\\\/www.iobevo.com\\\/online\\\/#\\\/schema\\\/logo\\\/image\\\/\",\"url\":\"https:\\\/\\\/www.iobevo.com\\\/online\\\/wp-content\\\/uploads\\\/2014\\\/01\\\/logo_gb_horizontal_grey_160x47.png\",\"contentUrl\":\"https:\\\/\\\/www.iobevo.com\\\/online\\\/wp-content\\\/uploads\\\/2014\\\/01\\\/logo_gb_horizontal_grey_160x47.png\",\"width\":160,\"height\":47,\"caption\":\"General Beverage\"},\"image\":{\"@id\":\"https:\\\/\\\/www.iobevo.com\\\/online\\\/#\\\/schema\\\/logo\\\/image\\\/\"},\"sameAs\":[\"https:\\\/\\\/x.com\\\/IoBevo\"]}]}<\/script>\n<!-- \/ Yoast SEO plugin. -->","yoast_head_json":{"title":"Asia io buono\u00ae - io bevo\u00ae","robots":{"index":"index","follow":"follow","max-snippet":"max-snippet:-1","max-image-preview":"max-image-preview:large","max-video-preview":"max-video-preview:-1"},"canonical":"https:\/\/www.iobevo.com\/online\/distribuidores\/asia-io-buono\/?lang=es","og_locale":"it_IT","og_type":"article","og_title":"Asia io buono\u00ae - io bevo\u00ae","og_description":"Asia io buono\u00ae es el dispensador que proponemos en los servicios donde sea necesario combinar un alto rendimiento t\u00e9cnico con la optimizaci\u00f3n de los espacios. Da la posiblidad, a partir de un m\u00e1ximo de 5 solubles de base, de obtener un m\u00e1ximo de 12 selecciones de bebidas calientes. Tiene tambi\u00e9n [&hellip;]","og_url":"https:\/\/www.iobevo.com\/online\/distribuidores\/asia-io-buono\/?lang=es","og_site_name":"io bevo\u00ae","article_modified_time":"2017-08-10T16:25:52+00:00","og_image":[{"width":1512,"height":400,"url":"https:\/\/www.iobevo.com\/online\/wp-content\/uploads\/2014\/01\/slide-2-bg-e1400667726929.png","type":"image\/png"}],"twitter_card":"summary_large_image","twitter_site":"@IoBevo","twitter_misc":{"Tempo di lettura stimato":"1 minuto"},"schema":{"@context":"https:\/\/schema.org","@graph":[{"@type":"WebPage","@id":"https:\/\/www.iobevo.com\/online\/distribuidores\/asia-io-buono\/?lang=es","url":"https:\/\/www.iobevo.com\/online\/distribuidores\/asia-io-buono\/?lang=es","name":"Asia io buono\u00ae - io bevo\u00ae","isPartOf":{"@id":"https:\/\/www.iobevo.com\/online\/#website"},"primaryImageOfPage":{"@id":"https:\/\/www.iobevo.com\/online\/distribuidores\/asia-io-buono\/?lang=es#primaryimage"},"image":{"@id":"https:\/\/www.iobevo.com\/online\/distribuidores\/asia-io-buono\/?lang=es#primaryimage"},"thumbnailUrl":"https:\/\/www.iobevo.com\/online\/wp-content\/uploads\/2014\/01\/slide-2-bg-e1400667726929.png","datePublished":"2014-07-11T19:33:58+00:00","dateModified":"2017-08-10T16:25:52+00:00","breadcrumb":{"@id":"https:\/\/www.iobevo.com\/online\/distribuidores\/asia-io-buono\/?lang=es#breadcrumb"},"inLanguage":"it-IT","potentialAction":[{"@type":"ReadAction","target":["https:\/\/www.iobevo.com\/online\/distribuidores\/asia-io-buono\/?lang=es"]}]},{"@type":"ImageObject","inLanguage":"it-IT","@id":"https:\/\/www.iobevo.com\/online\/distribuidores\/asia-io-buono\/?lang=es#primaryimage","url":"https:\/\/www.iobevo.com\/online\/wp-content\/uploads\/2014\/01\/slide-2-bg-e1400667726929.png","contentUrl":"https:\/\/www.iobevo.com\/online\/wp-content\/uploads\/2014\/01\/slide-2-bg-e1400667726929.png","width":1512,"height":400},{"@type":"BreadcrumbList","@id":"https:\/\/www.iobevo.com\/online\/distribuidores\/asia-io-buono\/?lang=es#breadcrumb","itemListElement":[{"@type":"ListItem","position":1,"name":"Distribuidores","item":"https:\/\/www.iobevo.com\/online\/distribuidores\/?lang=es"},{"@type":"ListItem","position":2,"name":"Asia io buono\u00ae"}]},{"@type":"WebSite","@id":"https:\/\/www.iobevo.com\/online\/#website","url":"https:\/\/www.iobevo.com\/online\/","name":"io bevo\u00ae","description":"Drink Plastic free","publisher":{"@id":"https:\/\/www.iobevo.com\/online\/#organization"},"potentialAction":[{"@type":"SearchAction","target":{"@type":"EntryPoint","urlTemplate":"https:\/\/www.iobevo.com\/online\/?s={search_term_string}"},"query-input":{"@type":"PropertyValueSpecification","valueRequired":true,"valueName":"search_term_string"}}],"inLanguage":"it-IT"},{"@type":"Organization","@id":"https:\/\/www.iobevo.com\/online\/#organization","name":"General Beverage","url":"https:\/\/www.iobevo.com\/online\/","logo":{"@type":"ImageObject","inLanguage":"it-IT","@id":"https:\/\/www.iobevo.com\/online\/#\/schema\/logo\/image\/","url":"https:\/\/www.iobevo.com\/online\/wp-content\/uploads\/2014\/01\/logo_gb_horizontal_grey_160x47.png","contentUrl":"https:\/\/www.iobevo.com\/online\/wp-content\/uploads\/2014\/01\/logo_gb_horizontal_grey_160x47.png","width":160,"height":47,"caption":"General Beverage"},"image":{"@id":"https:\/\/www.iobevo.com\/online\/#\/schema\/logo\/image\/"},"sameAs":["https:\/\/x.com\/IoBevo"]}]}},"_links":{"self":[{"href":"https:\/\/www.iobevo.com\/online\/wp-json\/wp\/v2\/pages\/6833","targetHints":{"allow":["GET"]}}],"collection":[{"href":"https:\/\/www.iobevo.com\/online\/wp-json\/wp\/v2\/pages"}],"about":[{"href":"https:\/\/www.iobevo.com\/online\/wp-json\/wp\/v2\/types\/page"}],"author":[{"embeddable":true,"href":"https:\/\/www.iobevo.com\/online\/wp-json\/wp\/v2\/users\/58"}],"replies":[{"embeddable":true,"href":"https:\/\/www.iobevo.com\/online\/wp-json\/wp\/v2\/comments?post=6833"}],"version-history":[{"count":0,"href":"https:\/\/www.iobevo.com\/online\/wp-json\/wp\/v2\/pages\/6833\/revisions"}],"up":[{"embeddable":true,"href":"https:\/\/www.iobevo.com\/online\/wp-json\/wp\/v2\/pages\/6793"}],"wp:featuredmedia":[{"embeddable":true,"href":"https:\/\/www.iobevo.com\/online\/wp-json\/wp\/v2\/media\/2831"}],"wp:attachment":[{"href":"https:\/\/www.iobevo.com\/online\/wp-json\/wp\/v2\/media?parent=6833"}],"curies":[{"name":"wp","href":"https:\/\/api.w.org\/{rel}","templated":true}]}}